{"id":2580,"date":"2020-06-09T20:13:36","date_gmt":"2020-06-09T17:13:36","guid":{"rendered":"https:\/\/www.orgbalt.eu\/?page_id=2580"},"modified":"2020-12-17T18:33:44","modified_gmt":"2020-12-17T15:33:44","slug":"par-life-programmu","status":"publish","type":"page","link":"https:\/\/www.orgbalt.eu\/?page_id=2580&lang=lv","title":{"rendered":"Par LIFE programmu"},"content":{"rendered":"\n<p>Eiropas Komisijas LIFE programma ir ES finan\u0161u instruments vides un klimata darb\u012bbu atbalstam, kas darbojas kop\u0161 1992. gada.  Vair\u0101k inform\u0101cijas:\u00a0<a href=\"https:\/\/ec.europa.eu\/easme\/en\/life\">https:\/\/ec.europa.eu\/easme\/en\/life<\/a><\/p>\n","protected":false},"excerpt":{"rendered":"<p>Eiropas Komisijas LIFE programma ir ES finan\u0161u instruments vides un klimata darb\u012bbu atbalstam, kas darbojas kop\u0161 1992. gada. Vair\u0101k inform\u0101cijas:\u00a0https:\/\/ec.europa.eu\/easme\/en\/life<\/p>\n","protected":false},"author":2,"featured_media":2453,"parent":2812,"menu_order":6,"comment_status":"closed","ping_status":"closed","template":"","meta":{"footnotes":""},"class_list":["post-2580","page","type-page","status-publish","has-post-thumbnail","hentry"],"post_mailing_queue_ids":[],"_links":{"self":[{"href":"https:\/\/www.orgbalt.eu\/index.php?rest_route=\/wp\/v2\/pages\/2580","targetHints":{"allow":["GET"]}}],"collection":[{"href":"https:\/\/www.orgbalt.eu\/index.php?rest_route=\/wp\/v2\/pages"}],"about":[{"href":"https:\/\/www.orgbalt.eu\/index.php?rest_route=\/wp\/v2\/types\/page"}],"author":[{"embeddable":true,"href":"https:\/\/www.orgbalt.eu\/index.php?rest_route=\/wp\/v2\/users\/2"}],"replies":[{"embeddable":true,"href":"https:\/\/www.orgbalt.eu\/index.php?rest_route=%2Fwp%2Fv2%2Fcomments&post=2580"}],"version-history":[{"count":2,"href":"https:\/\/www.orgbalt.eu\/index.php?rest_route=\/wp\/v2\/pages\/2580\/revisions"}],"predecessor-version":[{"id":3264,"href":"https:\/\/www.orgbalt.eu\/index.php?rest_route=\/wp\/v2\/pages\/2580\/revisions\/3264"}],"up":[{"embeddable":true,"href":"https:\/\/www.orgbalt.eu\/index.php?rest_route=\/wp\/v2\/pages\/2812"}],"wp:featuredmedia":[{"embeddable":true,"href":"https:\/\/www.orgbalt.eu\/index.php?rest_route=\/wp\/v2\/media\/2453"}],"wp:attachment":[{"href":"https:\/\/www.orgbalt.eu\/index.php?rest_route=%2Fwp%2Fv2%2Fmedia&parent=2580"}],"curies":[{"name":"wp","href":"https:\/\/api.w.org\/{rel}","templated":true}]}}