{"id":2797,"date":"2020-06-08T08:32:29","date_gmt":"2020-06-08T05:32:29","guid":{"rendered":"https:\/\/www.orgbalt.eu\/?page_id=2797"},"modified":"2024-11-22T18:00:38","modified_gmt":"2024-11-22T15:00:38","slug":"aktivitates-un-rezultati","status":"publish","type":"page","link":"https:\/\/www.orgbalt.eu\/?page_id=2797&lang=lv","title":{"rendered":"AKTIVIT\u0100TES UN REZULT\u0100TI"},"content":{"rendered":"\n<div class=\"wp-block-columns is-layout-flex wp-container-core-columns-is-layout-9d6595d7 wp-block-columns-is-layout-flex\">\n<div class=\"wp-block-column is-layout-flow wp-block-column-is-layout-flow\" style=\"flex-basis:33.33%\">\n<p> <strong>AKTIVIT\u0100TE (Atbild\u012bgais) <\/strong><br><em>(noklik\u0161\u0137inot &#8211; detaliz\u0113ta inform\u0101cija un aktivit\u0101tes nodevumi)<\/em><\/p>\n<\/div>\n\n\n\n<div class=\"wp-block-column is-layout-flow wp-block-column-is-layout-flow\" style=\"flex-basis:66.66%\">\n<p><strong>STATUSS<\/strong><\/p>\n<\/div>\n<\/div>\n\n\n\n<p><strong>Sagatavo\u0161an\u0101s aktivit\u0101tes<\/strong><\/p>\n\n\n\n<div class=\"wp-block-columns is-layout-flex wp-container-core-columns-is-layout-9d6595d7 wp-block-columns-is-layout-flex\">\n<div class=\"wp-block-column is-layout-flow wp-block-column-is-layout-flow\" style=\"flex-basis:33.33%\">\n<p><a href=\"https:\/\/www.orgbalt.eu\/?page_id=2882&amp;lang=lv\">A1 \u2013 PROJEKTA IETVARA  SAGATAVO\u0160ANA<\/a> (SILAVA) <\/p>\n<\/div>\n\n\n\n<div class=\"wp-block-column is-layout-flow wp-block-column-is-layout-flow\" style=\"flex-basis:66.66%\">\n<p><strong>NOSL\u0112DZIES<\/strong><\/p>\n<\/div>\n<\/div>\n\n\n\n<div class=\"wp-block-columns is-layout-flex wp-container-core-columns-is-layout-9d6595d7 wp-block-columns-is-layout-flex\">\n<div class=\"wp-block-column is-layout-flow wp-block-column-is-layout-flow\" style=\"flex-basis:33.33%\">\n<p><a href=\"https:\/\/www.orgbalt.eu\/?page_id=2888&amp;lang=lv\">A2 \u2013 PROJEKTA KOMUNIK\u0100CIJAS PLATFORMAS IZSTR\u0100DE <\/a>(Baltijas krasti) <\/p>\n<\/div>\n\n\n\n<div class=\"wp-block-column is-layout-flow wp-block-column-is-layout-flow\" style=\"flex-basis:66.66%\">\n<p><strong>NOSL\u0112DZIES<\/strong><\/p>\n<\/div>\n<\/div>\n\n\n\n<p><strong>Ievie\u0161anas aktivit\u0101tes<\/strong><\/p>\n\n\n\n<div class=\"wp-block-columns is-layout-flex wp-container-core-columns-is-layout-9d6595d7 wp-block-columns-is-layout-flex\">\n<div class=\"wp-block-column is-layout-flow wp-block-column-is-layout-flow\" style=\"flex-basis:33.33%\">\n<p><a href=\"https:\/\/www.orgbalt.eu\/?page_id=2912&amp;lang=lv\">C1 \u2013 ZIN\u0100\u0160ANU IEGUVE PAR SEG EMISIJ\u0100M NO AUGL\u012aG\u0100M ORGANISKAJ\u0100M AUGSN\u0112M &nbsp;<\/a>(LUKE) <\/p>\n<\/div>\n\n\n\n<div class=\"wp-block-column is-layout-flow wp-block-column-is-layout-flow\" style=\"flex-basis:66.66%\">\n<p><strong>NOSL\u0112DZIES <\/strong><\/p>\n<\/div>\n<\/div>\n\n\n\n<div class=\"wp-block-columns is-layout-flex wp-container-core-columns-is-layout-9d6595d7 wp-block-columns-is-layout-flex\">\n<div class=\"wp-block-column is-layout-flow wp-block-column-is-layout-flow\" style=\"flex-basis:33.33%\">\n<p><a href=\"https:\/\/www.orgbalt.eu\/?page_id=2923&amp;lang=lv\">C2 \u2013  MODEL\u0112\u0160ANAS R\u012aKI KLIMATA IZMAI\u0145U IETEKMEI UZ SEG EMISIJ\u0100M<\/a> (Lietuvas lauksaimniec\u012bbas un me\u017esaimniec\u012bbas izp\u0113tes centrs)<\/p>\n<\/div>\n\n\n\n<div class=\"wp-block-column is-layout-flow wp-block-column-is-layout-flow\" style=\"flex-basis:66.66%\">\n<p><strong><strong>NOSL\u0112DZIES<\/strong><\/strong><\/p>\n<\/div>\n<\/div>\n\n\n\n<div class=\"wp-block-columns is-layout-flex wp-container-core-columns-is-layout-9d6595d7 wp-block-columns-is-layout-flex\">\n<div class=\"wp-block-column is-layout-flow wp-block-column-is-layout-flow\" style=\"flex-basis:33.33%\">\n<p><a href=\"https:\/\/www.orgbalt.eu\/?page_id=2926&amp;lang=lv\">C3 \u2013 KLIMATA P\u0100RMAI\u0145U SAMAZIN\u0100\u0160ANAS PAS\u0100KUMU IEVIE\u0160ANA DEMONTSR\u0100CIJAS TERITORIJ\u0100S<\/a> (MSF) <\/p>\n<\/div>\n\n\n\n<div class=\"wp-block-column is-layout-flow wp-block-column-is-layout-flow\" style=\"flex-basis:66.66%\">\n<p><strong><strong>NOSL\u0112DZIES<\/strong><\/strong><\/p>\n<\/div>\n<\/div>\n\n\n\n<div class=\"wp-block-columns is-layout-flex wp-container-core-columns-is-layout-9d6595d7 wp-block-columns-is-layout-flex\">\n<div class=\"wp-block-column is-layout-flow wp-block-column-is-layout-flow\" style=\"flex-basis:33.33%\">\n<p><a href=\"https:\/\/www.orgbalt.eu\/?page_id=2929&amp;lang=lv\">C4 \u2013 STRAT\u0112\u0122IJAS UN R\u012aCIBAS PL\u0100NI <\/a>(Zemkop\u012bbas ministrija)  <\/p>\n<\/div>\n\n\n\n<div class=\"wp-block-column is-layout-flow wp-block-column-is-layout-flow\" style=\"flex-basis:66.66%\">\n<p><strong><strong>NOSL\u0112DZIES<\/strong><\/strong><\/p>\n<\/div>\n<\/div>\n\n\n\n<div class=\"wp-block-columns is-layout-flex wp-container-core-columns-is-layout-9d6595d7 wp-block-columns-is-layout-flex\">\n<div class=\"wp-block-column is-layout-flow wp-block-column-is-layout-flow\" style=\"flex-basis:33.33%\">\n<p><a href=\"https:\/\/www.orgbalt.eu\/?page_id=5382&amp;lang=lv\">C5 \u2013 ATK\u0100RTOJAM\u012aBAS R\u012aKI <\/a>&nbsp;(LULsaT)<\/p>\n<\/div>\n\n\n\n<div class=\"wp-block-column is-layout-flow wp-block-column-is-layout-flow\" style=\"flex-basis:66.66%\">\n<p><strong><strong>NOSL\u0112DZIES<\/strong><\/strong><\/p>\n<\/div>\n<\/div>\n\n\n\n<div class=\"wp-block-columns is-layout-flex wp-container-core-columns-is-layout-9d6595d7 wp-block-columns-is-layout-flex\">\n<div class=\"wp-block-column is-layout-flow wp-block-column-is-layout-flow\" style=\"flex-basis:33.33%\">\n<p><a href=\"https:\/\/www.orgbalt.eu\/?page_id=5395&amp;lang=lv\">D1 \u2013 PROJEKTA AKTIVIT\u0100\u0160U IEVIE\u0160ANAS MONITORINGS<\/a>&nbsp;(Tartu Universit\u0101te)<\/p>\n<\/div>\n\n\n\n<div class=\"wp-block-column is-layout-flow wp-block-column-is-layout-flow\" style=\"flex-basis:66.66%\">\n<p><strong><strong>NOSL\u0112DZIES<\/strong><\/strong><\/p>\n<\/div>\n<\/div>\n\n\n\n<div class=\"wp-block-columns is-layout-flex wp-container-core-columns-is-layout-9d6595d7 wp-block-columns-is-layout-flex\">\n<div class=\"wp-block-column is-layout-flow wp-block-column-is-layout-flow\" style=\"flex-basis:33.33%\">\n<p><a href=\"https:\/\/www.orgbalt.eu\/?page_id=5404&amp;lang=lv\">D2 \u2013 PROJEKTA AKTIVIT\u0100\u0160U SOCI\u0100LI EKONOMISK\u0100S IETEKMES MONITORINGS<\/a> (Baltijas krasti)<\/p>\n<\/div>\n\n\n\n<div class=\"wp-block-column is-layout-flow wp-block-column-is-layout-flow\" style=\"flex-basis:66.66%\">\n<p><strong><strong>NOSL\u0112DZIES<\/strong><\/strong><\/p>\n<\/div>\n<\/div>\n\n\n\n<div class=\"wp-block-columns is-layout-flex wp-container-core-columns-is-layout-9d6595d7 wp-block-columns-is-layout-flex\">\n<div class=\"wp-block-column is-layout-flow wp-block-column-is-layout-flow\" style=\"flex-basis:33.33%\">\n<p><a href=\"https:\/\/www.orgbalt.eu\/?page_id=5415&amp;lang=lv\">D3 \u2013 IZPILD\u012aJUMA INDIKATORU MONITORINGS (LIFE Key Performance Indicators)<\/a>(SILAVA) <\/p>\n<\/div>\n\n\n\n<div class=\"wp-block-column is-layout-flow wp-block-column-is-layout-flow\" style=\"flex-basis:66.66%\">\n<p><strong><strong>NOSL\u0112DZIES<\/strong><\/strong><\/p>\n<\/div>\n<\/div>\n\n\n\n<p><strong>Komunik\u0101cijas aktivit\u0101tes<\/strong><\/p>\n\n\n\n<div class=\"wp-block-columns is-layout-flex wp-container-core-columns-is-layout-9d6595d7 wp-block-columns-is-layout-flex\">\n<div class=\"wp-block-column is-layout-flow wp-block-column-is-layout-flow\" style=\"flex-basis:33.33%\">\n<p><a href=\"https:\/\/www.orgbalt.eu\/?page_id=5436&amp;lang=lv\">E1 \u2013 PROJEKTA INFORM\u0100CIJAS IZPLAT\u012a\u0160ANA<\/a> (Baltijas krasti)<\/p>\n<\/div>\n\n\n\n<div class=\"wp-block-column is-layout-flow wp-block-column-is-layout-flow\" style=\"flex-basis:66.66%\">\n<p><strong><strong>NOSL\u0112DZIES<\/strong><\/strong><\/p>\n<\/div>\n<\/div>\n\n\n\n<div class=\"wp-block-columns is-layout-flex wp-container-core-columns-is-layout-9d6595d7 wp-block-columns-is-layout-flex\">\n<div class=\"wp-block-column is-layout-flow wp-block-column-is-layout-flow\" style=\"flex-basis:33.33%\">\n<p><a href=\"https:\/\/www.orgbalt.eu\/?page_id=5454&amp;lang=lv\">E2 \u2013 INFORMAT\u012aVI UN APM\u0100C\u012aBU PAS\u0100KUMI<\/a> &nbsp;(Baltijas krasti)<\/p>\n<\/div>\n\n\n\n<div class=\"wp-block-column is-layout-flow wp-block-column-is-layout-flow\" style=\"flex-basis:66.66%\">\n<p><strong><strong>NOSL\u0112DZIES<\/strong><\/strong><\/p>\n<\/div>\n<\/div>\n\n\n\n<div class=\"wp-block-columns is-layout-flex wp-container-core-columns-is-layout-9d6595d7 wp-block-columns-is-layout-flex\">\n<div class=\"wp-block-column is-layout-flow wp-block-column-is-layout-flow\" style=\"flex-basis:33.33%\">\n<p><a href=\"https:\/\/www.orgbalt.eu\/?page_id=5707&amp;lang=lv\">E3 \u2013 SADARB\u012aBAS T\u012aKLI<\/a> (LUKE)<\/p>\n<\/div>\n\n\n\n<div class=\"wp-block-column is-layout-flow wp-block-column-is-layout-flow\" style=\"flex-basis:66.66%\">\n<p><strong><strong>NOSL\u0112DZIES<\/strong><\/strong><\/p>\n<\/div>\n<\/div>\n\n\n\n<p><strong>Vad\u012bbas aktivit\u0101tes<\/strong><\/p>\n\n\n\n<div class=\"wp-block-columns is-layout-flex wp-container-core-columns-is-layout-9d6595d7 wp-block-columns-is-layout-flex\">\n<div class=\"wp-block-column is-layout-flow wp-block-column-is-layout-flow\" style=\"flex-basis:33.33%\">\n<p><a href=\"https:\/\/www.orgbalt.eu\/?page_id=5463&amp;lang=lv\">F1 \u2013 PROJEKTA VAD\u012aBA<\/a> (SILAVA) <\/p>\n<\/div>\n\n\n\n<div class=\"wp-block-column is-layout-flow wp-block-column-is-layout-flow\" style=\"flex-basis:66.66%\">\n<p><strong><strong>NOSL\u0112DZIES<\/strong><\/strong><\/p>\n<\/div>\n<\/div>\n","protected":false},"excerpt":{"rendered":"<p>AKTIVIT\u0100TE (Atbild\u012bgais) (noklik\u0161\u0137inot &#8211; detaliz\u0113ta inform\u0101cija un aktivit\u0101tes nodevumi) STATUSS Sagatavo\u0161an\u0101s aktivit\u0101tes A1 \u2013 PROJEKTA IETVARA SAGATAVO\u0160ANA (SILAVA) NOSL\u0112DZIES A2 \u2013 PROJEKTA KOMUNIK\u0100CIJAS PLATFORMAS IZSTR\u0100DE (Baltijas krasti) NOSL\u0112DZIES Ievie\u0161anas aktivit\u0101tes [&hellip;]<\/p>\n","protected":false},"author":2,"featured_media":2435,"parent":0,"menu_order":0,"comment_status":"closed","ping_status":"closed","template":"","meta":{"footnotes":""},"class_list":["post-2797","page","type-page","status-publish","has-post-thumbnail","hentry"],"post_mailing_queue_ids":[],"_links":{"self":[{"href":"https:\/\/www.orgbalt.eu\/index.php?rest_route=\/wp\/v2\/pages\/2797","targetHints":{"allow":["GET"]}}],"collection":[{"href":"https:\/\/www.orgbalt.eu\/index.php?rest_route=\/wp\/v2\/pages"}],"about":[{"href":"https:\/\/www.orgbalt.eu\/index.php?rest_route=\/wp\/v2\/types\/page"}],"author":[{"embeddable":true,"href":"https:\/\/www.orgbalt.eu\/index.php?rest_route=\/wp\/v2\/users\/2"}],"replies":[{"embeddable":true,"href":"https:\/\/www.orgbalt.eu\/index.php?rest_route=%2Fwp%2Fv2%2Fcomments&post=2797"}],"version-history":[{"count":25,"href":"https:\/\/www.orgbalt.eu\/index.php?rest_route=\/wp\/v2\/pages\/2797\/revisions"}],"predecessor-version":[{"id":5710,"href":"https:\/\/www.orgbalt.eu\/index.php?rest_route=\/wp\/v2\/pages\/2797\/revisions\/5710"}],"wp:featuredmedia":[{"embeddable":true,"href":"https:\/\/www.orgbalt.eu\/index.php?rest_route=\/wp\/v2\/media\/2435"}],"wp:attachment":[{"href":"https:\/\/www.orgbalt.eu\/index.php?rest_route=%2Fwp%2Fv2%2Fmedia&parent=2797"}],"curies":[{"name":"wp","href":"https:\/\/api.w.org\/{rel}","templated":true}]}}