{"id":2812,"date":"2020-06-09T15:23:59","date_gmt":"2020-06-09T12:23:59","guid":{"rendered":"https:\/\/www.orgbalt.eu\/?page_id=2812"},"modified":"2020-06-30T00:20:50","modified_gmt":"2020-06-29T21:20:50","slug":"projekts","status":"publish","type":"page","link":"https:\/\/www.orgbalt.eu\/?page_id=2812&lang=lv","title":{"rendered":"PROJEKTS"},"content":{"rendered":"\n<ul class=\"wp-block-list\"><li><a rel=\"noreferrer noopener\" aria-label=\"PAR LIFE ORGBALT (opens in a new tab)\" href=\"https:\/\/www.orgbalt.eu\/?page_id=2815&amp;lang=lv\" target=\"_blank\">PAR LIFE ORGBALT<\/a><\/li><li><a rel=\"noreferrer noopener\" aria-label=\"PROJEKTA M\u0112R\u0136I (opens in a new tab)\" href=\"https:\/\/www.orgbalt.eu\/?page_id=2817&amp;lang=lv\" target=\"_blank\">PROJEKTA M\u0112R\u0136I<\/a><\/li><li><a rel=\"noreferrer noopener\" aria-label=\"PL\u0100NOTIE REZULT\u0100TI (opens in a new tab)\" href=\"https:\/\/www.orgbalt.eu\/?page_id=2819&amp;lang=lv\" target=\"_blank\">PL\u0100NOTIE REZULT\u0100TI<\/a><\/li><li><a rel=\"noreferrer noopener\" href=\"https:\/\/www.orgbalt.eu\/?page_id=2821&amp;lang=lv\" target=\"_blank\">PARTNERI<\/a> <\/li><li><a rel=\"noreferrer noopener\" aria-label=\"DEMONSTR\u0100CIJAS VIETAS (opens in a new tab)\" href=\"https:\/\/www.orgbalt.eu\/?page_id=2823&amp;lang=lv\" target=\"_blank\">DEMONSTR\u0100CIJAS VIETAS<\/a><\/li><li><a rel=\"noreferrer noopener\" aria-label=\"AKTIVIT\u0100TES (opens in a new tab)\" href=\"https:\/\/www.orgbalt.eu\/?page_id=2797&amp;lang=lv\" target=\"_blank\">AKTIVIT\u0100TES<\/a><\/li><li><a rel=\"noreferrer noopener\" aria-label=\"PAR LIFE PROGRAMMU (opens in a new tab)\" href=\"https:\/\/www.orgbalt.eu\/?page_id=2580&amp;lang=lv\" target=\"_blank\">PAR LIFE PROGRAMMU<\/a><\/li><li><a rel=\"noreferrer noopener\" aria-label=\"PRIV\u0100TUMA POLITIKA (opens in a new tab)\" href=\"https:\/\/www.orgbalt.eu\/?page_id=2837&amp;lang=lv\" target=\"_blank\">PRIV\u0100TUMA POLITIKA<\/a><\/li><\/ul>\n","protected":false},"excerpt":{"rendered":"<p>PAR LIFE ORGBALT PROJEKTA M\u0112R\u0136I PL\u0100NOTIE REZULT\u0100TI PARTNERI DEMONSTR\u0100CIJAS VIETAS AKTIVIT\u0100TES PAR LIFE PROGRAMMU PRIV\u0100TUMA POLITIKA<\/p>\n","protected":false},"author":2,"featured_media":2995,"parent":0,"menu_order":0,"comment_status":"closed","ping_status":"closed","template":"","meta":{"footnotes":""},"class_list":["post-2812","page","type-page","status-publish","has-post-thumbnail","hentry"],"post_mailing_queue_ids":[],"_links":{"self":[{"href":"https:\/\/www.orgbalt.eu\/index.php?rest_route=\/wp\/v2\/pages\/2812","targetHints":{"allow":["GET"]}}],"collection":[{"href":"https:\/\/www.orgbalt.eu\/index.php?rest_route=\/wp\/v2\/pages"}],"about":[{"href":"https:\/\/www.orgbalt.eu\/index.php?rest_route=\/wp\/v2\/types\/page"}],"author":[{"embeddable":true,"href":"https:\/\/www.orgbalt.eu\/index.php?rest_route=\/wp\/v2\/users\/2"}],"replies":[{"embeddable":true,"href":"https:\/\/www.orgbalt.eu\/index.php?rest_route=%2Fwp%2Fv2%2Fcomments&post=2812"}],"version-history":[{"count":2,"href":"https:\/\/www.orgbalt.eu\/index.php?rest_route=\/wp\/v2\/pages\/2812\/revisions"}],"predecessor-version":[{"id":3013,"href":"https:\/\/www.orgbalt.eu\/index.php?rest_route=\/wp\/v2\/pages\/2812\/revisions\/3013"}],"wp:featuredmedia":[{"embeddable":true,"href":"https:\/\/www.orgbalt.eu\/index.php?rest_route=\/wp\/v2\/media\/2995"}],"wp:attachment":[{"href":"https:\/\/www.orgbalt.eu\/index.php?rest_route=%2Fwp%2Fv2%2Fmedia&parent=2812"}],"curies":[{"name":"wp","href":"https:\/\/api.w.org\/{rel}","templated":true}]}}