{"id":2815,"date":"2020-06-09T20:06:49","date_gmt":"2020-06-09T17:06:49","guid":{"rendered":"https:\/\/www.orgbalt.eu\/?page_id=2815"},"modified":"2020-06-29T22:47:17","modified_gmt":"2020-06-29T19:47:17","slug":"par-life-orgbalt","status":"publish","type":"page","link":"https:\/\/www.orgbalt.eu\/?page_id=2815&lang=lv","title":{"rendered":"Par LIFE OrgBalt"},"content":{"rendered":"\n<p><strong>Nosaukums:<\/strong>\u00a0LIFE OrgBalt \u201cKlimata p\u0101rmai\u0146u samazin\u0101\u0161anas iesp\u0113ju demonstr\u0113\u0161ana augl\u012bg\u0101s organiskaj\u0101s augsn\u0113s Baltijas valst\u012bs un Somij\u0101 \u201d<\/p>\n\n\n\n<p><strong>Projekta kods:<\/strong> LIFE18 CCM\/LV\/001158<\/p>\n\n\n\n<p><strong>Projekta finans\u0113jums: <\/strong>Finans\u0113jumu nodro\u0161ina ES LIFE programma un Valsts Re\u0123ion\u0101l\u0101s att\u012bst\u012bbas a\u0123ent\u016bra.<\/p>\n\n\n\n<p><strong>Projekta bud\u017eets: <\/strong>3 360 948 EUR, t.sk., ES finan\u0161u ieguld\u012bjums 1 844 004 EUR.<\/p>\n\n\n\n<p><strong>Projekta ilgums:\u00a0<\/strong>2019.gada 1.augusts &#8211; 2023.gada 31.augusts<\/p>\n","protected":false},"excerpt":{"rendered":"<p>Nosaukums:\u00a0LIFE OrgBalt \u201cKlimata p\u0101rmai\u0146u samazin\u0101\u0161anas iesp\u0113ju demonstr\u0113\u0161ana augl\u012bg\u0101s organiskaj\u0101s augsn\u0113s Baltijas valst\u012bs un Somij\u0101 \u201d Projekta kods: LIFE18 CCM\/LV\/001158 Projekta finans\u0113jums: Finans\u0113jumu nodro\u0161ina ES LIFE programma un Valsts Re\u0123ion\u0101l\u0101s att\u012bst\u012bbas [&hellip;]<\/p>\n","protected":false},"author":2,"featured_media":2889,"parent":2812,"menu_order":0,"comment_status":"closed","ping_status":"closed","template":"","meta":{"footnotes":""},"class_list":["post-2815","page","type-page","status-publish","has-post-thumbnail","hentry"],"post_mailing_queue_ids":[],"_links":{"self":[{"href":"https:\/\/www.orgbalt.eu\/index.php?rest_route=\/wp\/v2\/pages\/2815","targetHints":{"allow":["GET"]}}],"collection":[{"href":"https:\/\/www.orgbalt.eu\/index.php?rest_route=\/wp\/v2\/pages"}],"about":[{"href":"https:\/\/www.orgbalt.eu\/index.php?rest_route=\/wp\/v2\/types\/page"}],"author":[{"embeddable":true,"href":"https:\/\/www.orgbalt.eu\/index.php?rest_route=\/wp\/v2\/users\/2"}],"replies":[{"embeddable":true,"href":"https:\/\/www.orgbalt.eu\/index.php?rest_route=%2Fwp%2Fv2%2Fcomments&post=2815"}],"version-history":[{"count":3,"href":"https:\/\/www.orgbalt.eu\/index.php?rest_route=\/wp\/v2\/pages\/2815\/revisions"}],"predecessor-version":[{"id":2990,"href":"https:\/\/www.orgbalt.eu\/index.php?rest_route=\/wp\/v2\/pages\/2815\/revisions\/2990"}],"up":[{"embeddable":true,"href":"https:\/\/www.orgbalt.eu\/index.php?rest_route=\/wp\/v2\/pages\/2812"}],"wp:featuredmedia":[{"embeddable":true,"href":"https:\/\/www.orgbalt.eu\/index.php?rest_route=\/wp\/v2\/media\/2889"}],"wp:attachment":[{"href":"https:\/\/www.orgbalt.eu\/index.php?rest_route=%2Fwp%2Fv2%2Fmedia&parent=2815"}],"curies":[{"name":"wp","href":"https:\/\/api.w.org\/{rel}","templated":true}]}}