{"id":2819,"date":"2020-06-09T20:09:51","date_gmt":"2020-06-09T17:09:51","guid":{"rendered":"https:\/\/www.orgbalt.eu\/?page_id=2819"},"modified":"2020-06-30T00:01:17","modified_gmt":"2020-06-29T21:01:17","slug":"planotie-rezultati","status":"publish","type":"page","link":"https:\/\/www.orgbalt.eu\/?page_id=2819&lang=lv","title":{"rendered":"Pl\u0101notie rezult\u0101ti"},"content":{"rendered":"\n<ol class=\"wp-block-list\"><li>Pilnveidota zin\u0101\u0161anu b\u0101ze efekt\u012bvu klimata p\u0101rmai\u0146u samazin\u0101\u0161anas pas\u0101kumu ietekmes nov\u0113rt\u0113\u0161anai, prognoz\u0113\u0161anai un ievie\u0161anai augl\u012bgu organisko aug\u0161\u0146u apsaimnieko\u0161an\u0101; <\/li><li>Veikta inovat\u012bvu klimata p\u0101rmai\u0146u samazin\u0101\u0161anas pas\u0101kumu demonstr\u0101cija augl\u012bgu organisko aug\u0161\u0146u apsaimnieko\u0161an\u0101, t\u0101dej\u0101di nododot zin\u0101\u0161anas un sekm\u0113jot \u0161o pas\u0101kumu ievie\u0161anu vis\u0101 bore\u0101laj\u0101 un m\u0113reni v\u0113saj\u0101 un mitraj\u0101 klimata josl\u0101 Eirop\u0101 un \u0101rpus t\u0101s robe\u017e\u0101m; <\/li><li>Sniegts ieguld\u012bjums ilgtsp\u0113j\u012bgas lauksaimniec\u012bbas un me\u017ea zemes izmanto\u0161anas veicin\u0101\u0161an\u0101, izveidojot atbalsta instrumentus un vadl\u012bnijas praktiskai klimata p\u0101rmai\u0146u samazin\u0101\u0161anas pas\u0101kumu ievie\u0161anai augl\u012bgu organisko aug\u0161\u0146u apsaimnieko\u0161an\u0101. <\/li><\/ol>\n","protected":false},"excerpt":{"rendered":"<p>Pilnveidota zin\u0101\u0161anu b\u0101ze efekt\u012bvu klimata p\u0101rmai\u0146u samazin\u0101\u0161anas pas\u0101kumu ietekmes nov\u0113rt\u0113\u0161anai, prognoz\u0113\u0161anai un ievie\u0161anai augl\u012bgu organisko aug\u0161\u0146u apsaimnieko\u0161an\u0101; Veikta inovat\u012bvu klimata p\u0101rmai\u0146u samazin\u0101\u0161anas pas\u0101kumu demonstr\u0101cija augl\u012bgu organisko aug\u0161\u0146u apsaimnieko\u0161an\u0101, t\u0101dej\u0101di nododot [&hellip;]<\/p>\n","protected":false},"author":2,"featured_media":3000,"parent":2812,"menu_order":2,"comment_status":"closed","ping_status":"closed","template":"","meta":{"footnotes":""},"class_list":["post-2819","page","type-page","status-publish","has-post-thumbnail","hentry"],"post_mailing_queue_ids":[],"_links":{"self":[{"href":"https:\/\/www.orgbalt.eu\/index.php?rest_route=\/wp\/v2\/pages\/2819","targetHints":{"allow":["GET"]}}],"collection":[{"href":"https:\/\/www.orgbalt.eu\/index.php?rest_route=\/wp\/v2\/pages"}],"about":[{"href":"https:\/\/www.orgbalt.eu\/index.php?rest_route=\/wp\/v2\/types\/page"}],"author":[{"embeddable":true,"href":"https:\/\/www.orgbalt.eu\/index.php?rest_route=\/wp\/v2\/users\/2"}],"replies":[{"embeddable":true,"href":"https:\/\/www.orgbalt.eu\/index.php?rest_route=%2Fwp%2Fv2%2Fcomments&post=2819"}],"version-history":[{"count":2,"href":"https:\/\/www.orgbalt.eu\/index.php?rest_route=\/wp\/v2\/pages\/2819\/revisions"}],"predecessor-version":[{"id":3008,"href":"https:\/\/www.orgbalt.eu\/index.php?rest_route=\/wp\/v2\/pages\/2819\/revisions\/3008"}],"up":[{"embeddable":true,"href":"https:\/\/www.orgbalt.eu\/index.php?rest_route=\/wp\/v2\/pages\/2812"}],"wp:featuredmedia":[{"embeddable":true,"href":"https:\/\/www.orgbalt.eu\/index.php?rest_route=\/wp\/v2\/media\/3000"}],"wp:attachment":[{"href":"https:\/\/www.orgbalt.eu\/index.php?rest_route=%2Fwp%2Fv2%2Fmedia&parent=2819"}],"curies":[{"name":"wp","href":"https:\/\/api.w.org\/{rel}","templated":true}]}}