{"id":2882,"date":"2020-06-12T16:37:22","date_gmt":"2020-06-12T13:37:22","guid":{"rendered":"https:\/\/www.orgbalt.eu\/?page_id=2882"},"modified":"2024-11-22T11:28:08","modified_gmt":"2024-11-22T08:28:08","slug":"a1-projekta-ietvara-sagatavosana","status":"publish","type":"page","link":"https:\/\/www.orgbalt.eu\/?page_id=2882&lang=lv","title":{"rendered":"A1 &#8211; Projekta ietvara sagatavo\u0161ana"},"content":{"rendered":"\n<h6 class=\"wp-block-heading\"><strong>Aktivit\u0101tes m\u0113r\u0137i:<\/strong><\/h6>\n\n\n\n<ul class=\"wp-block-list\">\n<li>Ietvara izveide projekta aktivit\u0101\u0161u ievie\u0161anai un progresa un ietekmes monitoringam; <\/li>\n\n\n\n<li>Eso\u0161\u0101 statusa nov\u0113rt\u0113jums, ietverot normat\u012bvo aktu un past\u0101vo\u0161o augl\u012bgo organisko aug\u0161\u0146u apsaimnieko\u0161anas prak\u0161u anal\u012bzi;<\/li>\n\n\n\n<li>Monitoringa pl\u0101na izstr\u0101de, lai nodro\u0161in\u0101tu projekta rezult\u0101tu ievie\u0161anu. <\/li>\n<\/ul>\n\n\n\n<h6 class=\"wp-block-heading\"><strong>Nodevumi<\/strong> (ang\u013cu valod\u0101):<\/h6>\n\n\n\n<ul class=\"wp-block-list\">\n<li><strong><a href=\"https:\/\/www.orgbalt.eu\/wp-content\/uploads\/2024\/11\/2019_A1_1_Project-work-plan-including-monitoring-quidelines_.pdf\" target=\"_blank\" rel=\"noreferrer noopener\">A.1.1. Projekta darba pl\u0101ns un monitoringa vadl\u012bnijas <\/a><\/strong><\/li>\n\n\n\n<li><strong><a href=\"https:\/\/www.orgbalt.eu\/wp-content\/uploads\/2024\/11\/2019_A1_2_Report-on-current-situation-applied-emission-factors_.pdf\" target=\"_blank\" rel=\"noreferrer noopener\">A.1.2. Zi\u0146ojums par eso\u0161o situ\u0101ciju &#8211; izmantotie emisiju faktori un SEG emisiju prognozes no organisk\u0101m augsn\u0113m <\/a><\/strong><\/li>\n\n\n\n<li><strong><a href=\"https:\/\/www.orgbalt.eu\/wp-content\/uploads\/2024\/11\/2019_A1_3_Report-on-the-identified-climate-change-mitigation-targeted-measures_.pdf\" target=\"_blank\" rel=\"noreferrer noopener\">A.1.3. Zi\u0146ojums par identific\u0113taj\u0101m organisko aug\u0161\u0146u apsaimnieko\u0161anas praks\u0113m, kas m\u0113r\u0137\u0113tas uz klimata p\u0101rmai\u0146u samazin\u0101\u0161anu<\/a><\/strong><\/li>\n<\/ul>\n","protected":false},"excerpt":{"rendered":"<p>Aktivit\u0101tes m\u0113r\u0137i: Nodevumi (ang\u013cu valod\u0101):<\/p>\n","protected":false},"author":2,"featured_media":2577,"parent":2797,"menu_order":1,"comment_status":"closed","ping_status":"closed","template":"","meta":{"footnotes":""},"class_list":["post-2882","page","type-page","status-publish","has-post-thumbnail","hentry"],"post_mailing_queue_ids":[],"_links":{"self":[{"href":"https:\/\/www.orgbalt.eu\/index.php?rest_route=\/wp\/v2\/pages\/2882","targetHints":{"allow":["GET"]}}],"collection":[{"href":"https:\/\/www.orgbalt.eu\/index.php?rest_route=\/wp\/v2\/pages"}],"about":[{"href":"https:\/\/www.orgbalt.eu\/index.php?rest_route=\/wp\/v2\/types\/page"}],"author":[{"embeddable":true,"href":"https:\/\/www.orgbalt.eu\/index.php?rest_route=\/wp\/v2\/users\/2"}],"replies":[{"embeddable":true,"href":"https:\/\/www.orgbalt.eu\/index.php?rest_route=%2Fwp%2Fv2%2Fcomments&post=2882"}],"version-history":[{"count":7,"href":"https:\/\/www.orgbalt.eu\/index.php?rest_route=\/wp\/v2\/pages\/2882\/revisions"}],"predecessor-version":[{"id":5599,"href":"https:\/\/www.orgbalt.eu\/index.php?rest_route=\/wp\/v2\/pages\/2882\/revisions\/5599"}],"up":[{"embeddable":true,"href":"https:\/\/www.orgbalt.eu\/index.php?rest_route=\/wp\/v2\/pages\/2797"}],"wp:featuredmedia":[{"embeddable":true,"href":"https:\/\/www.orgbalt.eu\/index.php?rest_route=\/wp\/v2\/media\/2577"}],"wp:attachment":[{"href":"https:\/\/www.orgbalt.eu\/index.php?rest_route=%2Fwp%2Fv2%2Fmedia&parent=2882"}],"curies":[{"name":"wp","href":"https:\/\/api.w.org\/{rel}","templated":true}]}}