{"id":2888,"date":"2020-06-12T17:11:04","date_gmt":"2020-06-12T14:11:04","guid":{"rendered":"https:\/\/www.orgbalt.eu\/?page_id=2888"},"modified":"2024-11-22T11:42:54","modified_gmt":"2024-11-22T08:42:54","slug":"a2-projekta-komunikacijas-platformas-izstrade","status":"publish","type":"page","link":"https:\/\/www.orgbalt.eu\/?page_id=2888&lang=lv","title":{"rendered":"A2 &#8211; Projekta komunik\u0101cijas platformas izstr\u0101de"},"content":{"rendered":"\n<h6 class=\"wp-block-heading\">M\u0113r\u0137is:<\/h6>\n\n\n\n<p>Izstr\u0101d\u0101t ietvaru projekta rezult\u0101tu un nodevumu komunik\u0101cijai, izplat\u012b\u0161anai, atk\u0101rtojam\u012bbai un p\u0101rnesei identific\u0113taj\u0101m m\u0113r\u0137auditorij\u0101m.<\/p>\n\n\n\n<h6 class=\"wp-block-heading\"><strong>Nodevumi <\/strong>(ang\u013cu valod\u0101):<\/h6>\n\n\n\n<ul class=\"wp-block-list\">\n<li><a href=\"https:\/\/www.orgbalt.eu\/wp-content\/uploads\/2024\/11\/2019_A2_1_Plan-for-awareness-rising-and-stakeholder-engagement-plan_.pdf\" target=\"_blank\" rel=\"noreferrer noopener\"><strong>A.2.1. Izpratnes veicin\u0101\u0161anas un ieinteres\u0113to pu\u0161u iesaistes pl\u0101ns<\/strong><\/a><\/li>\n\n\n\n<li><a href=\"https:\/\/www.orgbalt.eu\/wp-content\/uploads\/2024\/11\/2020_A2_2_Communication-strategy_.pdf\" target=\"_blank\" rel=\"noreferrer noopener\"><strong>A.2.2. Komunik\u0101cijas strat\u0113\u0123ija<\/strong><\/a><strong>;\u00a0<\/strong><a href=\"https:\/\/www.orgbalt.eu\/wp-content\/uploads\/2020\/04\/Annex_1_Communications-actions-timetable-2-1.xlsx\"><strong>Pielikums \u2013 Komunik\u0101cijas aktivit\u0101\u0161u laika grafiks<\/strong><\/a><\/li>\n\n\n\n<li><a href=\"https:\/\/www.orgbalt.eu\/wp-content\/uploads\/2024\/11\/2020_A2_3_Replicability-and-transferability-plan_.pdf\" target=\"_blank\" rel=\"noreferrer noopener\"><strong>A.2.3. Atk\u0101rtojam\u012bbas un p\u0101rneses pl\u0101ns<\/strong><\/a><\/li>\n<\/ul>\n","protected":false},"excerpt":{"rendered":"<p>M\u0113r\u0137is: Izstr\u0101d\u0101t ietvaru projekta rezult\u0101tu un nodevumu komunik\u0101cijai, izplat\u012b\u0161anai, atk\u0101rtojam\u012bbai un p\u0101rnesei identific\u0113taj\u0101m m\u0113r\u0137auditorij\u0101m. Nodevumi (ang\u013cu valod\u0101):<\/p>\n","protected":false},"author":2,"featured_media":2889,"parent":2797,"menu_order":2,"comment_status":"closed","ping_status":"closed","template":"","meta":{"footnotes":""},"class_list":["post-2888","page","type-page","status-publish","has-post-thumbnail","hentry"],"post_mailing_queue_ids":[],"_links":{"self":[{"href":"https:\/\/www.orgbalt.eu\/index.php?rest_route=\/wp\/v2\/pages\/2888","targetHints":{"allow":["GET"]}}],"collection":[{"href":"https:\/\/www.orgbalt.eu\/index.php?rest_route=\/wp\/v2\/pages"}],"about":[{"href":"https:\/\/www.orgbalt.eu\/index.php?rest_route=\/wp\/v2\/types\/page"}],"author":[{"embeddable":true,"href":"https:\/\/www.orgbalt.eu\/index.php?rest_route=\/wp\/v2\/users\/2"}],"replies":[{"embeddable":true,"href":"https:\/\/www.orgbalt.eu\/index.php?rest_route=%2Fwp%2Fv2%2Fcomments&post=2888"}],"version-history":[{"count":7,"href":"https:\/\/www.orgbalt.eu\/index.php?rest_route=\/wp\/v2\/pages\/2888\/revisions"}],"predecessor-version":[{"id":5606,"href":"https:\/\/www.orgbalt.eu\/index.php?rest_route=\/wp\/v2\/pages\/2888\/revisions\/5606"}],"up":[{"embeddable":true,"href":"https:\/\/www.orgbalt.eu\/index.php?rest_route=\/wp\/v2\/pages\/2797"}],"wp:featuredmedia":[{"embeddable":true,"href":"https:\/\/www.orgbalt.eu\/index.php?rest_route=\/wp\/v2\/media\/2889"}],"wp:attachment":[{"href":"https:\/\/www.orgbalt.eu\/index.php?rest_route=%2Fwp%2Fv2%2Fmedia&parent=2888"}],"curies":[{"name":"wp","href":"https:\/\/api.w.org\/{rel}","templated":true}]}}