{"id":2923,"date":"2020-06-15T15:53:21","date_gmt":"2020-06-15T12:53:21","guid":{"rendered":"https:\/\/www.orgbalt.eu\/?page_id=2923"},"modified":"2025-01-20T20:05:39","modified_gmt":"2025-01-20T17:05:39","slug":"c2-modelesanas-riki-klimata-parmainu-ietekmei-uz-seg-emisijam","status":"publish","type":"page","link":"https:\/\/www.orgbalt.eu\/?page_id=2923&lang=lv","title":{"rendered":"C2 &#8211; Model\u0113\u0161anas r\u012bki klimata p\u0101rmai\u0146u ietekmei uz SEG emisij\u0101m"},"content":{"rendered":"\n<h6 class=\"wp-block-heading\">M\u0113r\u0137i:<\/h6>\n\n\n\n<p>Klimata p\u0101rmai\u0146u ietekmes uz SEG emisij\u0101m prognoz\u0113\u0161ana &#8211; da\u017e\u0101du klimata p\u0101rmai\u0146u scen\u0101riju ietekmes uz SEG emisij\u0101m no augl\u012bg\u0101m organiskaj\u0101m augsn\u0113m nov\u0113rt\u0113\u0161ana, atkar\u012bb\u0101 no apsaimnieko\u0161anas un zemes izmanto\u0161anas veida.<\/p>\n\n\n\n<h6 class=\"wp-block-heading\">Nodevumi: <\/h6>\n\n\n\n<ul class=\"wp-block-list\">\n<li><a href=\"https:\/\/www.orgbalt.eu\/wp-content\/uploads\/2024\/11\/2020_C2_1-Activity-data-for-reporting-and-projections-of-GHG-emissions-from-organic-soils_.pdf\" target=\"_blank\" rel=\"noreferrer noopener\"><strong>C.2.1. Darb\u012bbas dati SEG emisiju uzskaitei un prognoz\u0113\u0161anai no organiskaj\u0101m augsn\u0113m<\/strong><\/a><\/li>\n\n\n\n<li><a href=\"https:\/\/www.orgbalt.eu\/wp-content\/uploads\/2024\/11\/2024_C2_2_Mathematical-equations-and-tools_.pdf\" target=\"_blank\" rel=\"noreferrer noopener\"><strong>C.2.2. Matem\u0101tiskie vien\u0101dojumi un r\u012bki SEG emisiju no organisk\u0101m augsn\u0113m progno\u017eu izstr\u0101dei<\/strong><\/a><\/li>\n\n\n\n<li><a href=\"https:\/\/www.orgbalt.eu\/wp-content\/uploads\/2025\/01\/2021_C2_3-Harmonised-methodology-for-characterization-of-peat-properties-using-infrared-spectroscopy.pdf\" target=\"_blank\" rel=\"noreferrer noopener\"><strong>C.2.3. Saska\u0146ota metodolo\u0123ija k\u016bdras \u012bpa\u0161\u012bbu raksturo\u0161anai, izmantojot infrasarkano staru skr\u012bninga metodi<\/strong><\/a><\/li>\n\n\n\n<li><a href=\"https:\/\/www.orgbalt.eu\/wp-content\/uploads\/2024\/11\/2024_C2_4-Report-on-integration-of-climate-scenarious-and-projections_.pdf\" target=\"_blank\" rel=\"noreferrer noopener\"><strong>C.2.4. Zi\u0146ojums par klimata scen\u0101riju un SEG emisiju no organisk\u0101m augsn\u0113m progno\u017eu integr\u0101ciju<\/strong><\/a><\/li>\n\n\n\n<li><a href=\"https:\/\/www.orgbalt.eu\/wp-content\/uploads\/2024\/11\/2022_C2_5-Methodology-of-the-socio_economic-analysis_.pdf\" target=\"_blank\" rel=\"noreferrer noopener\"><strong>C.2.5. Soci\u0101li ekonomisk\u0101s anal\u012bzes metodolo\u0123ija pied\u0101v\u0101tajiem apsaimnieko\u0161anas pas\u0101kumiem, <\/strong><\/a><a href=\"https:\/\/www.orgbalt.eu\/wp-content\/uploads\/2024\/08\/2022_C2_5-Annex.xlsx\" target=\"_blank\" rel=\"noreferrer noopener\"><strong>Pielikums nodevumam C.2.5.<\/strong><\/a><\/li>\n<\/ul>\n\n\n\n<p><\/p>\n","protected":false},"excerpt":{"rendered":"<p>M\u0113r\u0137i: Klimata p\u0101rmai\u0146u ietekmes uz SEG emisij\u0101m prognoz\u0113\u0161ana &#8211; da\u017e\u0101du klimata p\u0101rmai\u0146u scen\u0101riju ietekmes uz SEG emisij\u0101m no augl\u012bg\u0101m organiskaj\u0101m augsn\u0113m nov\u0113rt\u0113\u0161ana, atkar\u012bb\u0101 no apsaimnieko\u0161anas un zemes izmanto\u0161anas veida. Nodevumi:<\/p>\n","protected":false},"author":2,"featured_media":2917,"parent":2797,"menu_order":4,"comment_status":"closed","ping_status":"closed","template":"","meta":{"footnotes":""},"class_list":["post-2923","page","type-page","status-publish","has-post-thumbnail","hentry"],"post_mailing_queue_ids":[],"_links":{"self":[{"href":"https:\/\/www.orgbalt.eu\/index.php?rest_route=\/wp\/v2\/pages\/2923","targetHints":{"allow":["GET"]}}],"collection":[{"href":"https:\/\/www.orgbalt.eu\/index.php?rest_route=\/wp\/v2\/pages"}],"about":[{"href":"https:\/\/www.orgbalt.eu\/index.php?rest_route=\/wp\/v2\/types\/page"}],"author":[{"embeddable":true,"href":"https:\/\/www.orgbalt.eu\/index.php?rest_route=\/wp\/v2\/users\/2"}],"replies":[{"embeddable":true,"href":"https:\/\/www.orgbalt.eu\/index.php?rest_route=%2Fwp%2Fv2%2Fcomments&post=2923"}],"version-history":[{"count":7,"href":"https:\/\/www.orgbalt.eu\/index.php?rest_route=\/wp\/v2\/pages\/2923\/revisions"}],"predecessor-version":[{"id":5784,"href":"https:\/\/www.orgbalt.eu\/index.php?rest_route=\/wp\/v2\/pages\/2923\/revisions\/5784"}],"up":[{"embeddable":true,"href":"https:\/\/www.orgbalt.eu\/index.php?rest_route=\/wp\/v2\/pages\/2797"}],"wp:featuredmedia":[{"embeddable":true,"href":"https:\/\/www.orgbalt.eu\/index.php?rest_route=\/wp\/v2\/media\/2917"}],"wp:attachment":[{"href":"https:\/\/www.orgbalt.eu\/index.php?rest_route=%2Fwp%2Fv2%2Fmedia&parent=2923"}],"curies":[{"name":"wp","href":"https:\/\/api.w.org\/{rel}","templated":true}]}}