{"id":2929,"date":"2020-06-15T16:06:58","date_gmt":"2020-06-15T13:06:58","guid":{"rendered":"https:\/\/www.orgbalt.eu\/?page_id=2929"},"modified":"2025-01-20T19:17:11","modified_gmt":"2025-01-20T16:17:11","slug":"c4-strategijas-un-ricibas-plani","status":"publish","type":"page","link":"https:\/\/www.orgbalt.eu\/?page_id=2929&lang=lv","title":{"rendered":"C4 &#8211; Strat\u0113\u0123ijas un r\u012bc\u012bbas pl\u0101ni"},"content":{"rendered":"\n<h6 class=\"wp-block-heading\"><strong>M\u0113r\u0137i: <\/strong><\/h6>\n\n\n\n<p>Atbalsts nacion\u0101laj\u0101m un re\u0123ion\u0101laj\u0101m instit\u016bcij\u0101m klimata p\u0101rmai\u0146u samazin\u0101\u0161anas pas\u0101kumu ievie\u0161an\u0101 nacion\u0101laj\u0101s un re\u0123ion\u0101laj\u0101s strat\u0113\u0123ij\u0101s un r\u012bc\u012bbas pl\u0101nos, lai izpild\u012btu ES un nacion\u0101los klimata p\u0101rmai\u0146u samazin\u0101\u0161anas m\u0113r\u0137us p\u0113c 2020.gada period\u0101 ZIZIMM un Lauksaimniec\u012bbas sektoros. Starp sektoru sadarb\u012bbu identifik\u0101cija un nov\u0113rt\u0113jums. Publisk\u0101s un priv\u0101t\u0101s partner\u012bbas mode\u013ca demonstr\u0101cija klimata p\u0101rmai\u0146u samazin\u0101\u0161anas pas\u0101kumu ievie\u0161an\u0101. <\/p>\n\n\n\n<p><\/p>\n\n\n\n<h6 class=\"wp-block-heading\">Nodevumi:<\/h6>\n\n\n\n<ul class=\"wp-block-list\">\n<li><strong>C.4.1. Publisk\u0101s un priv\u0101t\u0101s partner\u012bbas modelis &#8220;Funkcion\u0101ls zemes apsaimnieko\u0161anas modelis &#8211; r\u012bks klimata p\u0101rmai\u0146u samazin\u0101\u0161anai un ilgtsp\u0113j\u012bgai apsaimnieko\u0161anai<\/strong><\/li>\n<\/ul>\n\n\n\n<h3 class=\"wp-block-heading\"><strong><a href=\"https:\/\/www.orgbalt.eu\/wp-content\/uploads\/2025\/01\/240725_OrgBalt_Modelis_ver.01.zip\" data-type=\"link\" data-id=\"https:\/\/www.orgbalt.eu\/wp-content\/uploads\/2025\/01\/240725_OrgBalt_Modelis_ver.01.zip\">Modelis lejupiel\u0101dei pieejams \u0160EIT>><\/a><\/strong><\/h3>\n\n\n\n<p><a href=\"https:\/\/www.orgbalt.eu\/wp-content\/uploads\/2024\/06\/Annex-3_PPC-model_Guidelines_LV.pdf\" data-type=\"link\" data-id=\"https:\/\/www.orgbalt.eu\/wp-content\/uploads\/2024\/06\/Annex-3_PPC-model_Guidelines_LV.pdf\" target=\"_blank\" rel=\"noreferrer noopener\"><strong>Mode\u013ca lieto\u0161anas instrukcija<\/strong>&gt;&gt;&gt;<\/a><\/p>\n\n\n\n<p>Modelis ir balst\u012bts uz 17 zin\u0101tnisku scen\u0101riju anal\u012bzi, kas ieg\u016bti no 17 klimata p\u0101rmai\u0146u mazin\u0101\u0161anas  pas\u0101kumiem, kas \u012bstenoti 16 demonstr\u0113jumu objektos LIFE OrgBalt projekta partneru teritorij\u0101s.<\/p>\n\n\n\n<p>No tiem 13 demonstr\u0113jumu objekti atrodas Latvij\u0101 un tr\u012bs &#8211; Somij\u0101. Papildu klimata p\u0101rmai\u0146u mazin\u0101\u0161anas pas\u0101kumi ir ieg\u016bti no projekta LIFE REstore.<\/p>\n\n\n\n<p>Katrs scen\u0101rijs izriet no eso\u0161o apst\u0101k\u013cu kombin\u0101cijas, kas sadal\u012bti vispirms p\u0113c zemes lieto\u0161anas veida (lauksaimniec\u012bbas zeme, me\u017ea zeme, mitr\u0101js) un p\u0113c tam &#8211; divos datu ievades l\u012bme\u0146os (pirmaj\u0101 un otraj\u0101), kas rezult\u0101t\u0101 nodro\u0161ina specifiskus finan\u0161u un soci\u0101lekonomiskos r\u0101d\u012bt\u0101jus katram klimata p\u0101rmai\u0146u mazin\u0101\u0161anas pas\u0101kumam, ko var piem\u0113rot attiec\u012bgaj\u0101 zemes gabal\u0101.<\/p>\n\n\n\n<p>Pirm\u0101 l\u012bme\u0146a ievade defin\u0113s klimata p\u0101rmai\u0146u mazin\u0101\u0161anas pas\u0101kuma veidu, ko var \u012bstenot attiec\u012bgaj\u0101 teritorij\u0101. Tie ietver zemes lieto\u0161anas veidu, zemes izmanto\u0161anas st\u0101vokli un dren\u0101\u017eas sist\u0113mu.<\/p>\n\n\n\n<p>Otr\u0101 l\u012bme\u0146a ievade \u013caus ieg\u016bt finan\u0161u, ekonomiskos un soci\u0101lekonomiskos r\u0101d\u012bt\u0101jus, lai nov\u0113rt\u0113tu katra klimata p\u0101rmai\u0146u mazin\u0101\u0161anas pas\u0101kuma vides, finansi\u0101lo un soci\u0101lekonomisko ieguvumu, kas tiks nov\u0113rt\u0113ts k\u0101 piem\u0113rojams attiec\u012bgajos apst\u0101k\u013cos.<\/p>\n\n\n\n<p><\/p>\n\n\n\n<ul class=\"wp-block-list\">\n<li><a href=\"https:\/\/www.orgbalt.eu\/wp-content\/uploads\/2024\/08\/C4.1_Deliverable_Prop-for-PPC-model-and-adopting-in-RDP_01012021_final.pdf\" target=\"_blank\" rel=\"noreferrer noopener\"><strong>C.4.1. (S\u0101kotn\u0113jais zi\u0146ojums) Priek\u0161likums PPC modelim un projekta rezult\u0101tu iek\u013cau\u0161anai Lauku att\u012bst\u012bbas pl\u0101n\u0101<\/strong><\/a><\/li>\n\n\n\n<li><a href=\"https:\/\/www.orgbalt.eu\/wp-content\/uploads\/2024\/11\/2024_C4_1_Prop-for-PPC-model-and-adopting-in-RDP_.pdf\" target=\"_blank\" rel=\"noreferrer noopener\"><strong>C.4.1. (Gala zi\u0146ojums) Priek\u0161likums PPC modelim un projekta rezult\u0101tu iek\u013cau\u0161anai Lauku att\u012bst\u012bbas pl\u0101n\u0101 <\/strong><\/a><\/li>\n\n\n\n<li><a href=\"https:\/\/www.orgbalt.eu\/wp-content\/uploads\/2024\/11\/2024_C4_2-Report-on-public-communication-with-the-main-stakeholders-groups_.pdf\" target=\"_blank\" rel=\"noreferrer noopener\"><strong>C.4.2. Zi\u0146ojums par publisko komunik\u0101ciju ar ieinteres\u0113taj\u0101m pus\u0113m<\/strong><\/a><\/li>\n\n\n\n<li><a href=\"https:\/\/www.orgbalt.eu\/wp-content\/uploads\/2024\/11\/2022_C4_3_Interim-draft-report-on-proposals-for-improvement-of-sectoral-strategies_.pdf\" target=\"_blank\" rel=\"noreferrer noopener\"><strong>C.4.3 Starpposma zi\u0146ojuma projekts par priek\u0161likumiem nozaru strat\u0113\u0123iju un r\u012bc\u012bbas pl\u0101nu uzlabo\u0161anai SEG emisiju samazin\u0101\u0161anai no organiskaj\u0101m augsn\u0113m<\/strong><\/a><\/li>\n\n\n\n<li><a href=\"https:\/\/www.orgbalt.eu\/wp-content\/uploads\/2024\/11\/2022_C4_4-Report-on-economic-benefits-of-CCM-measures_.pdf\" target=\"_blank\" rel=\"noreferrer noopener\"><strong>C.4.4.<\/strong> <strong>Zi\u0146ojums par klimata p\u0101rmai\u0146u mazin\u0101\u0161anas pas\u0101kumu ekonomiskajiem ieguvumiem bar\u012bbas viel\u0101m bag\u0101tu aug\u0161\u0146u apsaimnieko\u0161an\u0101 saimniec\u012bbu l\u012bmen\u012b <\/strong><\/a><\/li>\n\n\n\n<li><a href=\"https:\/\/www.orgbalt.eu\/wp-content\/uploads\/2024\/11\/2024_C4_5-Report-on-proposals-for-improvement-of-sectoral-strategies-and-action-plans_.pdf\" target=\"_blank\" rel=\"noreferrer noopener\"><strong>C.4.5. Priek\u0161likumi nozares strat\u0113\u0123iju un r\u012bc\u012bbas pl\u0101nu uzlabojumiem, lai samazin\u0101tu SEG emisijas no organiskaj\u0101m augsn\u0113m<\/strong><\/a><\/li>\n\n\n\n<li><\/li>\n<\/ul>\n\n\n\n<p><\/p>\n","protected":false},"excerpt":{"rendered":"<p>M\u0113r\u0137i: Atbalsts nacion\u0101laj\u0101m un re\u0123ion\u0101laj\u0101m instit\u016bcij\u0101m klimata p\u0101rmai\u0146u samazin\u0101\u0161anas pas\u0101kumu ievie\u0161an\u0101 nacion\u0101laj\u0101s un re\u0123ion\u0101laj\u0101s strat\u0113\u0123ij\u0101s un r\u012bc\u012bbas pl\u0101nos, lai izpild\u012btu ES un nacion\u0101los klimata p\u0101rmai\u0146u samazin\u0101\u0161anas m\u0113r\u0137us p\u0113c 2020.gada period\u0101 [&hellip;]<\/p>\n","protected":false},"author":2,"featured_media":2919,"parent":2797,"menu_order":6,"comment_status":"closed","ping_status":"closed","template":"","meta":{"footnotes":""},"class_list":["post-2929","page","type-page","status-publish","has-post-thumbnail","hentry"],"post_mailing_queue_ids":[],"_links":{"self":[{"href":"https:\/\/www.orgbalt.eu\/index.php?rest_route=\/wp\/v2\/pages\/2929","targetHints":{"allow":["GET"]}}],"collection":[{"href":"https:\/\/www.orgbalt.eu\/index.php?rest_route=\/wp\/v2\/pages"}],"about":[{"href":"https:\/\/www.orgbalt.eu\/index.php?rest_route=\/wp\/v2\/types\/page"}],"author":[{"embeddable":true,"href":"https:\/\/www.orgbalt.eu\/index.php?rest_route=\/wp\/v2\/users\/2"}],"replies":[{"embeddable":true,"href":"https:\/\/www.orgbalt.eu\/index.php?rest_route=%2Fwp%2Fv2%2Fcomments&post=2929"}],"version-history":[{"count":26,"href":"https:\/\/www.orgbalt.eu\/index.php?rest_route=\/wp\/v2\/pages\/2929\/revisions"}],"predecessor-version":[{"id":5744,"href":"https:\/\/www.orgbalt.eu\/index.php?rest_route=\/wp\/v2\/pages\/2929\/revisions\/5744"}],"up":[{"embeddable":true,"href":"https:\/\/www.orgbalt.eu\/index.php?rest_route=\/wp\/v2\/pages\/2797"}],"wp:featuredmedia":[{"embeddable":true,"href":"https:\/\/www.orgbalt.eu\/index.php?rest_route=\/wp\/v2\/media\/2919"}],"wp:attachment":[{"href":"https:\/\/www.orgbalt.eu\/index.php?rest_route=%2Fwp%2Fv2%2Fmedia&parent=2929"}],"curies":[{"name":"wp","href":"https:\/\/api.w.org\/{rel}","templated":true}]}}