{"id":2968,"date":"2020-06-29T20:23:43","date_gmt":"2020-06-29T17:23:43","guid":{"rendered":"https:\/\/www.orgbalt.eu\/?page_id=2968"},"modified":"2020-06-30T09:01:35","modified_gmt":"2020-06-30T06:01:35","slug":"life-orgbalt-national-workshop-in-lithuania","status":"publish","type":"page","link":"https:\/\/www.orgbalt.eu\/?page_id=2968","title":{"rendered":"LIFE OrgBalt national workshop in Lithuania"},"content":{"rendered":"\n<p><strong>&#8220;Climate change mitigation measures for nutrient-rich organic soils&#8221;<\/strong><\/p>\n\n\n\n<p><strong>Time:<\/strong>&nbsp;17.06.2020.<\/p>\n\n\n\n<p><strong>Place:<\/strong>&nbsp;Webinar format national workshop in Lithuania<\/p>\n\n\n\n<p><strong>Organized by<\/strong>: LIFE OrgBalt partner &#8211; Lithuanian Research Centre for Agriculture and Forestry <\/p>\n\n\n\n<p><a href=\"https:\/\/www.orgbalt.eu\/?p=2978\" target=\"_blank\" rel=\"noreferrer noopener\" aria-label=\"About the workshop:&nbsp;read more here. (opens in a new tab)\"><strong>About the workshop:&nbsp;<\/strong>read more here.<\/a><\/p>\n\n\n\n<p><a href=\"https:\/\/www.orgbalt.eu\/wp-content\/uploads\/2020\/06\/LIFE-OrgBalt-Agenda_National-workshop-LT-1.pdf\" target=\"_blank\" rel=\"noreferrer noopener\" aria-label=\"Agenda&nbsp;of the workshop. (opens in a new tab)\"><strong>Agenda&nbsp;<\/strong>of the workshop.<\/a><\/p>\n\n\n\n<p><strong>Presentations:<\/strong><br>(click the title to read the presentation)<\/p>\n\n\n\n<ul class=\"wp-block-list\"><li><a rel=\"noreferrer noopener\" aria-label=\"LIFE OrgBalt project \u2013 scope and main objectives, importance of stakeholder engagement (opens in a new tab)\" href=\"https:\/\/www.orgbalt.eu\/wp-content\/uploads\/2020\/06\/LIFEOrgBalt-scope-and-main-objectives-importance-of-stakeholder-engagement_20200617_Ieva-1.pdf\" target=\"_blank\"><strong>LIFE OrgBalt project \u2013 scope and main objectives, importance of stakeholder engagement<\/strong><\/a> (in English), <em>Latvian State Forest Research Institute SILAVA, Ieva L\u012bc\u012bte<\/em> <\/li><li><strong><a rel=\"noreferrer noopener\" aria-label=\"Functional land management for climate change mitigation (opens in a new tab)\" href=\"https:\/\/www.orgbalt.eu\/wp-content\/uploads\/2020\/06\/LIFE-OrgBalt_Aleksejs_Nipers_170620_2.pdf\" target=\"_blank\">Functional land management for climate change mitigation<\/a> <\/strong>(in English), <em>Latvia University of Life Sciences and Technologies, Aleksejs Nipers<\/em> <\/li><li><a rel=\"noreferrer noopener\" aria-label=\"LIFE OrgBalt deliverable 2019 (II). A 1\/3 Report on the identified climate change mitigation targeted management practices on organic soils (opens in a new tab)\" href=\"https:\/\/www.orgbalt.eu\/wp-content\/uploads\/2020\/06\/LIFE-OrgBalt_Activity-A.1.3_Vaiva_Kazanaviciute.pdf\" target=\"_blank\"><strong>LIFE OrgBalt deliverable 2019 (II). A 1\/3 Report on the identified climate change mitigation targeted management practices on organic soils<\/strong><\/a> (in Lithuanian), <em>Lithuanian Research Centre for Agriculture and Forestry (LAMMC), Vaiva\u00a0Kazanavi\u010di\u016bt\u0117<\/em> <\/li><li><a rel=\"noreferrer noopener\" aria-label=\"LIFE OrgBalt project in Lithuania \u2013 LAMMC activities (opens in a new tab)\" href=\"https:\/\/www.orgbalt.eu\/wp-content\/uploads\/2020\/06\/LIFE-OrgBalt_Kestutis-Armolaitis.pdf\" target=\"_blank\"><strong>LIFE OrgBalt project in Lithuania \u2013 LAMMC activities<\/strong><\/a>\u00a0(in Lithuanian), <em>Lithuanian Research Centre for Agriculture and Forestry (LAMMC), K\u0119stutis Armolaitis<\/em> <\/li><li><a rel=\"noreferrer noopener\" aria-label=\"Peatland restoration as a tool to mitigate climate change. Experience of LIFE Peat Restore (opens in a new tab)\" href=\"https:\/\/www.orgbalt.eu\/wp-content\/uploads\/2020\/06\/LIFE-OrgBalt_Nerijus-Zableckis.pdf\" target=\"_blank\"><strong>Peatland restoration as a tool to mitigate climate change. Experience of LIFE Peat Restore<\/strong><\/a> (in Lithuanian), <em>Stakeholders: Lithuanian Nature Fund<\/em>,\u00a0<em>Nerijus Zableckis<\/em> <\/li><\/ul>\n\n\n\n<p><strong>PHOTOS<\/strong><\/p>\n\n\n\n<figure class=\"wp-block-gallery columns-3 is-cropped wp-block-gallery-1 is-layout-flex wp-block-gallery-is-layout-flex\"><ul class=\"blocks-gallery-grid\"><li class=\"blocks-gallery-item\"><figure><img loading=\"lazy\" decoding=\"async\" width=\"1024\" height=\"768\" src=\"https:\/\/www.orgbalt.eu\/wp-content\/uploads\/2020\/06\/20200617_131356-1-1024x768.jpg\" alt=\"\" data-id=\"3016\" data-full-url=\"https:\/\/www.orgbalt.eu\/wp-content\/uploads\/2020\/06\/20200617_131356-1-scaled.jpg\" data-link=\"https:\/\/www.orgbalt.eu\/?attachment_id=3016\" class=\"wp-image-3016\" srcset=\"https:\/\/www.orgbalt.eu\/wp-content\/uploads\/2020\/06\/20200617_131356-1-1024x768.jpg 1024w, https:\/\/www.orgbalt.eu\/wp-content\/uploads\/2020\/06\/20200617_131356-1-300x225.jpg 300w, https:\/\/www.orgbalt.eu\/wp-content\/uploads\/2020\/06\/20200617_131356-1-768x576.jpg 768w, https:\/\/www.orgbalt.eu\/wp-content\/uploads\/2020\/06\/20200617_131356-1-1536x1152.jpg 1536w, https:\/\/www.orgbalt.eu\/wp-content\/uploads\/2020\/06\/20200617_131356-1-2048x1536.jpg 2048w, https:\/\/www.orgbalt.eu\/wp-content\/uploads\/2020\/06\/20200617_131356-1-360x270.jpg 360w\" sizes=\"auto, (max-width: 1024px) 100vw, 1024px\" \/><\/figure><\/li><li class=\"blocks-gallery-item\"><figure><img loading=\"lazy\" decoding=\"async\" width=\"1024\" height=\"576\" src=\"https:\/\/www.orgbalt.eu\/wp-content\/uploads\/2020\/06\/Untitled30-1024x576.png\" alt=\"\" data-id=\"3018\" data-full-url=\"https:\/\/www.orgbalt.eu\/wp-content\/uploads\/2020\/06\/Untitled30.png\" data-link=\"https:\/\/www.orgbalt.eu\/?attachment_id=3018\" class=\"wp-image-3018\" srcset=\"https:\/\/www.orgbalt.eu\/wp-content\/uploads\/2020\/06\/Untitled30-1024x576.png 1024w, https:\/\/www.orgbalt.eu\/wp-content\/uploads\/2020\/06\/Untitled30-300x169.png 300w, https:\/\/www.orgbalt.eu\/wp-content\/uploads\/2020\/06\/Untitled30-768x432.png 768w, https:\/\/www.orgbalt.eu\/wp-content\/uploads\/2020\/06\/Untitled30.png 1366w\" sizes=\"auto, (max-width: 1024px) 100vw, 1024px\" \/><\/figure><\/li><li class=\"blocks-gallery-item\"><figure><img loading=\"lazy\" decoding=\"async\" width=\"1024\" height=\"576\" src=\"https:\/\/www.orgbalt.eu\/wp-content\/uploads\/2020\/06\/Untitled41-1024x576.png\" alt=\"\" data-id=\"3021\" data-full-url=\"https:\/\/www.orgbalt.eu\/wp-content\/uploads\/2020\/06\/Untitled41.png\" data-link=\"https:\/\/www.orgbalt.eu\/?attachment_id=3021\" class=\"wp-image-3021\" srcset=\"https:\/\/www.orgbalt.eu\/wp-content\/uploads\/2020\/06\/Untitled41-1024x576.png 1024w, https:\/\/www.orgbalt.eu\/wp-content\/uploads\/2020\/06\/Untitled41-300x169.png 300w, https:\/\/www.orgbalt.eu\/wp-content\/uploads\/2020\/06\/Untitled41-768x432.png 768w, https:\/\/www.orgbalt.eu\/wp-content\/uploads\/2020\/06\/Untitled41.png 1366w\" sizes=\"auto, (max-width: 1024px) 100vw, 1024px\" \/><\/figure><\/li><li class=\"blocks-gallery-item\"><figure><img loading=\"lazy\" decoding=\"async\" width=\"1024\" height=\"576\" src=\"https:\/\/www.orgbalt.eu\/wp-content\/uploads\/2020\/06\/Untitled40-1024x576.png\" alt=\"\" data-id=\"3019\" data-full-url=\"https:\/\/www.orgbalt.eu\/wp-content\/uploads\/2020\/06\/Untitled40.png\" data-link=\"https:\/\/www.orgbalt.eu\/?attachment_id=3019\" class=\"wp-image-3019\" srcset=\"https:\/\/www.orgbalt.eu\/wp-content\/uploads\/2020\/06\/Untitled40-1024x576.png 1024w, https:\/\/www.orgbalt.eu\/wp-content\/uploads\/2020\/06\/Untitled40-300x169.png 300w, https:\/\/www.orgbalt.eu\/wp-content\/uploads\/2020\/06\/Untitled40-768x432.png 768w, https:\/\/www.orgbalt.eu\/wp-content\/uploads\/2020\/06\/Untitled40.png 1366w\" sizes=\"auto, (max-width: 1024px) 100vw, 1024px\" \/><\/figure><\/li><li class=\"blocks-gallery-item\"><figure><img loading=\"lazy\" decoding=\"async\" width=\"1024\" height=\"576\" src=\"https:\/\/www.orgbalt.eu\/wp-content\/uploads\/2020\/06\/Untitled8-1024x576.png\" alt=\"\" data-id=\"3017\" data-full-url=\"https:\/\/www.orgbalt.eu\/wp-content\/uploads\/2020\/06\/Untitled8.png\" data-link=\"https:\/\/www.orgbalt.eu\/?attachment_id=3017\" class=\"wp-image-3017\" srcset=\"https:\/\/www.orgbalt.eu\/wp-content\/uploads\/2020\/06\/Untitled8-1024x576.png 1024w, https:\/\/www.orgbalt.eu\/wp-content\/uploads\/2020\/06\/Untitled8-300x169.png 300w, https:\/\/www.orgbalt.eu\/wp-content\/uploads\/2020\/06\/Untitled8-768x432.png 768w, https:\/\/www.orgbalt.eu\/wp-content\/uploads\/2020\/06\/Untitled8.png 1366w\" sizes=\"auto, (max-width: 1024px) 100vw, 1024px\" \/><\/figure><\/li><\/ul><\/figure>\n","protected":false},"excerpt":{"rendered":"<p>&#8220;Climate change mitigation measures for nutrient-rich organic soils&#8221; Time:&nbsp;17.06.2020. Place:&nbsp;Webinar format national workshop in Lithuania Organized by: LIFE OrgBalt partner &#8211; Lithuanian Research Centre for Agriculture and Forestry About the [&hellip;]<\/p>\n","protected":false},"author":2,"featured_media":0,"parent":2510,"menu_order":0,"comment_status":"closed","ping_status":"closed","template":"","meta":{"footnotes":""},"class_list":["post-2968","page","type-page","status-publish","hentry"],"post_mailing_queue_ids":[],"_links":{"self":[{"href":"https:\/\/www.orgbalt.eu\/index.php?rest_route=\/wp\/v2\/pages\/2968","targetHints":{"allow":["GET"]}}],"collection":[{"href":"https:\/\/www.orgbalt.eu\/index.php?rest_route=\/wp\/v2\/pages"}],"about":[{"href":"https:\/\/www.orgbalt.eu\/index.php?rest_route=\/wp\/v2\/types\/page"}],"author":[{"embeddable":true,"href":"https:\/\/www.orgbalt.eu\/index.php?rest_route=\/wp\/v2\/users\/2"}],"replies":[{"embeddable":true,"href":"https:\/\/www.orgbalt.eu\/index.php?rest_route=%2Fwp%2Fv2%2Fcomments&post=2968"}],"version-history":[{"count":5,"href":"https:\/\/www.orgbalt.eu\/index.php?rest_route=\/wp\/v2\/pages\/2968\/revisions"}],"predecessor-version":[{"id":3023,"href":"https:\/\/www.orgbalt.eu\/index.php?rest_route=\/wp\/v2\/pages\/2968\/revisions\/3023"}],"up":[{"embeddable":true,"href":"https:\/\/www.orgbalt.eu\/index.php?rest_route=\/wp\/v2\/pages\/2510"}],"wp:attachment":[{"href":"https:\/\/www.orgbalt.eu\/index.php?rest_route=%2Fwp%2Fv2%2Fmedia&parent=2968"}],"curies":[{"name":"wp","href":"https:\/\/api.w.org\/{rel}","templated":true}]}}