{"id":3172,"date":"2020-07-17T09:24:48","date_gmt":"2020-07-17T06:24:48","guid":{"rendered":"https:\/\/www.orgbalt.eu\/?page_id=3172"},"modified":"2020-07-17T09:28:56","modified_gmt":"2020-07-17T06:28:56","slug":"life-orgbalt-2-uzraudzibas-grupas-sanaksme","status":"publish","type":"page","link":"https:\/\/www.orgbalt.eu\/?page_id=3172&lang=lv","title":{"rendered":"LIFE OrgBalt 2.Uzraudz\u012bbas grupas san\u0101ksme"},"content":{"rendered":"\n<p><strong>Datums:<\/strong>&nbsp;15.07.2020.<\/p>\n\n\n\n<p><strong>Vieta:<\/strong>&nbsp;Tie\u0161saistes san\u0101ksme<\/p>\n\n\n\n<p><strong>Organizators<\/strong>: Latvijas Valsts me\u017ezin\u0101tnes instit\u016bts SILAVA  <\/p>\n\n\n\n<p><strong>Vair\u0101k par Uzraudz\u012bbas grupas san\u0101ksmi las\u012bt: \u0160EIT <\/strong><\/p>\n\n\n\n<p><a rel=\"noreferrer noopener\" aria-label=\"Agenda\u00a0of the Steering Group meeting (opens in a new tab)\" href=\"https:\/\/www.orgbalt.eu\/wp-content\/uploads\/2020\/07\/LIFE-OrgBalt_2nd-Steering-Group_-agenda.pdf\" target=\"_blank\"><strong>Uzraudz\u012bbas grupas san\u0101ksmes programma:<\/strong> <\/a><strong><a rel=\"noreferrer noopener\" aria-label=\"Agenda\u00a0of the Steering Group meeting (opens in a new tab)\" href=\"https:\/\/www.orgbalt.eu\/wp-content\/uploads\/2020\/07\/LIFE-OrgBalt_2nd-Steering-Group_-agenda.pdf\" target=\"_blank\">\u0160EIT<\/a> <\/strong>(ang\u013cu valod\u0101)<\/p>\n\n\n\n<p><strong>Prezent\u0101cijas <\/strong>(ang\u013cu valod\u0101):<br><em>(nospiediet uz nosaukuma, lai skat\u012btu prezent\u0101ciju)<\/em><\/p>\n\n\n\n<ul class=\"wp-block-list\"><li><a rel=\"noreferrer noopener\" aria-label=\"LIFE OrgBalt progress and what`s next \u2013 overall view (opens in a new tab)\" href=\"https:\/\/www.orgbalt.eu\/wp-content\/uploads\/2020\/07\/LIFE-OrgBalt-progress-and-whats-next-\u2013-overall-view_2nd-SG-meeting.pdf\" target=\"_blank\"><strong>LIFE OrgBalt progress and what`s next \u2013 overall view<\/strong><\/a>, Ieva L\u012bc\u012bte,  LIFE OrgBalt projekta vad\u012bt\u0101ja, Latvijas Valsts me\u017ezin\u0101tnes instit\u016bts  SILAVA <\/li><li><a rel=\"noreferrer noopener\" aria-label=\"Implementation of climate change mitigation measures in selected demo sites \u2013 demo sites in forest land (opens in a new tab)\" href=\"https:\/\/www.orgbalt.eu\/wp-content\/uploads\/2020\/07\/Lazdins-A-20200715-01-LIFE-OrgBalt-demosites-in-forest-land.pdf\" target=\"_blank\"><strong>Implementation of climate change mitigation measures in selected demo sites \u2013 demo sites in forest<\/strong> <strong>land<\/strong><\/a>, Andis Lazdi\u0146\u0161,   Latvijas Valsts me\u017ezin\u0101tnes instit\u016bts  SILAVA; Raija Laiho, Somijas Dabas resursu instit\u016bts LUKE <\/li><li><a rel=\"noreferrer noopener\" aria-label=\"Implementation of climate change mitigation measures in selected demo sites \u2013 demo sites in agriculture land (opens in a new tab)\" href=\"https:\/\/www.orgbalt.eu\/wp-content\/uploads\/2020\/07\/A_Lagzdins_LIFE_OrgBalt_demosites-in-agriculture-land.pdf\" target=\"_blank\"><strong>Implementation of climate change mitigation measures in selected demo sites \u2013 demo sites in agriculture<\/strong> <strong>land<\/strong><\/a>, Ainis Lagzdi\u0146\u0161, Latvijas Lauksaimniec\u012bbas Universit\u0101te <\/li><li><a rel=\"noreferrer noopener\" aria-label=\"GHG flux monitoring group activities (opens in a new tab)\" href=\"https:\/\/www.orgbalt.eu\/wp-content\/uploads\/2020\/07\/GHG-monitoring-group-activity.pdf\" target=\"_blank\"><strong>GHG flux monitoring group<\/strong> <strong>activities<\/strong><\/a>  (t.sk. Kalibr\u0101cijas semin\u0101ra p\u0101rskats), Jyrki Jauhiainen, Natural Resources Institute Finland Luke <\/li><li><strong>SEG emisiju m\u0113r\u012bjumu metodes LIFE OrgBalt <\/strong>&#8211; video<\/li><li><a rel=\"noreferrer noopener\" aria-label=\"GHG inventory reporting activity data group work (opens in a new tab)\" href=\"https:\/\/www.orgbalt.eu\/wp-content\/uploads\/2020\/07\/Lazdins-A-20200715-02-ghg-inventory-reporting-acivity-data-group-work.pdf\" target=\"_blank\"><strong>GHG inventory reporting activity data group work<\/strong><\/a>, Andis Lazdi\u0146\u0161,   Latvijas Valsts me\u017ezin\u0101tnes instit\u016bts  SILAVA <\/li><li><a rel=\"noreferrer noopener\" aria-label=\"LIFE OrgBalt communication (opens in a new tab)\" href=\"https:\/\/www.orgbalt.eu\/wp-content\/uploads\/2020\/07\/LIFE-OrgBalt-communication.pdf\" target=\"_blank\"><strong>LIFE OrgBalt communication<\/strong><\/a>, Adelaide Mancini, Baltijas Krasti<\/li><li><strong>First National workshops on climate change mitigation measures for nutrient rich organic soils \u2013 reporting back on workshops held<\/strong>,  Krist\u012bne Sirm\u0101, Latvijas Republikas Zemkop\u012bbas ministrija <\/li><li><a rel=\"noreferrer noopener\" aria-label=\"Discussion based on experience exchange about organic soil management in post 2020 EU`s common agriculture policy (CAP) discussions (opens in a new tab)\" href=\"https:\/\/www.orgbalt.eu\/wp-content\/uploads\/2020\/07\/Questions-and-discussion_MoA_15072020.pdf\" target=\"_blank\"><strong>Discussion based on experience exchange about organic soil management in post 2020 EU`s common agriculture policy (CAP) discussions<\/strong><\/a><\/li><\/ul>\n\n\n\n<p><strong>FOTO<\/strong><\/p>\n\n\n\n<figure class=\"wp-block-gallery columns-3 is-cropped wp-block-gallery-1 is-layout-flex wp-block-gallery-is-layout-flex\"><ul class=\"blocks-gallery-grid\"><li class=\"blocks-gallery-item\"><figure><img loading=\"lazy\" decoding=\"async\" width=\"1024\" height=\"577\" src=\"https:\/\/www.orgbalt.eu\/wp-content\/uploads\/2020\/07\/Untitled-1-1024x577.jpg\" alt=\"\" data-id=\"3177\" data-full-url=\"https:\/\/www.orgbalt.eu\/wp-content\/uploads\/2020\/07\/Untitled-1.jpg\" data-link=\"https:\/\/www.orgbalt.eu\/?attachment_id=3177\" class=\"wp-image-3177\" srcset=\"https:\/\/www.orgbalt.eu\/wp-content\/uploads\/2020\/07\/Untitled-1-1024x577.jpg 1024w, https:\/\/www.orgbalt.eu\/wp-content\/uploads\/2020\/07\/Untitled-1-300x169.jpg 300w, https:\/\/www.orgbalt.eu\/wp-content\/uploads\/2020\/07\/Untitled-1-768x433.jpg 768w, https:\/\/www.orgbalt.eu\/wp-content\/uploads\/2020\/07\/Untitled-1-1536x865.jpg 1536w, https:\/\/www.orgbalt.eu\/wp-content\/uploads\/2020\/07\/Untitled-1.jpg 1916w\" sizes=\"auto, (max-width: 1024px) 100vw, 1024px\" \/><\/figure><\/li><li class=\"blocks-gallery-item\"><figure><img loading=\"lazy\" decoding=\"async\" width=\"1024\" height=\"845\" src=\"https:\/\/www.orgbalt.eu\/wp-content\/uploads\/2020\/07\/Anot\u0101cija-2020-07-15-124426-1-1024x845.jpg\" alt=\"\" data-id=\"3174\" data-full-url=\"https:\/\/www.orgbalt.eu\/wp-content\/uploads\/2020\/07\/Anot\u0101cija-2020-07-15-124426-1.jpg\" data-link=\"https:\/\/www.orgbalt.eu\/?attachment_id=3174\" class=\"wp-image-3174\" srcset=\"https:\/\/www.orgbalt.eu\/wp-content\/uploads\/2020\/07\/Anot\u0101cija-2020-07-15-124426-1-1024x845.jpg 1024w, https:\/\/www.orgbalt.eu\/wp-content\/uploads\/2020\/07\/Anot\u0101cija-2020-07-15-124426-1-300x248.jpg 300w, https:\/\/www.orgbalt.eu\/wp-content\/uploads\/2020\/07\/Anot\u0101cija-2020-07-15-124426-1-768x634.jpg 768w, https:\/\/www.orgbalt.eu\/wp-content\/uploads\/2020\/07\/Anot\u0101cija-2020-07-15-124426-1.jpg 1219w\" sizes=\"auto, (max-width: 1024px) 100vw, 1024px\" \/><\/figure><\/li><li class=\"blocks-gallery-item\"><figure><img loading=\"lazy\" decoding=\"async\" width=\"695\" height=\"496\" src=\"https:\/\/www.orgbalt.eu\/wp-content\/uploads\/2020\/07\/Crop2-1.png\" alt=\"\" data-id=\"3175\" data-full-url=\"https:\/\/www.orgbalt.eu\/wp-content\/uploads\/2020\/07\/Crop2-1.png\" data-link=\"https:\/\/www.orgbalt.eu\/?attachment_id=3175\" class=\"wp-image-3175\" srcset=\"https:\/\/www.orgbalt.eu\/wp-content\/uploads\/2020\/07\/Crop2-1.png 695w, https:\/\/www.orgbalt.eu\/wp-content\/uploads\/2020\/07\/Crop2-1-300x214.png 300w\" sizes=\"auto, (max-width: 695px) 100vw, 695px\" \/><\/figure><\/li><li class=\"blocks-gallery-item\"><figure><img loading=\"lazy\" decoding=\"async\" width=\"1024\" height=\"576\" src=\"https:\/\/www.orgbalt.eu\/wp-content\/uploads\/2020\/07\/Screenshot-at-2020-07-15-11-57-30-1-1024x576.png\" alt=\"\" data-id=\"3176\" data-full-url=\"https:\/\/www.orgbalt.eu\/wp-content\/uploads\/2020\/07\/Screenshot-at-2020-07-15-11-57-30-1.png\" data-link=\"https:\/\/www.orgbalt.eu\/?attachment_id=3176\" class=\"wp-image-3176\" srcset=\"https:\/\/www.orgbalt.eu\/wp-content\/uploads\/2020\/07\/Screenshot-at-2020-07-15-11-57-30-1-1024x576.png 1024w, https:\/\/www.orgbalt.eu\/wp-content\/uploads\/2020\/07\/Screenshot-at-2020-07-15-11-57-30-1-300x169.png 300w, https:\/\/www.orgbalt.eu\/wp-content\/uploads\/2020\/07\/Screenshot-at-2020-07-15-11-57-30-1-768x432.png 768w, https:\/\/www.orgbalt.eu\/wp-content\/uploads\/2020\/07\/Screenshot-at-2020-07-15-11-57-30-1-1536x864.png 1536w, https:\/\/www.orgbalt.eu\/wp-content\/uploads\/2020\/07\/Screenshot-at-2020-07-15-11-57-30-1.png 1600w\" sizes=\"auto, (max-width: 1024px) 100vw, 1024px\" \/><\/figure><\/li><li class=\"blocks-gallery-item\"><figure><img loading=\"lazy\" decoding=\"async\" width=\"1024\" height=\"840\" src=\"https:\/\/www.orgbalt.eu\/wp-content\/uploads\/2020\/07\/Anot\u0101cija-2020-07-15-124116-1-1024x840.jpg\" alt=\"\" data-id=\"3173\" data-full-url=\"https:\/\/www.orgbalt.eu\/wp-content\/uploads\/2020\/07\/Anot\u0101cija-2020-07-15-124116-1.jpg\" data-link=\"https:\/\/www.orgbalt.eu\/?attachment_id=3173\" class=\"wp-image-3173\" srcset=\"https:\/\/www.orgbalt.eu\/wp-content\/uploads\/2020\/07\/Anot\u0101cija-2020-07-15-124116-1-1024x840.jpg 1024w, https:\/\/www.orgbalt.eu\/wp-content\/uploads\/2020\/07\/Anot\u0101cija-2020-07-15-124116-1-300x246.jpg 300w, https:\/\/www.orgbalt.eu\/wp-content\/uploads\/2020\/07\/Anot\u0101cija-2020-07-15-124116-1-768x630.jpg 768w, https:\/\/www.orgbalt.eu\/wp-content\/uploads\/2020\/07\/Anot\u0101cija-2020-07-15-124116-1.jpg 1216w\" sizes=\"auto, (max-width: 1024px) 100vw, 1024px\" \/><\/figure><\/li><\/ul><\/figure>\n","protected":false},"excerpt":{"rendered":"<p>Datums:&nbsp;15.07.2020. Vieta:&nbsp;Tie\u0161saistes san\u0101ksme Organizators: Latvijas Valsts me\u017ezin\u0101tnes instit\u016bts SILAVA Vair\u0101k par Uzraudz\u012bbas grupas san\u0101ksmi las\u012bt: \u0160EIT Uzraudz\u012bbas grupas san\u0101ksmes programma: \u0160EIT (ang\u013cu valod\u0101) Prezent\u0101cijas (ang\u013cu valod\u0101):(nospiediet uz nosaukuma, lai skat\u012btu [&hellip;]<\/p>\n","protected":false},"author":2,"featured_media":0,"parent":2831,"menu_order":0,"comment_status":"closed","ping_status":"closed","template":"","meta":{"footnotes":""},"class_list":["post-3172","page","type-page","status-publish","hentry"],"post_mailing_queue_ids":[],"_links":{"self":[{"href":"https:\/\/www.orgbalt.eu\/index.php?rest_route=\/wp\/v2\/pages\/3172","targetHints":{"allow":["GET"]}}],"collection":[{"href":"https:\/\/www.orgbalt.eu\/index.php?rest_route=\/wp\/v2\/pages"}],"about":[{"href":"https:\/\/www.orgbalt.eu\/index.php?rest_route=\/wp\/v2\/types\/page"}],"author":[{"embeddable":true,"href":"https:\/\/www.orgbalt.eu\/index.php?rest_route=\/wp\/v2\/users\/2"}],"replies":[{"embeddable":true,"href":"https:\/\/www.orgbalt.eu\/index.php?rest_route=%2Fwp%2Fv2%2Fcomments&post=3172"}],"version-history":[{"count":2,"href":"https:\/\/www.orgbalt.eu\/index.php?rest_route=\/wp\/v2\/pages\/3172\/revisions"}],"predecessor-version":[{"id":3180,"href":"https:\/\/www.orgbalt.eu\/index.php?rest_route=\/wp\/v2\/pages\/3172\/revisions\/3180"}],"up":[{"embeddable":true,"href":"https:\/\/www.orgbalt.eu\/index.php?rest_route=\/wp\/v2\/pages\/2831"}],"wp:attachment":[{"href":"https:\/\/www.orgbalt.eu\/index.php?rest_route=%2Fwp%2Fv2%2Fmedia&parent=3172"}],"curies":[{"name":"wp","href":"https:\/\/api.w.org\/{rel}","templated":true}]}}