{"id":3362,"date":"2020-12-21T16:03:31","date_gmt":"2020-12-21T13:03:31","guid":{"rendered":"https:\/\/www.orgbalt.eu\/?page_id=3362"},"modified":"2021-02-03T19:33:57","modified_gmt":"2021-02-03T16:33:57","slug":"lvc302","status":"publish","type":"page","link":"https:\/\/www.orgbalt.eu\/?page_id=3362&lang=lv","title":{"rendered":"LVC302"},"content":{"rendered":"\n<p><strong>Z\u0100L\u0100JA AR MELIOR\u0112TU ORGANISKO AUGSNI APME\u017dO\u0160ANA<\/strong> <\/p>\n\n\n\n<p>Potenci\u0101lie apme\u017eo\u0161anas ieguvumi:&nbsp;\u200b<\/p>\n\n\n\n<ol class=\"wp-block-list\"><li>Samazin\u0101tas\u00a0SEG emisijas no augsnes<\/li><li>CO2\u00a0piesaiste dz\u012bvaj\u0101 biomas\u0101, nedz\u012bvaj\u0101 koksn\u0113, augsn\u0113 un me\u017ea zemseg\u0101\u00a0un fosilo resursu aizst\u0101\u0161anas efekta veicin\u0101\u0161ana (me\u017ea biomasa un koksnes\u00a0produkti)<\/li><li>\u012as\u0101ks aprites cikls un intens\u012bv\u0101ks apsaimnieko\u0161anas re\u017e\u012bms nodro\u0161ina liel\u0101ku\u00a0ra\u017e\u012bbu\u00a0un\u00a0samazina oglek\u013ca zudumus\u00a0d\u0113\u013c\u00a0sak\u0146u trupes un\u00a0citiem\u00a0dabiskajiem\u00a0trauc\u0113jumiem<\/li><\/ol>\n\n\n\n<p>LIFE\u00a0OrgBalt\u00a0projekta m\u0113r\u0137is ir izstr\u0101d\u0101t un pielietot da\u017e\u0101dus inovat\u012bvus organisko aug\u0161\u0146u apsaimnieko\u0161anas pa\u0146\u0113mienus, lai demonstr\u0113tu, k\u0101 \u0161\u012bs plat\u012bbas var tikt ilgtsp\u0113j\u012bgi apsaimniekotas, \u0146emot v\u0113r\u0101\u00a0ekonomiskos, soci\u0101los un klimata aspektus. Latvij\u0101 un Somij\u0101 ir izveidoti 16 projekta demonstr\u0101ciju objekti. LIFE\u00a0OrgBalt\u00a0projekta ietvaros tiek p\u0113t\u012btas siltumn\u012bcefekta g\u0101zu emisijas no apsaimniekot\u0101m\u00a0organiskaj\u0101m augsn\u0113m \u2013 kopum\u0101, m\u0113r\u012bjumi tiek veikti 51 objekt\u0101, ietverot visus projekta demonstr\u0101ciju, k\u0101 ar\u012b references parauglaukumus. <\/p>\n\n\n\n<figure class=\"wp-block-image size-large\"><img loading=\"lazy\" decoding=\"async\" width=\"1024\" height=\"768\" src=\"https:\/\/www.orgbalt.eu\/wp-content\/uploads\/2021\/02\/LVC302_picture-1024x768.jpg\" alt=\"\" class=\"wp-image-3513\" srcset=\"https:\/\/www.orgbalt.eu\/wp-content\/uploads\/2021\/02\/LVC302_picture-1024x768.jpg 1024w, https:\/\/www.orgbalt.eu\/wp-content\/uploads\/2021\/02\/LVC302_picture-300x225.jpg 300w, https:\/\/www.orgbalt.eu\/wp-content\/uploads\/2021\/02\/LVC302_picture-768x576.jpg 768w, https:\/\/www.orgbalt.eu\/wp-content\/uploads\/2021\/02\/LVC302_picture-1536x1152.jpg 1536w, https:\/\/www.orgbalt.eu\/wp-content\/uploads\/2021\/02\/LVC302_picture-2048x1536.jpg 2048w, https:\/\/www.orgbalt.eu\/wp-content\/uploads\/2021\/02\/LVC302_picture-360x270.jpg 360w\" sizes=\"auto, (max-width: 1024px) 100vw, 1024px\" \/><\/figure>\n\n\n\n<figure class=\"wp-block-image size-large\"><img loading=\"lazy\" decoding=\"async\" width=\"1024\" height=\"714\" src=\"https:\/\/www.orgbalt.eu\/wp-content\/uploads\/2021\/02\/Karte-LVC302-1024x714.jpg\" alt=\"\" class=\"wp-image-3514\" srcset=\"https:\/\/www.orgbalt.eu\/wp-content\/uploads\/2021\/02\/Karte-LVC302-1024x714.jpg 1024w, https:\/\/www.orgbalt.eu\/wp-content\/uploads\/2021\/02\/Karte-LVC302-300x209.jpg 300w, https:\/\/www.orgbalt.eu\/wp-content\/uploads\/2021\/02\/Karte-LVC302-768x536.jpg 768w, https:\/\/www.orgbalt.eu\/wp-content\/uploads\/2021\/02\/Karte-LVC302-1536x1071.jpg 1536w, https:\/\/www.orgbalt.eu\/wp-content\/uploads\/2021\/02\/Karte-LVC302.jpg 1695w\" sizes=\"auto, (max-width: 1024px) 100vw, 1024px\" \/><\/figure>\n","protected":false},"excerpt":{"rendered":"<p>Z\u0100L\u0100JA AR MELIOR\u0112TU ORGANISKO AUGSNI APME\u017dO\u0160ANA Potenci\u0101lie apme\u017eo\u0161anas ieguvumi:&nbsp;\u200b Samazin\u0101tas\u00a0SEG emisijas no augsnes CO2\u00a0piesaiste dz\u012bvaj\u0101 biomas\u0101, nedz\u012bvaj\u0101 koksn\u0113, augsn\u0113 un me\u017ea zemseg\u0101\u00a0un fosilo resursu aizst\u0101\u0161anas efekta veicin\u0101\u0161ana (me\u017ea biomasa un [&hellip;]<\/p>\n","protected":false},"author":2,"featured_media":0,"parent":2823,"menu_order":2,"comment_status":"closed","ping_status":"closed","template":"","meta":{"footnotes":""},"class_list":["post-3362","page","type-page","status-publish","hentry"],"post_mailing_queue_ids":[],"_links":{"self":[{"href":"https:\/\/www.orgbalt.eu\/index.php?rest_route=\/wp\/v2\/pages\/3362","targetHints":{"allow":["GET"]}}],"collection":[{"href":"https:\/\/www.orgbalt.eu\/index.php?rest_route=\/wp\/v2\/pages"}],"about":[{"href":"https:\/\/www.orgbalt.eu\/index.php?rest_route=\/wp\/v2\/types\/page"}],"author":[{"embeddable":true,"href":"https:\/\/www.orgbalt.eu\/index.php?rest_route=\/wp\/v2\/users\/2"}],"replies":[{"embeddable":true,"href":"https:\/\/www.orgbalt.eu\/index.php?rest_route=%2Fwp%2Fv2%2Fcomments&post=3362"}],"version-history":[{"count":2,"href":"https:\/\/www.orgbalt.eu\/index.php?rest_route=\/wp\/v2\/pages\/3362\/revisions"}],"predecessor-version":[{"id":3515,"href":"https:\/\/www.orgbalt.eu\/index.php?rest_route=\/wp\/v2\/pages\/3362\/revisions\/3515"}],"up":[{"embeddable":true,"href":"https:\/\/www.orgbalt.eu\/index.php?rest_route=\/wp\/v2\/pages\/2823"}],"wp:attachment":[{"href":"https:\/\/www.orgbalt.eu\/index.php?rest_route=%2Fwp%2Fv2%2Fmedia&parent=3362"}],"curies":[{"name":"wp","href":"https:\/\/api.w.org\/{rel}","templated":true}]}}