{"id":3367,"date":"2020-12-21T16:06:54","date_gmt":"2020-12-21T13:06:54","guid":{"rendered":"https:\/\/www.orgbalt.eu\/?page_id=3367"},"modified":"2021-02-03T19:36:57","modified_gmt":"2021-02-03T16:36:57","slug":"lvc308","status":"publish","type":"page","link":"https:\/\/www.orgbalt.eu\/?page_id=3367&lang=lv","title":{"rendered":"LVC308"},"content":{"rendered":"\n<p><strong>IZLASES CIRTE\u00a0EGLES AUDZ\u0112 AR MELIOR\u0112TU ORGANISKO AUGSNI<\/strong><\/p>\n\n\n\n<p>Potenci\u0101lie ieguvumi no izlases cirt\u0113m&nbsp;audz\u0113s&nbsp;ar&nbsp;melior\u0113t\u0101m&nbsp;organiskaj\u0101m&nbsp;augsn\u0113m:&nbsp;\u200b<\/p>\n\n\n\n<ol class=\"wp-block-list\"><li>Samazin\u0101tas\u00a0CH4\u00a0un\u00a0N2O emisijas no augsnes, nepie\u013caujot grunts\u016bdens l\u012bme\u0146a\u00a0paaugstin\u0101\u0161anos\u00a0p\u0113c\u00a0me\u017eistr\u0101des<\/li><\/ol>\n\n\n\n<p>LIFE\u00a0OrgBalt\u00a0projekta m\u0113r\u0137is ir izstr\u0101d\u0101t un pielietot da\u017e\u0101dus inovat\u012bvus organisko aug\u0161\u0146u apsaimnieko\u0161anas pa\u0146\u0113mienus, lai demonstr\u0113tu, k\u0101 \u0161\u012bs plat\u012bbas var tikt ilgtsp\u0113j\u012bgi apsaimniekotas, \u0146emot v\u0113r\u0101\u00a0ekonomiskos, soci\u0101los un klimata aspektus. Latvij\u0101 un Somij\u0101 ir izveidoti 16 projekta demonstr\u0101ciju objekti. LIFE\u00a0OrgBalt\u00a0projekta ietvaros tiek p\u0113t\u012btas siltumn\u012bcefekta g\u0101zu emisijas no apsaimniekot\u0101m\u00a0organiskaj\u0101m augsn\u0113m \u2013 kopum\u0101, m\u0113r\u012bjumi tiek veikti 51 objekt\u0101, ietverot visus projekta demonstr\u0101ciju, k\u0101 ar\u012b references parauglaukumus. <\/p>\n\n\n\n<figure class=\"wp-block-image size-large\"><img loading=\"lazy\" decoding=\"async\" width=\"1024\" height=\"576\" src=\"https:\/\/www.orgbalt.eu\/wp-content\/uploads\/2021\/02\/LVC308_picture-1024x576.jpg\" alt=\"\" class=\"wp-image-3516\" srcset=\"https:\/\/www.orgbalt.eu\/wp-content\/uploads\/2021\/02\/LVC308_picture-1024x576.jpg 1024w, https:\/\/www.orgbalt.eu\/wp-content\/uploads\/2021\/02\/LVC308_picture-300x169.jpg 300w, https:\/\/www.orgbalt.eu\/wp-content\/uploads\/2021\/02\/LVC308_picture-768x432.jpg 768w, https:\/\/www.orgbalt.eu\/wp-content\/uploads\/2021\/02\/LVC308_picture-1536x864.jpg 1536w, https:\/\/www.orgbalt.eu\/wp-content\/uploads\/2021\/02\/LVC308_picture-2048x1152.jpg 2048w\" sizes=\"auto, (max-width: 1024px) 100vw, 1024px\" \/><figcaption>default<\/figcaption><\/figure>\n\n\n\n<figure class=\"wp-block-image size-large\"><img loading=\"lazy\" decoding=\"async\" width=\"1024\" height=\"714\" src=\"https:\/\/www.orgbalt.eu\/wp-content\/uploads\/2021\/02\/Karte-LVC308-1024x714.jpg\" alt=\"\" class=\"wp-image-3517\" srcset=\"https:\/\/www.orgbalt.eu\/wp-content\/uploads\/2021\/02\/Karte-LVC308-1024x714.jpg 1024w, https:\/\/www.orgbalt.eu\/wp-content\/uploads\/2021\/02\/Karte-LVC308-300x209.jpg 300w, https:\/\/www.orgbalt.eu\/wp-content\/uploads\/2021\/02\/Karte-LVC308-768x536.jpg 768w, https:\/\/www.orgbalt.eu\/wp-content\/uploads\/2021\/02\/Karte-LVC308-1536x1071.jpg 1536w, https:\/\/www.orgbalt.eu\/wp-content\/uploads\/2021\/02\/Karte-LVC308.jpg 1695w\" sizes=\"auto, (max-width: 1024px) 100vw, 1024px\" \/><\/figure>\n","protected":false},"excerpt":{"rendered":"<p>IZLASES CIRTE\u00a0EGLES AUDZ\u0112 AR MELIOR\u0112TU ORGANISKO AUGSNI Potenci\u0101lie ieguvumi no izlases cirt\u0113m&nbsp;audz\u0113s&nbsp;ar&nbsp;melior\u0113t\u0101m&nbsp;organiskaj\u0101m&nbsp;augsn\u0113m:&nbsp;\u200b Samazin\u0101tas\u00a0CH4\u00a0un\u00a0N2O emisijas no augsnes, nepie\u013caujot grunts\u016bdens l\u012bme\u0146a\u00a0paaugstin\u0101\u0161anos\u00a0p\u0113c\u00a0me\u017eistr\u0101des LIFE\u00a0OrgBalt\u00a0projekta m\u0113r\u0137is ir izstr\u0101d\u0101t un pielietot da\u017e\u0101dus inovat\u012bvus organisko aug\u0161\u0146u apsaimnieko\u0161anas [&hellip;]<\/p>\n","protected":false},"author":2,"featured_media":0,"parent":2823,"menu_order":3,"comment_status":"closed","ping_status":"closed","template":"","meta":{"footnotes":""},"class_list":["post-3367","page","type-page","status-publish","hentry"],"post_mailing_queue_ids":[],"_links":{"self":[{"href":"https:\/\/www.orgbalt.eu\/index.php?rest_route=\/wp\/v2\/pages\/3367","targetHints":{"allow":["GET"]}}],"collection":[{"href":"https:\/\/www.orgbalt.eu\/index.php?rest_route=\/wp\/v2\/pages"}],"about":[{"href":"https:\/\/www.orgbalt.eu\/index.php?rest_route=\/wp\/v2\/types\/page"}],"author":[{"embeddable":true,"href":"https:\/\/www.orgbalt.eu\/index.php?rest_route=\/wp\/v2\/users\/2"}],"replies":[{"embeddable":true,"href":"https:\/\/www.orgbalt.eu\/index.php?rest_route=%2Fwp%2Fv2%2Fcomments&post=3367"}],"version-history":[{"count":2,"href":"https:\/\/www.orgbalt.eu\/index.php?rest_route=\/wp\/v2\/pages\/3367\/revisions"}],"predecessor-version":[{"id":3518,"href":"https:\/\/www.orgbalt.eu\/index.php?rest_route=\/wp\/v2\/pages\/3367\/revisions\/3518"}],"up":[{"embeddable":true,"href":"https:\/\/www.orgbalt.eu\/index.php?rest_route=\/wp\/v2\/pages\/2823"}],"wp:attachment":[{"href":"https:\/\/www.orgbalt.eu\/index.php?rest_route=%2Fwp%2Fv2%2Fmedia&parent=3367"}],"curies":[{"name":"wp","href":"https:\/\/api.w.org\/{rel}","templated":true}]}}