{"id":3372,"date":"2020-12-21T16:09:50","date_gmt":"2020-12-21T13:09:50","guid":{"rendered":"https:\/\/www.orgbalt.eu\/?page_id=3372"},"modified":"2021-02-03T19:40:56","modified_gmt":"2021-02-03T16:40:56","slug":"lvc307","status":"publish","type":"page","link":"https:\/\/www.orgbalt.eu\/?page_id=3372&lang=lv","title":{"rendered":"LVC307"},"content":{"rendered":"\n<p><strong>KOKSNES PELNU\u00a0IZMANTO\u0160ANA EG\u013bU AUDZ\u0112\u00a0AR MELIOR\u0112TU ORGANISKO AUGSNI P\u0112C KOP\u0160ANAS CIRTES<\/strong><\/p>\n\n\n\n<p>Potenci\u0101lie ieguvumi no&nbsp;koksnes&nbsp;pelnu&nbsp;izmanto\u0161anas&nbsp;me\u017ea&nbsp;uz&nbsp;organiskaj\u0101m&nbsp;augsn\u0113m&nbsp;m\u0113slo\u0161anai:&nbsp;\u200b<\/p>\n\n\n\n<ol class=\"wp-block-list\"><li>Palielin\u0101ta\u00a0CO2\u00a0piesaiste dz\u012bvaj\u0101 biomas\u0101, nedz\u012bvaj\u0101 koksn\u0113, augsn\u0113,\u00a0me\u017ea\u00a0zemseg\u0101\u00a0un\u00a0koksnes\u00a0produktos,\u00a0pateicoties\u00a0uzlabotiem\u00a0aug\u0161anas\u00a0apst\u0101k\u013ciem,\u00a0kas\u00a0rezult\u0113jas\u00a0papildus\u00a0dz\u012bv\u0101s\u00a0biomasas\u00a0pieaugum\u0101<\/li><\/ol>\n\n\n\n<p>LIFE\u00a0OrgBalt\u00a0projekta m\u0113r\u0137is ir izstr\u0101d\u0101t un pielietot da\u017e\u0101dus inovat\u012bvus organisko aug\u0161\u0146u apsaimnieko\u0161anas pa\u0146\u0113mienus, lai demonstr\u0113tu, k\u0101 \u0161\u012bs plat\u012bbas var tikt ilgtsp\u0113j\u012bgi apsaimniekotas, \u0146emot v\u0113r\u0101\u00a0ekonomiskos, soci\u0101los un klimata aspektus. Latvij\u0101 un Somij\u0101 ir izveidoti 16 projekta demonstr\u0101ciju objekti. LIFE\u00a0OrgBalt\u00a0projekta ietvaros tiek p\u0113t\u012btas siltumn\u012bcefekta g\u0101zu emisijas no apsaimniekot\u0101m\u00a0organiskaj\u0101m augsn\u0113m \u2013 kopum\u0101, m\u0113r\u012bjumi tiek veikti 51 objekt\u0101, ietverot visus projekta demonstr\u0101ciju, k\u0101 ar\u012b references parauglaukumus.<\/p>\n\n\n\n<figure class=\"wp-block-image size-large\"><img loading=\"lazy\" decoding=\"async\" width=\"766\" height=\"1024\" src=\"https:\/\/www.orgbalt.eu\/wp-content\/uploads\/2021\/02\/Bilde-LVC307-766x1024.jpg\" alt=\"\" class=\"wp-image-3519\" srcset=\"https:\/\/www.orgbalt.eu\/wp-content\/uploads\/2021\/02\/Bilde-LVC307-766x1024.jpg 766w, https:\/\/www.orgbalt.eu\/wp-content\/uploads\/2021\/02\/Bilde-LVC307-224x300.jpg 224w, https:\/\/www.orgbalt.eu\/wp-content\/uploads\/2021\/02\/Bilde-LVC307-768x1027.jpg 768w, https:\/\/www.orgbalt.eu\/wp-content\/uploads\/2021\/02\/Bilde-LVC307-1149x1536.jpg 1149w, https:\/\/www.orgbalt.eu\/wp-content\/uploads\/2021\/02\/Bilde-LVC307-1532x2048.jpg 1532w, https:\/\/www.orgbalt.eu\/wp-content\/uploads\/2021\/02\/Bilde-LVC307-scaled.jpg 1915w\" sizes=\"auto, (max-width: 766px) 100vw, 766px\" \/><\/figure>\n\n\n\n<figure class=\"wp-block-image size-large\"><img loading=\"lazy\" decoding=\"async\" width=\"1024\" height=\"719\" src=\"https:\/\/www.orgbalt.eu\/wp-content\/uploads\/2021\/02\/Karte-LVC307-1024x719.jpg\" alt=\"\" class=\"wp-image-3520\" srcset=\"https:\/\/www.orgbalt.eu\/wp-content\/uploads\/2021\/02\/Karte-LVC307-1024x719.jpg 1024w, https:\/\/www.orgbalt.eu\/wp-content\/uploads\/2021\/02\/Karte-LVC307-300x211.jpg 300w, https:\/\/www.orgbalt.eu\/wp-content\/uploads\/2021\/02\/Karte-LVC307-768x539.jpg 768w, https:\/\/www.orgbalt.eu\/wp-content\/uploads\/2021\/02\/Karte-LVC307-1536x1079.jpg 1536w, https:\/\/www.orgbalt.eu\/wp-content\/uploads\/2021\/02\/Karte-LVC307.jpg 1683w\" sizes=\"auto, (max-width: 1024px) 100vw, 1024px\" \/><\/figure>\n\n\n\n<p>\u200b<\/p>\n","protected":false},"excerpt":{"rendered":"<p>KOKSNES PELNU\u00a0IZMANTO\u0160ANA EG\u013bU AUDZ\u0112\u00a0AR MELIOR\u0112TU ORGANISKO AUGSNI P\u0112C KOP\u0160ANAS CIRTES Potenci\u0101lie ieguvumi no&nbsp;koksnes&nbsp;pelnu&nbsp;izmanto\u0161anas&nbsp;me\u017ea&nbsp;uz&nbsp;organiskaj\u0101m&nbsp;augsn\u0113m&nbsp;m\u0113slo\u0161anai:&nbsp;\u200b Palielin\u0101ta\u00a0CO2\u00a0piesaiste dz\u012bvaj\u0101 biomas\u0101, nedz\u012bvaj\u0101 koksn\u0113, augsn\u0113,\u00a0me\u017ea\u00a0zemseg\u0101\u00a0un\u00a0koksnes\u00a0produktos,\u00a0pateicoties\u00a0uzlabotiem\u00a0aug\u0161anas\u00a0apst\u0101k\u013ciem,\u00a0kas\u00a0rezult\u0113jas\u00a0papildus\u00a0dz\u012bv\u0101s\u00a0biomasas\u00a0pieaugum\u0101 LIFE\u00a0OrgBalt\u00a0projekta m\u0113r\u0137is ir izstr\u0101d\u0101t un pielietot da\u017e\u0101dus inovat\u012bvus organisko aug\u0161\u0146u apsaimnieko\u0161anas [&hellip;]<\/p>\n","protected":false},"author":2,"featured_media":0,"parent":2823,"menu_order":4,"comment_status":"closed","ping_status":"closed","template":"","meta":{"footnotes":""},"class_list":["post-3372","page","type-page","status-publish","hentry"],"post_mailing_queue_ids":[],"_links":{"self":[{"href":"https:\/\/www.orgbalt.eu\/index.php?rest_route=\/wp\/v2\/pages\/3372","targetHints":{"allow":["GET"]}}],"collection":[{"href":"https:\/\/www.orgbalt.eu\/index.php?rest_route=\/wp\/v2\/pages"}],"about":[{"href":"https:\/\/www.orgbalt.eu\/index.php?rest_route=\/wp\/v2\/types\/page"}],"author":[{"embeddable":true,"href":"https:\/\/www.orgbalt.eu\/index.php?rest_route=\/wp\/v2\/users\/2"}],"replies":[{"embeddable":true,"href":"https:\/\/www.orgbalt.eu\/index.php?rest_route=%2Fwp%2Fv2%2Fcomments&post=3372"}],"version-history":[{"count":3,"href":"https:\/\/www.orgbalt.eu\/index.php?rest_route=\/wp\/v2\/pages\/3372\/revisions"}],"predecessor-version":[{"id":3522,"href":"https:\/\/www.orgbalt.eu\/index.php?rest_route=\/wp\/v2\/pages\/3372\/revisions\/3522"}],"up":[{"embeddable":true,"href":"https:\/\/www.orgbalt.eu\/index.php?rest_route=\/wp\/v2\/pages\/2823"}],"wp:attachment":[{"href":"https:\/\/www.orgbalt.eu\/index.php?rest_route=%2Fwp%2Fv2%2Fmedia&parent=3372"}],"curies":[{"name":"wp","href":"https:\/\/api.w.org\/{rel}","templated":true}]}}