{"id":3387,"date":"2020-12-21T16:18:49","date_gmt":"2020-12-21T13:18:49","guid":{"rendered":"https:\/\/www.orgbalt.eu\/?page_id=3387"},"modified":"2021-02-03T19:49:14","modified_gmt":"2021-02-03T16:49:14","slug":"lvc306","status":"publish","type":"page","link":"https:\/\/www.orgbalt.eu\/?page_id=3387&lang=lv","title":{"rendered":"LVC306"},"content":{"rendered":"\n<p><strong>AGRO-ME\u017dSAIMNIEC\u012aBA \u2013 KOKAUGU ST\u0100D\u012aJUMS AR AUZENES PAS\u0112JU ARAMZEM\u0112 AR MELIOR\u0112TU ORGANISKO AUGSNI<\/strong><\/p>\n\n\n\n<p>Potenci\u0101lie&nbsp;ieguvumi&nbsp;no&nbsp;agro-me\u017esaimniec\u012bbas:&nbsp;\u200b<\/p>\n\n\n\n<ol class=\"wp-block-list\"><li>Palielin\u0101ta\u00a0CO2\u00a0piesaiste\u00a0dz\u012bvaj\u0101\u00a0biomas\u0101\u00a0un\u00a0augsn\u0113<\/li><li>Samazin\u0101tas\u00a0augsnes\u00a0SEG\u00a0emisijas\u00a0un\u00a0fosilo\u00a0resursu\u00a0aizst\u0101\u0161anas\u00a0efekta\u00a0veicin\u0101\u0161ana\u00a0(koksnes\u00a0un\u00a0z\u0101laugu\u00a0biokurin\u0101mais\u00a0un\u00a0koksnes\u00a0produkti)<\/li><\/ol>\n\n\n\n<p>LIFE\u00a0OrgBalt\u00a0projekta m\u0113r\u0137is ir izstr\u0101d\u0101t un pielietot da\u017e\u0101dus inovat\u012bvus organisko aug\u0161\u0146u apsaimnieko\u0161anas pa\u0146\u0113mienus, lai demonstr\u0113tu, k\u0101 \u0161\u012bs plat\u012bbas var tikt ilgtsp\u0113j\u012bgi apsaimniekotas, \u0146emot v\u0113r\u0101\u00a0ekonomiskos, soci\u0101los un klimata aspektus. Latvij\u0101 un Somij\u0101 ir izveidoti 16 projekta demonstr\u0101ciju objekti. LIFE\u00a0OrgBalt\u00a0projekta ietvaros tiek p\u0113t\u012btas siltumn\u012bcefekta g\u0101zu emisijas no apsaimniekot\u0101m\u00a0organiskaj\u0101m augsn\u0113m \u2013 kopum\u0101, m\u0113r\u012bjumi tiek veikti 51 objekt\u0101, ietverot visus projekta demonstr\u0101ciju, k\u0101 ar\u012b references parauglaukumus.<\/p>\n\n\n\n<figure class=\"wp-block-image size-large\"><img loading=\"lazy\" decoding=\"async\" width=\"1024\" height=\"743\" src=\"https:\/\/www.orgbalt.eu\/wp-content\/uploads\/2021\/02\/Bilde-LVC306-1024x743.jpg\" alt=\"\" class=\"wp-image-3530\" srcset=\"https:\/\/www.orgbalt.eu\/wp-content\/uploads\/2021\/02\/Bilde-LVC306-1024x743.jpg 1024w, https:\/\/www.orgbalt.eu\/wp-content\/uploads\/2021\/02\/Bilde-LVC306-300x218.jpg 300w, https:\/\/www.orgbalt.eu\/wp-content\/uploads\/2021\/02\/Bilde-LVC306-768x557.jpg 768w, https:\/\/www.orgbalt.eu\/wp-content\/uploads\/2021\/02\/Bilde-LVC306-1536x1114.jpg 1536w, https:\/\/www.orgbalt.eu\/wp-content\/uploads\/2021\/02\/Bilde-LVC306-2048x1485.jpg 2048w\" sizes=\"auto, (max-width: 1024px) 100vw, 1024px\" \/><\/figure>\n\n\n\n<figure class=\"wp-block-image size-large\"><img loading=\"lazy\" decoding=\"async\" width=\"1024\" height=\"715\" src=\"https:\/\/www.orgbalt.eu\/wp-content\/uploads\/2021\/02\/Karte-LVC306-1024x715.jpg\" alt=\"\" class=\"wp-image-3529\" srcset=\"https:\/\/www.orgbalt.eu\/wp-content\/uploads\/2021\/02\/Karte-LVC306-1024x715.jpg 1024w, https:\/\/www.orgbalt.eu\/wp-content\/uploads\/2021\/02\/Karte-LVC306-300x210.jpg 300w, https:\/\/www.orgbalt.eu\/wp-content\/uploads\/2021\/02\/Karte-LVC306-768x537.jpg 768w, https:\/\/www.orgbalt.eu\/wp-content\/uploads\/2021\/02\/Karte-LVC306-1536x1073.jpg 1536w, https:\/\/www.orgbalt.eu\/wp-content\/uploads\/2021\/02\/Karte-LVC306.jpg 1692w\" sizes=\"auto, (max-width: 1024px) 100vw, 1024px\" \/><\/figure>\n","protected":false},"excerpt":{"rendered":"<p>AGRO-ME\u017dSAIMNIEC\u012aBA \u2013 KOKAUGU ST\u0100D\u012aJUMS AR AUZENES PAS\u0112JU ARAMZEM\u0112 AR MELIOR\u0112TU ORGANISKO AUGSNI Potenci\u0101lie&nbsp;ieguvumi&nbsp;no&nbsp;agro-me\u017esaimniec\u012bbas:&nbsp;\u200b Palielin\u0101ta\u00a0CO2\u00a0piesaiste\u00a0dz\u012bvaj\u0101\u00a0biomas\u0101\u00a0un\u00a0augsn\u0113 Samazin\u0101tas\u00a0augsnes\u00a0SEG\u00a0emisijas\u00a0un\u00a0fosilo\u00a0resursu\u00a0aizst\u0101\u0161anas\u00a0efekta\u00a0veicin\u0101\u0161ana\u00a0(koksnes\u00a0un\u00a0z\u0101laugu\u00a0biokurin\u0101mais\u00a0un\u00a0koksnes\u00a0produkti) LIFE\u00a0OrgBalt\u00a0projekta m\u0113r\u0137is ir izstr\u0101d\u0101t un pielietot da\u017e\u0101dus inovat\u012bvus organisko aug\u0161\u0146u apsaimnieko\u0161anas pa\u0146\u0113mienus, lai demonstr\u0113tu, k\u0101 [&hellip;]<\/p>\n","protected":false},"author":2,"featured_media":0,"parent":2823,"menu_order":7,"comment_status":"closed","ping_status":"closed","template":"","meta":{"footnotes":""},"class_list":["post-3387","page","type-page","status-publish","hentry"],"post_mailing_queue_ids":[],"_links":{"self":[{"href":"https:\/\/www.orgbalt.eu\/index.php?rest_route=\/wp\/v2\/pages\/3387","targetHints":{"allow":["GET"]}}],"collection":[{"href":"https:\/\/www.orgbalt.eu\/index.php?rest_route=\/wp\/v2\/pages"}],"about":[{"href":"https:\/\/www.orgbalt.eu\/index.php?rest_route=\/wp\/v2\/types\/page"}],"author":[{"embeddable":true,"href":"https:\/\/www.orgbalt.eu\/index.php?rest_route=\/wp\/v2\/users\/2"}],"replies":[{"embeddable":true,"href":"https:\/\/www.orgbalt.eu\/index.php?rest_route=%2Fwp%2Fv2%2Fcomments&post=3387"}],"version-history":[{"count":2,"href":"https:\/\/www.orgbalt.eu\/index.php?rest_route=\/wp\/v2\/pages\/3387\/revisions"}],"predecessor-version":[{"id":3532,"href":"https:\/\/www.orgbalt.eu\/index.php?rest_route=\/wp\/v2\/pages\/3387\/revisions\/3532"}],"up":[{"embeddable":true,"href":"https:\/\/www.orgbalt.eu\/index.php?rest_route=\/wp\/v2\/pages\/2823"}],"wp:attachment":[{"href":"https:\/\/www.orgbalt.eu\/index.php?rest_route=%2Fwp%2Fv2%2Fmedia&parent=3387"}],"curies":[{"name":"wp","href":"https:\/\/api.w.org\/{rel}","templated":true}]}}