{"id":3393,"date":"2020-12-21T16:21:12","date_gmt":"2020-12-21T13:21:12","guid":{"rendered":"https:\/\/www.orgbalt.eu\/?page_id=3393"},"modified":"2021-02-03T19:52:09","modified_gmt":"2021-02-03T16:52:09","slug":"lvc310","status":"publish","type":"page","link":"https:\/\/www.orgbalt.eu\/?page_id=3393&lang=lv","title":{"rendered":"LVC310"},"content":{"rendered":"\n<p><strong>\u0100TRAUDZ\u012aGU\u00a0KOKU\u00a0SUGU\u00a0ST\u0100D\u012aJUMS MELIOR\u0100CIJAS\u00a0SIST\u0112MU\u00a0AIZSARGJOSL\u0100<\/strong>\u200b<\/p>\n\n\n\n<p>Potenci\u0101lie ieguvumi no&nbsp;\u0101traudz\u012bgu&nbsp;koku&nbsp;sugu&nbsp;st\u0101d\u012bjumiem melior\u0101cijas sist\u0113mu&nbsp;aizsargjosl\u0101s:\u200b<\/p>\n\n\n\n<ol class=\"wp-block-list\"><li>Palielin\u0101ta\u00a0CO2\u00a0piesaiste\u00a0dz\u012bvaj\u0101\u00a0biomas\u0101 un augsn\u0113<\/li><li>Fosilo resursu aizst\u0101\u0161anas efekta veicin\u0101\u0161ana (koksnes un z\u0101laugu\u00a0biokurin\u0101mais\u00a0un koksnes produkti)<\/li><li>Augu\u00a0bar\u012bbas vielu zudumu nov\u0113r\u0161ana lauksaimniec\u012bbas zem\u0113s<\/li><\/ol>\n\n\n\n<p>LIFE\u00a0OrgBalt\u00a0projekta m\u0113r\u0137is ir izstr\u0101d\u0101t un pielietot da\u017e\u0101dus inovat\u012bvus organisko aug\u0161\u0146u apsaimnieko\u0161anas pa\u0146\u0113mienus, lai demonstr\u0113tu, k\u0101 \u0161\u012bs plat\u012bbas var tikt ilgtsp\u0113j\u012bgi apsaimniekotas, \u0146emot v\u0113r\u0101\u00a0ekonomiskos, soci\u0101los un klimata aspektus. Latvij\u0101 un Somij\u0101 ir izveidoti 16 projekta demonstr\u0101ciju objekti. LIFE\u00a0OrgBalt\u00a0projekta ietvaros tiek p\u0113t\u012btas siltumn\u012bcefekta g\u0101zu emisijas no apsaimniekot\u0101m\u00a0organiskaj\u0101m augsn\u0113m \u2013 kopum\u0101, m\u0113r\u012bjumi tiek veikti 51 objekt\u0101, ietverot visus projekta demonstr\u0101ciju, k\u0101 ar\u012b references parauglaukumus.<\/p>\n\n\n\n<figure class=\"wp-block-image size-large\"><img loading=\"lazy\" decoding=\"async\" width=\"1024\" height=\"743\" src=\"https:\/\/www.orgbalt.eu\/wp-content\/uploads\/2021\/02\/Bilde-LVC310-1024x743.jpg\" alt=\"\" class=\"wp-image-3533\" srcset=\"https:\/\/www.orgbalt.eu\/wp-content\/uploads\/2021\/02\/Bilde-LVC310-1024x743.jpg 1024w, https:\/\/www.orgbalt.eu\/wp-content\/uploads\/2021\/02\/Bilde-LVC310-300x218.jpg 300w, https:\/\/www.orgbalt.eu\/wp-content\/uploads\/2021\/02\/Bilde-LVC310-768x557.jpg 768w, https:\/\/www.orgbalt.eu\/wp-content\/uploads\/2021\/02\/Bilde-LVC310-1536x1114.jpg 1536w, https:\/\/www.orgbalt.eu\/wp-content\/uploads\/2021\/02\/Bilde-LVC310-2048x1485.jpg 2048w\" sizes=\"auto, (max-width: 1024px) 100vw, 1024px\" \/><\/figure>\n\n\n\n<figure class=\"wp-block-image size-large\"><img loading=\"lazy\" decoding=\"async\" width=\"1024\" height=\"715\" src=\"https:\/\/www.orgbalt.eu\/wp-content\/uploads\/2021\/02\/Karte-LVC310-1024x715.jpg\" alt=\"\" class=\"wp-image-3534\" srcset=\"https:\/\/www.orgbalt.eu\/wp-content\/uploads\/2021\/02\/Karte-LVC310-1024x715.jpg 1024w, https:\/\/www.orgbalt.eu\/wp-content\/uploads\/2021\/02\/Karte-LVC310-300x210.jpg 300w, https:\/\/www.orgbalt.eu\/wp-content\/uploads\/2021\/02\/Karte-LVC310-768x537.jpg 768w, https:\/\/www.orgbalt.eu\/wp-content\/uploads\/2021\/02\/Karte-LVC310-1536x1073.jpg 1536w, https:\/\/www.orgbalt.eu\/wp-content\/uploads\/2021\/02\/Karte-LVC310.jpg 1692w\" sizes=\"auto, (max-width: 1024px) 100vw, 1024px\" \/><\/figure>\n","protected":false},"excerpt":{"rendered":"<p>\u0100TRAUDZ\u012aGU\u00a0KOKU\u00a0SUGU\u00a0ST\u0100D\u012aJUMS MELIOR\u0100CIJAS\u00a0SIST\u0112MU\u00a0AIZSARGJOSL\u0100\u200b Potenci\u0101lie ieguvumi no&nbsp;\u0101traudz\u012bgu&nbsp;koku&nbsp;sugu&nbsp;st\u0101d\u012bjumiem melior\u0101cijas sist\u0113mu&nbsp;aizsargjosl\u0101s:\u200b Palielin\u0101ta\u00a0CO2\u00a0piesaiste\u00a0dz\u012bvaj\u0101\u00a0biomas\u0101 un augsn\u0113 Fosilo resursu aizst\u0101\u0161anas efekta veicin\u0101\u0161ana (koksnes un z\u0101laugu\u00a0biokurin\u0101mais\u00a0un koksnes produkti) Augu\u00a0bar\u012bbas vielu zudumu nov\u0113r\u0161ana lauksaimniec\u012bbas zem\u0113s LIFE\u00a0OrgBalt\u00a0projekta m\u0113r\u0137is ir izstr\u0101d\u0101t [&hellip;]<\/p>\n","protected":false},"author":2,"featured_media":0,"parent":2823,"menu_order":8,"comment_status":"closed","ping_status":"closed","template":"","meta":{"footnotes":""},"class_list":["post-3393","page","type-page","status-publish","hentry"],"post_mailing_queue_ids":[],"_links":{"self":[{"href":"https:\/\/www.orgbalt.eu\/index.php?rest_route=\/wp\/v2\/pages\/3393","targetHints":{"allow":["GET"]}}],"collection":[{"href":"https:\/\/www.orgbalt.eu\/index.php?rest_route=\/wp\/v2\/pages"}],"about":[{"href":"https:\/\/www.orgbalt.eu\/index.php?rest_route=\/wp\/v2\/types\/page"}],"author":[{"embeddable":true,"href":"https:\/\/www.orgbalt.eu\/index.php?rest_route=\/wp\/v2\/users\/2"}],"replies":[{"embeddable":true,"href":"https:\/\/www.orgbalt.eu\/index.php?rest_route=%2Fwp%2Fv2%2Fcomments&post=3393"}],"version-history":[{"count":3,"href":"https:\/\/www.orgbalt.eu\/index.php?rest_route=\/wp\/v2\/pages\/3393\/revisions"}],"predecessor-version":[{"id":3536,"href":"https:\/\/www.orgbalt.eu\/index.php?rest_route=\/wp\/v2\/pages\/3393\/revisions\/3536"}],"up":[{"embeddable":true,"href":"https:\/\/www.orgbalt.eu\/index.php?rest_route=\/wp\/v2\/pages\/2823"}],"wp:attachment":[{"href":"https:\/\/www.orgbalt.eu\/index.php?rest_route=%2Fwp%2Fv2%2Fmedia&parent=3393"}],"curies":[{"name":"wp","href":"https:\/\/api.w.org\/{rel}","templated":true}]}}