{"id":3398,"date":"2020-12-21T16:23:43","date_gmt":"2020-12-21T13:23:43","guid":{"rendered":"https:\/\/www.orgbalt.eu\/?page_id=3398"},"modified":"2021-02-03T19:57:28","modified_gmt":"2021-02-03T16:57:28","slug":"lvc301","status":"publish","type":"page","link":"https:\/\/www.orgbalt.eu\/?page_id=3398&lang=lv","title":{"rendered":"LVC301"},"content":{"rendered":"\n<p><strong>GRAUDAUGU AUDZ\u0112\u0160ANAI IZMANTOT\u0100S ARAMZEMES<\/strong>\u200b <strong>P\u0100RVEIDE\u00a0PAR\u00a0Z\u0100L\u0100JU,\u00a0IETVEROT PERIODISKU AR\u0160ANU<\/strong><\/p>\n\n\n\n<p>\u200bPotenci\u0101lie ieguvumi no aramzemes\u00a0p\u0101rveides\u00a0par\u00a0z\u0101l\u0101ju:\u00a0\u200b<\/p>\n\n\n\n<ol class=\"wp-block-list\"><li>Samazin\u0101tas\u00a0SEG emisijas no augsnes<\/li><li>Palielin\u0101ta\u00a0oglek\u013ca\u00a0uzkr\u0101\u0161an\u0101s\u00a0augsn\u0113\u00a0un\u00a0apak\u0161zemes\u00a0biomas\u0101<\/li><li>Samazin\u0101ti\u00a0augu\u00a0bar\u012bbas\u00a0vielu\u00a0zudumu\u00a0un\u00a0augsnes\u00a0erozijas\u00a0riski<\/li><\/ol>\n\n\n\n<p>LIFE\u00a0OrgBalt\u00a0projekta m\u0113r\u0137is ir izstr\u0101d\u0101t un pielietot da\u017e\u0101dus inovat\u012bvus organisko aug\u0161\u0146u apsaimnieko\u0161anas pa\u0146\u0113mienus, lai demonstr\u0113tu, k\u0101 \u0161\u012bs plat\u012bbas var tikt ilgtsp\u0113j\u012bgi apsaimniekotas, \u0146emot v\u0113r\u0101\u00a0ekonomiskos, soci\u0101los un klimata aspektus. Latvij\u0101 un Somij\u0101 ir izveidoti 16 projekta demonstr\u0101ciju objekti. LIFE\u00a0OrgBalt\u00a0projekta ietvaros tiek p\u0113t\u012btas siltumn\u012bcefekta g\u0101zu emisijas no apsaimniekot\u0101m\u00a0organiskaj\u0101m augsn\u0113m \u2013 kopum\u0101, m\u0113r\u012bjumi tiek veikti 51 objekt\u0101, ietverot visus projekta demonstr\u0101ciju, k\u0101 ar\u012b references parauglaukumus.<\/p>\n\n\n\n<figure class=\"wp-block-image size-large\"><img loading=\"lazy\" decoding=\"async\" width=\"1024\" height=\"576\" src=\"https:\/\/www.orgbalt.eu\/wp-content\/uploads\/2021\/02\/Bilde-LVC301-1024x576.jpg\" alt=\"\" class=\"wp-image-3537\" srcset=\"https:\/\/www.orgbalt.eu\/wp-content\/uploads\/2021\/02\/Bilde-LVC301-1024x576.jpg 1024w, https:\/\/www.orgbalt.eu\/wp-content\/uploads\/2021\/02\/Bilde-LVC301-300x169.jpg 300w, https:\/\/www.orgbalt.eu\/wp-content\/uploads\/2021\/02\/Bilde-LVC301-768x432.jpg 768w, https:\/\/www.orgbalt.eu\/wp-content\/uploads\/2021\/02\/Bilde-LVC301-1536x864.jpg 1536w, https:\/\/www.orgbalt.eu\/wp-content\/uploads\/2021\/02\/Bilde-LVC301-2048x1152.jpg 2048w\" sizes=\"auto, (max-width: 1024px) 100vw, 1024px\" \/><figcaption>default<\/figcaption><\/figure>\n\n\n\n<figure class=\"wp-block-image size-large\"><img loading=\"lazy\" decoding=\"async\" width=\"1024\" height=\"725\" src=\"https:\/\/www.orgbalt.eu\/wp-content\/uploads\/2021\/02\/Karte-LVC301-1-1024x725.jpg\" alt=\"\" class=\"wp-image-3538\" srcset=\"https:\/\/www.orgbalt.eu\/wp-content\/uploads\/2021\/02\/Karte-LVC301-1-1024x725.jpg 1024w, https:\/\/www.orgbalt.eu\/wp-content\/uploads\/2021\/02\/Karte-LVC301-1-300x212.jpg 300w, https:\/\/www.orgbalt.eu\/wp-content\/uploads\/2021\/02\/Karte-LVC301-1-768x543.jpg 768w, https:\/\/www.orgbalt.eu\/wp-content\/uploads\/2021\/02\/Karte-LVC301-1-1536x1087.jpg 1536w, https:\/\/www.orgbalt.eu\/wp-content\/uploads\/2021\/02\/Karte-LVC301-1-2048x1449.jpg 2048w\" sizes=\"auto, (max-width: 1024px) 100vw, 1024px\" \/><\/figure>\n","protected":false},"excerpt":{"rendered":"<p>GRAUDAUGU AUDZ\u0112\u0160ANAI IZMANTOT\u0100S ARAMZEMES\u200b P\u0100RVEIDE\u00a0PAR\u00a0Z\u0100L\u0100JU,\u00a0IETVEROT PERIODISKU AR\u0160ANU \u200bPotenci\u0101lie ieguvumi no aramzemes\u00a0p\u0101rveides\u00a0par\u00a0z\u0101l\u0101ju:\u00a0\u200b Samazin\u0101tas\u00a0SEG emisijas no augsnes Palielin\u0101ta\u00a0oglek\u013ca\u00a0uzkr\u0101\u0161an\u0101s\u00a0augsn\u0113\u00a0un\u00a0apak\u0161zemes\u00a0biomas\u0101 Samazin\u0101ti\u00a0augu\u00a0bar\u012bbas\u00a0vielu\u00a0zudumu\u00a0un\u00a0augsnes\u00a0erozijas\u00a0riski LIFE\u00a0OrgBalt\u00a0projekta m\u0113r\u0137is ir izstr\u0101d\u0101t un pielietot da\u017e\u0101dus inovat\u012bvus organisko aug\u0161\u0146u apsaimnieko\u0161anas pa\u0146\u0113mienus, lai [&hellip;]<\/p>\n","protected":false},"author":2,"featured_media":0,"parent":2823,"menu_order":9,"comment_status":"closed","ping_status":"closed","template":"","meta":{"footnotes":""},"class_list":["post-3398","page","type-page","status-publish","hentry"],"post_mailing_queue_ids":[],"_links":{"self":[{"href":"https:\/\/www.orgbalt.eu\/index.php?rest_route=\/wp\/v2\/pages\/3398","targetHints":{"allow":["GET"]}}],"collection":[{"href":"https:\/\/www.orgbalt.eu\/index.php?rest_route=\/wp\/v2\/pages"}],"about":[{"href":"https:\/\/www.orgbalt.eu\/index.php?rest_route=\/wp\/v2\/types\/page"}],"author":[{"embeddable":true,"href":"https:\/\/www.orgbalt.eu\/index.php?rest_route=\/wp\/v2\/users\/2"}],"replies":[{"embeddable":true,"href":"https:\/\/www.orgbalt.eu\/index.php?rest_route=%2Fwp%2Fv2%2Fcomments&post=3398"}],"version-history":[{"count":3,"href":"https:\/\/www.orgbalt.eu\/index.php?rest_route=\/wp\/v2\/pages\/3398\/revisions"}],"predecessor-version":[{"id":3543,"href":"https:\/\/www.orgbalt.eu\/index.php?rest_route=\/wp\/v2\/pages\/3398\/revisions\/3543"}],"up":[{"embeddable":true,"href":"https:\/\/www.orgbalt.eu\/index.php?rest_route=\/wp\/v2\/pages\/2823"}],"wp:attachment":[{"href":"https:\/\/www.orgbalt.eu\/index.php?rest_route=%2Fwp%2Fv2%2Fmedia&parent=3398"}],"curies":[{"name":"wp","href":"https:\/\/api.w.org\/{rel}","templated":true}]}}