{"id":3403,"date":"2020-12-21T16:26:35","date_gmt":"2020-12-21T13:26:35","guid":{"rendered":"https:\/\/www.orgbalt.eu\/?page_id=3403"},"modified":"2021-02-03T20:00:07","modified_gmt":"2021-02-03T17:00:07","slug":"lvc305","status":"publish","type":"page","link":"https:\/\/www.orgbalt.eu\/?page_id=3403&lang=lv","title":{"rendered":"LVC305"},"content":{"rendered":"\n<p><strong>KONTROL\u0112T\u0100S DREN\u0100\u017dAS SIST\u0112MAS IER\u012aKO\u0160ANA Z\u0100L\u0100J\u0100, UZTUROT PAAUGSTIN\u0100TU GRUNTS\u016aDENS L\u012aMENI VIS\u0100 VE\u0122ET\u0100CIJAS PERIOD\u0100<\/strong><\/p>\n\n\n\n<p>Potenci\u0101lie ieguvumi no kontrol\u0113t\u0101s dren\u0101\u017eas:&nbsp;\u200b<\/p>\n\n\n\n<ol class=\"wp-block-list\"><li>Samazin\u0101tas\u00a0SEG emisijas no organiskaj\u0101m augsn\u0113m d\u0113\u013c\u00a0samazin\u0101t\u0101m grunts\u016bdens l\u012bme\u0146a sv\u0101rst\u012bb\u0101m<\/li><li>Samazin\u0101ti\u00a0augu bar\u012bbas vielu zudumi virszemes \u016bdensobjektos<\/li><li>Saus\u0101s vasar\u0101s ir pieejams papildus \u016bdens, kas nepiecie\u0161ams\u00a0lauksaimniec\u012bbas kult\u016braugiem, lai nodro\u0161in\u0101tu noz\u012bm\u012bg\u0101ku oglek\u013ca\u00a0piesaisti augsn\u0113<\/li><\/ol>\n\n\n\n<p>LIFE\u00a0OrgBalt\u00a0projekta m\u0113r\u0137is ir izstr\u0101d\u0101t un pielietot da\u017e\u0101dus inovat\u012bvus organisko aug\u0161\u0146u apsaimnieko\u0161anas pa\u0146\u0113mienus, lai demonstr\u0113tu, k\u0101 \u0161\u012bs plat\u012bbas var tikt ilgtsp\u0113j\u012bgi apsaimniekotas, \u0146emot v\u0113r\u0101\u00a0ekonomiskos, soci\u0101los un klimata aspektus. Latvij\u0101 un Somij\u0101 ir izveidoti 16 projekta demonstr\u0101ciju objekti. LIFE\u00a0OrgBalt\u00a0projekta ietvaros tiek p\u0113t\u012btas siltumn\u012bcefekta g\u0101zu emisijas no apsaimniekot\u0101m\u00a0organiskaj\u0101m augsn\u0113m \u2013 kopum\u0101, m\u0113r\u012bjumi tiek veikti 51 objekt\u0101, ietverot visus projekta demonstr\u0101ciju, k\u0101 ar\u012b references parauglaukumus.\\<\/p>\n\n\n\n<figure class=\"wp-block-image size-large\"><img loading=\"lazy\" decoding=\"async\" width=\"1024\" height=\"576\" src=\"https:\/\/www.orgbalt.eu\/wp-content\/uploads\/2021\/02\/Bilde-LVC305-1-1024x576.jpg\" alt=\"\" class=\"wp-image-3541\" srcset=\"https:\/\/www.orgbalt.eu\/wp-content\/uploads\/2021\/02\/Bilde-LVC305-1-1024x576.jpg 1024w, https:\/\/www.orgbalt.eu\/wp-content\/uploads\/2021\/02\/Bilde-LVC305-1-300x169.jpg 300w, https:\/\/www.orgbalt.eu\/wp-content\/uploads\/2021\/02\/Bilde-LVC305-1-768x432.jpg 768w, https:\/\/www.orgbalt.eu\/wp-content\/uploads\/2021\/02\/Bilde-LVC305-1-1536x864.jpg 1536w, https:\/\/www.orgbalt.eu\/wp-content\/uploads\/2021\/02\/Bilde-LVC305-1-2048x1152.jpg 2048w\" sizes=\"auto, (max-width: 1024px) 100vw, 1024px\" \/><figcaption>default<\/figcaption><\/figure>\n\n\n\n<figure class=\"wp-block-image size-large\"><img loading=\"lazy\" decoding=\"async\" width=\"1024\" height=\"725\" src=\"https:\/\/www.orgbalt.eu\/wp-content\/uploads\/2021\/02\/Karte-LVC305-1-1024x725.jpg\" alt=\"\" class=\"wp-image-3540\" srcset=\"https:\/\/www.orgbalt.eu\/wp-content\/uploads\/2021\/02\/Karte-LVC305-1-1024x725.jpg 1024w, https:\/\/www.orgbalt.eu\/wp-content\/uploads\/2021\/02\/Karte-LVC305-1-300x212.jpg 300w, https:\/\/www.orgbalt.eu\/wp-content\/uploads\/2021\/02\/Karte-LVC305-1-768x543.jpg 768w, https:\/\/www.orgbalt.eu\/wp-content\/uploads\/2021\/02\/Karte-LVC305-1-1536x1087.jpg 1536w, https:\/\/www.orgbalt.eu\/wp-content\/uploads\/2021\/02\/Karte-LVC305-1-2048x1449.jpg 2048w\" sizes=\"auto, (max-width: 1024px) 100vw, 1024px\" \/><\/figure>\n","protected":false},"excerpt":{"rendered":"<p>KONTROL\u0112T\u0100S DREN\u0100\u017dAS SIST\u0112MAS IER\u012aKO\u0160ANA Z\u0100L\u0100J\u0100, UZTUROT PAAUGSTIN\u0100TU GRUNTS\u016aDENS L\u012aMENI VIS\u0100 VE\u0122ET\u0100CIJAS PERIOD\u0100 Potenci\u0101lie ieguvumi no kontrol\u0113t\u0101s dren\u0101\u017eas:&nbsp;\u200b Samazin\u0101tas\u00a0SEG emisijas no organiskaj\u0101m augsn\u0113m d\u0113\u013c\u00a0samazin\u0101t\u0101m grunts\u016bdens l\u012bme\u0146a sv\u0101rst\u012bb\u0101m Samazin\u0101ti\u00a0augu bar\u012bbas vielu zudumi [&hellip;]<\/p>\n","protected":false},"author":2,"featured_media":0,"parent":2823,"menu_order":10,"comment_status":"closed","ping_status":"closed","template":"","meta":{"footnotes":""},"class_list":["post-3403","page","type-page","status-publish","hentry"],"post_mailing_queue_ids":[],"_links":{"self":[{"href":"https:\/\/www.orgbalt.eu\/index.php?rest_route=\/wp\/v2\/pages\/3403","targetHints":{"allow":["GET"]}}],"collection":[{"href":"https:\/\/www.orgbalt.eu\/index.php?rest_route=\/wp\/v2\/pages"}],"about":[{"href":"https:\/\/www.orgbalt.eu\/index.php?rest_route=\/wp\/v2\/types\/page"}],"author":[{"embeddable":true,"href":"https:\/\/www.orgbalt.eu\/index.php?rest_route=\/wp\/v2\/users\/2"}],"replies":[{"embeddable":true,"href":"https:\/\/www.orgbalt.eu\/index.php?rest_route=%2Fwp%2Fv2%2Fcomments&post=3403"}],"version-history":[{"count":3,"href":"https:\/\/www.orgbalt.eu\/index.php?rest_route=\/wp\/v2\/pages\/3403\/revisions"}],"predecessor-version":[{"id":3550,"href":"https:\/\/www.orgbalt.eu\/index.php?rest_route=\/wp\/v2\/pages\/3403\/revisions\/3550"}],"up":[{"embeddable":true,"href":"https:\/\/www.orgbalt.eu\/index.php?rest_route=\/wp\/v2\/pages\/2823"}],"wp:attachment":[{"href":"https:\/\/www.orgbalt.eu\/index.php?rest_route=%2Fwp%2Fv2%2Fmedia&parent=3403"}],"curies":[{"name":"wp","href":"https:\/\/api.w.org\/{rel}","templated":true}]}}