{"id":3408,"date":"2020-12-21T16:28:59","date_gmt":"2020-12-21T13:28:59","guid":{"rendered":"https:\/\/www.orgbalt.eu\/?page_id=3408"},"modified":"2021-02-03T19:59:56","modified_gmt":"2021-02-03T16:59:56","slug":"lvc304","status":"publish","type":"page","link":"https:\/\/www.orgbalt.eu\/?page_id=3408&lang=lv","title":{"rendered":"LVC304"},"content":{"rendered":"\n<p><strong>TAURI\u0145ZIE\u017dU\u00a0IZMANTO\u0160ANA\u00a0AUGU MAI\u0145\u0100\u00a0ARAMZEM\u0112 AR MELIOR\u0112TU ORGANISKO AUGSNI<\/strong><\/p>\n\n\n\n<p>Potenci\u0101lie&nbsp;ieguvumi&nbsp;no&nbsp;tauri\u0146zie\u017eu audz\u0113\u0161anas augu mai\u0146\u0101:\u200b<\/p>\n\n\n\n<ol class=\"wp-block-list\"><li>N2O\u00a0emisiju samazin\u0101jums\u00a0saist\u012bb\u0101\u00a0ar\u00a0miner\u0101lm\u0113slu\u00a0izlietojuma\u00a0samazin\u0101jumu\u00a0un\u00a0pak\u0101penisku,\u00a0simbiotisko\u00a0organismu\u00a0nodro\u0161in\u0101tu\u00a0sl\u0101pek\u013ca\u00a0pievadi<\/li><li>Augsnes\u00a0oglek\u013ca\u00a0uzkr\u0101juma\u00a0palielin\u0101\u0161ana\u00a0ar\u00a0papildus\u00a0biomasas\u00a0ienesi<\/li><\/ol>\n\n\n\n<p>LIFE\u00a0OrgBalt\u00a0projekta m\u0113r\u0137is ir izstr\u0101d\u0101t un pielietot da\u017e\u0101dus inovat\u012bvus organisko aug\u0161\u0146u apsaimnieko\u0161anas pa\u0146\u0113mienus, lai demonstr\u0113tu, k\u0101 \u0161\u012bs plat\u012bbas var tikt ilgtsp\u0113j\u012bgi apsaimniekotas, \u0146emot v\u0113r\u0101\u00a0ekonomiskos, soci\u0101los un klimata aspektus. Latvij\u0101 un Somij\u0101 ir izveidoti 16 projekta demonstr\u0101ciju objekti. LIFE\u00a0OrgBalt\u00a0projekta ietvaros tiek p\u0113t\u012btas siltumn\u012bcefekta g\u0101zu emisijas no apsaimniekot\u0101m\u00a0organiskaj\u0101m augsn\u0113m \u2013 kopum\u0101, m\u0113r\u012bjumi tiek veikti 51 objekt\u0101, ietverot visus projekta demonstr\u0101ciju, k\u0101 ar\u012b references parauglaukumus.<\/p>\n\n\n\n<figure class=\"wp-block-image size-large\"><img loading=\"lazy\" decoding=\"async\" width=\"1024\" height=\"576\" src=\"https:\/\/www.orgbalt.eu\/wp-content\/uploads\/2021\/02\/Bilde-LVC304a-1-1024x576.jpg\" alt=\"\" class=\"wp-image-3546\" srcset=\"https:\/\/www.orgbalt.eu\/wp-content\/uploads\/2021\/02\/Bilde-LVC304a-1-1024x576.jpg 1024w, https:\/\/www.orgbalt.eu\/wp-content\/uploads\/2021\/02\/Bilde-LVC304a-1-300x169.jpg 300w, https:\/\/www.orgbalt.eu\/wp-content\/uploads\/2021\/02\/Bilde-LVC304a-1-768x432.jpg 768w, https:\/\/www.orgbalt.eu\/wp-content\/uploads\/2021\/02\/Bilde-LVC304a-1-1536x864.jpg 1536w, https:\/\/www.orgbalt.eu\/wp-content\/uploads\/2021\/02\/Bilde-LVC304a-1-2048x1152.jpg 2048w\" sizes=\"auto, (max-width: 1024px) 100vw, 1024px\" \/><figcaption>default<\/figcaption><\/figure>\n\n\n\n<figure class=\"wp-block-image size-large\"><img loading=\"lazy\" decoding=\"async\" width=\"1024\" height=\"720\" src=\"https:\/\/www.orgbalt.eu\/wp-content\/uploads\/2021\/02\/Karte-LVC304a-1-1024x720.jpg\" alt=\"\" class=\"wp-image-3547\" srcset=\"https:\/\/www.orgbalt.eu\/wp-content\/uploads\/2021\/02\/Karte-LVC304a-1-1024x720.jpg 1024w, https:\/\/www.orgbalt.eu\/wp-content\/uploads\/2021\/02\/Karte-LVC304a-1-300x211.jpg 300w, https:\/\/www.orgbalt.eu\/wp-content\/uploads\/2021\/02\/Karte-LVC304a-1-768x540.jpg 768w, https:\/\/www.orgbalt.eu\/wp-content\/uploads\/2021\/02\/Karte-LVC304a-1-1536x1081.jpg 1536w, https:\/\/www.orgbalt.eu\/wp-content\/uploads\/2021\/02\/Karte-LVC304a-1.jpg 1680w\" sizes=\"auto, (max-width: 1024px) 100vw, 1024px\" \/><\/figure>\n\n\n\n<figure class=\"wp-block-image size-large\"><img loading=\"lazy\" decoding=\"async\" width=\"1024\" height=\"722\" src=\"https:\/\/www.orgbalt.eu\/wp-content\/uploads\/2021\/02\/Karte-LVC304b-1-1024x722.jpg\" alt=\"\" class=\"wp-image-3548\" srcset=\"https:\/\/www.orgbalt.eu\/wp-content\/uploads\/2021\/02\/Karte-LVC304b-1-1024x722.jpg 1024w, https:\/\/www.orgbalt.eu\/wp-content\/uploads\/2021\/02\/Karte-LVC304b-1-300x211.jpg 300w, https:\/\/www.orgbalt.eu\/wp-content\/uploads\/2021\/02\/Karte-LVC304b-1-768x541.jpg 768w, https:\/\/www.orgbalt.eu\/wp-content\/uploads\/2021\/02\/Karte-LVC304b-1-1536x1083.jpg 1536w, https:\/\/www.orgbalt.eu\/wp-content\/uploads\/2021\/02\/Karte-LVC304b-1.jpg 1677w\" sizes=\"auto, (max-width: 1024px) 100vw, 1024px\" \/><\/figure>\n","protected":false},"excerpt":{"rendered":"<p>TAURI\u0145ZIE\u017dU\u00a0IZMANTO\u0160ANA\u00a0AUGU MAI\u0145\u0100\u00a0ARAMZEM\u0112 AR MELIOR\u0112TU ORGANISKO AUGSNI Potenci\u0101lie&nbsp;ieguvumi&nbsp;no&nbsp;tauri\u0146zie\u017eu audz\u0113\u0161anas augu mai\u0146\u0101:\u200b N2O\u00a0emisiju samazin\u0101jums\u00a0saist\u012bb\u0101\u00a0ar\u00a0miner\u0101lm\u0113slu\u00a0izlietojuma\u00a0samazin\u0101jumu\u00a0un\u00a0pak\u0101penisku,\u00a0simbiotisko\u00a0organismu\u00a0nodro\u0161in\u0101tu\u00a0sl\u0101pek\u013ca\u00a0pievadi Augsnes\u00a0oglek\u013ca\u00a0uzkr\u0101juma\u00a0palielin\u0101\u0161ana\u00a0ar\u00a0papildus\u00a0biomasas\u00a0ienesi LIFE\u00a0OrgBalt\u00a0projekta m\u0113r\u0137is ir izstr\u0101d\u0101t un pielietot da\u017e\u0101dus inovat\u012bvus organisko aug\u0161\u0146u apsaimnieko\u0161anas pa\u0146\u0113mienus, lai demonstr\u0113tu, k\u0101 \u0161\u012bs plat\u012bbas [&hellip;]<\/p>\n","protected":false},"author":2,"featured_media":0,"parent":2823,"menu_order":11,"comment_status":"closed","ping_status":"closed","template":"","meta":{"footnotes":""},"class_list":["post-3408","page","type-page","status-publish","hentry"],"post_mailing_queue_ids":[],"_links":{"self":[{"href":"https:\/\/www.orgbalt.eu\/index.php?rest_route=\/wp\/v2\/pages\/3408","targetHints":{"allow":["GET"]}}],"collection":[{"href":"https:\/\/www.orgbalt.eu\/index.php?rest_route=\/wp\/v2\/pages"}],"about":[{"href":"https:\/\/www.orgbalt.eu\/index.php?rest_route=\/wp\/v2\/types\/page"}],"author":[{"embeddable":true,"href":"https:\/\/www.orgbalt.eu\/index.php?rest_route=\/wp\/v2\/users\/2"}],"replies":[{"embeddable":true,"href":"https:\/\/www.orgbalt.eu\/index.php?rest_route=%2Fwp%2Fv2%2Fcomments&post=3408"}],"version-history":[{"count":2,"href":"https:\/\/www.orgbalt.eu\/index.php?rest_route=\/wp\/v2\/pages\/3408\/revisions"}],"predecessor-version":[{"id":3549,"href":"https:\/\/www.orgbalt.eu\/index.php?rest_route=\/wp\/v2\/pages\/3408\/revisions\/3549"}],"up":[{"embeddable":true,"href":"https:\/\/www.orgbalt.eu\/index.php?rest_route=\/wp\/v2\/pages\/2823"}],"wp:attachment":[{"href":"https:\/\/www.orgbalt.eu\/index.php?rest_route=%2Fwp%2Fv2%2Fmedia&parent=3408"}],"curies":[{"name":"wp","href":"https:\/\/api.w.org\/{rel}","templated":true}]}}