{"id":3413,"date":"2020-12-21T16:31:45","date_gmt":"2020-12-21T13:31:45","guid":{"rendered":"https:\/\/www.orgbalt.eu\/?page_id=3413"},"modified":"2021-02-03T20:06:16","modified_gmt":"2021-02-03T17:06:16","slug":"lvc313","status":"publish","type":"page","link":"https:\/\/www.orgbalt.eu\/?page_id=3413&lang=lv","title":{"rendered":"LVC313"},"content":{"rendered":"\n<p><strong>IZLASES JOSLU CIRTE\u00a0PRIEDES AUDZ\u0112 AR MELIOR\u0112TU ORGANISKO AUGSNI<\/strong><\/p>\n\n\n\n<p>\u200bPotenci\u0101lais ieguvums no joslu izlases cirt\u0113m:\u00a0\u200b<\/p>\n\n\n\n<ol class=\"wp-block-list\"><li>Samazin\u0101tas\u00a0CH4\u00a0un\u00a0N2O\u00a0emisijas no augsnes, nov\u0113r\u0161ot grunts\u016bdens\u00a0l\u012bme\u0146a\u00a0paaugstin\u0101\u0161anos\u00a0p\u0113c audzes nocir\u0161anas, sal\u012bdzin\u0101jum\u0101 ar\u00a0kailcirti<\/li><\/ol>\n\n\n\n<p>LIFE\u00a0OrgBalt\u00a0projekta m\u0113r\u0137is ir izstr\u0101d\u0101t un pielietot da\u017e\u0101dus inovat\u012bvus organisko aug\u0161\u0146u apsaimnieko\u0161anas pa\u0146\u0113mienus, lai demonstr\u0113tu, k\u0101 \u0161\u012bs plat\u012bbas var tikt ilgtsp\u0113j\u012bgi apsaimniekotas, \u0146emot v\u0113r\u0101\u00a0ekonomiskos, soci\u0101los un klimata aspektus. Latvij\u0101 un Somij\u0101 ir izveidoti 16 projekta demonstr\u0101ciju objekti. LIFE\u00a0OrgBalt\u00a0projekta ietvaros tiek p\u0113t\u012btas siltumn\u012bcefekta g\u0101zu emisijas no apsaimniekot\u0101m\u00a0organiskaj\u0101m augsn\u0113m \u2013 kopum\u0101, m\u0113r\u012bjumi tiek veikti 51 objekt\u0101, ietverot visus projekta demonstr\u0101ciju, k\u0101 ar\u012b references parauglaukumus.<\/p>\n\n\n\n<figure class=\"wp-block-image size-large\"><img loading=\"lazy\" decoding=\"async\" width=\"1024\" height=\"576\" src=\"https:\/\/www.orgbalt.eu\/wp-content\/uploads\/2021\/02\/LVC313_picture-1-1024x576.jpg\" alt=\"\" class=\"wp-image-3552\" srcset=\"https:\/\/www.orgbalt.eu\/wp-content\/uploads\/2021\/02\/LVC313_picture-1-1024x576.jpg 1024w, https:\/\/www.orgbalt.eu\/wp-content\/uploads\/2021\/02\/LVC313_picture-1-300x169.jpg 300w, https:\/\/www.orgbalt.eu\/wp-content\/uploads\/2021\/02\/LVC313_picture-1-768x432.jpg 768w, https:\/\/www.orgbalt.eu\/wp-content\/uploads\/2021\/02\/LVC313_picture-1-1536x864.jpg 1536w, https:\/\/www.orgbalt.eu\/wp-content\/uploads\/2021\/02\/LVC313_picture-1-2048x1152.jpg 2048w\" sizes=\"auto, (max-width: 1024px) 100vw, 1024px\" \/><figcaption>default<\/figcaption><\/figure>\n\n\n\n<figure class=\"wp-block-image size-large\"><img loading=\"lazy\" decoding=\"async\" width=\"1024\" height=\"716\" src=\"https:\/\/www.orgbalt.eu\/wp-content\/uploads\/2021\/02\/Karte-LVC313-1-1024x716.jpg\" alt=\"\" class=\"wp-image-3551\" srcset=\"https:\/\/www.orgbalt.eu\/wp-content\/uploads\/2021\/02\/Karte-LVC313-1-1024x716.jpg 1024w, https:\/\/www.orgbalt.eu\/wp-content\/uploads\/2021\/02\/Karte-LVC313-1-300x210.jpg 300w, https:\/\/www.orgbalt.eu\/wp-content\/uploads\/2021\/02\/Karte-LVC313-1-768x537.jpg 768w, https:\/\/www.orgbalt.eu\/wp-content\/uploads\/2021\/02\/Karte-LVC313-1-1536x1074.jpg 1536w, https:\/\/www.orgbalt.eu\/wp-content\/uploads\/2021\/02\/Karte-LVC313-1.jpg 1830w\" sizes=\"auto, (max-width: 1024px) 100vw, 1024px\" \/><\/figure>\n","protected":false},"excerpt":{"rendered":"<p>IZLASES JOSLU CIRTE\u00a0PRIEDES AUDZ\u0112 AR MELIOR\u0112TU ORGANISKO AUGSNI \u200bPotenci\u0101lais ieguvums no joslu izlases cirt\u0113m:\u00a0\u200b Samazin\u0101tas\u00a0CH4\u00a0un\u00a0N2O\u00a0emisijas no augsnes, nov\u0113r\u0161ot grunts\u016bdens\u00a0l\u012bme\u0146a\u00a0paaugstin\u0101\u0161anos\u00a0p\u0113c audzes nocir\u0161anas, sal\u012bdzin\u0101jum\u0101 ar\u00a0kailcirti LIFE\u00a0OrgBalt\u00a0projekta m\u0113r\u0137is ir izstr\u0101d\u0101t un pielietot da\u017e\u0101dus [&hellip;]<\/p>\n","protected":false},"author":2,"featured_media":0,"parent":2823,"menu_order":12,"comment_status":"closed","ping_status":"closed","template":"","meta":{"footnotes":""},"class_list":["post-3413","page","type-page","status-publish","hentry"],"post_mailing_queue_ids":[],"_links":{"self":[{"href":"https:\/\/www.orgbalt.eu\/index.php?rest_route=\/wp\/v2\/pages\/3413","targetHints":{"allow":["GET"]}}],"collection":[{"href":"https:\/\/www.orgbalt.eu\/index.php?rest_route=\/wp\/v2\/pages"}],"about":[{"href":"https:\/\/www.orgbalt.eu\/index.php?rest_route=\/wp\/v2\/types\/page"}],"author":[{"embeddable":true,"href":"https:\/\/www.orgbalt.eu\/index.php?rest_route=\/wp\/v2\/users\/2"}],"replies":[{"embeddable":true,"href":"https:\/\/www.orgbalt.eu\/index.php?rest_route=%2Fwp%2Fv2%2Fcomments&post=3413"}],"version-history":[{"count":2,"href":"https:\/\/www.orgbalt.eu\/index.php?rest_route=\/wp\/v2\/pages\/3413\/revisions"}],"predecessor-version":[{"id":3553,"href":"https:\/\/www.orgbalt.eu\/index.php?rest_route=\/wp\/v2\/pages\/3413\/revisions\/3553"}],"up":[{"embeddable":true,"href":"https:\/\/www.orgbalt.eu\/index.php?rest_route=\/wp\/v2\/pages\/2823"}],"wp:attachment":[{"href":"https:\/\/www.orgbalt.eu\/index.php?rest_route=%2Fwp%2Fv2%2Fmedia&parent=3413"}],"curies":[{"name":"wp","href":"https:\/\/api.w.org\/{rel}","templated":true}]}}