{"id":3433,"date":"2020-12-21T16:42:56","date_gmt":"2020-12-21T13:42:56","guid":{"rendered":"https:\/\/www.orgbalt.eu\/?page_id=3433"},"modified":"2021-03-02T12:56:30","modified_gmt":"2021-03-02T09:56:30","slug":"fic103","status":"publish","type":"page","link":"https:\/\/www.orgbalt.eu\/?page_id=3433&lang=lv","title":{"rendered":"FIC303"},"content":{"rendered":"\n<p><strong>P\u0100REJA UZ IZLASES CIR\u0160U SAIMNIEC\u012aBU ME\u017d\u0100 AR ORGANISKO AUGSNI<\/strong><\/p>\n\n\n\n<p>Me\u017ea atjauno\u0161anas un siltumn\u012bcefekta g\u0101zu emisiju izmai\u0146u p\u0113t\u012bjumi p\u0113c nelielu audzes vainaga kl\u0101ja atv\u0113rumu izveido\u0161anas un me\u017ea atjauno\u0161anas, izmantojot dabisk\u0101s atjauno\u0161an\u0101s veicin\u0101\u0161anu. K\u0101 kontroles teritorija izmantota eg\u013cu audze, kur\u0101 veicin\u0101ta dabisk\u0101 atjauno\u0161an\u0101s. P\u0113t\u012bjuma teritorij\u0101 nav veikta melior\u0101cijas gr\u0101vju uztur\u0113\u0161ana.<\/p>\n\n\n\n<p>Potenci\u0101lie ieguvumi no izlases cir\u0161u prakses ievie\u0161anas: <\/p>\n\n\n\n<ol class=\"wp-block-list\"><li>Maz\u0101ka vides ietekme me\u017eaudz\u0113 <\/li><li>P\u0113c izlases cirtes audz\u0113 paliku\u0161o koku evapotranspir\u0101cijas procesu regul\u0113ts augsnes \u016bdens l\u012bmenis <\/li><li>Samazin\u0101ta vai nav nepiecie\u0161mama melior\u0101cijas gr\u0101vju t\u012bkla uztur\u0113\u0161ana <\/li><li>Samazin\u0101tas CO2 emisijas no augsnes p\u0113c me\u017eizstr\u0101des <\/li><li>Samazin\u0101tas \u016bdens un augu bar\u012bbas vielu noteces virszemes \u016bdenstilp\u0113s<\/li><\/ol>\n\n\n\n<p>LIFE&nbsp;OrgBalt&nbsp;projekta m\u0113r\u0137is ir izstr\u0101d\u0101t un pielietot da\u017e\u0101dus inovat\u012bvus organisko aug\u0161\u0146u apsaimnieko\u0161anas pa\u0146\u0113mienus, lai demonstr\u0113tu, k\u0101 \u0161\u012bs plat\u012bbas var tikt ilgtsp\u0113j\u012bgi apsaimniekotas, \u0146emot v\u0113r\u0101&nbsp;ekonomiskos, soci\u0101los un klimata aspektus. Latvij\u0101 un Somij\u0101 ir izveidoti 16 projekta demonstr\u0101ciju objekti. LIFE&nbsp;OrgBalt&nbsp;projekta ietvaros tiek p\u0113t\u012btas siltumn\u012bcefekta g\u0101zu emisijas no apsaimniekot\u0101m&nbsp;organiskaj\u0101m augsn\u0113m \u2013 kopum\u0101, m\u0113r\u012bjumi tiek veikti 51 objekt\u0101, ietverot visus projekta demonstr\u0101ciju, k\u0101 ar\u012b references parauglaukumus.<\/p>\n\n\n\n<figure class=\"wp-block-image size-large\"><img loading=\"lazy\" decoding=\"async\" width=\"1024\" height=\"724\" src=\"https:\/\/www.orgbalt.eu\/wp-content\/uploads\/2021\/02\/FIC103_map-1-1024x724.png\" alt=\"\" class=\"wp-image-3564\" srcset=\"https:\/\/www.orgbalt.eu\/wp-content\/uploads\/2021\/02\/FIC103_map-1-1024x724.png 1024w, https:\/\/www.orgbalt.eu\/wp-content\/uploads\/2021\/02\/FIC103_map-1-300x212.png 300w, https:\/\/www.orgbalt.eu\/wp-content\/uploads\/2021\/02\/FIC103_map-1-768x543.png 768w, https:\/\/www.orgbalt.eu\/wp-content\/uploads\/2021\/02\/FIC103_map-1-1536x1086.png 1536w, https:\/\/www.orgbalt.eu\/wp-content\/uploads\/2021\/02\/FIC103_map-1-2048x1448.png 2048w\" sizes=\"auto, (max-width: 1024px) 100vw, 1024px\" \/><\/figure>\n\n\n\n<figure class=\"wp-block-image size-large\"><img loading=\"lazy\" decoding=\"async\" width=\"1024\" height=\"616\" src=\"https:\/\/www.orgbalt.eu\/wp-content\/uploads\/2021\/02\/FIC101_FIC102_FIC103_graphic-5-1024x616.jpg\" alt=\"\" class=\"wp-image-3565\" srcset=\"https:\/\/www.orgbalt.eu\/wp-content\/uploads\/2021\/02\/FIC101_FIC102_FIC103_graphic-5-1024x616.jpg 1024w, https:\/\/www.orgbalt.eu\/wp-content\/uploads\/2021\/02\/FIC101_FIC102_FIC103_graphic-5-300x181.jpg 300w, https:\/\/www.orgbalt.eu\/wp-content\/uploads\/2021\/02\/FIC101_FIC102_FIC103_graphic-5-768x462.jpg 768w, https:\/\/www.orgbalt.eu\/wp-content\/uploads\/2021\/02\/FIC101_FIC102_FIC103_graphic-5-1536x924.jpg 1536w, https:\/\/www.orgbalt.eu\/wp-content\/uploads\/2021\/02\/FIC101_FIC102_FIC103_graphic-5-2048x1233.jpg 2048w\" sizes=\"auto, (max-width: 1024px) 100vw, 1024px\" \/><\/figure>\n","protected":false},"excerpt":{"rendered":"<p>P\u0100REJA UZ IZLASES CIR\u0160U SAIMNIEC\u012aBU ME\u017d\u0100 AR ORGANISKO AUGSNI Me\u017ea atjauno\u0161anas un siltumn\u012bcefekta g\u0101zu emisiju izmai\u0146u p\u0113t\u012bjumi p\u0113c nelielu audzes vainaga kl\u0101ja atv\u0113rumu izveido\u0161anas un me\u017ea atjauno\u0161anas, izmantojot dabisk\u0101s atjauno\u0161an\u0101s [&hellip;]<\/p>\n","protected":false},"author":2,"featured_media":0,"parent":2823,"menu_order":16,"comment_status":"closed","ping_status":"closed","template":"","meta":{"footnotes":""},"class_list":["post-3433","page","type-page","status-publish","hentry"],"post_mailing_queue_ids":[],"_links":{"self":[{"href":"https:\/\/www.orgbalt.eu\/index.php?rest_route=\/wp\/v2\/pages\/3433","targetHints":{"allow":["GET"]}}],"collection":[{"href":"https:\/\/www.orgbalt.eu\/index.php?rest_route=\/wp\/v2\/pages"}],"about":[{"href":"https:\/\/www.orgbalt.eu\/index.php?rest_route=\/wp\/v2\/types\/page"}],"author":[{"embeddable":true,"href":"https:\/\/www.orgbalt.eu\/index.php?rest_route=\/wp\/v2\/users\/2"}],"replies":[{"embeddable":true,"href":"https:\/\/www.orgbalt.eu\/index.php?rest_route=%2Fwp%2Fv2%2Fcomments&post=3433"}],"version-history":[{"count":3,"href":"https:\/\/www.orgbalt.eu\/index.php?rest_route=\/wp\/v2\/pages\/3433\/revisions"}],"predecessor-version":[{"id":3607,"href":"https:\/\/www.orgbalt.eu\/index.php?rest_route=\/wp\/v2\/pages\/3433\/revisions\/3607"}],"up":[{"embeddable":true,"href":"https:\/\/www.orgbalt.eu\/index.php?rest_route=\/wp\/v2\/pages\/2823"}],"wp:attachment":[{"href":"https:\/\/www.orgbalt.eu\/index.php?rest_route=%2Fwp%2Fv2%2Fmedia&parent=3433"}],"curies":[{"name":"wp","href":"https:\/\/api.w.org\/{rel}","templated":true}]}}