{"id":3851,"date":"2021-07-22T10:43:16","date_gmt":"2021-07-22T07:43:16","guid":{"rendered":"https:\/\/www.orgbalt.eu\/?page_id=3851"},"modified":"2024-08-26T15:43:31","modified_gmt":"2024-08-26T12:43:31","slug":"zinu-lapas","status":"publish","type":"page","link":"https:\/\/www.orgbalt.eu\/?page_id=3851&lang=lv","title":{"rendered":"ZI\u0145U LAPAS"},"content":{"rendered":"\n<div class=\"wp-block-columns is-layout-flex wp-container-core-columns-is-layout-9d6595d7 wp-block-columns-is-layout-flex\">\n<div class=\"wp-block-column is-layout-flow wp-block-column-is-layout-flow\">\n<figure class=\"wp-block-image size-full\"><a href=\"https:\/\/www.orgbalt.eu\/wp-content\/uploads\/2024\/08\/8th-Newsletter-ENG_full.pdf\"><img loading=\"lazy\" decoding=\"async\" width=\"991\" height=\"766\" src=\"https:\/\/www.orgbalt.eu\/wp-content\/uploads\/2024\/08\/Ekranuznemums-2024-08-26-154000.png\" alt=\"\" class=\"wp-image-5555\" srcset=\"https:\/\/www.orgbalt.eu\/wp-content\/uploads\/2024\/08\/Ekranuznemums-2024-08-26-154000.png 991w, https:\/\/www.orgbalt.eu\/wp-content\/uploads\/2024\/08\/Ekranuznemums-2024-08-26-154000-300x232.png 300w, https:\/\/www.orgbalt.eu\/wp-content\/uploads\/2024\/08\/Ekranuznemums-2024-08-26-154000-768x594.png 768w\" sizes=\"auto, (max-width: 991px) 100vw, 991px\" \/><\/a><\/figure>\n\n\n\n<p><strong><a href=\"https:\/\/www.orgbalt.eu\/wp-content\/uploads\/2024\/08\/8th-Newsletter-ENG_full.pdf\" target=\"_blank\" rel=\"noreferrer noopener\">Zi\u0146u lapa Nr.8 &#8211; Augusts, 2024<\/a><\/strong><\/p>\n<\/div>\n\n\n\n<div class=\"wp-block-column is-layout-flow wp-block-column-is-layout-flow\">\n<figure class=\"wp-block-image size-full\"><a href=\"https:\/\/www.orgbalt.eu\/wp-content\/uploads\/2024\/05\/7th-Newsletter-LV.pdf\"><img loading=\"lazy\" decoding=\"async\" width=\"1015\" height=\"786\" src=\"https:\/\/www.orgbalt.eu\/wp-content\/uploads\/2024\/05\/newslletter-img-lv.png\" alt=\"\" class=\"wp-image-4801\" srcset=\"https:\/\/www.orgbalt.eu\/wp-content\/uploads\/2024\/05\/newslletter-img-lv.png 1015w, https:\/\/www.orgbalt.eu\/wp-content\/uploads\/2024\/05\/newslletter-img-lv-300x232.png 300w, https:\/\/www.orgbalt.eu\/wp-content\/uploads\/2024\/05\/newslletter-img-lv-768x595.png 768w\" sizes=\"auto, (max-width: 1015px) 100vw, 1015px\" \/><\/a><\/figure>\n\n\n\n<p><strong><a href=\"https:\/\/www.orgbalt.eu\/wp-content\/uploads\/2024\/05\/7th-Newsletter-LV.pdf\" data-type=\"link\" data-id=\"https:\/\/www.orgbalt.eu\/wp-content\/uploads\/2024\/05\/7th-Newsletter-LV.pdf\" target=\"_blank\" rel=\"noreferrer noopener\">Zi\u0146u lapa Nr.7 &#8211; Maijs, 2024<\/a><\/strong><\/p>\n<\/div>\n<\/div>\n\n\n\n<div class=\"wp-block-columns is-layout-flex wp-container-core-columns-is-layout-9d6595d7 wp-block-columns-is-layout-flex\">\n<div class=\"wp-block-column is-layout-flow wp-block-column-is-layout-flow\">\n<figure class=\"wp-block-image size-full\"><a href=\"https:\/\/www.orgbalt.eu\/wp-content\/uploads\/2023\/01\/5th-Newsletter-LV04012022.pdf\"><img loading=\"lazy\" decoding=\"async\" width=\"1011\" height=\"721\" src=\"https:\/\/www.orgbalt.eu\/wp-content\/uploads\/2023\/01\/5.zinu-lapa.jpg\" alt=\"\" class=\"wp-image-4306\" srcset=\"https:\/\/www.orgbalt.eu\/wp-content\/uploads\/2023\/01\/5.zinu-lapa.jpg 1011w, https:\/\/www.orgbalt.eu\/wp-content\/uploads\/2023\/01\/5.zinu-lapa-300x214.jpg 300w, https:\/\/www.orgbalt.eu\/wp-content\/uploads\/2023\/01\/5.zinu-lapa-768x548.jpg 768w\" sizes=\"auto, (max-width: 1011px) 100vw, 1011px\" \/><\/a><\/figure>\n\n\n\n<p><strong><a href=\"https:\/\/www.orgbalt.eu\/wp-content\/uploads\/2023\/01\/5th-Newsletter-LV04012022.pdf\" target=\"_blank\" rel=\"noreferrer noopener\">Zi\u0146u lapa Nr.5 &#8211; Janv\u0101ris, 2023<\/a><\/strong><\/p>\n<\/div>\n\n\n\n<div class=\"wp-block-column is-layout-flow wp-block-column-is-layout-flow\">\n<figure class=\"wp-block-image size-full\"><a href=\"https:\/\/www.orgbalt.eu\/wp-content\/uploads\/2024\/01\/6th-Newsletter-LV.pdf\"><img loading=\"lazy\" decoding=\"async\" width=\"964\" height=\"676\" src=\"https:\/\/www.orgbalt.eu\/wp-content\/uploads\/2024\/01\/imgNo6-1.png\" alt=\"\" class=\"wp-image-4600\" srcset=\"https:\/\/www.orgbalt.eu\/wp-content\/uploads\/2024\/01\/imgNo6-1.png 964w, https:\/\/www.orgbalt.eu\/wp-content\/uploads\/2024\/01\/imgNo6-1-300x210.png 300w, https:\/\/www.orgbalt.eu\/wp-content\/uploads\/2024\/01\/imgNo6-1-768x539.png 768w\" sizes=\"auto, (max-width: 964px) 100vw, 964px\" \/><\/a><\/figure>\n\n\n\n<p><a href=\"https:\/\/www.orgbalt.eu\/wp-content\/uploads\/2024\/01\/6th-Newsletter-LV.pdf\" target=\"_blank\" rel=\"noreferrer noopener\"><strong>Zi\u0146u lapa Nr.6 &#8211; Oktobris, 2024<\/strong><\/a><\/p>\n<\/div>\n<\/div>\n\n\n\n<div class=\"wp-block-columns is-layout-flex wp-container-core-columns-is-layout-9d6595d7 wp-block-columns-is-layout-flex\">\n<div class=\"wp-block-column is-layout-flow wp-block-column-is-layout-flow\">\n<figure class=\"wp-block-image size-large\"><a href=\"https:\/\/www.orgbalt.eu\/wp-content\/uploads\/2021\/07\/LIFE-OrgBalt-3rd-newsletter-LV-final.pdf\"><img loading=\"lazy\" decoding=\"async\" width=\"918\" height=\"745\" src=\"https:\/\/www.orgbalt.eu\/wp-content\/uploads\/2021\/07\/LIFE-OrgBalt-3-zinu-lapa.jpg\" alt=\"\" class=\"wp-image-3848\" srcset=\"https:\/\/www.orgbalt.eu\/wp-content\/uploads\/2021\/07\/LIFE-OrgBalt-3-zinu-lapa.jpg 918w, https:\/\/www.orgbalt.eu\/wp-content\/uploads\/2021\/07\/LIFE-OrgBalt-3-zinu-lapa-300x243.jpg 300w, https:\/\/www.orgbalt.eu\/wp-content\/uploads\/2021\/07\/LIFE-OrgBalt-3-zinu-lapa-768x623.jpg 768w\" sizes=\"auto, (max-width: 918px) 100vw, 918px\" \/><\/a><\/figure>\n\n\n\n<p><a rel=\"noreferrer noopener\" aria-label=\"Zi\u0146u lapa Nr.3 - J\u016blijs, 2021 (opens in a new tab)\" href=\"https:\/\/www.orgbalt.eu\/wp-content\/uploads\/2021\/07\/LIFE-OrgBalt-3rd-newsletter-LV-final.pdf\" target=\"_blank\"><strong>Zi\u0146u lapa Nr.3 &#8211; J\u016blijs, 2021<\/strong><\/a><\/p>\n<\/div>\n\n\n\n<div class=\"wp-block-column is-layout-flow wp-block-column-is-layout-flow\">\n<figure class=\"wp-block-image size-full\"><a href=\"https:\/\/www.orgbalt.eu\/wp-content\/uploads\/2021\/12\/LIFE-ORGBALT-4th-Newsletter-LV.pdf\"><img loading=\"lazy\" decoding=\"async\" width=\"907\" height=\"733\" src=\"https:\/\/www.orgbalt.eu\/wp-content\/uploads\/2023\/01\/4.zinu-lapa.jpg\" alt=\"\" class=\"wp-image-4310\" srcset=\"https:\/\/www.orgbalt.eu\/wp-content\/uploads\/2023\/01\/4.zinu-lapa.jpg 907w, https:\/\/www.orgbalt.eu\/wp-content\/uploads\/2023\/01\/4.zinu-lapa-300x242.jpg 300w, https:\/\/www.orgbalt.eu\/wp-content\/uploads\/2023\/01\/4.zinu-lapa-768x621.jpg 768w\" sizes=\"auto, (max-width: 907px) 100vw, 907px\" \/><\/a><\/figure>\n\n\n\n<p><strong><a href=\"https:\/\/www.orgbalt.eu\/wp-content\/uploads\/2021\/12\/LIFE-ORGBALT-4th-Newsletter-LV.pdf\" target=\"_blank\" rel=\"noreferrer noopener\">Zi\u0146u lapa Nr.4 &#8211; Decembris, 2021<\/a><\/strong><\/p>\n<\/div>\n<\/div>\n\n\n\n<div class=\"wp-block-columns is-layout-flex wp-container-core-columns-is-layout-9d6595d7 wp-block-columns-is-layout-flex\">\n<div class=\"wp-block-column is-layout-flow wp-block-column-is-layout-flow\">\n<figure class=\"wp-block-image size-full\"><a href=\"https:\/\/www.orgbalt.eu\/wp-content\/uploads\/2023\/01\/1_LIFE_OrgBalt_Zinu_lapa_LV.pdf\"><img loading=\"lazy\" decoding=\"async\" width=\"637\" height=\"132\" src=\"https:\/\/www.orgbalt.eu\/wp-content\/uploads\/2023\/01\/1zinu-lapa.jpg\" alt=\"\" class=\"wp-image-4315\" srcset=\"https:\/\/www.orgbalt.eu\/wp-content\/uploads\/2023\/01\/1zinu-lapa.jpg 637w, https:\/\/www.orgbalt.eu\/wp-content\/uploads\/2023\/01\/1zinu-lapa-300x62.jpg 300w\" sizes=\"auto, (max-width: 637px) 100vw, 637px\" \/><\/a><\/figure>\n\n\n\n<p><strong><a href=\"https:\/\/www.orgbalt.eu\/wp-content\/uploads\/2023\/01\/1_LIFE_OrgBalt_Zinu_lapa_LV.pdf\" target=\"_blank\" rel=\"noreferrer noopener\">Zi\u0146u lapa Nr.1 &#8211; Maijs, 2020<\/a><\/strong><\/p>\n<\/div>\n\n\n\n<div class=\"wp-block-column is-layout-flow wp-block-column-is-layout-flow\">\n<figure class=\"wp-block-image size-full\"><a href=\"https:\/\/www.orgbalt.eu\/wp-content\/uploads\/2023\/01\/LIFE-OrgBalt-2nd-Newsletter_LV.pdf\"><img loading=\"lazy\" decoding=\"async\" width=\"916\" height=\"721\" src=\"https:\/\/www.orgbalt.eu\/wp-content\/uploads\/2023\/01\/2.zinu-lapa.jpg\" alt=\"\" class=\"wp-image-4318\" srcset=\"https:\/\/www.orgbalt.eu\/wp-content\/uploads\/2023\/01\/2.zinu-lapa.jpg 916w, https:\/\/www.orgbalt.eu\/wp-content\/uploads\/2023\/01\/2.zinu-lapa-300x236.jpg 300w, https:\/\/www.orgbalt.eu\/wp-content\/uploads\/2023\/01\/2.zinu-lapa-768x605.jpg 768w\" sizes=\"auto, (max-width: 916px) 100vw, 916px\" \/><\/a><\/figure>\n\n\n\n<p><strong><a href=\"https:\/\/www.orgbalt.eu\/wp-content\/uploads\/2023\/01\/LIFE-OrgBalt-2nd-Newsletter_LV.pdf\" target=\"_blank\" rel=\"noreferrer noopener\">Zi\u0146u lapa Nr.2 &#8211; Oktobris, 2020<\/a><\/strong><\/p>\n<\/div>\n<\/div>\n","protected":false},"excerpt":{"rendered":"<p>Zi\u0146u lapa Nr.8 &#8211; Augusts, 2024 Zi\u0146u lapa Nr.7 &#8211; Maijs, 2024 Zi\u0146u lapa Nr.5 &#8211; Janv\u0101ris, 2023 Zi\u0146u lapa Nr.6 &#8211; Oktobris, 2024 Zi\u0146u lapa Nr.3 &#8211; J\u016blijs, 2021 [&hellip;]<\/p>\n","protected":false},"author":2,"featured_media":2993,"parent":3697,"menu_order":0,"comment_status":"closed","ping_status":"closed","template":"","meta":{"footnotes":""},"class_list":["post-3851","page","type-page","status-publish","has-post-thumbnail","hentry"],"post_mailing_queue_ids":[],"_links":{"self":[{"href":"https:\/\/www.orgbalt.eu\/index.php?rest_route=\/wp\/v2\/pages\/3851","targetHints":{"allow":["GET"]}}],"collection":[{"href":"https:\/\/www.orgbalt.eu\/index.php?rest_route=\/wp\/v2\/pages"}],"about":[{"href":"https:\/\/www.orgbalt.eu\/index.php?rest_route=\/wp\/v2\/types\/page"}],"author":[{"embeddable":true,"href":"https:\/\/www.orgbalt.eu\/index.php?rest_route=\/wp\/v2\/users\/2"}],"replies":[{"embeddable":true,"href":"https:\/\/www.orgbalt.eu\/index.php?rest_route=%2Fwp%2Fv2%2Fcomments&post=3851"}],"version-history":[{"count":18,"href":"https:\/\/www.orgbalt.eu\/index.php?rest_route=\/wp\/v2\/pages\/3851\/revisions"}],"predecessor-version":[{"id":5558,"href":"https:\/\/www.orgbalt.eu\/index.php?rest_route=\/wp\/v2\/pages\/3851\/revisions\/5558"}],"up":[{"embeddable":true,"href":"https:\/\/www.orgbalt.eu\/index.php?rest_route=\/wp\/v2\/pages\/3697"}],"wp:featuredmedia":[{"embeddable":true,"href":"https:\/\/www.orgbalt.eu\/index.php?rest_route=\/wp\/v2\/media\/2993"}],"wp:attachment":[{"href":"https:\/\/www.orgbalt.eu\/index.php?rest_route=%2Fwp%2Fv2%2Fmedia&parent=3851"}],"curies":[{"name":"wp","href":"https:\/\/api.w.org\/{rel}","templated":true}]}}