{"id":3869,"date":"2021-09-10T10:19:34","date_gmt":"2021-09-10T07:19:34","guid":{"rendered":"https:\/\/www.orgbalt.eu\/?page_id=3869"},"modified":"2021-09-10T10:21:36","modified_gmt":"2021-09-10T07:21:36","slug":"tehnikas-un-inovaciju-festivals-mehatrons-2021","status":"publish","type":"page","link":"https:\/\/www.orgbalt.eu\/?page_id=3869&lang=lv","title":{"rendered":"Tehnikas un inov\u0101ciju festiv\u0101ls &#8220;Mehatrons 2021&#8221;"},"content":{"rendered":"\n<p><strong>Datums:<\/strong>&nbsp;04.09.2021.<\/p>\n\n\n\n<p><strong>Norises vieta:&nbsp;<\/strong>Jelgava, Latvija<\/p>\n\n\n\n<p><strong>Organizators<\/strong>: Zemgales re\u0123iona Kompeten\u010du att\u012bst\u012bbas centrs<\/p>\n\n\n\n<p><strong><a href=\"https:\/\/www.orgbalt.eu\/?p=3862&amp;lang=lv\" target=\"_blank\" rel=\"noreferrer noopener\" aria-label=\"Vair\u0101k par Tehnikas un inov\u0101ciju festiv\u0101lu &quot;Mehatrons 2021&quot; las\u012bt: \u0160EIT (opens in a new tab)\">Vair\u0101k par Tehnikas un inov\u0101ciju festiv\u0101lu &#8220;Mehatrons 2021&#8221; las\u012bt: \u0160EIT<\/a><\/strong><\/p>\n\n\n\n<p><strong><a href=\"https:\/\/www.orgbalt.eu\/wp-content\/uploads\/2021\/09\/image002.jpg\" target=\"_blank\" rel=\"noreferrer noopener\" aria-label=\"Festiv\u0101la programma: \u0160EIT (opens in a new tab)\">Festiv\u0101la programma: \u0160EIT<\/a><\/strong><\/p>\n\n\n\n<p><strong>LIFE OrgBalt stenda refer\u0101ti: \u0160EIT<\/strong><\/p>\n\n\n\n<figure class=\"wp-block-gallery columns-3 is-cropped wp-block-gallery-1 is-layout-flex wp-block-gallery-is-layout-flex\"><ul class=\"blocks-gallery-grid\"><li class=\"blocks-gallery-item\"><figure><img loading=\"lazy\" decoding=\"async\" width=\"768\" height=\"1024\" src=\"https:\/\/www.orgbalt.eu\/wp-content\/uploads\/2021\/09\/20210904_110503-768x1024.jpg\" alt=\"\" data-id=\"3865\" data-full-url=\"https:\/\/www.orgbalt.eu\/wp-content\/uploads\/2021\/09\/20210904_110503-scaled.jpg\" data-link=\"https:\/\/www.orgbalt.eu\/?attachment_id=3865\" class=\"wp-image-3865\" srcset=\"https:\/\/www.orgbalt.eu\/wp-content\/uploads\/2021\/09\/20210904_110503-768x1024.jpg 768w, https:\/\/www.orgbalt.eu\/wp-content\/uploads\/2021\/09\/20210904_110503-225x300.jpg 225w, https:\/\/www.orgbalt.eu\/wp-content\/uploads\/2021\/09\/20210904_110503-1152x1536.jpg 1152w, https:\/\/www.orgbalt.eu\/wp-content\/uploads\/2021\/09\/20210904_110503-1536x2048.jpg 1536w, https:\/\/www.orgbalt.eu\/wp-content\/uploads\/2021\/09\/20210904_110503-scaled.jpg 1920w\" sizes=\"auto, (max-width: 768px) 100vw, 768px\" \/><\/figure><\/li><li class=\"blocks-gallery-item\"><figure><img loading=\"lazy\" decoding=\"async\" width=\"571\" height=\"498\" src=\"https:\/\/www.orgbalt.eu\/wp-content\/uploads\/2021\/09\/Ekr\u0101nuz\u0146\u0113mums-2021-09-07-103129.jpg\" alt=\"\" data-id=\"3864\" data-full-url=\"https:\/\/www.orgbalt.eu\/wp-content\/uploads\/2021\/09\/Ekr\u0101nuz\u0146\u0113mums-2021-09-07-103129.jpg\" data-link=\"https:\/\/www.orgbalt.eu\/?attachment_id=3864\" class=\"wp-image-3864\" srcset=\"https:\/\/www.orgbalt.eu\/wp-content\/uploads\/2021\/09\/Ekr\u0101nuz\u0146\u0113mums-2021-09-07-103129.jpg 571w, https:\/\/www.orgbalt.eu\/wp-content\/uploads\/2021\/09\/Ekr\u0101nuz\u0146\u0113mums-2021-09-07-103129-300x262.jpg 300w\" sizes=\"auto, (max-width: 571px) 100vw, 571px\" \/><\/figure><\/li><li class=\"blocks-gallery-item\"><figure><img loading=\"lazy\" decoding=\"async\" width=\"1024\" height=\"768\" src=\"https:\/\/www.orgbalt.eu\/wp-content\/uploads\/2021\/09\/20210904_095407-1024x768.jpg\" alt=\"\" data-id=\"3863\" data-full-url=\"https:\/\/www.orgbalt.eu\/wp-content\/uploads\/2021\/09\/20210904_095407-scaled.jpg\" data-link=\"https:\/\/www.orgbalt.eu\/?attachment_id=3863\" class=\"wp-image-3863\" srcset=\"https:\/\/www.orgbalt.eu\/wp-content\/uploads\/2021\/09\/20210904_095407-1024x768.jpg 1024w, https:\/\/www.orgbalt.eu\/wp-content\/uploads\/2021\/09\/20210904_095407-300x225.jpg 300w, https:\/\/www.orgbalt.eu\/wp-content\/uploads\/2021\/09\/20210904_095407-768x576.jpg 768w, https:\/\/www.orgbalt.eu\/wp-content\/uploads\/2021\/09\/20210904_095407-1536x1152.jpg 1536w, https:\/\/www.orgbalt.eu\/wp-content\/uploads\/2021\/09\/20210904_095407-2048x1536.jpg 2048w, https:\/\/www.orgbalt.eu\/wp-content\/uploads\/2021\/09\/20210904_095407-360x270.jpg 360w\" sizes=\"auto, (max-width: 1024px) 100vw, 1024px\" \/><\/figure><\/li><\/ul><\/figure>\n","protected":false},"excerpt":{"rendered":"<p>Datums:&nbsp;04.09.2021. Norises vieta:&nbsp;Jelgava, Latvija Organizators: Zemgales re\u0123iona Kompeten\u010du att\u012bst\u012bbas centrs Vair\u0101k par Tehnikas un inov\u0101ciju festiv\u0101lu &#8220;Mehatrons 2021&#8221; las\u012bt: \u0160EIT Festiv\u0101la programma: \u0160EIT LIFE OrgBalt stenda refer\u0101ti: \u0160EIT<\/p>\n","protected":false},"author":2,"featured_media":0,"parent":2831,"menu_order":0,"comment_status":"closed","ping_status":"closed","template":"","meta":{"footnotes":""},"class_list":["post-3869","page","type-page","status-publish","hentry"],"post_mailing_queue_ids":[],"_links":{"self":[{"href":"https:\/\/www.orgbalt.eu\/index.php?rest_route=\/wp\/v2\/pages\/3869","targetHints":{"allow":["GET"]}}],"collection":[{"href":"https:\/\/www.orgbalt.eu\/index.php?rest_route=\/wp\/v2\/pages"}],"about":[{"href":"https:\/\/www.orgbalt.eu\/index.php?rest_route=\/wp\/v2\/types\/page"}],"author":[{"embeddable":true,"href":"https:\/\/www.orgbalt.eu\/index.php?rest_route=\/wp\/v2\/users\/2"}],"replies":[{"embeddable":true,"href":"https:\/\/www.orgbalt.eu\/index.php?rest_route=%2Fwp%2Fv2%2Fcomments&post=3869"}],"version-history":[{"count":3,"href":"https:\/\/www.orgbalt.eu\/index.php?rest_route=\/wp\/v2\/pages\/3869\/revisions"}],"predecessor-version":[{"id":3873,"href":"https:\/\/www.orgbalt.eu\/index.php?rest_route=\/wp\/v2\/pages\/3869\/revisions\/3873"}],"up":[{"embeddable":true,"href":"https:\/\/www.orgbalt.eu\/index.php?rest_route=\/wp\/v2\/pages\/2831"}],"wp:attachment":[{"href":"https:\/\/www.orgbalt.eu\/index.php?rest_route=%2Fwp%2Fv2%2Fmedia&parent=3869"}],"curies":[{"name":"wp","href":"https:\/\/api.w.org\/{rel}","templated":true}]}}