{"id":3886,"date":"2021-09-24T17:12:17","date_gmt":"2021-09-24T14:12:17","guid":{"rendered":"https:\/\/www.orgbalt.eu\/?page_id=3886"},"modified":"2021-09-24T17:12:18","modified_gmt":"2021-09-24T14:12:18","slug":"konference-ilgtspejigas-augsnes-resursu-parvaldibas-uzlabosana-lauksaimnieciba","status":"publish","type":"page","link":"https:\/\/www.orgbalt.eu\/?page_id=3886&lang=lv","title":{"rendered":"Konference &#8220;Ilgtsp\u0113j\u012bgas augsnes resursu p\u0101rvald\u012bbas uzlabo\u0161ana lauksaimniec\u012bb\u0101&#8221;"},"content":{"rendered":"\n<p><strong>Datums:<\/strong>\u00a024.09.2021.<\/p>\n\n\n\n<p><strong>Norises vieta:\u00a0<\/strong>R\u012bga, Latvija \/ tie\u0161saiste<\/p>\n\n\n\n<p><strong>Organizators<\/strong>: LR Zemkop\u012bbas ministrija<\/p>\n\n\n\n<p><strong><a href=\"https:\/\/www.orgbalt.eu\/wp-content\/uploads\/2021\/09\/E2SOILAGRI_meeting_agenda.pdf\" target=\"_blank\" rel=\"noreferrer noopener\" aria-label=\"Konferences programma: \u0160EIT (opens in a new tab)\">Konferences programma: \u0160EIT<\/a><\/strong><\/p>\n\n\n\n<p><strong>LIFE OrgBalt prezent\u0101cijas:<\/strong><\/p>\n\n\n\n<ul class=\"wp-block-list\"><li> <strong><a href=\"https:\/\/www.orgbalt.eu\/wp-content\/uploads\/2021\/09\/LIFEOrgBalt_projekta-m\u0113r\u0137i-un-sagaid\u0101mie-rezult\u0101ti_24092021.pdf\" target=\"_blank\" rel=\"noreferrer noopener\" aria-label=\"LIFE OrgBalt projekta m\u0113r\u0137i un sagaid\u0101mie\u00a0rezult\u0101ti klimata p\u0101rmai\u0146u ietekmes mazin\u0101\u0161anai\u00a0organisk\u0101s augsnes apsaimnieko\u0161an\u0101 (opens in a new tab)\">LIFE OrgBalt projekta m\u0113r\u0137i un sagaid\u0101mie\u00a0rezult\u0101ti klimata p\u0101rmai\u0146u ietekmes mazin\u0101\u0161anai\u00a0organisk\u0101s augsnes apsaimnieko\u0161an\u0101<\/a><\/strong>\u200b, Ieva L\u012bc\u012bte, LIFE OrgBalt vad\u012bt\u0101ja,  <em>Latvijas Valsts me\u017ezin\u0101tnes\u00a0instit\u016bts \u201cSilava\u201d<\/em> <\/li><li><strong> <a href=\"https:\/\/www.orgbalt.eu\/wp-content\/uploads\/2021\/09\/Lazdins-A-20210921-OrgBalt-1.pdf\" target=\"_blank\" rel=\"noreferrer noopener\" aria-label=\"LIFE OrgBalt projekt\u0101 v\u0113rt\u0113jam\u0101s organisk\u0101s\u00a0augsnes apsaimnieko\u0161anas scen\u0101riju potenci\u0101l\u0101\u00a0ietekme uz siltumn\u012bcefekta g\u0101zu emisij\u0101m (opens in a new tab)\">LIFE OrgBalt projekt\u0101 v\u0113rt\u0113jam\u0101s organisk\u0101s\u00a0augsnes apsaimnieko\u0161anas scen\u0101riju potenci\u0101l\u0101\u00a0ietekme uz siltumn\u012bcefekta g\u0101zu emisij\u0101m<\/a>\u200b<\/strong>, Andis Lazdi\u0146\u0161,  <em>Latvijas Valsts me\u017ezin\u0101tnes\u00a0instit\u016bts \u201cSilava\u201d<\/em>  <\/li><\/ul>\n\n\n\n<figure class=\"wp-block-gallery columns-3 is-cropped wp-block-gallery-1 is-layout-flex wp-block-gallery-is-layout-flex\"><ul class=\"blocks-gallery-grid\"><li class=\"blocks-gallery-item\"><figure><img loading=\"lazy\" decoding=\"async\" width=\"1024\" height=\"803\" src=\"https:\/\/www.orgbalt.eu\/wp-content\/uploads\/2021\/09\/01-1024x803.jpg\" alt=\"\" data-id=\"3890\" data-full-url=\"https:\/\/www.orgbalt.eu\/wp-content\/uploads\/2021\/09\/01.jpg\" data-link=\"https:\/\/www.orgbalt.eu\/?attachment_id=3890\" class=\"wp-image-3890\" srcset=\"https:\/\/www.orgbalt.eu\/wp-content\/uploads\/2021\/09\/01-1024x803.jpg 1024w, https:\/\/www.orgbalt.eu\/wp-content\/uploads\/2021\/09\/01-300x235.jpg 300w, https:\/\/www.orgbalt.eu\/wp-content\/uploads\/2021\/09\/01-768x602.jpg 768w, https:\/\/www.orgbalt.eu\/wp-content\/uploads\/2021\/09\/01.jpg 1285w\" sizes=\"auto, (max-width: 1024px) 100vw, 1024px\" \/><\/figure><\/li><li class=\"blocks-gallery-item\"><figure><img loading=\"lazy\" decoding=\"async\" width=\"1024\" height=\"530\" src=\"https:\/\/www.orgbalt.eu\/wp-content\/uploads\/2021\/09\/04-1024x530.jpg\" alt=\"\" data-id=\"3892\" data-full-url=\"https:\/\/www.orgbalt.eu\/wp-content\/uploads\/2021\/09\/04.jpg\" data-link=\"https:\/\/www.orgbalt.eu\/?attachment_id=3892\" class=\"wp-image-3892\" srcset=\"https:\/\/www.orgbalt.eu\/wp-content\/uploads\/2021\/09\/04-1024x530.jpg 1024w, https:\/\/www.orgbalt.eu\/wp-content\/uploads\/2021\/09\/04-300x155.jpg 300w, https:\/\/www.orgbalt.eu\/wp-content\/uploads\/2021\/09\/04-768x398.jpg 768w, https:\/\/www.orgbalt.eu\/wp-content\/uploads\/2021\/09\/04-1536x795.jpg 1536w, https:\/\/www.orgbalt.eu\/wp-content\/uploads\/2021\/09\/04.jpg 1900w\" sizes=\"auto, (max-width: 1024px) 100vw, 1024px\" \/><\/figure><\/li><li class=\"blocks-gallery-item\"><figure><img loading=\"lazy\" decoding=\"async\" width=\"1024\" height=\"540\" src=\"https:\/\/www.orgbalt.eu\/wp-content\/uploads\/2021\/09\/05-1024x540.jpg\" alt=\"\" data-id=\"3893\" data-full-url=\"https:\/\/www.orgbalt.eu\/wp-content\/uploads\/2021\/09\/05.jpg\" data-link=\"https:\/\/www.orgbalt.eu\/?attachment_id=3893\" class=\"wp-image-3893\" srcset=\"https:\/\/www.orgbalt.eu\/wp-content\/uploads\/2021\/09\/05-1024x540.jpg 1024w, https:\/\/www.orgbalt.eu\/wp-content\/uploads\/2021\/09\/05-300x158.jpg 300w, https:\/\/www.orgbalt.eu\/wp-content\/uploads\/2021\/09\/05-768x405.jpg 768w, https:\/\/www.orgbalt.eu\/wp-content\/uploads\/2021\/09\/05-1536x810.jpg 1536w, https:\/\/www.orgbalt.eu\/wp-content\/uploads\/2021\/09\/05.jpg 1920w\" sizes=\"auto, (max-width: 1024px) 100vw, 1024px\" \/><\/figure><\/li><li class=\"blocks-gallery-item\"><figure><img loading=\"lazy\" decoding=\"async\" width=\"1024\" height=\"545\" src=\"https:\/\/www.orgbalt.eu\/wp-content\/uploads\/2021\/09\/05a-1024x545.jpg\" alt=\"\" data-id=\"3894\" data-full-url=\"https:\/\/www.orgbalt.eu\/wp-content\/uploads\/2021\/09\/05a.jpg\" data-link=\"https:\/\/www.orgbalt.eu\/?attachment_id=3894\" class=\"wp-image-3894\" srcset=\"https:\/\/www.orgbalt.eu\/wp-content\/uploads\/2021\/09\/05a-1024x545.jpg 1024w, https:\/\/www.orgbalt.eu\/wp-content\/uploads\/2021\/09\/05a-300x160.jpg 300w, https:\/\/www.orgbalt.eu\/wp-content\/uploads\/2021\/09\/05a-768x409.jpg 768w, https:\/\/www.orgbalt.eu\/wp-content\/uploads\/2021\/09\/05a-1536x818.jpg 1536w, https:\/\/www.orgbalt.eu\/wp-content\/uploads\/2021\/09\/05a.jpg 1915w\" sizes=\"auto, (max-width: 1024px) 100vw, 1024px\" \/><\/figure><\/li><li class=\"blocks-gallery-item\"><figure><img loading=\"lazy\" decoding=\"async\" width=\"1024\" height=\"736\" src=\"https:\/\/www.orgbalt.eu\/wp-content\/uploads\/2021\/09\/06-1024x736.jpg\" alt=\"\" data-id=\"3895\" data-full-url=\"https:\/\/www.orgbalt.eu\/wp-content\/uploads\/2021\/09\/06.jpg\" data-link=\"https:\/\/www.orgbalt.eu\/?attachment_id=3895\" class=\"wp-image-3895\" srcset=\"https:\/\/www.orgbalt.eu\/wp-content\/uploads\/2021\/09\/06-1024x736.jpg 1024w, https:\/\/www.orgbalt.eu\/wp-content\/uploads\/2021\/09\/06-300x216.jpg 300w, https:\/\/www.orgbalt.eu\/wp-content\/uploads\/2021\/09\/06-768x552.jpg 768w, https:\/\/www.orgbalt.eu\/wp-content\/uploads\/2021\/09\/06.jpg 1435w\" sizes=\"auto, (max-width: 1024px) 100vw, 1024px\" \/><\/figure><\/li><\/ul><\/figure>\n\n\n\n<p><strong> <\/strong><\/p>\n","protected":false},"excerpt":{"rendered":"<p>Datums:\u00a024.09.2021. Norises vieta:\u00a0R\u012bga, Latvija \/ tie\u0161saiste Organizators: LR Zemkop\u012bbas ministrija Konferences programma: \u0160EIT LIFE OrgBalt prezent\u0101cijas: LIFE OrgBalt projekta m\u0113r\u0137i un sagaid\u0101mie\u00a0rezult\u0101ti klimata p\u0101rmai\u0146u ietekmes mazin\u0101\u0161anai\u00a0organisk\u0101s augsnes apsaimnieko\u0161an\u0101\u200b, Ieva L\u012bc\u012bte, [&hellip;]<\/p>\n","protected":false},"author":2,"featured_media":0,"parent":2831,"menu_order":0,"comment_status":"closed","ping_status":"closed","template":"","meta":{"footnotes":""},"class_list":["post-3886","page","type-page","status-publish","hentry"],"post_mailing_queue_ids":[],"_links":{"self":[{"href":"https:\/\/www.orgbalt.eu\/index.php?rest_route=\/wp\/v2\/pages\/3886","targetHints":{"allow":["GET"]}}],"collection":[{"href":"https:\/\/www.orgbalt.eu\/index.php?rest_route=\/wp\/v2\/pages"}],"about":[{"href":"https:\/\/www.orgbalt.eu\/index.php?rest_route=\/wp\/v2\/types\/page"}],"author":[{"embeddable":true,"href":"https:\/\/www.orgbalt.eu\/index.php?rest_route=\/wp\/v2\/users\/2"}],"replies":[{"embeddable":true,"href":"https:\/\/www.orgbalt.eu\/index.php?rest_route=%2Fwp%2Fv2%2Fcomments&post=3886"}],"version-history":[{"count":1,"href":"https:\/\/www.orgbalt.eu\/index.php?rest_route=\/wp\/v2\/pages\/3886\/revisions"}],"predecessor-version":[{"id":3896,"href":"https:\/\/www.orgbalt.eu\/index.php?rest_route=\/wp\/v2\/pages\/3886\/revisions\/3896"}],"up":[{"embeddable":true,"href":"https:\/\/www.orgbalt.eu\/index.php?rest_route=\/wp\/v2\/pages\/2831"}],"wp:attachment":[{"href":"https:\/\/www.orgbalt.eu\/index.php?rest_route=%2Fwp%2Fv2%2Fmedia&parent=3886"}],"curies":[{"name":"wp","href":"https:\/\/api.w.org\/{rel}","templated":true}]}}