{"id":3963,"date":"2021-11-09T10:08:31","date_gmt":"2021-11-09T07:08:31","guid":{"rendered":"https:\/\/www.orgbalt.eu\/?page_id=3963"},"modified":"2021-11-09T11:38:31","modified_gmt":"2021-11-09T08:38:31","slug":"life-orgbalt-partneru-organizets-seminars-ano-klimata-parmainu-konference-cop26","status":"publish","type":"page","link":"https:\/\/www.orgbalt.eu\/?page_id=3963&lang=lv","title":{"rendered":"LIFE OrgBalt partneru organiz\u0113ts semin\u0101rs ANO Klimata p\u0101rmai\u0146u konferenc\u0113 COP26"},"content":{"rendered":"\n<p>LIFE OrgBalt partneru &#8211; Michael Succow Foundation un LVMI &#8220;Silava&#8221; organiz\u0113ts semin\u0101rs &#8220;Organisk\u0101s augsnes un k\u016bdr\u0101ji Baltijas valst\u012bs: P\u0101rmai\u0146u samazin\u0101\u0161anas metodes un monitorings, paludikult\u016bras un oglek\u013csaist\u012bg\u0101s lauksaimniec\u012bbas pieejas&#8221; ANO Klimata p\u0101rmai\u0146u konferences COP26 Purvu paviljon\u0101.<\/p>\n\n\n\n<p><strong>Datums:<\/strong>&nbsp;08.11.2021.<\/p>\n\n\n\n<p><strong>Norises vieta:<\/strong>&nbsp;Gl\u0101zgova, Lielbrit\u0101nija \/ tie\u0161saist\u0113<\/p>\n\n\n\n<p><strong>Organiz\u0113<\/strong>: LIFE OrgBalt partneri &#8211;  Michael Succow Foundation un LVMI &#8220;Silava&#8221; <\/p>\n\n\n\n<p><a href=\"https:\/\/www.orgbalt.eu\/?p=3968&amp;lang=lv\" target=\"_blank\" rel=\"noreferrer noopener\" aria-label=\"Vair\u0101k par semin\u0101ru COP26 konferenc\u0113: \u0160EIT (opens in a new tab)\"><strong>Vair\u0101k par semin\u0101ru COP26 konferenc\u0113: \u0160EIT<\/strong><\/a><\/p>\n\n\n\n<p><strong><a rel=\"noreferrer noopener\" href=\"https:\/\/www.orgbalt.eu\/wp-content\/uploads\/2021\/11\/COP26-Peatland-Pavilion-Programme-Blue-Zone-Hall4-PV2.pdf\" target=\"_blank\">COP26 Purvu paviljona programma: \u0160EIT<\/a><\/strong><\/p>\n\n\n\n<p><a rel=\"noreferrer noopener\" href=\"https:\/\/www.orgbalt.eu\/wp-content\/uploads\/2021\/11\/LIFEOrgBalt_prelimenary-results_COP26-Peatlands-pavilion_-1.pdf\" target=\"_blank\"><strong>LIFE OrgBalt prezent\u0101cija:<\/strong> <strong>\u0160EIT<\/strong><\/a><\/p>\n\n\n\n<p>Vair\u0101k par COP26: https:\/\/ukcop26.org\/<\/p>\n\n\n\n<figure class=\"wp-block-gallery columns-3 is-cropped wp-block-gallery-1 is-layout-flex wp-block-gallery-is-layout-flex\"><ul class=\"blocks-gallery-grid\"><li class=\"blocks-gallery-item\"><figure><img loading=\"lazy\" decoding=\"async\" width=\"913\" height=\"681\" src=\"https:\/\/www.orgbalt.eu\/wp-content\/uploads\/2021\/11\/06.jpg\" alt=\"\" data-id=\"3973\" data-full-url=\"https:\/\/www.orgbalt.eu\/wp-content\/uploads\/2021\/11\/06.jpg\" data-link=\"https:\/\/www.orgbalt.eu\/?attachment_id=3973\" class=\"wp-image-3973\" srcset=\"https:\/\/www.orgbalt.eu\/wp-content\/uploads\/2021\/11\/06.jpg 913w, https:\/\/www.orgbalt.eu\/wp-content\/uploads\/2021\/11\/06-300x224.jpg 300w, https:\/\/www.orgbalt.eu\/wp-content\/uploads\/2021\/11\/06-768x573.jpg 768w, https:\/\/www.orgbalt.eu\/wp-content\/uploads\/2021\/11\/06-350x260.jpg 350w, https:\/\/www.orgbalt.eu\/wp-content\/uploads\/2021\/11\/06-360x270.jpg 360w\" sizes=\"auto, (max-width: 913px) 100vw, 913px\" \/><\/figure><\/li><li class=\"blocks-gallery-item\"><figure><img loading=\"lazy\" decoding=\"async\" width=\"910\" height=\"680\" src=\"https:\/\/www.orgbalt.eu\/wp-content\/uploads\/2021\/11\/05.jpg\" alt=\"\" data-id=\"3972\" data-full-url=\"https:\/\/www.orgbalt.eu\/wp-content\/uploads\/2021\/11\/05.jpg\" data-link=\"https:\/\/www.orgbalt.eu\/?attachment_id=3972\" class=\"wp-image-3972\" srcset=\"https:\/\/www.orgbalt.eu\/wp-content\/uploads\/2021\/11\/05.jpg 910w, https:\/\/www.orgbalt.eu\/wp-content\/uploads\/2021\/11\/05-300x224.jpg 300w, https:\/\/www.orgbalt.eu\/wp-content\/uploads\/2021\/11\/05-768x574.jpg 768w, https:\/\/www.orgbalt.eu\/wp-content\/uploads\/2021\/11\/05-360x270.jpg 360w\" sizes=\"auto, (max-width: 910px) 100vw, 910px\" \/><\/figure><\/li><li class=\"blocks-gallery-item\"><figure><img loading=\"lazy\" decoding=\"async\" width=\"1024\" height=\"430\" src=\"https:\/\/www.orgbalt.eu\/wp-content\/uploads\/2021\/11\/04-1024x430.jpg\" alt=\"\" data-id=\"3971\" data-full-url=\"https:\/\/www.orgbalt.eu\/wp-content\/uploads\/2021\/11\/04.jpg\" data-link=\"https:\/\/www.orgbalt.eu\/?attachment_id=3971\" class=\"wp-image-3971\" srcset=\"https:\/\/www.orgbalt.eu\/wp-content\/uploads\/2021\/11\/04-1024x430.jpg 1024w, https:\/\/www.orgbalt.eu\/wp-content\/uploads\/2021\/11\/04-300x126.jpg 300w, https:\/\/www.orgbalt.eu\/wp-content\/uploads\/2021\/11\/04-768x323.jpg 768w, https:\/\/www.orgbalt.eu\/wp-content\/uploads\/2021\/11\/04-1536x646.jpg 1536w, https:\/\/www.orgbalt.eu\/wp-content\/uploads\/2021\/11\/04.jpg 1920w\" sizes=\"auto, (max-width: 1024px) 100vw, 1024px\" \/><\/figure><\/li><li class=\"blocks-gallery-item\"><figure><img loading=\"lazy\" decoding=\"async\" width=\"1024\" height=\"549\" src=\"https:\/\/www.orgbalt.eu\/wp-content\/uploads\/2021\/11\/03-1024x549.jpg\" alt=\"\" data-id=\"3970\" data-full-url=\"https:\/\/www.orgbalt.eu\/wp-content\/uploads\/2021\/11\/03.jpg\" data-link=\"https:\/\/www.orgbalt.eu\/?attachment_id=3970\" class=\"wp-image-3970\" srcset=\"https:\/\/www.orgbalt.eu\/wp-content\/uploads\/2021\/11\/03-1024x549.jpg 1024w, https:\/\/www.orgbalt.eu\/wp-content\/uploads\/2021\/11\/03-300x161.jpg 300w, https:\/\/www.orgbalt.eu\/wp-content\/uploads\/2021\/11\/03-768x412.jpg 768w, https:\/\/www.orgbalt.eu\/wp-content\/uploads\/2021\/11\/03-1536x823.jpg 1536w, https:\/\/www.orgbalt.eu\/wp-content\/uploads\/2021\/11\/03.jpg 1696w\" sizes=\"auto, (max-width: 1024px) 100vw, 1024px\" \/><\/figure><\/li><li class=\"blocks-gallery-item\"><figure><img loading=\"lazy\" decoding=\"async\" width=\"1024\" height=\"509\" src=\"https:\/\/www.orgbalt.eu\/wp-content\/uploads\/2021\/11\/02-1024x509.jpg\" alt=\"\" data-id=\"3969\" data-full-url=\"https:\/\/www.orgbalt.eu\/wp-content\/uploads\/2021\/11\/02.jpg\" data-link=\"https:\/\/www.orgbalt.eu\/?attachment_id=3969\" class=\"wp-image-3969\" srcset=\"https:\/\/www.orgbalt.eu\/wp-content\/uploads\/2021\/11\/02-1024x509.jpg 1024w, https:\/\/www.orgbalt.eu\/wp-content\/uploads\/2021\/11\/02-300x149.jpg 300w, https:\/\/www.orgbalt.eu\/wp-content\/uploads\/2021\/11\/02-768x382.jpg 768w, https:\/\/www.orgbalt.eu\/wp-content\/uploads\/2021\/11\/02-1536x764.jpg 1536w, https:\/\/www.orgbalt.eu\/wp-content\/uploads\/2021\/11\/02.jpg 1920w\" sizes=\"auto, (max-width: 1024px) 100vw, 1024px\" \/><\/figure><\/li><li class=\"blocks-gallery-item\"><figure><img loading=\"lazy\" decoding=\"async\" width=\"1024\" height=\"1024\" src=\"https:\/\/www.orgbalt.eu\/wp-content\/uploads\/2021\/11\/Organic-soils-and-peatlands-in-the-Baltic-countries_sm-card-1-1-1024x1024.png\" alt=\"\" data-id=\"3930\" data-full-url=\"https:\/\/www.orgbalt.eu\/wp-content\/uploads\/2021\/11\/Organic-soils-and-peatlands-in-the-Baltic-countries_sm-card-1-1.png\" data-link=\"https:\/\/www.orgbalt.eu\/?attachment_id=3930\" class=\"wp-image-3930\" srcset=\"https:\/\/www.orgbalt.eu\/wp-content\/uploads\/2021\/11\/Organic-soils-and-peatlands-in-the-Baltic-countries_sm-card-1-1-1024x1024.png 1024w, https:\/\/www.orgbalt.eu\/wp-content\/uploads\/2021\/11\/Organic-soils-and-peatlands-in-the-Baltic-countries_sm-card-1-1-300x300.png 300w, https:\/\/www.orgbalt.eu\/wp-content\/uploads\/2021\/11\/Organic-soils-and-peatlands-in-the-Baltic-countries_sm-card-1-1-150x150.png 150w, https:\/\/www.orgbalt.eu\/wp-content\/uploads\/2021\/11\/Organic-soils-and-peatlands-in-the-Baltic-countries_sm-card-1-1-768x768.png 768w, https:\/\/www.orgbalt.eu\/wp-content\/uploads\/2021\/11\/Organic-soils-and-peatlands-in-the-Baltic-countries_sm-card-1-1-65x65.png 65w, https:\/\/www.orgbalt.eu\/wp-content\/uploads\/2021\/11\/Organic-soils-and-peatlands-in-the-Baltic-countries_sm-card-1-1.png 1080w\" sizes=\"auto, (max-width: 1024px) 100vw, 1024px\" \/><\/figure><\/li><\/ul><\/figure>\n","protected":false},"excerpt":{"rendered":"<p>LIFE OrgBalt partneru &#8211; Michael Succow Foundation un LVMI &#8220;Silava&#8221; organiz\u0113ts semin\u0101rs &#8220;Organisk\u0101s augsnes un k\u016bdr\u0101ji Baltijas valst\u012bs: P\u0101rmai\u0146u samazin\u0101\u0161anas metodes un monitorings, paludikult\u016bras un oglek\u013csaist\u012bg\u0101s lauksaimniec\u012bbas pieejas&#8221; ANO Klimata [&hellip;]<\/p>\n","protected":false},"author":2,"featured_media":0,"parent":2831,"menu_order":0,"comment_status":"closed","ping_status":"closed","template":"","meta":{"footnotes":""},"class_list":["post-3963","page","type-page","status-publish","hentry"],"post_mailing_queue_ids":[],"_links":{"self":[{"href":"https:\/\/www.orgbalt.eu\/index.php?rest_route=\/wp\/v2\/pages\/3963","targetHints":{"allow":["GET"]}}],"collection":[{"href":"https:\/\/www.orgbalt.eu\/index.php?rest_route=\/wp\/v2\/pages"}],"about":[{"href":"https:\/\/www.orgbalt.eu\/index.php?rest_route=\/wp\/v2\/types\/page"}],"author":[{"embeddable":true,"href":"https:\/\/www.orgbalt.eu\/index.php?rest_route=\/wp\/v2\/users\/2"}],"replies":[{"embeddable":true,"href":"https:\/\/www.orgbalt.eu\/index.php?rest_route=%2Fwp%2Fv2%2Fcomments&post=3963"}],"version-history":[{"count":3,"href":"https:\/\/www.orgbalt.eu\/index.php?rest_route=\/wp\/v2\/pages\/3963\/revisions"}],"predecessor-version":[{"id":3976,"href":"https:\/\/www.orgbalt.eu\/index.php?rest_route=\/wp\/v2\/pages\/3963\/revisions\/3976"}],"up":[{"embeddable":true,"href":"https:\/\/www.orgbalt.eu\/index.php?rest_route=\/wp\/v2\/pages\/2831"}],"wp:attachment":[{"href":"https:\/\/www.orgbalt.eu\/index.php?rest_route=%2Fwp%2Fv2%2Fmedia&parent=3963"}],"curies":[{"name":"wp","href":"https:\/\/api.w.org\/{rel}","templated":true}]}}