{"id":4032,"date":"2022-02-07T12:21:16","date_gmt":"2022-02-07T09:21:16","guid":{"rendered":"https:\/\/www.orgbalt.eu\/?page_id=4032"},"modified":"2022-02-08T12:39:50","modified_gmt":"2022-02-08T09:39:50","slug":"life-orgbalt-5-uzraudzibas-grupas-sanaksme","status":"publish","type":"page","link":"https:\/\/www.orgbalt.eu\/?page_id=4032&lang=lv","title":{"rendered":"LIFE OrgBalt 5.Uzraudz\u012bbas grupas san\u0101ksme"},"content":{"rendered":"\n<p><strong>Datums:<\/strong>&nbsp;03.02.2022.<\/p>\n\n\n\n<p><strong>Norises vieta:&nbsp;<\/strong>Tie\u0161saistes san\u0101ksme<\/p>\n\n\n\n<p><strong>Organizators<\/strong>: Latvijas Valsts me\u017ezin\u0101tnes instit\u016bts SILAVA<\/p>\n\n\n\n<p><strong><a href=\"https:\/\/www.orgbalt.eu\/?p=4039&amp;lang=lv\" target=\"_blank\" rel=\"noreferrer noopener\">Vair\u0101k par Uzraudz\u012bbas grupas san\u0101ksmi las\u012bt: \u0160EIT<\/a><\/strong><\/p>\n\n\n\n<p><strong><a href=\"https:\/\/www.orgbalt.eu\/wp-content\/uploads\/2022\/02\/LIFE-OrgBalt_5th-Steering-Group_-agenda_February-3rd-2022.pdf\" target=\"_blank\" rel=\"noreferrer noopener\">Uzraudz\u012bbas grupas san\u0101ksmes programma: \u0160EIT&nbsp;<\/a><\/strong>(ang\u013cu valod\u0101)<\/p>\n\n\n\n<p><strong>Prezent\u0101cijas (ang\u013cu valod\u0101):<\/strong><br><em>(nospiediet uz nosaukuma, lai skat\u012btu prezent\u0101ciju)<\/em><\/p>\n\n\n\n<ul class=\"wp-block-list\"><li><a rel=\"noreferrer noopener\" href=\"https:\/\/www.orgbalt.eu\/wp-content\/uploads\/2021\/06\/LIFE-OrgBalt_progress-and-whats-next-overall-view_29062021.pdf\" target=\"_blank\"><\/a><strong><strong><a rel=\"noreferrer noopener\" href=\"https:\/\/www.orgbalt.eu\/wp-content\/uploads\/2022\/02\/LIFE-OrgBalt_progress-and-whats-next_OrgBalt_Steering_20220203.pdf\" target=\"_blank\">LIFE OrgBalt progress and what`s next \u2013 overall view<\/a><\/strong>, <\/strong>Ieva L\u012bc\u012bte, LIFE OrgBalt projekta vad\u012bt\u0101ja, Latvijas Valsts me\u017ezin\u0101tnes instit\u016bts SILAVA<\/li><li><strong><a rel=\"noreferrer noopener\" href=\"https:\/\/www.orgbalt.eu\/wp-content\/uploads\/2022\/02\/Overall-field-work-progress-and-prelimenary-results-from-reference-sites_OrgBalt_Steering_20220203.pdf\" target=\"_blank\">Overall field work progress and preliminary results from 1st year measurements in reference sites<\/a><\/strong>, Kaido Soosaar\/ Kamil Sardar, Tartu Universit\u0101te <\/li><li><strong><a rel=\"noreferrer noopener\" href=\"https:\/\/www.orgbalt.eu\/wp-content\/uploads\/2022\/02\/Prelimenary-results-from-1st-year-in-Latvia_OrgBalt_Steering_20220203.pdf\" target=\"_blank\">Preliminary results from 1st year measurements in demonstration sites in Latvia<\/a><\/strong>, Andis Lazdi\u0146\u0161, Latvijas Valsts me\u017ezin\u0101tnes instit\u016bts SILAVA; <\/li><li><strong><a rel=\"noreferrer noopener\" href=\"https:\/\/www.orgbalt.eu\/wp-content\/uploads\/2022\/02\/Preliminary-results-from-1st-year-Finland_OrgBalt_Steering_20220203.pdf\" target=\"_blank\">Preliminary results from 1st year measurements in demonstration sites in Finland<\/a><\/strong>, Jyrki Jauhiainen\/Jani Anttila\/Paavo Ojanen, Somijas Dabas resursu instit\u016bts LUKE<\/li><li><strong><a rel=\"noreferrer noopener\" href=\"https:\/\/www.orgbalt.eu\/wp-content\/uploads\/2022\/02\/Wet-area-maps_OrgBalt_Steering_20220203.pdf\" target=\"_blank\">Wet area maps completed and available, way forward<\/a><\/strong>, J\u0101nis Ivanovs, Latvijas Valsts me\u017ezin\u0101tnes instit\u016bts SILAVA<\/li><li><strong><a rel=\"noreferrer noopener\" href=\"https:\/\/www.orgbalt.eu\/wp-content\/uploads\/2022\/02\/Simulation-tool-methodology-structure_OrgBalt_Steering_20220203.pdf\" target=\"_blank\">Simulation tool, first insights into methodology and structure<\/a><\/strong>, Aleksejs Nipers, Latvijas Lauksaimniec\u012bbas Universit\u0101te<\/li><\/ul>\n\n\n\n<figure class=\"wp-block-gallery columns-3 is-cropped wp-block-gallery-1 is-layout-flex wp-block-gallery-is-layout-flex\"><ul class=\"blocks-gallery-grid\"><li class=\"blocks-gallery-item\"><figure><img loading=\"lazy\" decoding=\"async\" width=\"1024\" height=\"434\" src=\"https:\/\/www.orgbalt.eu\/wp-content\/uploads\/2022\/02\/LIFE-OrtBalt-5th-steering-group-_1-1-1024x434.jpg\" alt=\"\" data-id=\"4033\" data-full-url=\"https:\/\/www.orgbalt.eu\/wp-content\/uploads\/2022\/02\/LIFE-OrtBalt-5th-steering-group-_1-1.jpg\" data-link=\"https:\/\/www.orgbalt.eu\/?attachment_id=4033\" class=\"wp-image-4033\" srcset=\"https:\/\/www.orgbalt.eu\/wp-content\/uploads\/2022\/02\/LIFE-OrtBalt-5th-steering-group-_1-1-1024x434.jpg 1024w, https:\/\/www.orgbalt.eu\/wp-content\/uploads\/2022\/02\/LIFE-OrtBalt-5th-steering-group-_1-1-300x127.jpg 300w, https:\/\/www.orgbalt.eu\/wp-content\/uploads\/2022\/02\/LIFE-OrtBalt-5th-steering-group-_1-1-768x325.jpg 768w, https:\/\/www.orgbalt.eu\/wp-content\/uploads\/2022\/02\/LIFE-OrtBalt-5th-steering-group-_1-1-1536x650.jpg 1536w, https:\/\/www.orgbalt.eu\/wp-content\/uploads\/2022\/02\/LIFE-OrtBalt-5th-steering-group-_1-1.jpg 1915w\" sizes=\"auto, (max-width: 1024px) 100vw, 1024px\" \/><\/figure><\/li><li class=\"blocks-gallery-item\"><figure><img loading=\"lazy\" decoding=\"async\" width=\"1024\" height=\"445\" src=\"https:\/\/www.orgbalt.eu\/wp-content\/uploads\/2022\/02\/LIFE-OrtBalt-5th-steering-group-_2-1-1024x445.jpg\" alt=\"\" data-id=\"4034\" data-full-url=\"https:\/\/www.orgbalt.eu\/wp-content\/uploads\/2022\/02\/LIFE-OrtBalt-5th-steering-group-_2-1.jpg\" data-link=\"https:\/\/www.orgbalt.eu\/?attachment_id=4034\" class=\"wp-image-4034\" srcset=\"https:\/\/www.orgbalt.eu\/wp-content\/uploads\/2022\/02\/LIFE-OrtBalt-5th-steering-group-_2-1-1024x445.jpg 1024w, https:\/\/www.orgbalt.eu\/wp-content\/uploads\/2022\/02\/LIFE-OrtBalt-5th-steering-group-_2-1-300x130.jpg 300w, https:\/\/www.orgbalt.eu\/wp-content\/uploads\/2022\/02\/LIFE-OrtBalt-5th-steering-group-_2-1-768x334.jpg 768w, https:\/\/www.orgbalt.eu\/wp-content\/uploads\/2022\/02\/LIFE-OrtBalt-5th-steering-group-_2-1-1536x668.jpg 1536w, https:\/\/www.orgbalt.eu\/wp-content\/uploads\/2022\/02\/LIFE-OrtBalt-5th-steering-group-_2-1.jpg 1891w\" sizes=\"auto, (max-width: 1024px) 100vw, 1024px\" \/><\/figure><\/li><li class=\"blocks-gallery-item\"><figure><img loading=\"lazy\" decoding=\"async\" width=\"1024\" height=\"584\" src=\"https:\/\/www.orgbalt.eu\/wp-content\/uploads\/2022\/02\/LIFE-OrtBalt-5th-steering-group-_4-2-1024x584.jpg\" alt=\"\" data-id=\"4035\" data-full-url=\"https:\/\/www.orgbalt.eu\/wp-content\/uploads\/2022\/02\/LIFE-OrtBalt-5th-steering-group-_4-2.jpg\" data-link=\"https:\/\/www.orgbalt.eu\/?attachment_id=4035\" class=\"wp-image-4035\" srcset=\"https:\/\/www.orgbalt.eu\/wp-content\/uploads\/2022\/02\/LIFE-OrtBalt-5th-steering-group-_4-2-1024x584.jpg 1024w, https:\/\/www.orgbalt.eu\/wp-content\/uploads\/2022\/02\/LIFE-OrtBalt-5th-steering-group-_4-2-300x171.jpg 300w, https:\/\/www.orgbalt.eu\/wp-content\/uploads\/2022\/02\/LIFE-OrtBalt-5th-steering-group-_4-2-768x438.jpg 768w, https:\/\/www.orgbalt.eu\/wp-content\/uploads\/2022\/02\/LIFE-OrtBalt-5th-steering-group-_4-2.jpg 1423w\" sizes=\"auto, (max-width: 1024px) 100vw, 1024px\" \/><\/figure><\/li><\/ul><\/figure>\n","protected":false},"excerpt":{"rendered":"<p>Datums:&nbsp;03.02.2022. Norises vieta:&nbsp;Tie\u0161saistes san\u0101ksme Organizators: Latvijas Valsts me\u017ezin\u0101tnes instit\u016bts SILAVA Vair\u0101k par Uzraudz\u012bbas grupas san\u0101ksmi las\u012bt: \u0160EIT Uzraudz\u012bbas grupas san\u0101ksmes programma: \u0160EIT&nbsp;(ang\u013cu valod\u0101) Prezent\u0101cijas (ang\u013cu valod\u0101):(nospiediet uz nosaukuma, lai skat\u012btu [&hellip;]<\/p>\n","protected":false},"author":2,"featured_media":0,"parent":2831,"menu_order":0,"comment_status":"closed","ping_status":"closed","template":"","meta":{"footnotes":""},"class_list":["post-4032","page","type-page","status-publish","hentry"],"post_mailing_queue_ids":[],"_links":{"self":[{"href":"https:\/\/www.orgbalt.eu\/index.php?rest_route=\/wp\/v2\/pages\/4032","targetHints":{"allow":["GET"]}}],"collection":[{"href":"https:\/\/www.orgbalt.eu\/index.php?rest_route=\/wp\/v2\/pages"}],"about":[{"href":"https:\/\/www.orgbalt.eu\/index.php?rest_route=\/wp\/v2\/types\/page"}],"author":[{"embeddable":true,"href":"https:\/\/www.orgbalt.eu\/index.php?rest_route=\/wp\/v2\/users\/2"}],"replies":[{"embeddable":true,"href":"https:\/\/www.orgbalt.eu\/index.php?rest_route=%2Fwp%2Fv2%2Fcomments&post=4032"}],"version-history":[{"count":3,"href":"https:\/\/www.orgbalt.eu\/index.php?rest_route=\/wp\/v2\/pages\/4032\/revisions"}],"predecessor-version":[{"id":4049,"href":"https:\/\/www.orgbalt.eu\/index.php?rest_route=\/wp\/v2\/pages\/4032\/revisions\/4049"}],"up":[{"embeddable":true,"href":"https:\/\/www.orgbalt.eu\/index.php?rest_route=\/wp\/v2\/pages\/2831"}],"wp:attachment":[{"href":"https:\/\/www.orgbalt.eu\/index.php?rest_route=%2Fwp%2Fv2%2Fmedia&parent=4032"}],"curies":[{"name":"wp","href":"https:\/\/api.w.org\/{rel}","templated":true}]}}