{"id":4071,"date":"2022-03-02T14:53:50","date_gmt":"2022-03-02T11:53:50","guid":{"rendered":"https:\/\/www.orgbalt.eu\/?page_id=4071"},"modified":"2022-03-02T14:53:51","modified_gmt":"2022-03-02T11:53:51","slug":"17-klimata-parmainu-mazinasanas-pieejas-demonstracijas-vietas-life-orgbalt-projekta-ietvaros","status":"publish","type":"page","link":"https:\/\/www.orgbalt.eu\/?page_id=4071&lang=lv","title":{"rendered":"17 klimata p\u0101rmai\u0146u mazin\u0101\u0161anas pieejas demonstr\u0101cijas vietas LIFE OrgBalt projekta ietvaros"},"content":{"rendered":"\n<p><a href=\"https:\/\/www.orgbalt.eu\/wp-content\/uploads\/2022\/03\/17-sites-for-demonstrating-climate-change-mitigation-approaches-within-LIFE-OrgBalt-project.pdf\" target=\"_blank\" rel=\"noreferrer noopener\"><strong>LAS\u012aT VISU PUBLIK\u0100CIJU: \u0160EIT (ANG\u013bU VALOD\u0100)<\/strong><\/a><\/p>\n\n\n\n<p><em>Klimata p\u0101rmai\u0146u mazin\u0101\u0161anas (KPM) prakses demonstr\u0113\u0161ana ar bar\u012bbas viel\u0101m bag\u0101t\u0101 organiskaj\u0101 augsn\u0113 ir viens no galvenajiem LIFE OrgBalt projekta elementiem. Kopum\u0101 Latvij\u0101 un Somij\u0101 ir izveidotas 17 demonstr\u0101cijas vietas, k\u0101 ar\u012b papildu SEG m\u0113r\u012bjumu veik\u0161anas vietas Baltijas valst\u012bs. Veicot siltumn\u012bcefekta g\u0101zu (SEG) emisiju pl\u016bsmas m\u0113r\u012bjumus demonstr\u0101cijas un papildus m\u0113r\u012bjumu viet\u0101s, nep\u0101rtraukti 2 gadu garum\u0101 tiek p\u0113t\u012bti da\u017e\u0101du KPM pas\u0101kumu \u012bsteno\u0161anas rezult\u0101ti.<\/em><\/p>\n\n\n\n<p>LIFE OrgBalt ietvaros Somij\u0101 izveidotas 3 demonstr\u0101cijas vietas nekailcir\u0161u me\u017ea apsaimnieko\u0161anas prakses izp\u0113tei ar m\u0113r\u0137i samazin\u0101t CO2 emisijas no nosusin\u0101tas &nbsp;k\u016bdras augsnes, savuk\u0101rt Latvij\u0101 izveidotas 14 demonstr\u0101cijas vietas gan lauksaimniec\u012bbas, gan me\u017ea zem\u0113s. Turkl\u0101t SEG pl\u016bsmas tiek m\u0113r\u012btas 53 viet\u0101s (ieskaitot demonstr\u0101cijas vietas), nodro\u0161inot visaptvero\u0161us datus par visu Baltijas valstu teritoriju, k\u0101 ar\u012b to ar Somij\u0101 un V\u0101cij\u0101 pieejamaj\u0101m datu kop\u0101m.<\/p>\n\n\n\n<p>Galven\u0101s KPM pas\u0101kumu grupas, kas tiek \u012bstenotas me\u017ea zem\u0113, ietver pas\u0101kumus, kas saist\u012bti ar apme\u017eo\u0161anu un me\u017ea atjauno\u0161anu mitros apst\u0101k\u013cos, k\u0101 ar\u012b pas\u0101kumi, kuru m\u0113r\u0137is ir palielin\u0101t oglek\u013ca uzkr\u0101jumu me\u017e\u0101, mainot me\u017ea apsaimnieko\u0161anas praksi.<\/p>\n\n\n\n<p>Attiec\u012bb\u0101 uz izv\u0113l\u0113tajiem pas\u0101kumiem lauksaimniec\u012bbas zem\u0113, m\u0113s v\u0113l\u0113tos izcelt tr\u012bs galven\u0101s grupas: audz\u0113t\u0101 kult\u016braugu veida nomai\u0146a, zemes lieto\u0161anas veida mai\u0146a (aramzemes p\u0101rveide par z\u0101l\u0101ju, piln\u012bga vai da\u013c\u0113ja zemes apme\u017eo\u0161ana) un viedo tehnolo\u0123iju klimata jom\u0101 ietvero\u0161as melior\u0101cijas aktivit\u0101tes.<\/p>\n\n\n\n<p>Izv\u0113l\u0113t\u0101s metodes ir piel\u0101gotas projekta pras\u012bb\u0101m un demonstr\u0101cijas pas\u0101kumi ir inovat\u012bvi gan Baltijas valstu un Somijas kontekst\u0101, gan zin\u0101m\u0101 m\u0113r\u0101 ar\u012b V\u0101cij\u0101.<\/p>\n\n\n\n<p>Paredzams, ka \u012bstenotie pas\u0101kumi ne tikai sekm\u0113s SEG emisiju mazin\u0101\u0161anu&nbsp; , bet dos ar\u012b citus vides ieguvumus, piem\u0113ram, samazin\u0101tus me\u017ea ve\u0123et\u0101cijas boj\u0101jumus me\u017eizstr\u0101des laik\u0101.<\/p>\n\n\n\n<p>Projekta rezult\u0101t\u0101 izstr\u0101d\u0101t\u0101 metodisk\u0101 pieeja b\u016bs piem\u0113rota izmanto\u0161anai ne tikai Baltijas valst\u012bs, Somij\u0101 un V\u0101cij\u0101, bet ar\u012b vis\u0101 v\u0113s\u0101 un m\u0113reni v\u0113s\u0101 un mitr\u0101 klimata zon\u0101.<\/p>\n","protected":false},"excerpt":{"rendered":"<p>LAS\u012aT VISU PUBLIK\u0100CIJU: \u0160EIT (ANG\u013bU VALOD\u0100) Klimata p\u0101rmai\u0146u mazin\u0101\u0161anas (KPM) prakses demonstr\u0113\u0161ana ar bar\u012bbas viel\u0101m bag\u0101t\u0101 organiskaj\u0101 augsn\u0113 ir viens no galvenajiem LIFE OrgBalt projekta elementiem. Kopum\u0101 Latvij\u0101 un Somij\u0101 [&hellip;]<\/p>\n","protected":false},"author":2,"featured_media":0,"parent":3702,"menu_order":0,"comment_status":"closed","ping_status":"closed","template":"","meta":{"footnotes":""},"class_list":["post-4071","page","type-page","status-publish","hentry"],"post_mailing_queue_ids":[],"_links":{"self":[{"href":"https:\/\/www.orgbalt.eu\/index.php?rest_route=\/wp\/v2\/pages\/4071","targetHints":{"allow":["GET"]}}],"collection":[{"href":"https:\/\/www.orgbalt.eu\/index.php?rest_route=\/wp\/v2\/pages"}],"about":[{"href":"https:\/\/www.orgbalt.eu\/index.php?rest_route=\/wp\/v2\/types\/page"}],"author":[{"embeddable":true,"href":"https:\/\/www.orgbalt.eu\/index.php?rest_route=\/wp\/v2\/users\/2"}],"replies":[{"embeddable":true,"href":"https:\/\/www.orgbalt.eu\/index.php?rest_route=%2Fwp%2Fv2%2Fcomments&post=4071"}],"version-history":[{"count":1,"href":"https:\/\/www.orgbalt.eu\/index.php?rest_route=\/wp\/v2\/pages\/4071\/revisions"}],"predecessor-version":[{"id":4072,"href":"https:\/\/www.orgbalt.eu\/index.php?rest_route=\/wp\/v2\/pages\/4071\/revisions\/4072"}],"up":[{"embeddable":true,"href":"https:\/\/www.orgbalt.eu\/index.php?rest_route=\/wp\/v2\/pages\/3702"}],"wp:attachment":[{"href":"https:\/\/www.orgbalt.eu\/index.php?rest_route=%2Fwp%2Fv2%2Fmedia&parent=4071"}],"curies":[{"name":"wp","href":"https:\/\/api.w.org\/{rel}","templated":true}]}}