{"id":4114,"date":"2022-05-30T23:09:19","date_gmt":"2022-05-30T20:09:19","guid":{"rendered":"https:\/\/www.orgbalt.eu\/?page_id=4114"},"modified":"2022-05-30T23:10:37","modified_gmt":"2022-05-30T20:10:37","slug":"life-orgbalt-demonstracijas-vietu-atklasana","status":"publish","type":"page","link":"https:\/\/www.orgbalt.eu\/?page_id=4114&lang=lv","title":{"rendered":"LIFE OrgBalt demonstr\u0101cijas vietu atkl\u0101\u0161ana"},"content":{"rendered":"\n<p><strong>Datums:<\/strong>\u00a019.05.2022.<\/p>\n\n\n\n<p><strong>Norises vieta:<\/strong>\u00a0Latvijas Lauksaimniec\u012bbas universit\u0101te, Jelgava \/ Vecauces pagasts<\/p>\n\n\n\n<p><strong>Organizators<\/strong>: LIFE OrgBalt<\/p>\n\n\n\n<p><strong><a href=\"https:\/\/www.orgbalt.eu\/?p=4050\" target=\"_blank\" rel=\"noreferrer noopener\">Vair\u0101k par LIFE OrgBalt demonstr\u0101cijas vietu atkl\u0101\u0161anas pas\u0101kumu\/ pas\u0101kuma programma: \u0160EIT<\/a><\/strong><\/p>\n\n\n\n<p><strong>Prezent\u0101cijas: <\/strong><\/p>\n\n\n\n<ul class=\"wp-block-list\"><li><strong><a rel=\"noreferrer noopener\" href=\"https:\/\/www.orgbalt.eu\/wp-content\/uploads\/2022\/05\/LIFEOrgBalt_demo-atversana_19052022_.pdf\" target=\"_blank\">LIFE OrgBalt projekts: ko, k\u0101 un k\u0101p\u0113c m\u0113s dar\u0101m<\/a><\/strong>, Ieva L\u012bc\u012bte LIFE OrgBalt vad\u012bt\u0101ja, Latvijas Valsts me\u017ezin\u0101tnes instit\u016bts SILAVA<\/li><li>L<strong><a href=\"https:\/\/www.orgbalt.eu\/wp-content\/uploads\/2022\/05\/Lazdins-A-20220519-OrgBalt.pdf\" target=\"_blank\" rel=\"noreferrer noopener\">IFE OrgBalt projekta demonstr\u0113jumu vietu p\u0101rskats, SEG emisiju un vides datu m\u0113r\u012bjumi me\u017ea un lauksaimniec\u012bbas zem\u0113, Andis Lazdi\u0146\u0161, LIFE OrgBalt eksperts, Latvijas Valsts <\/a><\/strong>me\u017ezin\u0101tnes instit\u016bts SILAVA<\/li><\/ul>\n\n\n\n<figure class=\"wp-block-gallery columns-3 is-cropped wp-block-gallery-1 is-layout-flex wp-block-gallery-is-layout-flex\"><ul class=\"blocks-gallery-grid\"><li class=\"blocks-gallery-item\"><figure><img loading=\"lazy\" decoding=\"async\" width=\"1024\" height=\"576\" src=\"https:\/\/www.orgbalt.eu\/wp-content\/uploads\/2022\/05\/281761388_738714010876235_5070648667844588216_n-1024x576.jpg\" alt=\"\" data-id=\"4117\" data-full-url=\"https:\/\/www.orgbalt.eu\/wp-content\/uploads\/2022\/05\/281761388_738714010876235_5070648667844588216_n.jpg\" data-link=\"https:\/\/www.orgbalt.eu\/?attachment_id=4117\" class=\"wp-image-4117\" srcset=\"https:\/\/www.orgbalt.eu\/wp-content\/uploads\/2022\/05\/281761388_738714010876235_5070648667844588216_n-1024x576.jpg 1024w, https:\/\/www.orgbalt.eu\/wp-content\/uploads\/2022\/05\/281761388_738714010876235_5070648667844588216_n-300x169.jpg 300w, https:\/\/www.orgbalt.eu\/wp-content\/uploads\/2022\/05\/281761388_738714010876235_5070648667844588216_n-768x432.jpg 768w, https:\/\/www.orgbalt.eu\/wp-content\/uploads\/2022\/05\/281761388_738714010876235_5070648667844588216_n-1536x864.jpg 1536w, https:\/\/www.orgbalt.eu\/wp-content\/uploads\/2022\/05\/281761388_738714010876235_5070648667844588216_n.jpg 1600w\" sizes=\"auto, (max-width: 1024px) 100vw, 1024px\" \/><\/figure><\/li><li class=\"blocks-gallery-item\"><figure><img loading=\"lazy\" decoding=\"async\" width=\"1024\" height=\"576\" src=\"https:\/\/www.orgbalt.eu\/wp-content\/uploads\/2022\/05\/282266734_738714024209567_4842375742990305172_n-1024x576.jpg\" alt=\"\" data-id=\"4118\" data-full-url=\"https:\/\/www.orgbalt.eu\/wp-content\/uploads\/2022\/05\/282266734_738714024209567_4842375742990305172_n.jpg\" data-link=\"https:\/\/www.orgbalt.eu\/?attachment_id=4118\" class=\"wp-image-4118\" srcset=\"https:\/\/www.orgbalt.eu\/wp-content\/uploads\/2022\/05\/282266734_738714024209567_4842375742990305172_n-1024x576.jpg 1024w, https:\/\/www.orgbalt.eu\/wp-content\/uploads\/2022\/05\/282266734_738714024209567_4842375742990305172_n-300x169.jpg 300w, https:\/\/www.orgbalt.eu\/wp-content\/uploads\/2022\/05\/282266734_738714024209567_4842375742990305172_n-768x432.jpg 768w, https:\/\/www.orgbalt.eu\/wp-content\/uploads\/2022\/05\/282266734_738714024209567_4842375742990305172_n-1536x864.jpg 1536w, https:\/\/www.orgbalt.eu\/wp-content\/uploads\/2022\/05\/282266734_738714024209567_4842375742990305172_n.jpg 1600w\" sizes=\"auto, (max-width: 1024px) 100vw, 1024px\" \/><\/figure><\/li><li class=\"blocks-gallery-item\"><figure><img loading=\"lazy\" decoding=\"async\" width=\"1024\" height=\"768\" src=\"https:\/\/www.orgbalt.eu\/wp-content\/uploads\/2022\/05\/IMG_20220519_111219-1024x768.jpg\" alt=\"\" data-id=\"4119\" data-full-url=\"https:\/\/www.orgbalt.eu\/wp-content\/uploads\/2022\/05\/IMG_20220519_111219-scaled.jpg\" data-link=\"https:\/\/www.orgbalt.eu\/?attachment_id=4119\" class=\"wp-image-4119\" srcset=\"https:\/\/www.orgbalt.eu\/wp-content\/uploads\/2022\/05\/IMG_20220519_111219-1024x768.jpg 1024w, https:\/\/www.orgbalt.eu\/wp-content\/uploads\/2022\/05\/IMG_20220519_111219-300x225.jpg 300w, https:\/\/www.orgbalt.eu\/wp-content\/uploads\/2022\/05\/IMG_20220519_111219-768x576.jpg 768w, https:\/\/www.orgbalt.eu\/wp-content\/uploads\/2022\/05\/IMG_20220519_111219-1536x1152.jpg 1536w, https:\/\/www.orgbalt.eu\/wp-content\/uploads\/2022\/05\/IMG_20220519_111219-2048x1536.jpg 2048w, https:\/\/www.orgbalt.eu\/wp-content\/uploads\/2022\/05\/IMG_20220519_111219-360x270.jpg 360w\" sizes=\"auto, (max-width: 1024px) 100vw, 1024px\" \/><\/figure><\/li><li class=\"blocks-gallery-item\"><figure><img loading=\"lazy\" decoding=\"async\" width=\"1024\" height=\"768\" src=\"https:\/\/www.orgbalt.eu\/wp-content\/uploads\/2022\/05\/IMG_20220519_111416-1024x768.jpg\" alt=\"\" data-id=\"4120\" data-full-url=\"https:\/\/www.orgbalt.eu\/wp-content\/uploads\/2022\/05\/IMG_20220519_111416-scaled.jpg\" data-link=\"https:\/\/www.orgbalt.eu\/?attachment_id=4120\" class=\"wp-image-4120\" srcset=\"https:\/\/www.orgbalt.eu\/wp-content\/uploads\/2022\/05\/IMG_20220519_111416-1024x768.jpg 1024w, https:\/\/www.orgbalt.eu\/wp-content\/uploads\/2022\/05\/IMG_20220519_111416-300x225.jpg 300w, https:\/\/www.orgbalt.eu\/wp-content\/uploads\/2022\/05\/IMG_20220519_111416-768x576.jpg 768w, https:\/\/www.orgbalt.eu\/wp-content\/uploads\/2022\/05\/IMG_20220519_111416-1536x1152.jpg 1536w, https:\/\/www.orgbalt.eu\/wp-content\/uploads\/2022\/05\/IMG_20220519_111416-2048x1536.jpg 2048w, https:\/\/www.orgbalt.eu\/wp-content\/uploads\/2022\/05\/IMG_20220519_111416-360x270.jpg 360w\" sizes=\"auto, (max-width: 1024px) 100vw, 1024px\" \/><\/figure><\/li><li class=\"blocks-gallery-item\"><figure><img loading=\"lazy\" decoding=\"async\" width=\"1024\" height=\"768\" src=\"https:\/\/www.orgbalt.eu\/wp-content\/uploads\/2022\/05\/IMG_20220519_112004-1024x768.jpg\" alt=\"\" data-id=\"4121\" data-full-url=\"https:\/\/www.orgbalt.eu\/wp-content\/uploads\/2022\/05\/IMG_20220519_112004-scaled.jpg\" data-link=\"https:\/\/www.orgbalt.eu\/?attachment_id=4121\" class=\"wp-image-4121\" srcset=\"https:\/\/www.orgbalt.eu\/wp-content\/uploads\/2022\/05\/IMG_20220519_112004-1024x768.jpg 1024w, https:\/\/www.orgbalt.eu\/wp-content\/uploads\/2022\/05\/IMG_20220519_112004-300x225.jpg 300w, https:\/\/www.orgbalt.eu\/wp-content\/uploads\/2022\/05\/IMG_20220519_112004-768x576.jpg 768w, https:\/\/www.orgbalt.eu\/wp-content\/uploads\/2022\/05\/IMG_20220519_112004-1536x1152.jpg 1536w, https:\/\/www.orgbalt.eu\/wp-content\/uploads\/2022\/05\/IMG_20220519_112004-2048x1536.jpg 2048w, https:\/\/www.orgbalt.eu\/wp-content\/uploads\/2022\/05\/IMG_20220519_112004-360x270.jpg 360w\" sizes=\"auto, (max-width: 1024px) 100vw, 1024px\" \/><\/figure><\/li><li class=\"blocks-gallery-item\"><figure><img loading=\"lazy\" decoding=\"async\" width=\"1024\" height=\"768\" src=\"https:\/\/www.orgbalt.eu\/wp-content\/uploads\/2022\/05\/IMG_20220519_120614-1024x768.jpg\" alt=\"\" data-id=\"4123\" data-full-url=\"https:\/\/www.orgbalt.eu\/wp-content\/uploads\/2022\/05\/IMG_20220519_120614-scaled.jpg\" data-link=\"https:\/\/www.orgbalt.eu\/?attachment_id=4123\" class=\"wp-image-4123\" srcset=\"https:\/\/www.orgbalt.eu\/wp-content\/uploads\/2022\/05\/IMG_20220519_120614-1024x768.jpg 1024w, https:\/\/www.orgbalt.eu\/wp-content\/uploads\/2022\/05\/IMG_20220519_120614-300x225.jpg 300w, https:\/\/www.orgbalt.eu\/wp-content\/uploads\/2022\/05\/IMG_20220519_120614-768x576.jpg 768w, https:\/\/www.orgbalt.eu\/wp-content\/uploads\/2022\/05\/IMG_20220519_120614-1536x1152.jpg 1536w, https:\/\/www.orgbalt.eu\/wp-content\/uploads\/2022\/05\/IMG_20220519_120614-2048x1536.jpg 2048w, https:\/\/www.orgbalt.eu\/wp-content\/uploads\/2022\/05\/IMG_20220519_120614-360x270.jpg 360w\" sizes=\"auto, (max-width: 1024px) 100vw, 1024px\" \/><\/figure><\/li><li class=\"blocks-gallery-item\"><figure><img loading=\"lazy\" decoding=\"async\" width=\"1024\" height=\"768\" src=\"https:\/\/www.orgbalt.eu\/wp-content\/uploads\/2022\/05\/IMG-20220519-WA0017-1024x768.jpg\" alt=\"\" data-id=\"4124\" data-full-url=\"https:\/\/www.orgbalt.eu\/wp-content\/uploads\/2022\/05\/IMG-20220519-WA0017.jpg\" data-link=\"https:\/\/www.orgbalt.eu\/?attachment_id=4124\" class=\"wp-image-4124\" srcset=\"https:\/\/www.orgbalt.eu\/wp-content\/uploads\/2022\/05\/IMG-20220519-WA0017-1024x768.jpg 1024w, https:\/\/www.orgbalt.eu\/wp-content\/uploads\/2022\/05\/IMG-20220519-WA0017-300x225.jpg 300w, https:\/\/www.orgbalt.eu\/wp-content\/uploads\/2022\/05\/IMG-20220519-WA0017-768x576.jpg 768w, https:\/\/www.orgbalt.eu\/wp-content\/uploads\/2022\/05\/IMG-20220519-WA0017-1536x1152.jpg 1536w, https:\/\/www.orgbalt.eu\/wp-content\/uploads\/2022\/05\/IMG-20220519-WA0017-360x270.jpg 360w, https:\/\/www.orgbalt.eu\/wp-content\/uploads\/2022\/05\/IMG-20220519-WA0017.jpg 1600w\" sizes=\"auto, (max-width: 1024px) 100vw, 1024px\" \/><\/figure><\/li><li class=\"blocks-gallery-item\"><figure><img loading=\"lazy\" decoding=\"async\" width=\"1024\" height=\"768\" src=\"https:\/\/www.orgbalt.eu\/wp-content\/uploads\/2022\/05\/IMG-20220519-WA0020-1-1024x768.jpg\" alt=\"\" data-id=\"4125\" data-full-url=\"https:\/\/www.orgbalt.eu\/wp-content\/uploads\/2022\/05\/IMG-20220519-WA0020-1.jpg\" data-link=\"https:\/\/www.orgbalt.eu\/?attachment_id=4125\" class=\"wp-image-4125\" srcset=\"https:\/\/www.orgbalt.eu\/wp-content\/uploads\/2022\/05\/IMG-20220519-WA0020-1-1024x768.jpg 1024w, https:\/\/www.orgbalt.eu\/wp-content\/uploads\/2022\/05\/IMG-20220519-WA0020-1-300x225.jpg 300w, https:\/\/www.orgbalt.eu\/wp-content\/uploads\/2022\/05\/IMG-20220519-WA0020-1-768x576.jpg 768w, https:\/\/www.orgbalt.eu\/wp-content\/uploads\/2022\/05\/IMG-20220519-WA0020-1-1536x1152.jpg 1536w, https:\/\/www.orgbalt.eu\/wp-content\/uploads\/2022\/05\/IMG-20220519-WA0020-1-360x270.jpg 360w, https:\/\/www.orgbalt.eu\/wp-content\/uploads\/2022\/05\/IMG-20220519-WA0020-1.jpg 2048w\" sizes=\"auto, (max-width: 1024px) 100vw, 1024px\" \/><\/figure><\/li><\/ul><\/figure>\n\n\n\n<p><a href=\"https:\/\/www.orgbalt.eu\/?page_id=4016&amp;print=1\"><\/a><\/p>\n","protected":false},"excerpt":{"rendered":"<p>Datums:\u00a019.05.2022. Norises vieta:\u00a0Latvijas Lauksaimniec\u012bbas universit\u0101te, Jelgava \/ Vecauces pagasts Organizators: LIFE OrgBalt Vair\u0101k par LIFE OrgBalt demonstr\u0101cijas vietu atkl\u0101\u0161anas pas\u0101kumu\/ pas\u0101kuma programma: \u0160EIT Prezent\u0101cijas: LIFE OrgBalt projekts: ko, k\u0101 un [&hellip;]<\/p>\n","protected":false},"author":2,"featured_media":0,"parent":2831,"menu_order":0,"comment_status":"closed","ping_status":"closed","template":"","meta":{"footnotes":""},"class_list":["post-4114","page","type-page","status-publish","hentry"],"post_mailing_queue_ids":[],"_links":{"self":[{"href":"https:\/\/www.orgbalt.eu\/index.php?rest_route=\/wp\/v2\/pages\/4114","targetHints":{"allow":["GET"]}}],"collection":[{"href":"https:\/\/www.orgbalt.eu\/index.php?rest_route=\/wp\/v2\/pages"}],"about":[{"href":"https:\/\/www.orgbalt.eu\/index.php?rest_route=\/wp\/v2\/types\/page"}],"author":[{"embeddable":true,"href":"https:\/\/www.orgbalt.eu\/index.php?rest_route=\/wp\/v2\/users\/2"}],"replies":[{"embeddable":true,"href":"https:\/\/www.orgbalt.eu\/index.php?rest_route=%2Fwp%2Fv2%2Fcomments&post=4114"}],"version-history":[{"count":2,"href":"https:\/\/www.orgbalt.eu\/index.php?rest_route=\/wp\/v2\/pages\/4114\/revisions"}],"predecessor-version":[{"id":4126,"href":"https:\/\/www.orgbalt.eu\/index.php?rest_route=\/wp\/v2\/pages\/4114\/revisions\/4126"}],"up":[{"embeddable":true,"href":"https:\/\/www.orgbalt.eu\/index.php?rest_route=\/wp\/v2\/pages\/2831"}],"wp:attachment":[{"href":"https:\/\/www.orgbalt.eu\/index.php?rest_route=%2Fwp%2Fv2%2Fmedia&parent=4114"}],"curies":[{"name":"wp","href":"https:\/\/api.w.org\/{rel}","templated":true}]}}