{"id":4164,"date":"2022-06-13T15:46:56","date_gmt":"2022-06-13T12:46:56","guid":{"rendered":"https:\/\/www.orgbalt.eu\/?page_id=4164"},"modified":"2022-06-13T15:46:57","modified_gmt":"2022-06-13T12:46:57","slug":"nacionala-siltumnicefekta-gazu-inventarizacija-klimata-parmainu-samazinasanas-pasakumu-progresa-zinosanas-un-uzraudzibas-pieeja","status":"publish","type":"page","link":"https:\/\/www.orgbalt.eu\/?page_id=4164&lang=lv","title":{"rendered":"Nacion\u0101l\u0101 siltumn\u012bcefekta g\u0101zu inventariz\u0101cija: klimata p\u0101rmai\u0146u samazin\u0101\u0161anas pas\u0101kumu progresa zi\u0146o\u0161anas  un uzraudz\u012bbas pieeja"},"content":{"rendered":"\n<p><strong><a href=\"https:\/\/www.orgbalt.eu\/wp-content\/uploads\/2022\/06\/National-GHG-inventories-a-tool-for-recording-and-monitoring-the-progress-made-in-climate-change-mitigation4-1.pdf\" target=\"_blank\" rel=\"noreferrer noopener\">PUBLIK\u0100CIJA PILN\u0100 APJOM\u0100 ANG\u013bU VALOD\u0100 PIEEJAMA \u0160EIT.<\/a><\/strong><\/p>\n\n\n\n<p>Lai mazin\u0101tu klimata p\u0101rmai\u0146as, ir b\u016btiski j\u0101samazina siltumn\u012bcefekta g\u0101zu (SEG) emisijas vis\u0101 pasaul\u0113. SEG zi\u0146o\u0161anas sist\u0113ma Apvienoto N\u0101ciju Organiz\u0101cijas Visp\u0101r\u0113jai konvencijai par klimata p\u0101rmai\u0146\u0101m ietvaros veicina gan valstu akt\u012bvu r\u012bc\u012bbu, gan nodro\u0161ina ieviesto klimata p\u0101rmai\u0146u mazin\u0101\u0161anas pas\u0101kumu uzraudz\u012bbu un izv\u0113rt\u0113\u0161anu.<\/p>\n\n\n\n<p>SEG zi\u0146o\u0161anas sist\u0113ma izveidota, lai valstis vienot\u0101 un sal\u012bdzin\u0101m\u0101 veid\u0101 veiktu nacion\u0101lo SEG emisiju un piesaistes uzskaiti un uzraudz\u012bbu. Inventariz\u0101cija pal\u012bdz politikas veidot\u0101jiem noteikt m\u0113r\u0137us un identific\u0113t t\u0101s jomas un nozares, kur\u0101s nepiecie\u0161ama r\u012bc\u012bba, lai pan\u0101ktu SEG emisiju samazin\u0101\u0161anu un iev\u0113rotu starptautiskos nol\u012bgumus.<\/p>\n\n\n\n<p>Zi\u0146ojumos iek\u013cauj oglek\u013ca dioks\u012bda, met\u0101na, sl\u0101pek\u013ca oks\u012bda un citu g\u0101zu m\u0113r\u012bjumu un apr\u0113\u0137inu rezult\u0101tus. Lai nodro\u0161in\u0101tu datu sal\u012bdzin\u0101m\u012bbu, inventariz\u0101cija tiek veidota pamatojoties uz visp\u0101rpie\u0146emtu, starptautiskumetodolo\u0123iju. Metodolo\u0123ijas pamat\u0101 ir 3 atskaites l\u012bme\u0146u pieeja, kur katrs l\u012bmenis atspogu\u013co at\u0161\u0137ir\u012bgu emisiju apr\u0113\u0137inu metodisko un apr\u0113\u0137inos izmantojamo datu sare\u017e\u0123\u012bt\u012bbas l\u012bmeni.<\/p>\n\n\n\n<p>LIFE OrgBalt projekta vad\u012bt\u0101ja Ieva L\u012bc\u012bte skaidro: \u201cSEG inventariz\u0101cijas apr\u0113\u0137inu meto\u017eu un darb\u012bbas datu kopu pilnveido\u0161ana (re\u0123ion\u0101li piem\u0113rojami SEG emisiju faktori un p\u0101reja uz augst\u0101kiem atskaites l\u012bme\u0146iem) &nbsp;ir b\u016btiska prec\u012bz\u0101kiem SEG inventariz\u0101cijas apr\u0113\u0137iniem un SEG emisiju prognoz\u0113m. Darb\u012bbas dati (piem\u0113ram, zemes izmanto\u0161anas un apsaimnieko\u0161anas prakses un nosac\u012bjumi) ir viens no svar\u012bg\u0101kajiem elementiem SEG apr\u0113\u0137iniem un prognoz\u0113m no organisk\u0101m augsn\u0113m, \u012bpa\u0161i, ja progno\u017eu model\u0113\u0161an\u0101 tiek \u0146emtas v\u0113r\u0101 klimata p\u0101rmai\u0146as.\u201d<\/p>\n\n\n\n<p>Uzlabot\u0101s datu pieejam\u012bbas rezult\u0101t\u0101 iesp\u0113jama augst\u0101ka l\u012bme\u0146a pieejas pielieto\u0161ana SEG emisiju apr\u0113\u0137in\u0101\u0161anai nacion\u0101lo SEG inventariz\u0101ciju zi\u0146ojumos, t\u0101d\u0113j\u0101di nodro\u0161inot politikas veidot\u0101jiem prec\u012bz\u0101ku inform\u0101ciju par eso\u0161o situ\u0101ciju valst\u012b attiec\u012bb\u0101 uz SEG emisij\u0101m, k\u0101 ar\u012b efekt\u012bv\u0101kajiem klimata p\u0101rmai\u0146u mazin\u0101\u0161anas pas\u0101kumiem.<\/p>\n","protected":false},"excerpt":{"rendered":"<p>PUBLIK\u0100CIJA PILN\u0100 APJOM\u0100 ANG\u013bU VALOD\u0100 PIEEJAMA \u0160EIT. Lai mazin\u0101tu klimata p\u0101rmai\u0146as, ir b\u016btiski j\u0101samazina siltumn\u012bcefekta g\u0101zu (SEG) emisijas vis\u0101 pasaul\u0113. SEG zi\u0146o\u0161anas sist\u0113ma Apvienoto N\u0101ciju Organiz\u0101cijas Visp\u0101r\u0113jai konvencijai par klimata [&hellip;]<\/p>\n","protected":false},"author":2,"featured_media":0,"parent":3702,"menu_order":0,"comment_status":"closed","ping_status":"closed","template":"","meta":{"footnotes":""},"class_list":["post-4164","page","type-page","status-publish","hentry"],"post_mailing_queue_ids":[],"_links":{"self":[{"href":"https:\/\/www.orgbalt.eu\/index.php?rest_route=\/wp\/v2\/pages\/4164","targetHints":{"allow":["GET"]}}],"collection":[{"href":"https:\/\/www.orgbalt.eu\/index.php?rest_route=\/wp\/v2\/pages"}],"about":[{"href":"https:\/\/www.orgbalt.eu\/index.php?rest_route=\/wp\/v2\/types\/page"}],"author":[{"embeddable":true,"href":"https:\/\/www.orgbalt.eu\/index.php?rest_route=\/wp\/v2\/users\/2"}],"replies":[{"embeddable":true,"href":"https:\/\/www.orgbalt.eu\/index.php?rest_route=%2Fwp%2Fv2%2Fcomments&post=4164"}],"version-history":[{"count":1,"href":"https:\/\/www.orgbalt.eu\/index.php?rest_route=\/wp\/v2\/pages\/4164\/revisions"}],"predecessor-version":[{"id":4166,"href":"https:\/\/www.orgbalt.eu\/index.php?rest_route=\/wp\/v2\/pages\/4164\/revisions\/4166"}],"up":[{"embeddable":true,"href":"https:\/\/www.orgbalt.eu\/index.php?rest_route=\/wp\/v2\/pages\/3702"}],"wp:attachment":[{"href":"https:\/\/www.orgbalt.eu\/index.php?rest_route=%2Fwp%2Fv2%2Fmedia&parent=4164"}],"curies":[{"name":"wp","href":"https:\/\/api.w.org\/{rel}","templated":true}]}}