{"id":4192,"date":"2022-07-20T15:04:04","date_gmt":"2022-07-20T12:04:04","guid":{"rendered":"https:\/\/www.orgbalt.eu\/?page_id=4192"},"modified":"2022-07-20T15:04:05","modified_gmt":"2022-07-20T12:04:05","slug":"mitro-apgabalu-kartes-baltijas-valstim-labaka-izpratne-par-augsnes-mitruma-teritorialo-sadalijumu","status":"publish","type":"page","link":"https:\/\/www.orgbalt.eu\/?page_id=4192&lang=lv","title":{"rendered":"Mitro apgabalu kartes Baltijas valst\u012bm: lab\u0101ka izpratne par augsnes mitruma teritori\u0101lo sadal\u012bjumu"},"content":{"rendered":"\n<p><em>A<\/em>tkl\u0101t\u0101s purvu un mitr\u0101ju teritorijas ir viegli identific\u0113jamas un kart\u0113jamas ar ortofoto vai satel\u012bta att\u0113liem, tom\u0113r me\u017e\u0101 zem sl\u0113gtas koku lapotnes vai \u016bdenstilpju un \u016bdenste\u010du tuvum\u0101 mitr\u0101s teritorijas ir gr\u016bt\u0101k identific\u0113jamas (Creed, Sanford , Beall, Molot un Dillon, 2003; Gregory, Swanson, McKee un Cummins, 1991). Latvij\u0101 p\u0113t\u012bjumi par augsnes mitruma teritori\u0101lo sadal\u012bjumu, izmantojot att\u0101l\u0101s izp\u0113tes datus, tika uzs\u0101kti 2017. gad\u0101 (Ivanovs &amp; Lupikis, 2018) un \u0161obr\u012bd ir izstr\u0101d\u0101ta metodika augsnes mitruma prognoz\u0113\u0161anai da\u017e\u0101da veida \u0123eolo\u0123isko nogulumu teritorij\u0101s.<\/p>\n\n\n\n<p>LIFE OrgBalt projekta ietvaros esam izveidoju\u0161i mitro apgabalu kartes visai Baltijas valstu teritorijai ar 5m horizont\u0101lo iz\u0161\u0137irtsp\u0113ju. Mitro apgabalu kart\u0113\u0161anas metodiku izstr\u0101d\u0101ja zin\u0101tnieki J.Ivanovs un A.Lupi\u0137is 2018 gad\u0101. Mitro apgabalu kartes tiek izstr\u0101d\u0101tas, pamatojoties uz da\u017e\u0101diem indeksiem, kas ieg\u016bti no augstuma datiem, piem\u0113ram, ieplakas dzi\u013cums, normaliz\u0113ts augstums, sl\u012bpums, SAGA mitruma indekss un sateces baseina lielums. Izstr\u0101d\u0101t\u0101s kartes ir pieejamas k\u0101 WMS pakalpojums vietn\u0113 <a href=\"https:\/\/silava.forestradar.com\/geoserver\/silava\/wms\">https:\/\/silava.forestradar.com\/geoserver\/silava\/wms<\/a> izmantojot GIS pakalpojumus.<\/p>\n\n\n\n<p>Mitro apgabalu kartes var izmantot da\u017e\u0101d\u0101s me\u017esaimniec\u012bbas un lauksaimniec\u012bbas jom\u0101s. Ar mitro apgabalu kart\u0113m iesp\u0113jams pl\u0101not smag\u0101s me\u017esaimniec\u012bbas un lauksaimniec\u012bbas tehnikas kust\u012bbu, t\u0101d\u0113j\u0101di samazinot augsnes boj\u0101jumu risku, gan izv\u0113loties konkr\u0113t\u0101m me\u017ea un lauksaimniec\u012bbas plat\u012bb\u0101m piem\u0113rot\u0101k\u0101s koku un kult\u016braugu sugas, k\u0101 ar\u012b izmantot citos aspektos.<\/p>\n\n\n\n<p>PUBLIK\u0100CIJA: <a href=\"https:\/\/www.orgbalt.eu\/wp-content\/uploads\/2022\/07\/LIFE-OrgBalt-Wet-area-maps-for-the-Baltics1.pdf\" target=\"_blank\" rel=\"noreferrer noopener\"><strong>Mitro apgabalu kartes Baltijas valst\u012bm: lab\u0101ka izpratne par augsnes mitruma teritori\u0101lo sadal\u012bjumu<\/strong><\/a><\/p>\n\n\n\n<p>AUTORS: J\u0100NIS IVANOVS, LIFE ORGBALT PROJEKTA VADO\u0160\u0100 PARTNERA LATVIJAS VALSTS ME\u017dA IZP\u0112TES INSTIT\u016aTA \u201cSILAVA\u201d ZIN\u0100TNISKAIS ASISTENTS<\/p>\n","protected":false},"excerpt":{"rendered":"<p>Atkl\u0101t\u0101s purvu un mitr\u0101ju teritorijas ir viegli identific\u0113jamas un kart\u0113jamas ar ortofoto vai satel\u012bta att\u0113liem, tom\u0113r me\u017e\u0101 zem sl\u0113gtas koku lapotnes vai \u016bdenstilpju un \u016bdenste\u010du tuvum\u0101 mitr\u0101s teritorijas ir gr\u016bt\u0101k [&hellip;]<\/p>\n","protected":false},"author":2,"featured_media":0,"parent":3702,"menu_order":0,"comment_status":"closed","ping_status":"closed","template":"","meta":{"footnotes":""},"class_list":["post-4192","page","type-page","status-publish","hentry"],"post_mailing_queue_ids":[],"_links":{"self":[{"href":"https:\/\/www.orgbalt.eu\/index.php?rest_route=\/wp\/v2\/pages\/4192","targetHints":{"allow":["GET"]}}],"collection":[{"href":"https:\/\/www.orgbalt.eu\/index.php?rest_route=\/wp\/v2\/pages"}],"about":[{"href":"https:\/\/www.orgbalt.eu\/index.php?rest_route=\/wp\/v2\/types\/page"}],"author":[{"embeddable":true,"href":"https:\/\/www.orgbalt.eu\/index.php?rest_route=\/wp\/v2\/users\/2"}],"replies":[{"embeddable":true,"href":"https:\/\/www.orgbalt.eu\/index.php?rest_route=%2Fwp%2Fv2%2Fcomments&post=4192"}],"version-history":[{"count":1,"href":"https:\/\/www.orgbalt.eu\/index.php?rest_route=\/wp\/v2\/pages\/4192\/revisions"}],"predecessor-version":[{"id":4193,"href":"https:\/\/www.orgbalt.eu\/index.php?rest_route=\/wp\/v2\/pages\/4192\/revisions\/4193"}],"up":[{"embeddable":true,"href":"https:\/\/www.orgbalt.eu\/index.php?rest_route=\/wp\/v2\/pages\/3702"}],"wp:attachment":[{"href":"https:\/\/www.orgbalt.eu\/index.php?rest_route=%2Fwp%2Fv2%2Fmedia&parent=4192"}],"curies":[{"name":"wp","href":"https:\/\/api.w.org\/{rel}","templated":true}]}}