{"id":4202,"date":"2022-09-19T11:36:11","date_gmt":"2022-09-19T08:36:11","guid":{"rendered":"https:\/\/www.orgbalt.eu\/?page_id=4202"},"modified":"2022-09-19T11:41:04","modified_gmt":"2022-09-19T08:41:04","slug":"klimata-parmainu-ietekmes-mazinasana-ar-baribas-vielam-bagatas-organiskas-augsnes-izmantojot-koksnes-pelnus-pec-kopsanas-cirtes-eglu-audzes","status":"publish","type":"page","link":"https:\/\/www.orgbalt.eu\/?page_id=4202&lang=lv","title":{"rendered":"Klimata p\u0101rmai\u0146u ietekmes mazin\u0101\u0161ana ar bar\u012bbas viel\u0101m bag\u0101t\u0101s organisk\u0101s augsn\u0113s, izmantojot koksnes pelnus p\u0113c kop\u0161anas cirtes eg\u013cu audz\u0113s"},"content":{"rendered":"\n<p>Viens no projekt\u0101 LIFE OrgBalt \u012bstenotajiem klimata p\u0101rmai\u0146u mazin\u0101\u0161anas pas\u0101kumiem ir saist\u012bts ar pelnu izkliedi &nbsp;organiskaj\u0101s augsn\u0113s. \u0160o metodi pielieto me\u017eaudz\u0113, kas atrodas Latvij\u0101, Me\u017eol\u0113. &nbsp;Demonstr\u0113jumu vietas m\u0113r\u0137is ir demonstr\u0113t siltumn\u012bcefekta g\u0101zu (SEG) emisiju samazin\u0101\u0161anu eg\u013cu audz\u0113, izmantojot \u0123en\u0113tiski atlas\u012btu st\u0101d\u0101mo materi\u0101lu un uzlabojot hidrolo\u0123isko re\u017e\u012bmu, ier\u012bkojot vagas, lai nodro\u0161in\u0101tu liek\u0101 \u016bdens noteci l\u012bdz reljefa zem\u0101kajam punktam.<\/p>\n\n\n\n<p>Latvij\u0101 iepriek\u0161 veiktie p\u0113t\u012bjumi neliecin\u0101ja par kop\u0113jo SEG emisiju pieaugumu p\u0113c da\u017e\u0101du koksnes pelnu devu izkliedes ilgtermi\u0146\u0101 uz k\u016bdras kontrol\u0113tos apst\u0101k\u013cos, savuk\u0101rt \u012bstermi\u0146\u0101 CO<sub>2<\/sub> emisijas b\u016btiski samazin\u0101j\u0101s.<\/p>\n\n\n\n<p>Vair\u0101k par koksnes pelnu pielieto\u0161anu lasiet intervij\u0101 ar Latvijas Valsts me\u017ezin\u0101tnes instit\u016bta \u201cSilava\u201d vec\u0101ko p\u0113tnieku Andi Lazdi\u0146u. <strong><a href=\"https:\/\/www.orgbalt.eu\/wp-content\/uploads\/2022\/09\/LIFE-OrgBalt-publication-Application-of-wood-ash_15092022_FIN.pdf\" target=\"_blank\" rel=\"noreferrer noopener\">PUBLIK\u0100CIJA PIEEJAMA \u0160EIT<\/a><\/strong>.<\/p>\n\n\n\n<p><em>Projekts &#8220;Klimata p\u0101rmai\u0146u samazin\u0101\u0161anas iesp\u0113ju demonstr\u0113\u0161ana augl\u012bg\u0101s organiskaj\u0101s augsn\u0113s Baltijas valst\u012bs un Somij\u0101&#8221; (LIFE OrgBalt, LIFE18 CCM\/LV\/001158) tiek \u012bstenots ar Eiropas Savien\u012bbas LIFE programmas un Latvijas Republikas Valsts re\u0123ion\u0101l\u0101s att\u012bst\u012bbas a\u0123ent\u016bras finansi\u0101lu atbalstu. <\/em><a href=\"http:\/\/www.orgbalt.eu\"><em>www.orgbalt.eu<\/em><\/a><em><\/em><\/p>\n\n\n\n<p><em>Inform\u0101cija atspogu\u013co tikai LIFE OrgBalt projekta \u012bstenot\u0101ju viedokli, un Eiropas Klimata, infrastrukt\u016bras un vides izpilda\u0123ent\u016bra (CINEA) nav atbild\u012bga par jebk\u0101du \u0161eit ietvert\u0101s inform\u0101cijas iesp\u0113jamo izmanto\u0161anu. Vair\u0101k inform\u0101cijas: . www.orgbalt.eu<\/em><\/p>\n","protected":false},"excerpt":{"rendered":"<p>Viens no projekt\u0101 LIFE OrgBalt \u012bstenotajiem klimata p\u0101rmai\u0146u mazin\u0101\u0161anas pas\u0101kumiem ir saist\u012bts ar pelnu izkliedi &nbsp;organiskaj\u0101s augsn\u0113s. \u0160o metodi pielieto me\u017eaudz\u0113, kas atrodas Latvij\u0101, Me\u017eol\u0113. &nbsp;Demonstr\u0113jumu vietas m\u0113r\u0137is ir demonstr\u0113t [&hellip;]<\/p>\n","protected":false},"author":2,"featured_media":0,"parent":3702,"menu_order":0,"comment_status":"closed","ping_status":"closed","template":"","meta":{"footnotes":""},"class_list":["post-4202","page","type-page","status-publish","hentry"],"post_mailing_queue_ids":[],"_links":{"self":[{"href":"https:\/\/www.orgbalt.eu\/index.php?rest_route=\/wp\/v2\/pages\/4202","targetHints":{"allow":["GET"]}}],"collection":[{"href":"https:\/\/www.orgbalt.eu\/index.php?rest_route=\/wp\/v2\/pages"}],"about":[{"href":"https:\/\/www.orgbalt.eu\/index.php?rest_route=\/wp\/v2\/types\/page"}],"author":[{"embeddable":true,"href":"https:\/\/www.orgbalt.eu\/index.php?rest_route=\/wp\/v2\/users\/2"}],"replies":[{"embeddable":true,"href":"https:\/\/www.orgbalt.eu\/index.php?rest_route=%2Fwp%2Fv2%2Fcomments&post=4202"}],"version-history":[{"count":2,"href":"https:\/\/www.orgbalt.eu\/index.php?rest_route=\/wp\/v2\/pages\/4202\/revisions"}],"predecessor-version":[{"id":4205,"href":"https:\/\/www.orgbalt.eu\/index.php?rest_route=\/wp\/v2\/pages\/4202\/revisions\/4205"}],"up":[{"embeddable":true,"href":"https:\/\/www.orgbalt.eu\/index.php?rest_route=\/wp\/v2\/pages\/3702"}],"wp:attachment":[{"href":"https:\/\/www.orgbalt.eu\/index.php?rest_route=%2Fwp%2Fv2%2Fmedia&parent=4202"}],"curies":[{"name":"wp","href":"https:\/\/api.w.org\/{rel}","templated":true}]}}