{"id":4228,"date":"2022-10-24T22:29:21","date_gmt":"2022-10-24T19:29:21","guid":{"rendered":"https:\/\/www.orgbalt.eu\/?page_id=4228"},"modified":"2022-10-24T22:32:50","modified_gmt":"2022-10-24T19:32:50","slug":"seg-emisiju-merisana-un-paraugu-ievaksana-lauksaimniecibas-zemes-virzoties-uz-datos-balstitu-lemumu-pienemsanu-ar-oglekli-bagatu-organisku-augsnu-parvaldiba","status":"publish","type":"page","link":"https:\/\/www.orgbalt.eu\/?page_id=4228&lang=lv","title":{"rendered":"SEG emisiju m\u0113r\u012b\u0161ana un paraugu iev\u0101k\u0161ana lauksaimniec\u012bbas zem\u0113s: virzoties uz datos balst\u012btu  l\u0113mumu pie\u0146em\u0161anu ar oglekli bag\u0101tu organisku aug\u0161\u0146u p\u0101rvald\u012bb\u0101"},"content":{"rendered":"\n<p>Datu tr\u016bkums par siltumn\u012bcefekta g\u0101zu (SEG) emisij\u0101m ar oglekli bag\u0101t\u0101s organiskaj\u0101s augsn\u0113s Baltij\u0101 un Somij\u0101 ir viens no galvenajiem iemesliem projekta LIFE OrgBalt \u012bsteno\u0161anai. Lauksaimniec\u012bbas zem\u0113s ir ier\u012bkotas vair\u0101kas demonstr\u0113jumu vietas klimata p\u0101rmai\u0146u mazin\u0101\u0161anas pas\u0101kumu test\u0113\u0161anai un nov\u0113rt\u0113\u0161anai projekt\u0101.<\/p>\n\n\n\n<p>SEG emisiju m\u0113r\u012bjumi projekta demonstr\u0113\u0161anas viet\u0101s tiek veikti izmantojot projekta ietvaros izstr\u0101d\u0101to SEG m\u0113r\u012b\u0161anas metodiku, tai skait\u0101 ietverot papildu datu ieg\u016b\u0161anu par biomasas veido\u0161anos, laika apst\u0101k\u013ciem, augsnes un no \u016bdens l\u012bme\u0146a m\u0113r\u012bjumiem. Izmantojot projekta ietvaros izstr\u0101d\u0101to un test\u0113to klimata p\u0101rmai\u0146u mazin\u0101\u0161anas\u00a0 pas\u0101kumu scen\u0101riju anal\u012bzes r\u012bku, tiks model\u0113ta klimata p\u0101rmai\u0146u mazin\u0101\u0161anas pas\u0101kumu ilgtermi\u0146a ietekme.<\/p>\n\n\n\n<p>Publik\u0101cija &#8220;SEG emisiju m\u0113r\u012b\u0161ana un paraugu iev\u0101k\u0161ana lauksaimniec\u012bbas zem\u0113s: virzoties uz datos balst\u012btu l\u0113mumu pie\u0146em\u0161anu ar oglekli bag\u0101tu organisku aug\u0161\u0146u p\u0101rvald\u012bb\u0101&#8221; ang\u013cu valod\u0101 <strong><a href=\"https:\/\/www.orgbalt.eu\/wp-content\/uploads\/2022\/10\/LIFE-OrgBalt-4th_measurements_agricult_FIN_19102022.pdf\" target=\"_blank\" rel=\"noreferrer noopener\">PIEEJAMA \u0160EIT.<\/a><\/strong><\/p>\n\n\n\n<p>Apl\u016bkojiet m\u0113r\u012b\u0161anas procesus darb\u012bb\u0101 \u0161aj\u0101 \u012bsaj\u0101 dokument\u0101laj\u0101 film\u0101: <a href=\"https:\/\/www.orgbalt.eu\/?page_id=3653\">https:\/\/www.orgbalt.eu\/?page_id=3653<\/a> <\/p>\n\n\n\n<p><em>Projekts &#8220;Klimata p\u0101rmai\u0146u samazin\u0101\u0161anas iesp\u0113ju demonstr\u0113\u0161ana augl\u012bg\u0101s organiskaj\u0101s augsn\u0113s Baltijas valst\u012bs un Somij\u0101&#8221; (LIFE OrgBalt, LIFE18 CCM\/LV\/001158) tiek \u012bstenots ar Eiropas Savien\u012bbas LIFE programmas un Latvijas Republikas Valsts re\u0123ion\u0101l\u0101s att\u012bst\u012bbas a\u0123ent\u016bras finansi\u0101lu atbalstu. <\/em><a href=\"http:\/\/www.orgbalt.eu\"><em>www.orgbalt.eu<\/em><\/a><em><\/em><\/p>\n\n\n\n<p><em>Inform\u0101cija atspogu\u013co tikai LIFE OrgBalt projekta sa\u0146\u0113m\u0113ju viedokli, un Eiropas Klimata, infrastrukt\u016bras un vides izpilda\u0123ent\u016bra (CINEA) nav atbild\u012bga par jebk\u0101du \u0161eit ietvert\u0101s inform\u0101cijas iesp\u0113jamo izmanto\u0161anu<\/em><\/p>\n","protected":false},"excerpt":{"rendered":"<p>Datu tr\u016bkums par siltumn\u012bcefekta g\u0101zu (SEG) emisij\u0101m ar oglekli bag\u0101t\u0101s organiskaj\u0101s augsn\u0113s Baltij\u0101 un Somij\u0101 ir viens no galvenajiem iemesliem projekta LIFE OrgBalt \u012bsteno\u0161anai. Lauksaimniec\u012bbas zem\u0113s ir ier\u012bkotas vair\u0101kas demonstr\u0113jumu [&hellip;]<\/p>\n","protected":false},"author":2,"featured_media":0,"parent":3702,"menu_order":0,"comment_status":"closed","ping_status":"closed","template":"","meta":{"footnotes":""},"class_list":["post-4228","page","type-page","status-publish","hentry"],"post_mailing_queue_ids":[],"_links":{"self":[{"href":"https:\/\/www.orgbalt.eu\/index.php?rest_route=\/wp\/v2\/pages\/4228","targetHints":{"allow":["GET"]}}],"collection":[{"href":"https:\/\/www.orgbalt.eu\/index.php?rest_route=\/wp\/v2\/pages"}],"about":[{"href":"https:\/\/www.orgbalt.eu\/index.php?rest_route=\/wp\/v2\/types\/page"}],"author":[{"embeddable":true,"href":"https:\/\/www.orgbalt.eu\/index.php?rest_route=\/wp\/v2\/users\/2"}],"replies":[{"embeddable":true,"href":"https:\/\/www.orgbalt.eu\/index.php?rest_route=%2Fwp%2Fv2%2Fcomments&post=4228"}],"version-history":[{"count":1,"href":"https:\/\/www.orgbalt.eu\/index.php?rest_route=\/wp\/v2\/pages\/4228\/revisions"}],"predecessor-version":[{"id":4229,"href":"https:\/\/www.orgbalt.eu\/index.php?rest_route=\/wp\/v2\/pages\/4228\/revisions\/4229"}],"up":[{"embeddable":true,"href":"https:\/\/www.orgbalt.eu\/index.php?rest_route=\/wp\/v2\/pages\/3702"}],"wp:attachment":[{"href":"https:\/\/www.orgbalt.eu\/index.php?rest_route=%2Fwp%2Fv2%2Fmedia&parent=4228"}],"curies":[{"name":"wp","href":"https:\/\/api.w.org\/{rel}","templated":true}]}}