{"id":4277,"date":"2022-12-09T12:19:25","date_gmt":"2022-12-09T09:19:25","guid":{"rendered":"https:\/\/www.orgbalt.eu\/?page_id=4277"},"modified":"2022-12-09T12:19:26","modified_gmt":"2022-12-09T09:19:26","slug":"klimata-parmainu-mazinasanas-scenariji-zalajos-izmantojot-drenazu","status":"publish","type":"page","link":"https:\/\/www.orgbalt.eu\/?page_id=4277&lang=lv","title":{"rendered":"Klimata p\u0101rmai\u0146u mazin\u0101\u0161anas scen\u0101riji z\u0101l\u0101jos, izmantojot dren\u0101\u017eu"},"content":{"rendered":"\n<p>Dren\u0101\u017ea un \u016bdens l\u012bme\u0146a kontrole ir b\u016btiski procesi lauksaimniec\u012bb\u0101, lai samazin\u0101tu augsnes degrad\u0101ciju un bar\u012bbas vielu izskalo\u0161anos. Z\u0101l\u0101jos ar bar\u012bbas viel\u0101m bag\u0101t\u0101m organiskaj\u0101m augsn\u0113m \u016bdens l\u012bme\u0146a sv\u0101rst\u012bbas var ietekm\u0113t augsnes kvalit\u0101ti un potenci\u0101li izrais\u012bt siltumn\u012bcefekta g\u0101zu (SEG) emisijas. \u016adens l\u012bme\u0146a kontrole augsn\u0113 var b\u016bt v\u0113rt\u012bga mitro un sauso periodu ietekmju izl\u012bdzin\u0101\u0161anai, vienlaikus gan uzlabojot lauksaimniec\u012bbas ra\u017e\u012bgumu, gan augsnes kvalit\u0101ti.<\/p>\n\n\n\n<p>Dren\u0101\u017ea tiek pielietota ar\u012b citos klimata p\u0101rmai\u0146u mazin\u0101\u0161anas scen\u0101rijos projekt\u0101, t\u012brot un atjaunojot melior\u0101cijas gr\u0101vjus un melior\u0101cijas sist\u0113mas ar m\u0113r\u0137i kontrol\u0113t grunts\u016bde\u0146u l\u012bmeni. Demonstr\u0113jumu vieta Nr. LVC305 at\u0161\u0137iras no cit\u0101m \u2013 t\u0101 izveidota, lai m\u0113r\u012btu kontrol\u0113tas dren\u0101\u017eas ietekmi uz SEG emisij\u0101m un citiem vides faktoriem, uzturot paaugstin\u0101tu grunts\u016bdens l\u012bmeni vis\u0101 ve\u0123et\u0101cijas period\u0101.<\/p>\n\n\n\n<p><strong><a rel=\"noreferrer noopener\" href=\"https:\/\/www.orgbalt.eu\/wp-content\/uploads\/2022\/12\/Drainage-activities_FOR-PUBLICATION_06122022_LIFE-OrgBalt.pdf\" target=\"_blank\">PUBLIK\u0100CIJA &#8220;KLIMATA P\u0100RMAI\u0145U MAZIN\u0100\u0160ANAS SCEN\u0100RIJI Z\u0100L\u0100JOS, IZMANTOJOT DREN\u0100\u017dU&#8221; ANG\u013bU VALOD\u0100<\/a><a href=\"https:\/\/www.orgbalt.eu\/wp-content\/uploads\/2022\/12\/Drainage-activities_FOR-PUBLICATION_06122022_LIFE-OrgBalt.pdf\" target=\"_blank\" rel=\"noreferrer noopener\"> <\/a><a rel=\"noreferrer noopener\" href=\"https:\/\/www.orgbalt.eu\/wp-content\/uploads\/2022\/12\/Drainage-activities_FOR-PUBLICATION_06122022_LIFE-OrgBalt.pdf\" target=\"_blank\">PIEEJAMA: \u0160EIT.<\/a><\/strong><\/p>\n\n\n\n<p><em>Projekts &#8220;Klimata p\u0101rmai\u0146u samazin\u0101\u0161anas iesp\u0113ju demonstr\u0113\u0161ana augl\u012bg\u0101s organiskaj\u0101s augsn\u0113s Baltijas valst\u012bs un Somij\u0101&#8221; (LIFE OrgBalt, LIFE18 CCM\/LV\/001158) tiek \u012bstenots ar Eiropas Savien\u012bbas LIFE programmas un Latvijas Republikas Valsts re\u0123ion\u0101l\u0101s att\u012bst\u012bbas a\u0123ent\u016bras finansi\u0101lu atbalstu. <\/em><a href=\"http:\/\/www.orgbalt.eu\"><em>www.orgbalt.eu<\/em><\/a><em><\/em><\/p>\n\n\n\n<p><em>Inform\u0101cija atspogu\u013co tikai LIFE OrgBalt projekta sa\u0146\u0113m\u0113ju viedokli, un Eiropas Klimata, infrastrukt\u016bras un vides izpilda\u0123ent\u016bra (CINEA) nav atbild\u012bga par jebk\u0101du \u0161eit ietvert\u0101s inform\u0101cijas iesp\u0113jamo izmanto\u0161anu<\/em><\/p>\n\n\n\n<p><a><em>Vair\u0101k inform\u0101cijas: . www.orgbalt.eu<\/em><\/a><\/p>\n","protected":false},"excerpt":{"rendered":"<p>Dren\u0101\u017ea un \u016bdens l\u012bme\u0146a kontrole ir b\u016btiski procesi lauksaimniec\u012bb\u0101, lai samazin\u0101tu augsnes degrad\u0101ciju un bar\u012bbas vielu izskalo\u0161anos. Z\u0101l\u0101jos ar bar\u012bbas viel\u0101m bag\u0101t\u0101m organiskaj\u0101m augsn\u0113m \u016bdens l\u012bme\u0146a sv\u0101rst\u012bbas var ietekm\u0113t augsnes [&hellip;]<\/p>\n","protected":false},"author":2,"featured_media":0,"parent":3702,"menu_order":0,"comment_status":"closed","ping_status":"closed","template":"","meta":{"footnotes":""},"class_list":["post-4277","page","type-page","status-publish","hentry"],"post_mailing_queue_ids":[],"_links":{"self":[{"href":"https:\/\/www.orgbalt.eu\/index.php?rest_route=\/wp\/v2\/pages\/4277","targetHints":{"allow":["GET"]}}],"collection":[{"href":"https:\/\/www.orgbalt.eu\/index.php?rest_route=\/wp\/v2\/pages"}],"about":[{"href":"https:\/\/www.orgbalt.eu\/index.php?rest_route=\/wp\/v2\/types\/page"}],"author":[{"embeddable":true,"href":"https:\/\/www.orgbalt.eu\/index.php?rest_route=\/wp\/v2\/users\/2"}],"replies":[{"embeddable":true,"href":"https:\/\/www.orgbalt.eu\/index.php?rest_route=%2Fwp%2Fv2%2Fcomments&post=4277"}],"version-history":[{"count":1,"href":"https:\/\/www.orgbalt.eu\/index.php?rest_route=\/wp\/v2\/pages\/4277\/revisions"}],"predecessor-version":[{"id":4278,"href":"https:\/\/www.orgbalt.eu\/index.php?rest_route=\/wp\/v2\/pages\/4277\/revisions\/4278"}],"up":[{"embeddable":true,"href":"https:\/\/www.orgbalt.eu\/index.php?rest_route=\/wp\/v2\/pages\/3702"}],"wp:attachment":[{"href":"https:\/\/www.orgbalt.eu\/index.php?rest_route=%2Fwp%2Fv2%2Fmedia&parent=4277"}],"curies":[{"name":"wp","href":"https:\/\/api.w.org\/{rel}","templated":true}]}}