{"id":4354,"date":"2023-03-03T00:59:32","date_gmt":"2023-03-02T21:59:32","guid":{"rendered":"https:\/\/www.orgbalt.eu\/?page_id=4354"},"modified":"2023-03-10T09:55:31","modified_gmt":"2023-03-10T06:55:31","slug":"life-orgbalt-7-uzraudzibas-grupas-sanaksme","status":"publish","type":"page","link":"https:\/\/www.orgbalt.eu\/?page_id=4354&lang=lv","title":{"rendered":"LIFE OrgBalt 7. Uzraudz\u012bbas grupas san\u0101ksme"},"content":{"rendered":"\n<p><strong>Datums<\/strong>: 02.03.2023.<\/p>\n\n\n\n<p><strong>Vieta:<\/strong>&nbsp;Tie\u0161saistes san\u0101ksme<\/p>\n\n\n\n<p><strong>Organizators<\/strong>: Latvijas Valsts me\u017ezin\u0101tnes instit\u016bts SILAVA<\/p>\n\n\n\n<p><strong>Vair\u0101k par Uzraudz\u012bbas grupas san\u0101ksmi las\u012bt: \u0160EIT<\/strong><\/p>\n\n\n\n<p><a rel=\"noreferrer noopener\" href=\"https:\/\/www.orgbalt.eu\/wp-content\/uploads\/2023\/03\/LIFE-OrgBalt_7th-Steering-Group_-draft-agenda_March-2-2023.pdf\" target=\"_blank\"><strong>Uzraudz\u012bbas grupas san\u0101ksmes darba k\u0101rt\u012bba: \u0160EIT<\/strong><\/a> (ang\u013cu valod\u0101)<\/p>\n\n\n\n<p><strong>Prezent\u0101cijas (ang\u013cu valod\u0101):<\/strong><br><em>(nospiediet uz nosaukuma, lai skat\u012btu prezent\u0101ciju)<\/em><\/p>\n\n\n\n<ul class=\"wp-block-list\"><li><a rel=\"noreferrer noopener\" href=\"https:\/\/www.orgbalt.eu\/wp-content\/uploads\/2023\/03\/LIFE-OrgBalt_progress_02032023.pdf\" target=\"_blank\"><strong>The general progress of the LIFE OrgBalt project<\/strong><\/a>, Ieva L\u012bc\u012bte, LIFE OrgBalt coordinator, Latvian State Forest Research Institute SILAVA<\/li><li><a rel=\"noreferrer noopener\" href=\"https:\/\/www.orgbalt.eu\/wp-content\/uploads\/2023\/03\/20230302_LifeOrgBalt_SteeringGroupMeeting_DataGatheringAndProcessing.pdf\" target=\"_blank\"><strong>GHG and environmental measurements, data processing, some very preliminary results. Data gathering and processing<\/strong><\/a>,\u00a0<em>Thomass Schindler<\/em>,\u00a0TU<\/li><li><a rel=\"noreferrer noopener\" href=\"https:\/\/www.orgbalt.eu\/wp-content\/uploads\/2023\/03\/Kamil_Prelimenary-results-from-reference-sites_OrgBalt_Steering_20230302.pdf\" target=\"_blank\"><strong>Preliminary results of Soil GHG fluxes from the reference sites<\/strong><\/a>, <em>Kamil Sardar, TU<\/em> <\/li><li><a rel=\"noreferrer noopener\" href=\"https:\/\/www.orgbalt.eu\/wp-content\/uploads\/2023\/03\/LIFE-OrgBalt-Steering-group-meeting_Modelling.pdf\" target=\"_blank\"><strong>Modelling and scientific writing\/sharing activities. GHG emission projections, SUSI modelling<\/strong><\/a>,\u00a0<em>Vaiva Kazanavi\u010di\u016bt\u0117, LAMMC<\/em><\/li><li><a rel=\"noreferrer noopener\" href=\"https:\/\/www.orgbalt.eu\/wp-content\/uploads\/2023\/03\/Scientific-publications-slides20230302.pdf\" target=\"_blank\"><strong>Modelling and scientific writing\/sharing activities. Scientific writing\u00a0 \u2013 the current progress<\/strong><\/a>,\u00a0<em>Jyrki Jauhiainen, LUKE<\/em><\/li><\/ul>\n\n\n\n<figure class=\"wp-block-gallery columns-3 is-cropped wp-block-gallery-1 is-layout-flex wp-block-gallery-is-layout-flex\"><ul class=\"blocks-gallery-grid\"><li class=\"blocks-gallery-item\"><figure><img loading=\"lazy\" decoding=\"async\" width=\"1024\" height=\"510\" src=\"https:\/\/www.orgbalt.eu\/wp-content\/uploads\/2023\/03\/Ekranuznemums-2023-03-02-105623-1-1024x510.png\" alt=\"\" data-id=\"4355\" data-full-url=\"https:\/\/www.orgbalt.eu\/wp-content\/uploads\/2023\/03\/Ekranuznemums-2023-03-02-105623-1.png\" data-link=\"https:\/\/www.orgbalt.eu\/?attachment_id=4355\" class=\"wp-image-4355\" srcset=\"https:\/\/www.orgbalt.eu\/wp-content\/uploads\/2023\/03\/Ekranuznemums-2023-03-02-105623-1-1024x510.png 1024w, https:\/\/www.orgbalt.eu\/wp-content\/uploads\/2023\/03\/Ekranuznemums-2023-03-02-105623-1-300x150.png 300w, https:\/\/www.orgbalt.eu\/wp-content\/uploads\/2023\/03\/Ekranuznemums-2023-03-02-105623-1-768x383.png 768w, https:\/\/www.orgbalt.eu\/wp-content\/uploads\/2023\/03\/Ekranuznemums-2023-03-02-105623-1-1536x766.png 1536w, https:\/\/www.orgbalt.eu\/wp-content\/uploads\/2023\/03\/Ekranuznemums-2023-03-02-105623-1.png 1567w\" sizes=\"auto, (max-width: 1024px) 100vw, 1024px\" \/><\/figure><\/li><li class=\"blocks-gallery-item\"><figure><img loading=\"lazy\" decoding=\"async\" width=\"1024\" height=\"524\" src=\"https:\/\/www.orgbalt.eu\/wp-content\/uploads\/2023\/03\/Ekranuznemums-2023-03-02-102714-1-1024x524.png\" alt=\"\" data-id=\"4356\" data-full-url=\"https:\/\/www.orgbalt.eu\/wp-content\/uploads\/2023\/03\/Ekranuznemums-2023-03-02-102714-1.png\" data-link=\"https:\/\/www.orgbalt.eu\/?attachment_id=4356\" class=\"wp-image-4356\" srcset=\"https:\/\/www.orgbalt.eu\/wp-content\/uploads\/2023\/03\/Ekranuznemums-2023-03-02-102714-1-1024x524.png 1024w, https:\/\/www.orgbalt.eu\/wp-content\/uploads\/2023\/03\/Ekranuznemums-2023-03-02-102714-1-300x154.png 300w, https:\/\/www.orgbalt.eu\/wp-content\/uploads\/2023\/03\/Ekranuznemums-2023-03-02-102714-1-768x393.png 768w, https:\/\/www.orgbalt.eu\/wp-content\/uploads\/2023\/03\/Ekranuznemums-2023-03-02-102714-1-1536x787.png 1536w, https:\/\/www.orgbalt.eu\/wp-content\/uploads\/2023\/03\/Ekranuznemums-2023-03-02-102714-1.png 1570w\" sizes=\"auto, (max-width: 1024px) 100vw, 1024px\" \/><\/figure><\/li><li class=\"blocks-gallery-item\"><figure><img loading=\"lazy\" decoding=\"async\" width=\"1024\" height=\"402\" src=\"https:\/\/www.orgbalt.eu\/wp-content\/uploads\/2023\/03\/Ekranuznemums-2023-03-02-102205-1-1024x402.png\" alt=\"\" data-id=\"4357\" data-full-url=\"https:\/\/www.orgbalt.eu\/wp-content\/uploads\/2023\/03\/Ekranuznemums-2023-03-02-102205-1.png\" data-link=\"https:\/\/www.orgbalt.eu\/?attachment_id=4357\" class=\"wp-image-4357\" srcset=\"https:\/\/www.orgbalt.eu\/wp-content\/uploads\/2023\/03\/Ekranuznemums-2023-03-02-102205-1-1024x402.png 1024w, https:\/\/www.orgbalt.eu\/wp-content\/uploads\/2023\/03\/Ekranuznemums-2023-03-02-102205-1-300x118.png 300w, https:\/\/www.orgbalt.eu\/wp-content\/uploads\/2023\/03\/Ekranuznemums-2023-03-02-102205-1-768x302.png 768w, https:\/\/www.orgbalt.eu\/wp-content\/uploads\/2023\/03\/Ekranuznemums-2023-03-02-102205-1-1536x603.png 1536w, https:\/\/www.orgbalt.eu\/wp-content\/uploads\/2023\/03\/Ekranuznemums-2023-03-02-102205-1.png 1825w\" sizes=\"auto, (max-width: 1024px) 100vw, 1024px\" \/><\/figure><\/li><\/ul><\/figure>\n","protected":false},"excerpt":{"rendered":"<p>Datums: 02.03.2023. Vieta:&nbsp;Tie\u0161saistes san\u0101ksme Organizators: Latvijas Valsts me\u017ezin\u0101tnes instit\u016bts SILAVA Vair\u0101k par Uzraudz\u012bbas grupas san\u0101ksmi las\u012bt: \u0160EIT Uzraudz\u012bbas grupas san\u0101ksmes darba k\u0101rt\u012bba: \u0160EIT (ang\u013cu valod\u0101) Prezent\u0101cijas (ang\u013cu valod\u0101):(nospiediet uz nosaukuma, [&hellip;]<\/p>\n","protected":false},"author":2,"featured_media":0,"parent":2831,"menu_order":0,"comment_status":"closed","ping_status":"closed","template":"","meta":{"footnotes":""},"class_list":["post-4354","page","type-page","status-publish","hentry"],"post_mailing_queue_ids":[],"_links":{"self":[{"href":"https:\/\/www.orgbalt.eu\/index.php?rest_route=\/wp\/v2\/pages\/4354","targetHints":{"allow":["GET"]}}],"collection":[{"href":"https:\/\/www.orgbalt.eu\/index.php?rest_route=\/wp\/v2\/pages"}],"about":[{"href":"https:\/\/www.orgbalt.eu\/index.php?rest_route=\/wp\/v2\/types\/page"}],"author":[{"embeddable":true,"href":"https:\/\/www.orgbalt.eu\/index.php?rest_route=\/wp\/v2\/users\/2"}],"replies":[{"embeddable":true,"href":"https:\/\/www.orgbalt.eu\/index.php?rest_route=%2Fwp%2Fv2%2Fcomments&post=4354"}],"version-history":[{"count":3,"href":"https:\/\/www.orgbalt.eu\/index.php?rest_route=\/wp\/v2\/pages\/4354\/revisions"}],"predecessor-version":[{"id":4367,"href":"https:\/\/www.orgbalt.eu\/index.php?rest_route=\/wp\/v2\/pages\/4354\/revisions\/4367"}],"up":[{"embeddable":true,"href":"https:\/\/www.orgbalt.eu\/index.php?rest_route=\/wp\/v2\/pages\/2831"}],"wp:attachment":[{"href":"https:\/\/www.orgbalt.eu\/index.php?rest_route=%2Fwp%2Fv2%2Fmedia&parent=4354"}],"curies":[{"name":"wp","href":"https:\/\/api.w.org\/{rel}","templated":true}]}}