{"id":4473,"date":"2023-08-08T19:41:22","date_gmt":"2023-08-08T16:41:22","guid":{"rendered":"https:\/\/www.orgbalt.eu\/?page_id=4473"},"modified":"2023-08-08T19:41:23","modified_gmt":"2023-08-08T16:41:23","slug":"biogeomon-2022-10-starptautiskais-ekosistemu-simpozijs","status":"publish","type":"page","link":"https:\/\/www.orgbalt.eu\/?page_id=4473&lang=lv","title":{"rendered":"BIOGEOMON 2022 \u2013 10. Starptautiskais ekosist\u0113mu simpozijs"},"content":{"rendered":"\n<p><strong>Laiks<\/strong>: 26.\u201330. j\u016bnijs, 2022<\/p>\n\n\n\n<p><strong>Vieta:\u00a0<\/strong>Tartu, Igaunija<\/p>\n\n\n\n<p><strong>Organizators: <\/strong>Tartu Universit\u0101te<\/p>\n\n\n\n<p>Vair\u0101k par simpoziju un programma:\u00a0<a rel=\"noreferrer noopener\" href=\"https:\/\/biogeomon2022.ut.ee\/home-0\" target=\"_blank\">\u0160EIT<\/a><\/p>\n\n\n\n<p>BIOGEOMON \u2013 ekosist\u0113mu simpozijs ir regul\u0101rs starptautisks forums &#8211; ekologu un vides zin\u0101tnieku tik\u0161an\u0101s vieta par da\u017e\u0101d\u0101m ar ekosist\u0113m\u0101m saist\u012bt\u0101m t\u0113m\u0101m. \u0160\u012b trad\u012bcija aizs\u0101k\u0101s 1987. gad\u0101, kad Pr\u0101g\u0101, \u010cehoslov\u0101kij\u0101, tika organiz\u0113ts pirmais simpozijs (toreiz ar nosaukumu GEOMON &#8211; nosaukums c\u0113lies no \u0123eolo\u0123isk\u0101 monitoringa). Piecus gadus v\u0113l\u0101k san\u0101ksme tika p\u0101rd\u0113v\u0113ta par BIOGEOMON un t\u0101 fokus\u0113j\u0101s uz da\u017e\u0101da m\u0113roga ekosist\u0113mu manipul\u0101cij\u0101m, lieti\u0161\u0137ajiem bio\u0123eo\u0137\u012bmiskiem p\u0113t\u012bjumiem, ekolo\u0123isko model\u0113\u0161anu un cit\u0101m starpdisciplin\u0101r\u0101m zin\u0101tn\u0113m. <\/p>\n\n\n\n<p>10.Starptautisko ekosist\u0113mu simpoziju BIOGEOMON 2022 organiz\u0113ja Igaunijas Tartu Universit\u0101te un \u010cehijas \u0122eolo\u0123ijas dienests, un tas notika Tartu 2022. gada j\u016bnij\u0101 ar <a href=\"https:\/\/biogeomon2022.ut.ee\/program\" target=\"_blank\" rel=\"noreferrer noopener\">pla\u0161u programmu<\/a>.<\/p>\n\n\n\n<p>Ar lepnumu varam izcelt, ka vair\u0101ki m\u016bsu LIFE OrgBalt eksperti un dal\u012bbnieki bija iesaist\u012bti pas\u0101kum\u0101 k\u0101 organizatori (\u00dclo Mander, Hanna Vahter), k\u0101 da\u013ca no zin\u0101tnisk\u0101s komitejas (\u00dclo Mander, Kaido Soosaar) un k\u0101 sesijas vad\u012bt\u0101js (Kaido Soosaar) . P\u0113tnieki Hanna Vahtere un Muhameds Kamils \u200b\u200bSardars Ali prezent\u0113ja divus stenda refer\u0101tus, lai sniegtu ieskatu savos jaun\u0101kajos p\u0113tniec\u012bbas projektos. Tika prezent\u0113ti \u0161\u0101di p\u0113t\u012bjumi, kuros piedal\u012bj\u0101s LIFE OrgBalt eksperti:<\/p>\n\n\n\n<ul class=\"wp-block-list\"><li><a rel=\"noreferrer noopener\" href=\"https:\/\/www.orgbalt.eu\/wp-content\/uploads\/2023\/08\/1_BIOGEOMON_KamilSardar_PosterA0_LIFEOrgBalt.pdf\" target=\"_blank\"><strong>GREENHOUSE GAS EMISSIONS FROM DRAINED HEMIBOREAL PEATLAND FOREST SOILS IN ESTONIA<\/strong>&nbsp;<\/a>, Muhammad Kamil Sardar Ali, Thomas Schindler, Hanna Vahter, Ain Kull, \u00dclo Mander and Kaido Soosaar&nbsp;<\/li><li><a rel=\"noreferrer noopener\" href=\"https:\/\/www.orgbalt.eu\/wp-content\/uploads\/2023\/08\/2_BIOGEMON2022_poster_Vahter_COMPRESSED_LIFE_OrgBalt.pdf\" target=\"_blank\"><strong>DRAINAGE IMPACT ON GREENHOUSE GAS FLUXES FROM DRAINED NUTRIENT-RICH ORGANIC SOILS UNDER GRASSLANDS IN THE HEMIBOREAL ZONE<\/strong><\/a>&nbsp;, Hanna Vahter, Muhammad Kamil Sardar Ali, Thomas Schindler, Andis Lazdi\u0146\u0161, Ain Kull, Ieva L\u012bc\u012bte, \u00dclo Mander, Aldis Butlers and Kaido Soosaar&nbsp;<\/li><\/ul>\n\n\n\n<p><\/p>\n","protected":false},"excerpt":{"rendered":"<p>Laiks: 26.\u201330. j\u016bnijs, 2022 Vieta:\u00a0Tartu, Igaunija Organizators: Tartu Universit\u0101te Vair\u0101k par simpoziju un programma:\u00a0\u0160EIT BIOGEOMON \u2013 ekosist\u0113mu simpozijs ir regul\u0101rs starptautisks forums &#8211; ekologu un vides zin\u0101tnieku tik\u0161an\u0101s vieta par [&hellip;]<\/p>\n","protected":false},"author":2,"featured_media":0,"parent":2831,"menu_order":0,"comment_status":"closed","ping_status":"closed","template":"","meta":{"footnotes":""},"class_list":["post-4473","page","type-page","status-publish","hentry"],"post_mailing_queue_ids":[],"_links":{"self":[{"href":"https:\/\/www.orgbalt.eu\/index.php?rest_route=\/wp\/v2\/pages\/4473","targetHints":{"allow":["GET"]}}],"collection":[{"href":"https:\/\/www.orgbalt.eu\/index.php?rest_route=\/wp\/v2\/pages"}],"about":[{"href":"https:\/\/www.orgbalt.eu\/index.php?rest_route=\/wp\/v2\/types\/page"}],"author":[{"embeddable":true,"href":"https:\/\/www.orgbalt.eu\/index.php?rest_route=\/wp\/v2\/users\/2"}],"replies":[{"embeddable":true,"href":"https:\/\/www.orgbalt.eu\/index.php?rest_route=%2Fwp%2Fv2%2Fcomments&post=4473"}],"version-history":[{"count":1,"href":"https:\/\/www.orgbalt.eu\/index.php?rest_route=\/wp\/v2\/pages\/4473\/revisions"}],"predecessor-version":[{"id":4474,"href":"https:\/\/www.orgbalt.eu\/index.php?rest_route=\/wp\/v2\/pages\/4473\/revisions\/4474"}],"up":[{"embeddable":true,"href":"https:\/\/www.orgbalt.eu\/index.php?rest_route=\/wp\/v2\/pages\/2831"}],"wp:attachment":[{"href":"https:\/\/www.orgbalt.eu\/index.php?rest_route=%2Fwp%2Fv2%2Fmedia&parent=4473"}],"curies":[{"name":"wp","href":"https:\/\/api.w.org\/{rel}","templated":true}]}}