{"id":4511,"date":"2023-08-08T21:20:37","date_gmt":"2023-08-08T18:20:37","guid":{"rendered":"https:\/\/www.orgbalt.eu\/?page_id=4511"},"modified":"2023-08-10T15:30:24","modified_gmt":"2023-08-10T12:30:24","slug":"ziemelvalstu-un-baltijas-valstu-seminars-par-siltumnicefekta-gazu-apmainu-un-oglekla-ciklu-apsaimniekotos-kudrajos","status":"publish","type":"page","link":"https:\/\/www.orgbalt.eu\/?page_id=4511&lang=lv","title":{"rendered":"Zieme\u013cvalstu un Baltijas valstu semin\u0101rs par siltumn\u012bcefekta g\u0101zu apmai\u0146u un oglek\u013ca ciklu apsaimniekotos k\u016bdr\u0101jos"},"content":{"rendered":"\n<p>Datums:  12.-15.j\u016bnijs, 2023<\/p>\n\n\n\n<p>Norises vieta: Vindelna, Zviedrija<\/p>\n\n\n\n<p><a href=\"https:\/\/www.slu.se\/en\/departments\/forest-ecology-management\/forskning\/the-forest-landscapes-climate-effects\/nordic-baltic-workshop\/\" target=\"_blank\" rel=\"noreferrer noopener\">Vair\u0101k: \u0160EIT<\/a><\/p>\n\n\n\n<p>Semin\u0101ra galvenie m\u0113r\u0137i bija: <\/p>\n\n\n\n<p>1) Apkopot un sintez\u0113t pa\u0161reiz\u0113j\u0101s zin\u0101\u0161anas par nosusin\u0101to un atjaunoto k\u016bdr\u0101ju ietekmi uz klimatu Zieme\u013cvalstu un Baltijas valstu teritorij\u0101;<br>2) Izp\u0113t\u012bt kop\u012bgu p\u0113t\u012bjumu priek\u0161likumu iesp\u0113jas.<\/p>\n\n\n\n<p>Neraugoties uz vald\u012bbas a\u0123ent\u016bru un me\u017ea nozares ieinteres\u0113to pu\u0161u apjom\u012bgajiem centieniem atjaunot nosusin\u0101tos bore\u0101los k\u016bdr\u0101jus Zieme\u013cvalst\u012bs un Baltijas valst\u012bs, emp\u012briskas zin\u0101\u0161anas, lai nov\u0113rt\u0113tu ietekmi uz SEG bilanci, ir ierobe\u017eotas. Rezult\u0101t\u0101 nosusin\u0101to un atjaunoto k\u016bdr\u0101ju teritoriju ietekme uz klimatu pa\u0161laik ir \u013coti nenoteikta.<\/p>\n\n\n\n<p>Programma ietv\u0113ra tr\u012bs dienu zin\u0101tnisko da\u013cu, tostarp plen\u0101rs\u0113des, sesijas un m\u0101c\u012bbu ekskursijas uz dab\u012bgiem, nosusin\u0101tiem un atk\u0101rtoti mitrin\u0101tiem k\u016bdr\u0101jiem Kulb\u00e4cksliden un Trollberget p\u0113tniec\u012bbas infrastrukt\u016br\u0101s, k\u0101 ar\u012b nosl\u0113guma diskusiju ar ieinteres\u0113taj\u0101m person\u0101m, kas notika ceturtaj\u0101 dien\u0101.<\/p>\n\n\n\n<p>P\u0113tnieki Hanna Vahtere, Muhameds Kamils \u200b\u200bSardars Ali,  Korrensalo Aino un Paavo Ojanen prezent\u0113ja stenda refer\u0101tu, lai sniegtu ieskatu par savu jaun\u0101ko p\u0113tniec\u012bbas projektu.<\/p>\n\n\n\n<ul class=\"wp-block-list\"><li><strong><a rel=\"noreferrer noopener\" href=\"https:\/\/www.orgbalt.eu\/wp-content\/uploads\/2023\/08\/5_NB_workshop_poster_H_Vahter_LIFE_OrgBalt.pdf\" target=\"_blank\">HOW DOES DRAINAGE IMPACT GREENHOUSE GAS FLUX EMISSIONS FROM GRASSLANDS AND CROPLANDS ON DRAINED NUTRIENT-RICH ORGANIC SOILS IN BALTIC COUNTRIES?<\/a><\/strong>, Hanna Vahter, Muhammad Kamil Sardar Ali, Thomas Schindler, Andis Lazdi\u0146\u0161, Ain Kull, Ieva L\u012bc\u012bte, \u00dclo Mander, Aldis Butlers, Kaido Soosaar\u00a0<\/li><li><strong><a rel=\"noreferrer noopener\" href=\"https:\/\/www.orgbalt.eu\/wp-content\/uploads\/2023\/08\/6_NB_Workshop_Kamil-Soil-CH4-and-N2O-fluxes-from-darined-nutrient-rich-soils_LIFE_OrgBalt.pdf\" target=\"_blank\">GREENHOUSE GAS EMISSIONS FROM DRAINED NUTRIENT-RICH ORGANIC FOREST SOILS IN ESTONIA<\/a><\/strong>, Muhammad Kamil Sardar Ali, Kaido Soosaar\u00a0<\/li><\/ul>\n\n\n\n<p>\u00b7\u00a0\u00a0\u00a0\u00a0\u00a0\u00a0\u00a0\u00a0PEAT RESPIRATION IN DRAINED PEATLAND FORESTS UNDER VARYING TREE HARVEST REGIMES, Korrensalo Aino, M\u00e4kiranta P\u00e4ivi, Ojanen Paavo, Laiho Raija, Anttila Jani, Penttil\u00e4 Timo, Jauhiainen Jyrki, Salovaara Petri, Lehtonen Aleksi, Peltoniemi Mikko, M\u00e4kip\u00e4\u00e4 Raisa\u00a0<\/p>\n\n\n\n<p>\u00b7\u00a0\u00a0\u00a0\u00a0\u00a0\u00a0\u00a0 IMPACTS OF PARTIAL HARVEST AND CLEARCUT ON METHANE AND NITROUS OXIDE EMISSIONS OF FORESTRY-DRAINED BOREAL PEATLANDS, Paavo Ojanen, P\u00e4ivi M\u00e4kiranta, Raija Laiho, Timo Penttil\u00e4, Kari Minkkinen, Meeri Pearson, Sakari Sarkkola, Jani Anttila, Raisa M\u00e4kip\u00e4\u00e4\u00a0<\/p>\n","protected":false},"excerpt":{"rendered":"<p>Datums: 12.-15.j\u016bnijs, 2023 Norises vieta: Vindelna, Zviedrija Vair\u0101k: \u0160EIT Semin\u0101ra galvenie m\u0113r\u0137i bija: 1) Apkopot un sintez\u0113t pa\u0161reiz\u0113j\u0101s zin\u0101\u0161anas par nosusin\u0101to un atjaunoto k\u016bdr\u0101ju ietekmi uz klimatu Zieme\u013cvalstu un Baltijas [&hellip;]<\/p>\n","protected":false},"author":2,"featured_media":0,"parent":2831,"menu_order":0,"comment_status":"closed","ping_status":"closed","template":"","meta":{"footnotes":""},"class_list":["post-4511","page","type-page","status-publish","hentry"],"post_mailing_queue_ids":[],"_links":{"self":[{"href":"https:\/\/www.orgbalt.eu\/index.php?rest_route=\/wp\/v2\/pages\/4511","targetHints":{"allow":["GET"]}}],"collection":[{"href":"https:\/\/www.orgbalt.eu\/index.php?rest_route=\/wp\/v2\/pages"}],"about":[{"href":"https:\/\/www.orgbalt.eu\/index.php?rest_route=\/wp\/v2\/types\/page"}],"author":[{"embeddable":true,"href":"https:\/\/www.orgbalt.eu\/index.php?rest_route=\/wp\/v2\/users\/2"}],"replies":[{"embeddable":true,"href":"https:\/\/www.orgbalt.eu\/index.php?rest_route=%2Fwp%2Fv2%2Fcomments&post=4511"}],"version-history":[{"count":2,"href":"https:\/\/www.orgbalt.eu\/index.php?rest_route=\/wp\/v2\/pages\/4511\/revisions"}],"predecessor-version":[{"id":4518,"href":"https:\/\/www.orgbalt.eu\/index.php?rest_route=\/wp\/v2\/pages\/4511\/revisions\/4518"}],"up":[{"embeddable":true,"href":"https:\/\/www.orgbalt.eu\/index.php?rest_route=\/wp\/v2\/pages\/2831"}],"wp:attachment":[{"href":"https:\/\/www.orgbalt.eu\/index.php?rest_route=%2Fwp%2Fv2%2Fmedia&parent=4511"}],"curies":[{"name":"wp","href":"https:\/\/api.w.org\/{rel}","templated":true}]}}