{"id":4529,"date":"2023-11-13T11:36:15","date_gmt":"2023-11-13T08:36:15","guid":{"rendered":"https:\/\/www.orgbalt.eu\/?page_id=4529"},"modified":"2023-11-13T11:42:06","modified_gmt":"2023-11-13T08:42:06","slug":"life-orgbalt-un-es-dabas-atjaunosanas-likums-izlemigi-soli-preti-zinatniska-analize-balstitai-nosusinatu-kudraju-atjaunosanai","status":"publish","type":"page","link":"https:\/\/www.orgbalt.eu\/?page_id=4529&lang=lv","title":{"rendered":"LIFE OrgBalt un ES Dabas atjauno\u0161anas likums: izl\u0113m\u012bgi so\u013ci pret\u012b zin\u0101tnisk\u0101 anal\u012bz\u0113 balst\u012btai nosusin\u0101tu k\u016bdr\u0101ju atjauno\u0161anai"},"content":{"rendered":"\n<p>Eiropas Vides a\u0123ent\u016bra ir apr\u0113\u0137in\u0101jusi, ka 2018. gad\u0101 81 % ES aizsarg\u0101jamo biotopu bija slikt\u0101 st\u0101vokl\u012b (1). \u0145emot v\u0113r\u0101 \u0161o statistiku, tika izstr\u0101d\u0101ta Eiropas biolo\u0123isk\u0101s daudzveid\u012bbas strat\u0113\u0123ija 2030. gadam ar ilgtermi\u0146a pl\u0101nu dabas aizsardz\u012bbai un ekosist\u0113mu degrad\u0101cijas nov\u0113r\u0161anai (2). <\/p>\n\n\n\n<p>ES Dabas atjauno\u0161anas likums n\u0101k k\u0101 atbilde Strat\u0113\u0123ijai, kur\u0101 ir izkl\u0101st\u012bti galvenie so\u013ci un m\u0113r\u0137i dabas atjauno\u0161an\u0101. Eiropas Padome 2023.\u00a0gada j\u016bnij\u0101 vienoj\u0101s par priek\u0161likumu Dabas atjauno\u0161anas likumam, kas b\u016bs pamats turpm\u0101kaj\u0101m sarun\u0101m ar Eiropas Parlamentu 2023.\u00a0gada otraj\u0101 pus\u0113. <\/p>\n\n\n\n<p>Lai gan par konkr\u0113tiem likuma nosac\u012bjumiem v\u0113l j\u0101vienojas, ir v\u0113rts izp\u0113t\u012bt, k\u0101d\u0101 virzien\u0101 \u0161\u012b politika virz\u012bs dabas atjauno\u0161anas centienus turpm\u0101kaj\u0101s desmitgad\u0113s. LIFE OrgBalt m\u0113r\u0137is ir b\u016bt zin\u0101\u0161anu b\u0101zei, lai pa\u0101trin\u0101tu dabas atjauno\u0161anu nosusin\u0101tos k\u016bdr\u0101jos vis\u0101 Eirop\u0101.<\/p>\n\n\n\n<p><a href=\"https:\/\/www.orgbalt.eu\/wp-content\/uploads\/2023\/11\/LIFE-OrgBalt-and-the-EU-Nature-Restoration-Law-Taking-decisive-steps-towards-restoration-of-drained-peatlands-through-scientific-analysis.pdf\" target=\"_blank\" rel=\"noreferrer noopener\"><strong>Publik\u0101cija &#8220;LIFE OrgBalt un ES Dabas atjauno\u0161anas likums: izl\u0113m\u012bgi so\u013ci pret\u012b zin\u0101tnisk\u0101 anal\u012bz\u0113 balst\u012btai nosusin\u0101tu k\u016bdr\u0101ju atjauno\u0161anai&#8221; PIEEJAMA: \u0160EIT >>><\/strong><\/a><\/p>\n\n\n\n<ol class=\"wp-block-list\" type=\"1\"><li><a rel=\"noreferrer noopener\" href=\"https:\/\/www.eea.europa.eu\/en\/topics\/at-a-glance\/nature\/state-of-nature-in-europe-a-health-check\/habitats-and-species-latest-status-and-trends\" target=\"_blank\">https:\/\/www.eea.europa.eu\/en\/topics\/at-a-glance\/nature\/state-of-nature-in-europe-a-health-check\/habitats-and-species-latest-status-and-trends<\/a>\u00a0\u00a0<\/li><li><a rel=\"noreferrer noopener\" href=\"https:\/\/environment.ec.europa.eu\/strategy\/biodiversity-strategy-2030_en\" target=\"_blank\">https:\/\/environment.ec.europa.eu\/strategy\/biodiversity-strategy-2030_en<\/a><\/li><\/ol>\n\n\n\n<p><\/p>\n\n\n\n<p><em>Project \u201cDemonstration of climate change mitigation potential of nutrient rich organic soils in Baltic States and Finland\u201d (LIFE OrgBalt, LIFE18 CCM\/LV\/001158) is implemented with financial support from the LIFE Programme of the European Union and State Regional Development Agency of the Republic of Latvia.&nbsp;<\/em><a href=\"http:\/\/www.orgbalt.eu\/\"><em>www.orgbalt.eu<\/em><\/a><em><\/em><\/p>\n\n\n\n<p><em>The information reflects only the LIFE OrgBalt project beneficiaries view and the European Climate, Infrastructure and Environment Executive Agency is not responsible for any use that may be made of the information contained therein.<\/em><\/p>\n","protected":false},"excerpt":{"rendered":"<p>Eiropas Vides a\u0123ent\u016bra ir apr\u0113\u0137in\u0101jusi, ka 2018. gad\u0101 81 % ES aizsarg\u0101jamo biotopu bija slikt\u0101 st\u0101vokl\u012b (1). \u0145emot v\u0113r\u0101 \u0161o statistiku, tika izstr\u0101d\u0101ta Eiropas biolo\u0123isk\u0101s daudzveid\u012bbas strat\u0113\u0123ija 2030. gadam ar [&hellip;]<\/p>\n","protected":false},"author":2,"featured_media":0,"parent":3702,"menu_order":0,"comment_status":"closed","ping_status":"closed","template":"","meta":{"footnotes":""},"class_list":["post-4529","page","type-page","status-publish","hentry"],"post_mailing_queue_ids":[],"_links":{"self":[{"href":"https:\/\/www.orgbalt.eu\/index.php?rest_route=\/wp\/v2\/pages\/4529","targetHints":{"allow":["GET"]}}],"collection":[{"href":"https:\/\/www.orgbalt.eu\/index.php?rest_route=\/wp\/v2\/pages"}],"about":[{"href":"https:\/\/www.orgbalt.eu\/index.php?rest_route=\/wp\/v2\/types\/page"}],"author":[{"embeddable":true,"href":"https:\/\/www.orgbalt.eu\/index.php?rest_route=\/wp\/v2\/users\/2"}],"replies":[{"embeddable":true,"href":"https:\/\/www.orgbalt.eu\/index.php?rest_route=%2Fwp%2Fv2%2Fcomments&post=4529"}],"version-history":[{"count":3,"href":"https:\/\/www.orgbalt.eu\/index.php?rest_route=\/wp\/v2\/pages\/4529\/revisions"}],"predecessor-version":[{"id":4534,"href":"https:\/\/www.orgbalt.eu\/index.php?rest_route=\/wp\/v2\/pages\/4529\/revisions\/4534"}],"up":[{"embeddable":true,"href":"https:\/\/www.orgbalt.eu\/index.php?rest_route=\/wp\/v2\/pages\/3702"}],"wp:attachment":[{"href":"https:\/\/www.orgbalt.eu\/index.php?rest_route=%2Fwp%2Fv2%2Fmedia&parent=4529"}],"curies":[{"name":"wp","href":"https:\/\/api.w.org\/{rel}","templated":true}]}}