{"id":4557,"date":"2023-11-22T09:52:07","date_gmt":"2023-11-22T06:52:07","guid":{"rendered":"https:\/\/www.orgbalt.eu\/?page_id=4557"},"modified":"2024-05-11T08:59:12","modified_gmt":"2024-05-11T05:59:12","slug":"justfood-living-lab-vision-workshop","status":"publish","type":"page","link":"https:\/\/www.orgbalt.eu\/?page_id=4557","title":{"rendered":"JustFood Living Lab &#8211; Vision Workshop"},"content":{"rendered":"\n<p><strong>Date<\/strong>: November 9, 2023<\/p>\n\n\n\n<p><strong>Place<\/strong>:  Nurmes, Finland <\/p>\n\n\n\n<p><strong><a rel=\"noreferrer noopener\" href=\"https:\/\/www.orgbalt.eu\/wp-content\/uploads\/2023\/11\/Vision-Workshop_Nurmes_Nov-2023_Final.pdf\" target=\"_blank\">AGENDA: HERE<\/a><\/strong><\/p>\n\n\n\n<p>The Vision Workshop for stakeholders\u2019 meeting with farmers and local community members in Nurmes, North Karelia was held on Thursday November 9, 2023. Diverse range of stakeholders participated in the workshop &#8211; 8 farmers, 10 local community members and 8 researchers. <\/p>\n\n\n\n<p>LIFE OrgBalt expert Jyrki Jauhiainen, LUKE, first presented a summary of the results from the focus group discussion with researchers\/scientists and then introduced the LIFE OrgBalt PPC model as a tool to examine the costs and benefits of the measures to mitigate climate change.<\/p>\n\n\n\n<p><strong>PRESENTATION<\/strong> (in Finnish):<\/p>\n\n\n\n<ul class=\"wp-block-list\">\n<li><strong><a href=\"https:\/\/www.orgbalt.eu\/wp-content\/uploads\/2023\/11\/Stakeholders-meeting-in-Finland_Vision-Workshop.pdf\" target=\"_blank\" rel=\"noreferrer noopener\">The impacts of using peatlands for agriculture and possible uses in the future<\/a><\/strong>, <strong>Jyrki Jauhiainen, LUKE <\/strong><\/li>\n\n\n\n<li><strong><a href=\"https:\/\/www.orgbalt.eu\/wp-content\/uploads\/2024\/05\/Jauhiainen-Jyrki_Nurmes-20231109.pdf\" data-type=\"link\" data-id=\"https:\/\/www.orgbalt.eu\/wp-content\/uploads\/2024\/05\/Jauhiainen-Jyrki_Nurmes-20231109.pdf\" target=\"_blank\" rel=\"noreferrer noopener\">Turvepelloille mahdollisista k\u00e4ytt\u00f6muodoista ja niiden k\u00e4yt\u00e4nn\u00f6n vaikutuksista<\/a>, Jyrki Jauhiainen, LUKE<\/strong><\/li>\n\n\n\n<li><strong><a href=\"https:\/\/www.orgbalt.eu\/wp-content\/uploads\/2024\/05\/Laiho-Raija-ja-menti_Nurmes.pdf\" data-type=\"link\" data-id=\"https:\/\/www.orgbalt.eu\/wp-content\/uploads\/2024\/05\/Laiho-Raija-ja-menti_Nurmes.pdf\" target=\"_blank\" rel=\"noreferrer noopener\">Turvemaiden k\u00e4ytt\u00f6 maa- ja mets\u00e4talouteen \u2013 mik\u00e4 (ja kenell\u00e4) on ongelma?<\/a>, Raija Laiho, Tutkimusprofessori<\/strong><\/li>\n\n\n\n<li><strong><a href=\"https:\/\/www.orgbalt.eu\/wp-content\/uploads\/2024\/05\/Simola-Sara_Nurmes.pdf\" data-type=\"link\" data-id=\"https:\/\/www.orgbalt.eu\/wp-content\/uploads\/2024\/05\/Simola-Sara_Nurmes.pdf\" target=\"_blank\" rel=\"noreferrer noopener\">YHTEENVETO HAASTATTELUIDEN TULOKSISTA<\/a>, Sara Simola, Helsingin Yliopisto, University of Helsinki<\/strong><\/li>\n\n\n\n<li><strong><a href=\"https:\/\/www.orgbalt.eu\/wp-content\/uploads\/2024\/05\/Wejberg-Henrik_Nurmes.pdf\" data-type=\"link\" data-id=\"https:\/\/www.orgbalt.eu\/wp-content\/uploads\/2024\/05\/Wejberg-Henrik_Nurmes.pdf\" target=\"_blank\" rel=\"noreferrer noopener\">Turvepellot Pohjois-Karjalassa ja Nurmeksessa<\/a>, Henrik Wejberg, Luonnonvarakeskus, LUKE<\/strong><\/li>\n<\/ul>\n","protected":false},"excerpt":{"rendered":"<p>Date: November 9, 2023 Place: Nurmes, Finland AGENDA: HERE The Vision Workshop for stakeholders\u2019 meeting with farmers and local community members in Nurmes, North Karelia was held on Thursday November [&hellip;]<\/p>\n","protected":false},"author":2,"featured_media":0,"parent":2510,"menu_order":0,"comment_status":"closed","ping_status":"closed","template":"","meta":{"footnotes":""},"class_list":["post-4557","page","type-page","status-publish","hentry"],"post_mailing_queue_ids":[],"_links":{"self":[{"href":"https:\/\/www.orgbalt.eu\/index.php?rest_route=\/wp\/v2\/pages\/4557","targetHints":{"allow":["GET"]}}],"collection":[{"href":"https:\/\/www.orgbalt.eu\/index.php?rest_route=\/wp\/v2\/pages"}],"about":[{"href":"https:\/\/www.orgbalt.eu\/index.php?rest_route=\/wp\/v2\/types\/page"}],"author":[{"embeddable":true,"href":"https:\/\/www.orgbalt.eu\/index.php?rest_route=\/wp\/v2\/users\/2"}],"replies":[{"embeddable":true,"href":"https:\/\/www.orgbalt.eu\/index.php?rest_route=%2Fwp%2Fv2%2Fcomments&post=4557"}],"version-history":[{"count":4,"href":"https:\/\/www.orgbalt.eu\/index.php?rest_route=\/wp\/v2\/pages\/4557\/revisions"}],"predecessor-version":[{"id":4755,"href":"https:\/\/www.orgbalt.eu\/index.php?rest_route=\/wp\/v2\/pages\/4557\/revisions\/4755"}],"up":[{"embeddable":true,"href":"https:\/\/www.orgbalt.eu\/index.php?rest_route=\/wp\/v2\/pages\/2510"}],"wp:attachment":[{"href":"https:\/\/www.orgbalt.eu\/index.php?rest_route=%2Fwp%2Fv2%2Fmedia&parent=4557"}],"curies":[{"name":"wp","href":"https:\/\/api.w.org\/{rel}","templated":true}]}}