{"id":4564,"date":"2023-11-22T10:03:30","date_gmt":"2023-11-22T07:03:30","guid":{"rendered":"https:\/\/www.orgbalt.eu\/?page_id=4564"},"modified":"2024-05-11T09:01:12","modified_gmt":"2024-05-11T06:01:12","slug":"justfood-living-lab-vision-workshop","status":"publish","type":"page","link":"https:\/\/www.orgbalt.eu\/?page_id=4564&lang=lv","title":{"rendered":"JustFood Living Lab \u2013 Vision Workshop"},"content":{"rendered":"\n<p><strong>Datums: <\/strong>9. novembris, 2023<\/p>\n\n\n\n<p><strong>Vieta: <\/strong>Nurmes, Somija<\/p>\n\n\n\n<p><strong><a rel=\"noreferrer noopener\" href=\"https:\/\/www.orgbalt.eu\/wp-content\/uploads\/2023\/11\/Vision-Workshop_Nurmes_Nov-2023_Final.pdf\" target=\"_blank\">DARBA K\u0100RT\u012aBA: \u0160EIT<\/a><\/strong><\/p>\n\n\n\n<p>Ieinteres\u0113to pu\u0161u Vision Workshop san\u0101ksme ar lauksaimniekiem, viet\u0113j\u0101s kopienas p\u0101rst\u0101vjiem notika Nurm\u0113, Zieme\u013ckar\u0113lij\u0101, Somij\u0101 2023. gada 9. novembr\u012b. San\u0101ksme pulc\u0113ja daudzveid\u012bgu ieinteres\u0113to pu\u0161u loku &#8211;  8 lauksaimniekus, 10 viet\u0113j\u0101s kopienas p\u0101rst\u0101vjus, 8 zin\u0101tniekus. <\/p>\n\n\n\n<p>LIFE OrgBalt eksperts Jyrki Jauhiainen, LUKE, iepaz\u012bstin\u0101ja ar zin\u0101tnieku \/ p\u0113tnieku fokusgrupas diskusijas rezult\u0101tiem un past\u0101st\u012bja par LIFE OrgBalt  publisk\u0101s priv\u0101t\u0101s partner\u012bbas modeli (PPC model) &#8211; r\u012bku da\u017e\u0101du klimata p\u0101rmai\u0146u saazin\u0101\u0161anas pas\u0101kumu izmaksu un ieguvumu nov\u0113rt\u0113\u0161anai.   <\/p>\n\n\n\n<p><b>PREZENT\u0100CIJA: \u00a0<\/b><a style=\"font-weight: bold;\" href=\"https:\/\/www.orgbalt.eu\/wp-content\/uploads\/2023\/11\/Stakeholders-meeting-in-Finland_Vision-Workshop.pdf\" target=\"_blank\" rel=\"noreferrer noopener\">The impacts of using peatlands for agriculture and possible uses in the future<\/a> <strong>Jyrki Jauhiainen, LUKE<\/strong> (ang\u013cu valod\u0101)<\/p>\n\n\n\n<p>Prezent\u0101cijas somiski: <\/p>\n\n\n\n<ul class=\"wp-block-list\">\n<li><strong><a href=\"https:\/\/www.orgbalt.eu\/wp-content\/uploads\/2023\/11\/Stakeholders-meeting-in-Finland_Vision-Workshop.pdf\" target=\"_blank\" rel=\"noreferrer noopener\">The impacts of using peatlands for agriculture and possible uses in the future<\/a><\/strong>,\u00a0<strong>Jyrki Jauhiainen, LUKE<\/strong><\/li>\n\n\n\n<li><strong><a href=\"https:\/\/www.orgbalt.eu\/wp-content\/uploads\/2024\/05\/Jauhiainen-Jyrki_Nurmes-20231109.pdf\" target=\"_blank\" rel=\"noreferrer noopener\">Turvepelloille mahdollisista k\u00e4ytt\u00f6muodoista ja niiden k\u00e4yt\u00e4nn\u00f6n vaikutuksista<\/a>, Jyrki Jauhiainen, LUKE<\/strong><\/li>\n\n\n\n<li><strong><a href=\"https:\/\/www.orgbalt.eu\/wp-content\/uploads\/2024\/05\/Laiho-Raija-ja-menti_Nurmes.pdf\" target=\"_blank\" rel=\"noreferrer noopener\">Turvemaiden k\u00e4ytt\u00f6 maa- ja mets\u00e4talouteen \u2013 mik\u00e4 (ja kenell\u00e4) on ongelma?<\/a>, Raija Laiho, Tutkimusprofessori<\/strong><\/li>\n\n\n\n<li><strong><a href=\"https:\/\/www.orgbalt.eu\/wp-content\/uploads\/2024\/05\/Simola-Sara_Nurmes.pdf\" target=\"_blank\" rel=\"noreferrer noopener\">YHTEENVETO HAASTATTELUIDEN TULOKSISTA<\/a>, Sara Simola, Helsingin Yliopisto, University of Helsinki<\/strong><\/li>\n\n\n\n<li><strong><a href=\"https:\/\/www.orgbalt.eu\/wp-content\/uploads\/2024\/05\/Wejberg-Henrik_Nurmes.pdf\" target=\"_blank\" rel=\"noreferrer noopener\">Turvepellot Pohjois-Karjalassa ja Nurmeksessa<\/a>, Henrik Wejberg, Luonnonvarakeskus, LUKE<\/strong><\/li>\n<\/ul>\n","protected":false},"excerpt":{"rendered":"<p>Datums: 9. novembris, 2023 Vieta: Nurmes, Somija DARBA K\u0100RT\u012aBA: \u0160EIT Ieinteres\u0113to pu\u0161u Vision Workshop san\u0101ksme ar lauksaimniekiem, viet\u0113j\u0101s kopienas p\u0101rst\u0101vjiem notika Nurm\u0113, Zieme\u013ckar\u0113lij\u0101, Somij\u0101 2023. gada 9. novembr\u012b. San\u0101ksme pulc\u0113ja [&hellip;]<\/p>\n","protected":false},"author":2,"featured_media":0,"parent":2831,"menu_order":0,"comment_status":"closed","ping_status":"closed","template":"","meta":{"footnotes":""},"class_list":["post-4564","page","type-page","status-publish","hentry"],"post_mailing_queue_ids":[],"_links":{"self":[{"href":"https:\/\/www.orgbalt.eu\/index.php?rest_route=\/wp\/v2\/pages\/4564","targetHints":{"allow":["GET"]}}],"collection":[{"href":"https:\/\/www.orgbalt.eu\/index.php?rest_route=\/wp\/v2\/pages"}],"about":[{"href":"https:\/\/www.orgbalt.eu\/index.php?rest_route=\/wp\/v2\/types\/page"}],"author":[{"embeddable":true,"href":"https:\/\/www.orgbalt.eu\/index.php?rest_route=\/wp\/v2\/users\/2"}],"replies":[{"embeddable":true,"href":"https:\/\/www.orgbalt.eu\/index.php?rest_route=%2Fwp%2Fv2%2Fcomments&post=4564"}],"version-history":[{"count":2,"href":"https:\/\/www.orgbalt.eu\/index.php?rest_route=\/wp\/v2\/pages\/4564\/revisions"}],"predecessor-version":[{"id":4757,"href":"https:\/\/www.orgbalt.eu\/index.php?rest_route=\/wp\/v2\/pages\/4564\/revisions\/4757"}],"up":[{"embeddable":true,"href":"https:\/\/www.orgbalt.eu\/index.php?rest_route=\/wp\/v2\/pages\/2831"}],"wp:attachment":[{"href":"https:\/\/www.orgbalt.eu\/index.php?rest_route=%2Fwp%2Fv2%2Fmedia&parent=4564"}],"curies":[{"name":"wp","href":"https:\/\/api.w.org\/{rel}","templated":true}]}}