{"id":4661,"date":"2024-04-10T20:08:03","date_gmt":"2024-04-10T17:08:03","guid":{"rendered":"https:\/\/www.orgbalt.eu\/?page_id=4661"},"modified":"2024-04-10T20:09:05","modified_gmt":"2024-04-10T17:09:05","slug":"latvijas-darbseminars-par-baribas-vielam-bagatas-organiskas-augsnes-apsaimniekosanas-iespejam-klimata-parmainu-samazinasanai","status":"publish","type":"page","link":"https:\/\/www.orgbalt.eu\/?page_id=4661&lang=lv","title":{"rendered":"Latvijas darbsemin\u0101rs par bar\u012bbas viel\u0101m bag\u0101tas organisk\u0101s augsnes apsaimnieko\u0161anas iesp\u0113j\u0101m klimata p\u0101rmai\u0146u samazin\u0101\u0161anai"},"content":{"rendered":"\n<p>Datums: 10. apr\u012blis, 2024<\/p>\n\n\n\n<p>Vieta: Tie\u0161saist\u0113<\/p>\n\n\n\n<p><a href=\"https:\/\/www.orgbalt.eu\/wp-content\/uploads\/2024\/04\/LIFE-OrgBalt_seminara_darba_kartiba_2024-1.pdf\" data-type=\"URL\" data-id=\"https:\/\/www.orgbalt.eu\/wp-content\/uploads\/2024\/04\/LIFE-OrgBalt_seminara_darba_kartiba_2024-1.pdf\" target=\"_blank\" rel=\"noreferrer noopener\">Semin\u0101ra programma: \u0160EIT<\/a><\/p>\n\n\n\n<p>Present\u0101cijas: <\/p>\n\n\n\n<ol class=\"wp-block-list\"><li><a href=\"https:\/\/www.orgbalt.eu\/wp-content\/uploads\/2024\/04\/Klimata-parmainu-mazinasanas-iespejas-organiska-augsne-LIFE-OrgBalt-projekta-rezultati.pdf\" data-type=\"URL\" data-id=\"https:\/\/www.orgbalt.eu\/wp-content\/uploads\/2024\/04\/Klimata-parmainu-mazinasanas-iespejas-organiska-augsne-LIFE-OrgBalt-projekta-rezultati.pdf\" target=\"_blank\" rel=\"noreferrer noopener\">Klimata p\u0101rmai\u0146u mazin\u0101\u0161anas iesp\u0113jas organisk\u0101 augsn\u0113 (LIFE OrgBalt projekta rezult\u0101ti), Ieva L\u012bc\u012bte, LIFE OrgBalt vad\u012bt\u0101ja, Latvijas Valsts me\u017ezin\u0101tnes instit\u016bts \u201cSilava\u201d<\/a><\/li><li><a href=\"https:\/\/www.orgbalt.eu\/wp-content\/uploads\/2024\/04\/Atbalsts-organiskas-augsnes-hidrologiska-rezima-atjaunosanai-un-klimatam-draudzigai-izmantosanai.pdf\" data-type=\"URL\" data-id=\"https:\/\/www.orgbalt.eu\/wp-content\/uploads\/2024\/04\/Atbalsts-organiskas-augsnes-hidrologiska-rezima-atjaunosanai-un-klimatam-draudzigai-izmantosanai.pdf\" target=\"_blank\" rel=\"noreferrer noopener\">Atbalsts organisk\u0101s augsnes hidrolo\u0123isk\u0101 re\u017e\u012bma atjauno\u0161anai un klimatam draudz\u012bgai izmanto\u0161anai, Dr. Almuta Mroceka, V\u0101cijas Federat\u012bv\u0101s Republikas M\u0113klenburgas &#8211; Priek\u0161pomer\u0101nijas pavalsts K\u016bdrzemju a\u0123ent\u016bra<\/a> (ang\u013cu valod\u0101)<\/li><li><a href=\"https:\/\/www.orgbalt.eu\/wp-content\/uploads\/2024\/04\/Organiskas-augsnes-izaicinajumi-lauksaimniekiem-\u2013-LIFE-OrgBalt-projketa-sasaiste-ar-ES-zala-kursa-merkiem.pdf\" data-type=\"URL\" data-id=\"https:\/\/www.orgbalt.eu\/wp-content\/uploads\/2024\/04\/Organiskas-augsnes-izaicinajumi-lauksaimniekiem-\u2013-LIFE-OrgBalt-projketa-sasaiste-ar-ES-zala-kursa-merkiem.pdf\" target=\"_blank\" rel=\"noreferrer noopener\">Organisk\u0101s augsnes izaicin\u0101jumi lauksaimniekiem \u2013 LIFE OrgBalt projekta rezult\u0101tu sasaiste ar ES Za\u013c\u0101 kursa m\u0113r\u0137iem Krist\u012bne Sirm\u0101, Zemkop\u012bbas ministrija<\/a><\/li><\/ol>\n\n\n\n<p><\/p>\n\n\n\n<figure class=\"wp-block-gallery columns-3 is-cropped wp-block-gallery-1 is-layout-flex wp-block-gallery-is-layout-flex\"><ul class=\"blocks-gallery-grid\"><li class=\"blocks-gallery-item\"><figure><img loading=\"lazy\" decoding=\"async\" width=\"824\" height=\"440\" src=\"https:\/\/www.orgbalt.eu\/wp-content\/uploads\/2024\/04\/20240410_LIFE_OrgBalt_seminars8-1.jpg\" alt=\"\" data-id=\"4665\" data-full-url=\"https:\/\/www.orgbalt.eu\/wp-content\/uploads\/2024\/04\/20240410_LIFE_OrgBalt_seminars8-1.jpg\" data-link=\"https:\/\/www.orgbalt.eu\/?attachment_id=4665\" class=\"wp-image-4665\" srcset=\"https:\/\/www.orgbalt.eu\/wp-content\/uploads\/2024\/04\/20240410_LIFE_OrgBalt_seminars8-1.jpg 824w, https:\/\/www.orgbalt.eu\/wp-content\/uploads\/2024\/04\/20240410_LIFE_OrgBalt_seminars8-1-300x160.jpg 300w, https:\/\/www.orgbalt.eu\/wp-content\/uploads\/2024\/04\/20240410_LIFE_OrgBalt_seminars8-1-768x410.jpg 768w\" sizes=\"auto, (max-width: 824px) 100vw, 824px\" \/><\/figure><\/li><li class=\"blocks-gallery-item\"><figure><img loading=\"lazy\" decoding=\"async\" width=\"647\" height=\"438\" src=\"https:\/\/www.orgbalt.eu\/wp-content\/uploads\/2024\/04\/20240410_LIFE_OrgBalt_seminars5-1.jpg\" alt=\"\" data-id=\"4666\" data-full-url=\"https:\/\/www.orgbalt.eu\/wp-content\/uploads\/2024\/04\/20240410_LIFE_OrgBalt_seminars5-1.jpg\" data-link=\"https:\/\/www.orgbalt.eu\/?attachment_id=4666\" class=\"wp-image-4666\" srcset=\"https:\/\/www.orgbalt.eu\/wp-content\/uploads\/2024\/04\/20240410_LIFE_OrgBalt_seminars5-1.jpg 647w, https:\/\/www.orgbalt.eu\/wp-content\/uploads\/2024\/04\/20240410_LIFE_OrgBalt_seminars5-1-300x203.jpg 300w\" sizes=\"auto, (max-width: 647px) 100vw, 647px\" \/><\/figure><\/li><li class=\"blocks-gallery-item\"><figure><img loading=\"lazy\" decoding=\"async\" width=\"589\" height=\"367\" src=\"https:\/\/www.orgbalt.eu\/wp-content\/uploads\/2024\/04\/20240410_LIFE_OrgBalt_seminars3-1.jpg\" alt=\"\" data-id=\"4667\" data-full-url=\"https:\/\/www.orgbalt.eu\/wp-content\/uploads\/2024\/04\/20240410_LIFE_OrgBalt_seminars3-1.jpg\" data-link=\"https:\/\/www.orgbalt.eu\/?attachment_id=4667\" class=\"wp-image-4667\" srcset=\"https:\/\/www.orgbalt.eu\/wp-content\/uploads\/2024\/04\/20240410_LIFE_OrgBalt_seminars3-1.jpg 589w, https:\/\/www.orgbalt.eu\/wp-content\/uploads\/2024\/04\/20240410_LIFE_OrgBalt_seminars3-1-300x187.jpg 300w\" sizes=\"auto, (max-width: 589px) 100vw, 589px\" \/><\/figure><\/li><li class=\"blocks-gallery-item\"><figure><img loading=\"lazy\" decoding=\"async\" width=\"537\" height=\"368\" src=\"https:\/\/www.orgbalt.eu\/wp-content\/uploads\/2024\/04\/20240410_LIFE_OrgBalt_seminars2-1.jpg\" alt=\"\" data-id=\"4668\" data-full-url=\"https:\/\/www.orgbalt.eu\/wp-content\/uploads\/2024\/04\/20240410_LIFE_OrgBalt_seminars2-1.jpg\" data-link=\"https:\/\/www.orgbalt.eu\/?attachment_id=4668\" class=\"wp-image-4668\" srcset=\"https:\/\/www.orgbalt.eu\/wp-content\/uploads\/2024\/04\/20240410_LIFE_OrgBalt_seminars2-1.jpg 537w, https:\/\/www.orgbalt.eu\/wp-content\/uploads\/2024\/04\/20240410_LIFE_OrgBalt_seminars2-1-300x206.jpg 300w\" sizes=\"auto, (max-width: 537px) 100vw, 537px\" \/><\/figure><\/li><li class=\"blocks-gallery-item\"><figure><img loading=\"lazy\" decoding=\"async\" width=\"801\" height=\"422\" src=\"https:\/\/www.orgbalt.eu\/wp-content\/uploads\/2024\/04\/20240410_LIFE_OrgBalt_seminars1-2.jpg\" alt=\"\" data-id=\"4669\" data-full-url=\"https:\/\/www.orgbalt.eu\/wp-content\/uploads\/2024\/04\/20240410_LIFE_OrgBalt_seminars1-2.jpg\" data-link=\"https:\/\/www.orgbalt.eu\/?attachment_id=4669\" class=\"wp-image-4669\" srcset=\"https:\/\/www.orgbalt.eu\/wp-content\/uploads\/2024\/04\/20240410_LIFE_OrgBalt_seminars1-2.jpg 801w, https:\/\/www.orgbalt.eu\/wp-content\/uploads\/2024\/04\/20240410_LIFE_OrgBalt_seminars1-2-300x158.jpg 300w, https:\/\/www.orgbalt.eu\/wp-content\/uploads\/2024\/04\/20240410_LIFE_OrgBalt_seminars1-2-768x405.jpg 768w\" sizes=\"auto, (max-width: 801px) 100vw, 801px\" \/><\/figure><\/li><li class=\"blocks-gallery-item\"><figure><img loading=\"lazy\" decoding=\"async\" width=\"822\" height=\"441\" src=\"https:\/\/www.orgbalt.eu\/wp-content\/uploads\/2024\/04\/20240410_LIFE_OrgBalt_seminars-3.jpg\" alt=\"\" data-id=\"4670\" data-full-url=\"https:\/\/www.orgbalt.eu\/wp-content\/uploads\/2024\/04\/20240410_LIFE_OrgBalt_seminars-3.jpg\" data-link=\"https:\/\/www.orgbalt.eu\/?attachment_id=4670\" class=\"wp-image-4670\" srcset=\"https:\/\/www.orgbalt.eu\/wp-content\/uploads\/2024\/04\/20240410_LIFE_OrgBalt_seminars-3.jpg 822w, https:\/\/www.orgbalt.eu\/wp-content\/uploads\/2024\/04\/20240410_LIFE_OrgBalt_seminars-3-300x161.jpg 300w, https:\/\/www.orgbalt.eu\/wp-content\/uploads\/2024\/04\/20240410_LIFE_OrgBalt_seminars-3-768x412.jpg 768w\" sizes=\"auto, (max-width: 822px) 100vw, 822px\" \/><\/figure><\/li><\/ul><\/figure>\n","protected":false},"excerpt":{"rendered":"<p>Datums: 10. apr\u012blis, 2024 Vieta: Tie\u0161saist\u0113 Semin\u0101ra programma: \u0160EIT Present\u0101cijas: Klimata p\u0101rmai\u0146u mazin\u0101\u0161anas iesp\u0113jas organisk\u0101 augsn\u0113 (LIFE OrgBalt projekta rezult\u0101ti), Ieva L\u012bc\u012bte, LIFE OrgBalt vad\u012bt\u0101ja, Latvijas Valsts me\u017ezin\u0101tnes instit\u016bts \u201cSilava\u201d [&hellip;]<\/p>\n","protected":false},"author":2,"featured_media":0,"parent":2831,"menu_order":0,"comment_status":"closed","ping_status":"closed","template":"","meta":{"footnotes":""},"class_list":["post-4661","page","type-page","status-publish","hentry"],"post_mailing_queue_ids":[],"_links":{"self":[{"href":"https:\/\/www.orgbalt.eu\/index.php?rest_route=\/wp\/v2\/pages\/4661","targetHints":{"allow":["GET"]}}],"collection":[{"href":"https:\/\/www.orgbalt.eu\/index.php?rest_route=\/wp\/v2\/pages"}],"about":[{"href":"https:\/\/www.orgbalt.eu\/index.php?rest_route=\/wp\/v2\/types\/page"}],"author":[{"embeddable":true,"href":"https:\/\/www.orgbalt.eu\/index.php?rest_route=\/wp\/v2\/users\/2"}],"replies":[{"embeddable":true,"href":"https:\/\/www.orgbalt.eu\/index.php?rest_route=%2Fwp%2Fv2%2Fcomments&post=4661"}],"version-history":[{"count":2,"href":"https:\/\/www.orgbalt.eu\/index.php?rest_route=\/wp\/v2\/pages\/4661\/revisions"}],"predecessor-version":[{"id":4671,"href":"https:\/\/www.orgbalt.eu\/index.php?rest_route=\/wp\/v2\/pages\/4661\/revisions\/4671"}],"up":[{"embeddable":true,"href":"https:\/\/www.orgbalt.eu\/index.php?rest_route=\/wp\/v2\/pages\/2831"}],"wp:attachment":[{"href":"https:\/\/www.orgbalt.eu\/index.php?rest_route=%2Fwp%2Fv2%2Fmedia&parent=4661"}],"curies":[{"name":"wp","href":"https:\/\/api.w.org\/{rel}","templated":true}]}}