{"id":4776,"date":"2024-05-13T12:09:58","date_gmt":"2024-05-13T09:09:58","guid":{"rendered":"https:\/\/www.orgbalt.eu\/?page_id=4776"},"modified":"2024-05-13T12:10:00","modified_gmt":"2024-05-13T09:10:00","slug":"vacijas-nacionalais-ekspertu-seminars-par-baribas-vielam-bagatas-organiskas-augsnes-apsaimniekosanas-iespejam-klimata-parmainu-samazinasanai","status":"publish","type":"page","link":"https:\/\/www.orgbalt.eu\/?page_id=4776&lang=lv","title":{"rendered":"V\u0101cijas nacion\u0101lais ekspertu semin\u0101rs par bar\u012bbas viel\u0101m bag\u0101tas organisk\u0101s augsnes apsaimnieko\u0161anas iesp\u0113j\u0101m klimata p\u0101rmai\u0146u samazin\u0101\u0161anai"},"content":{"rendered":"\n<p>Datums: 12.04.2024.<\/p>\n\n\n\n<p>Vieta: tie\u0161saist\u0113<\/p>\n\n\n\n<p><strong><a href=\"https:\/\/www.orgbalt.eu\/wp-content\/uploads\/2024\/05\/Draft-Agenda-LIFE-OrgBalt_expert-webinar-national-WS_DE_final_EET.pdf\" target=\"_blank\" rel=\"noreferrer noopener\">Dienask\u0101rt\u012bba: \u0160EIT<\/a><\/strong><\/p>\n\n\n\n<p><strong>Prezent\u0101cijas ang\u013cu valod\u0101:<\/strong><\/p>\n\n\n\n<ul class=\"wp-block-list\">\n<li><a href=\"https:\/\/www.orgbalt.eu\/wp-content\/uploads\/2024\/05\/LIFEOrgBalt_General-information_12042024_Ieva.pdf\" target=\"_blank\" rel=\"noreferrer noopener\"><strong>General LIFE OrgBalt project information<\/strong><\/a>, Ieva L\u012bc\u012bte, LIFE OrgBalt vad\u012bt\u0101ja, LVMI Silava<\/li>\n\n\n\n<li><strong><a href=\"https:\/\/www.orgbalt.eu\/wp-content\/uploads\/2024\/05\/12042024_GER_MoA-final_Einars_Mednis.pdf\" data-type=\"link\" data-id=\"https:\/\/www.orgbalt.eu\/wp-content\/uploads\/2024\/05\/12042024_GER_MoA-final_Einars_Mednis.pdf\" target=\"_blank\" rel=\"noreferrer noopener\">LIFE OrgBalt project results for developing coherent climate and environment policy for the land use sector<\/a><\/strong>, Ein\u0101rs Mednis, LR Zemkop\u012bbas ministrija <\/li>\n\n\n\n<li><strong><a href=\"https:\/\/www.orgbalt.eu\/wp-content\/uploads\/2024\/05\/Predictive_mapping_peatsoils_Latvia_I_Vinogradovs.pdf\" data-type=\"link\" data-id=\"https:\/\/www.orgbalt.eu\/wp-content\/uploads\/2024\/05\/Predictive_mapping_peatsoils_Latvia_I_Vinogradovs.pdf\" target=\"_blank\" rel=\"noreferrer noopener\">Country-scale predictive mapping of peatsoils in agricultural lands in Latvia<\/a><\/strong>, Ivo Vinogradovs, Latvijas Universit\u0101te<\/li>\n\n\n\n<li><strong><a href=\"https:\/\/www.orgbalt.eu\/wp-content\/uploads\/2024\/05\/20240412_PPC_model_Imants.pdf\" data-type=\"link\" data-id=\"https:\/\/www.orgbalt.eu\/wp-content\/uploads\/2024\/05\/20240412_PPC_model_Imants.pdf\" target=\"_blank\" rel=\"noreferrer noopener\">Economic analysis of climate change mitigation costs and benefits \u2013 a PPC model approach<\/a><\/strong>, Imants Kr\u016bze, Biedr\u012bba &#8220;Baltijas krasti&#8221;<\/li>\n\n\n\n<li><strong><a href=\"https:\/\/www.orgbalt.eu\/wp-content\/uploads\/2024\/05\/Simulation_tool_A_Nipers.pdf\" target=\"_blank\" rel=\"noreferrer noopener\">Simulation tool for policymakers: evaluation of the socioeconomic effects of GHG reduction measures<\/a><\/strong>, Aleksejs Nipers, Krist\u012bne Valujeva, Latvijas Biozin\u0101t\u0146u un tehnolo\u0123iju universit\u0101te  <\/li>\n\n\n\n<li><strong><a href=\"https:\/\/www.orgbalt.eu\/wp-content\/uploads\/2024\/05\/LIFE_OrgBalt_Jaeschke_BY_12-04-2024.pdf\" data-type=\"link\" data-id=\"https:\/\/www.orgbalt.eu\/wp-content\/uploads\/2024\/05\/LIFE_OrgBalt_Jaeschke_BY_12-04-2024.pdf\" target=\"_blank\" rel=\"noreferrer noopener\">Peatland rewetting in Bavaria<\/a><\/strong>, Dr. Anja Jaeschke \u2013 Bav\u0101rijas Vides a\u0123ent\u016bra<\/li>\n\n\n\n<li><strong><a href=\"https:\/\/www.orgbalt.eu\/wp-content\/uploads\/2024\/05\/20240412_BLuMo_Bettina-Tacke.pdf\" data-type=\"link\" data-id=\"https:\/\/www.orgbalt.eu\/wp-content\/uploads\/2024\/05\/20240412_BLuMo_Bettina-Tacke.pdf\" target=\"_blank\" rel=\"noreferrer noopener\">Preserve Brandenburg&#8217;s peatlands in a climate-friendly manner &#8211; initiation of peatland conservation and cultivation<\/a><\/strong>, Bettina Tacke, Brandenburgas Vides a\u0123ent\u016bra <\/li>\n\n\n\n<li><a href=\"https:\/\/www.orgbalt.eu\/wp-content\/uploads\/2024\/05\/20240412_Peatland-conservation-Baden-Wuerttemberg_Daniel-Masur.pdf\" data-type=\"link\" data-id=\"https:\/\/www.orgbalt.eu\/wp-content\/uploads\/2024\/05\/20240412_Peatland-conservation-Baden-Wuerttemberg_Daniel-Masur.pdf\" target=\"_blank\" rel=\"noreferrer noopener\">Peatland conservation in Baden-Wuerttemberg<\/a><\/li>\n<\/ul>\n","protected":false},"excerpt":{"rendered":"<p>Datums: 12.04.2024. Vieta: tie\u0161saist\u0113 Dienask\u0101rt\u012bba: \u0160EIT Prezent\u0101cijas ang\u013cu valod\u0101:<\/p>\n","protected":false},"author":2,"featured_media":0,"parent":2831,"menu_order":0,"comment_status":"closed","ping_status":"closed","template":"","meta":{"footnotes":""},"class_list":["post-4776","page","type-page","status-publish","hentry"],"post_mailing_queue_ids":[],"_links":{"self":[{"href":"https:\/\/www.orgbalt.eu\/index.php?rest_route=\/wp\/v2\/pages\/4776","targetHints":{"allow":["GET"]}}],"collection":[{"href":"https:\/\/www.orgbalt.eu\/index.php?rest_route=\/wp\/v2\/pages"}],"about":[{"href":"https:\/\/www.orgbalt.eu\/index.php?rest_route=\/wp\/v2\/types\/page"}],"author":[{"embeddable":true,"href":"https:\/\/www.orgbalt.eu\/index.php?rest_route=\/wp\/v2\/users\/2"}],"replies":[{"embeddable":true,"href":"https:\/\/www.orgbalt.eu\/index.php?rest_route=%2Fwp%2Fv2%2Fcomments&post=4776"}],"version-history":[{"count":1,"href":"https:\/\/www.orgbalt.eu\/index.php?rest_route=\/wp\/v2\/pages\/4776\/revisions"}],"predecessor-version":[{"id":4779,"href":"https:\/\/www.orgbalt.eu\/index.php?rest_route=\/wp\/v2\/pages\/4776\/revisions\/4779"}],"up":[{"embeddable":true,"href":"https:\/\/www.orgbalt.eu\/index.php?rest_route=\/wp\/v2\/pages\/2831"}],"wp:attachment":[{"href":"https:\/\/www.orgbalt.eu\/index.php?rest_route=%2Fwp%2Fv2%2Fmedia&parent=4776"}],"curies":[{"name":"wp","href":"https:\/\/api.w.org\/{rel}","templated":true}]}}