{"id":4870,"date":"2024-05-24T06:46:10","date_gmt":"2024-05-24T03:46:10","guid":{"rendered":"https:\/\/www.orgbalt.eu\/?page_id=4870"},"modified":"2024-06-20T07:57:04","modified_gmt":"2024-06-20T04:57:04","slug":"conference","status":"publish","type":"page","link":"https:\/\/www.orgbalt.eu\/?page_id=4870","title":{"rendered":"FINAL CONFERENCE"},"content":{"rendered":"\n<h2 class=\"wp-block-heading\">&#8220;Climate Change Mitigation in Organic Soils in Agricultural and Forest Lands&#8221;<\/h2>\n\n\n\n<h2 class=\"wp-block-heading\"><a href=\"https:\/\/www.orgbalt.eu\/wp-content\/uploads\/2024\/06\/1LIFE_OrgBalt_Agenda_13_14_2024_F.pdf\" data-type=\"link\" data-id=\"https:\/\/www.orgbalt.eu\/wp-content\/uploads\/2024\/04\/LIFE_OrgBalt_Agenda_13_14_2024.pdf\" target=\"_blank\" rel=\"noreferrer noopener\">CONFERENCE&#8217;S AGENDA &gt;&gt;&gt;<\/a><\/h2>\n\n\n\n<figure class=\"wp-block-image size-large\"><img loading=\"lazy\" decoding=\"async\" width=\"1024\" height=\"536\" src=\"https:\/\/www.orgbalt.eu\/wp-content\/uploads\/2024\/05\/LIFEOrgBalt_vizualis-1-1024x536.png\" alt=\"\" class=\"wp-image-4867\" srcset=\"https:\/\/www.orgbalt.eu\/wp-content\/uploads\/2024\/05\/LIFEOrgBalt_vizualis-1-1024x536.png 1024w, https:\/\/www.orgbalt.eu\/wp-content\/uploads\/2024\/05\/LIFEOrgBalt_vizualis-1-300x157.png 300w, https:\/\/www.orgbalt.eu\/wp-content\/uploads\/2024\/05\/LIFEOrgBalt_vizualis-1-768x402.png 768w, https:\/\/www.orgbalt.eu\/wp-content\/uploads\/2024\/05\/LIFEOrgBalt_vizualis-1-1536x804.png 1536w, https:\/\/www.orgbalt.eu\/wp-content\/uploads\/2024\/05\/LIFEOrgBalt_vizualis-1.png 1920w\" sizes=\"auto, (max-width: 1024px) 100vw, 1024px\" \/><\/figure>\n\n\n\n<p><\/p>\n\n\n\n<p><\/p>\n\n\n\n<p><\/p>\n\n\n\n<h2 class=\"wp-block-heading\">Conference recordings and presentations:<\/h2>\n\n\n\n<h4 class=\"wp-block-heading\"><strong>Opening remarks of the conference \u201cClimate Change Mitigation in Organic Soils in Agricultural and Forest lands\u201d, Ieva L\u012bc\u012bte, LIFE OrgBalt Project Manager, Latvian State Forest Research Institute \u201cSilava\u201d<\/strong>:<\/h4>\n\n\n\n<figure class=\"wp-block-embed is-type-video is-provider-youtube wp-block-embed-youtube wp-embed-aspect-16-9 wp-has-aspect-ratio\"><div class=\"wp-block-embed__wrapper\">\n<div class=\"newsmag-video-container\"><iframe loading=\"lazy\" title=\"LIFE OrgBalt conference:  Opening remarks\" width=\"600\" height=\"338\" src=\"https:\/\/www.youtube.com\/embed\/dolk-dw1-Ak?feature=oembed\" frameborder=\"0\" allow=\"accelerometer; autoplay; clipboard-write; encrypted-media; gyroscope; picture-in-picture; web-share\" referrerpolicy=\"strict-origin-when-cross-origin\" allowfullscreen><\/iframe><\/div>\n<\/div><\/figure>\n\n\n\n<p><\/p>\n\n\n\n<p><\/p>\n\n\n\n<h4 class=\"wp-block-heading\">Organic soils within the EU regulatory frameworks and climate related policies: current status and scientific challenges Emanuele Lugato, European Commission \u2013 Joint Research Center:<\/h4>\n\n\n\n<p><a href=\"https:\/\/www.orgbalt.eu\/wp-content\/uploads\/2024\/06\/Lugato_LIFE_BALTIC_wk.pdf\" data-type=\"link\" data-id=\"https:\/\/www.orgbalt.eu\/wp-content\/uploads\/2024\/06\/Lugato_LIFE_BALTIC_wk.pdf\" target=\"_blank\" rel=\"noreferrer noopener\">PRESENTATION HERE&gt;&gt;&gt;<\/a><\/p>\n\n\n\n<figure class=\"wp-block-embed is-type-video is-provider-youtube wp-block-embed-youtube wp-embed-aspect-16-9 wp-has-aspect-ratio\"><div class=\"wp-block-embed__wrapper\">\n<div class=\"newsmag-video-container\"><iframe loading=\"lazy\" title=\"Organic soils within the EU regulatory frameworks and climate related policies\" width=\"600\" height=\"338\" src=\"https:\/\/www.youtube.com\/embed\/Bj-JphAv6SM?feature=oembed\" frameborder=\"0\" allow=\"accelerometer; autoplay; clipboard-write; encrypted-media; gyroscope; picture-in-picture; web-share\" referrerpolicy=\"strict-origin-when-cross-origin\" allowfullscreen><\/iframe><\/div>\n<\/div><\/figure>\n\n\n\n<p><\/p>\n\n\n\n<h4 class=\"wp-block-heading\">LIFE OrgBalt project results for developing coherent climate and environment policy for the land use sector Dace Ar\u0101ja, Ministry of Agriculture of the Republic of Latvia:<\/h4>\n\n\n\n<p><a href=\"https:\/\/www.orgbalt.eu\/wp-content\/uploads\/2024\/06\/Dace_Araja_130624_LifeOrgBalt.pdf\" data-type=\"link\" data-id=\"https:\/\/www.orgbalt.eu\/wp-content\/uploads\/2024\/06\/Dace_Araja_130624_LifeOrgBalt.pdf\" target=\"_blank\" rel=\"noreferrer noopener\">PRESENTATION HERE&gt;&gt;&gt;<\/a><\/p>\n\n\n\n<figure class=\"wp-block-embed is-type-video is-provider-youtube wp-block-embed-youtube wp-embed-aspect-16-9 wp-has-aspect-ratio\"><div class=\"wp-block-embed__wrapper\">\n<div class=\"newsmag-video-container\"><iframe loading=\"lazy\" title=\"LIFE OrgBalt results for developing coherent climate and environment policy for the land use sector\" width=\"600\" height=\"338\" src=\"https:\/\/www.youtube.com\/embed\/_cRyDaSgMss?feature=oembed\" frameborder=\"0\" allow=\"accelerometer; autoplay; clipboard-write; encrypted-media; gyroscope; picture-in-picture; web-share\" referrerpolicy=\"strict-origin-when-cross-origin\" allowfullscreen><\/iframe><\/div>\n<\/div><\/figure>\n\n\n\n<p><\/p>\n\n\n\n<h4 class=\"wp-block-heading\">Distribution of peatlands and organic soils in the Baltic Sea region Andreas Haberl, Michael Succow Foundation\/Greifswald Mire Centre:<\/h4>\n\n\n\n<p><a href=\"https:\/\/www.orgbalt.eu\/wp-content\/uploads\/2024\/06\/Andreas_haberl_final.pdf\" target=\"_blank\" rel=\"noreferrer noopener\">PRESENTATION HERE&gt;&gt;&gt;<\/a><\/p>\n\n\n\n<figure class=\"wp-block-embed is-type-video is-provider-youtube wp-block-embed-youtube wp-embed-aspect-16-9 wp-has-aspect-ratio\"><div class=\"wp-block-embed__wrapper\">\n<div class=\"newsmag-video-container\"><iframe loading=\"lazy\" title=\"LIFE OrgBalt conference: Distribution of peatlands and organic soils in the Baltic Sea region\" width=\"600\" height=\"338\" src=\"https:\/\/www.youtube.com\/embed\/ieWrxR2bOWw?feature=oembed\" frameborder=\"0\" allow=\"accelerometer; autoplay; clipboard-write; encrypted-media; gyroscope; picture-in-picture; web-share\" referrerpolicy=\"strict-origin-when-cross-origin\" allowfullscreen><\/iframe><\/div>\n<\/div><\/figure>\n\n\n\n<p><\/p>\n\n\n\n<h4 class=\"wp-block-heading\">Overview of used joint field methodology Jyrki Jauhiainen, Natural Resources Institute Finland (LUKE):<\/h4>\n\n\n\n<p><a href=\"https:\/\/www.orgbalt.eu\/wp-content\/uploads\/2024\/06\/Jauhainen-Jyrki_presentation20240613.pdf\" target=\"_blank\" rel=\"noreferrer noopener\">PRESENTATION HERE&gt;&gt;&gt;<\/a><\/p>\n\n\n\n<figure class=\"wp-block-embed is-type-video is-provider-youtube wp-block-embed-youtube wp-embed-aspect-16-9 wp-has-aspect-ratio\"><div class=\"wp-block-embed__wrapper\">\n<div class=\"newsmag-video-container\"><iframe loading=\"lazy\" title=\"LIFE OrgBalt conference: Overview of used joint field methodology\" width=\"600\" height=\"338\" src=\"https:\/\/www.youtube.com\/embed\/NtyksHHvGQo?feature=oembed\" frameborder=\"0\" allow=\"accelerometer; autoplay; clipboard-write; encrypted-media; gyroscope; picture-in-picture; web-share\" referrerpolicy=\"strict-origin-when-cross-origin\" allowfullscreen><\/iframe><\/div>\n<\/div><\/figure>\n\n\n\n<p><\/p>\n\n\n\n<h4 class=\"wp-block-heading\">Emission factors of CO2 in forest and agriculture lands Aldis Butlers, Latvian State Forest Research Institute Silava:<\/h4>\n\n\n\n<p><a href=\"https:\/\/www.orgbalt.eu\/wp-content\/uploads\/2024\/06\/Aldis_Butlers_Forest-land_Grassland_Cropland_CO2.pdf\" target=\"_blank\" rel=\"noreferrer noopener\">PRESENTATION HERE&gt;&gt;&gt;<\/a><\/p>\n\n\n\n<figure class=\"wp-block-embed is-type-video is-provider-youtube wp-block-embed-youtube wp-embed-aspect-16-9 wp-has-aspect-ratio\"><div class=\"wp-block-embed__wrapper\">\n<div class=\"newsmag-video-container\"><iframe loading=\"lazy\" title=\"LIFE OrgBalt conference: Emission factors of CO2 in forest and agriculture lands\" width=\"600\" height=\"338\" src=\"https:\/\/www.youtube.com\/embed\/Px8mLdVexqM?feature=oembed\" frameborder=\"0\" allow=\"accelerometer; autoplay; clipboard-write; encrypted-media; gyroscope; picture-in-picture; web-share\" referrerpolicy=\"strict-origin-when-cross-origin\" allowfullscreen><\/iframe><\/div>\n<\/div><\/figure>\n\n\n\n<p><\/p>\n\n\n\n<h4 class=\"wp-block-heading\">Soil CH4 and N2O balance from forest and agriculture lands Kaido Soosaar, Tartu University:<\/h4>\n\n\n\n<p><a href=\"https:\/\/www.orgbalt.eu\/wp-content\/uploads\/2024\/06\/Soosaar-et-al.2024.pdf\" target=\"_blank\" rel=\"noreferrer noopener\">PRESENTATION HERE&gt;&gt;&gt;<\/a><\/p>\n\n\n\n<figure class=\"wp-block-embed is-type-video is-provider-youtube wp-block-embed-youtube wp-embed-aspect-16-9 wp-has-aspect-ratio\"><div class=\"wp-block-embed__wrapper\">\n<div class=\"newsmag-video-container\"><iframe loading=\"lazy\" title=\"LIFE OrgBalt conference: Soil CH4 and N2O balance from forest and agriculture lands\" width=\"600\" height=\"338\" src=\"https:\/\/www.youtube.com\/embed\/qE1BDrmxY5A?feature=oembed\" frameborder=\"0\" allow=\"accelerometer; autoplay; clipboard-write; encrypted-media; gyroscope; picture-in-picture; web-share\" referrerpolicy=\"strict-origin-when-cross-origin\" allowfullscreen><\/iframe><\/div>\n<\/div><\/figure>\n\n\n\n<p><\/p>\n\n\n\n<h4 class=\"wp-block-heading\">Scenarios for reduction of GHG emissions from nutrients-rich organic soils Andis Lazdi\u0146\u0161, Latvian State Forest Research Institute Silava<\/h4>\n\n\n\n<p><a href=\"https:\/\/www.orgbalt.eu\/wp-content\/uploads\/2024\/06\/Andis_Lazdins_Mitigation-scenarios.pdf\" target=\"_blank\" rel=\"noreferrer noopener\">PRESENTATION HERE&gt;&gt;&gt;<\/a><\/p>\n\n\n\n<figure class=\"wp-block-embed is-type-video is-provider-youtube wp-block-embed-youtube wp-embed-aspect-16-9 wp-has-aspect-ratio\"><div class=\"wp-block-embed__wrapper\">\n<div class=\"newsmag-video-container\"><iframe loading=\"lazy\" title=\"LIFE OrgBalt conference: Scenarios for reduction of GHG emissions from nutrients-rich organic soils\" width=\"600\" height=\"338\" src=\"https:\/\/www.youtube.com\/embed\/aSTHDK4Ro3s?feature=oembed\" frameborder=\"0\" allow=\"accelerometer; autoplay; clipboard-write; encrypted-media; gyroscope; picture-in-picture; web-share\" referrerpolicy=\"strict-origin-when-cross-origin\" allowfullscreen><\/iframe><\/div>\n<\/div><\/figure>\n\n\n\n<p><\/p>\n\n\n\n<h4 class=\"wp-block-heading\">Projections of GHG emissions from different land uses Vaiva Kazanavi\u010di\u016bt\u0117, Lithuanian Research Centre for Agriculture and Forestry:<\/h4>\n\n\n\n<p><a href=\"https:\/\/www.orgbalt.eu\/wp-content\/uploads\/2024\/06\/LIFE-OrgBalt_Final-conference_Vaiva_2.pdf\" target=\"_blank\" rel=\"noreferrer noopener\">PRESENTATION HERE&gt;&gt;&gt;<\/a><\/p>\n\n\n\n<figure class=\"wp-block-embed is-type-video is-provider-youtube wp-block-embed-youtube wp-embed-aspect-16-9 wp-has-aspect-ratio\"><div class=\"wp-block-embed__wrapper\">\n<div class=\"newsmag-video-container\"><iframe loading=\"lazy\" title=\"LIFE OrgBalt conference: Projections of GHG emissions from different land uses\" width=\"600\" height=\"338\" src=\"https:\/\/www.youtube.com\/embed\/FzYmY_3KZic?feature=oembed\" frameborder=\"0\" allow=\"accelerometer; autoplay; clipboard-write; encrypted-media; gyroscope; picture-in-picture; web-share\" referrerpolicy=\"strict-origin-when-cross-origin\" allowfullscreen><\/iframe><\/div>\n<\/div><\/figure>\n\n\n\n<p><\/p>\n\n\n\n<h4 class=\"wp-block-heading\">Evaluation of the impact of GHG emission reduction measures and their socioeconomic implications Aleksejs Nipers, Latvia University of Life Sciences and Technologies:<\/h4>\n\n\n\n<p><a href=\"https:\/\/www.orgbalt.eu\/wp-content\/uploads\/2024\/06\/Aleksejs_Nipers_Simulation_tool.pdf\" target=\"_blank\" rel=\"noreferrer noopener\">PRESENTATION HERE&gt;&gt;&gt;<\/a><\/p>\n\n\n\n<figure class=\"wp-block-embed is-type-video is-provider-youtube wp-block-embed-youtube wp-embed-aspect-16-9 wp-has-aspect-ratio\"><div class=\"wp-block-embed__wrapper\">\n<div class=\"newsmag-video-container\"><iframe loading=\"lazy\" title=\"Evaluation of the impact of GHG emission reduction measures and their socioeconomic implications\" width=\"600\" height=\"338\" src=\"https:\/\/www.youtube.com\/embed\/Eo8gI0YAR3c?feature=oembed\" frameborder=\"0\" allow=\"accelerometer; autoplay; clipboard-write; encrypted-media; gyroscope; picture-in-picture; web-share\" referrerpolicy=\"strict-origin-when-cross-origin\" allowfullscreen><\/iframe><\/div>\n<\/div><\/figure>\n\n\n\n<p><\/p>\n\n\n\n<p><\/p>\n\n\n\n<h4 class=\"wp-block-heading\">Panel discussion: Opportunities and challenges for the implementation of climate change mitigation measures<\/h4>\n\n\n\n<p>Krist\u012bne Sirm\u0101, Ministry of Agriculture of the Republic of Latvia<\/p>\n\n\n\n<p>Johanna Vanhatalo, Ministry of Agriculture and Forestry of Finland <\/p>\n\n\n\n<p>Kristina Simonaityt\u0117, Ministry of Agriculture of the Republic of Lithuania <\/p>\n\n\n\n<p>Arnis Mui\u017enieks, Latvian Forest Owners\u2019 Association <\/p>\n\n\n\n<p>M\u0101rti\u0146\u0161 Trons, Farmers\u2019 Parliament, Latvia<\/p>\n\n\n\n<figure class=\"wp-block-embed is-type-video is-provider-youtube wp-block-embed-youtube wp-embed-aspect-16-9 wp-has-aspect-ratio\"><div class=\"wp-block-embed__wrapper\">\n<div class=\"newsmag-video-container\"><iframe loading=\"lazy\" title=\"Panel discussion: Opportunities and challenges for the implementation of CCM measures\" width=\"600\" height=\"338\" src=\"https:\/\/www.youtube.com\/embed\/nku0k_NaDdE?feature=oembed\" frameborder=\"0\" allow=\"accelerometer; autoplay; clipboard-write; encrypted-media; gyroscope; picture-in-picture; web-share\" referrerpolicy=\"strict-origin-when-cross-origin\" allowfullscreen><\/iframe><\/div>\n<\/div><\/figure>\n\n\n\n<p><\/p>\n\n\n\n<h2 class=\"wp-block-heading\">Meet the keynote speakers:<\/h2>\n\n\n\n<figure class=\"wp-block-image size-large\"><img loading=\"lazy\" decoding=\"async\" width=\"724\" height=\"1024\" src=\"https:\/\/www.orgbalt.eu\/wp-content\/uploads\/2024\/05\/LIFE-OrgBalt-Conference-keynote-speakers-1-724x1024.jpg\" alt=\"\" class=\"wp-image-4861\" srcset=\"https:\/\/www.orgbalt.eu\/wp-content\/uploads\/2024\/05\/LIFE-OrgBalt-Conference-keynote-speakers-1-724x1024.jpg 724w, https:\/\/www.orgbalt.eu\/wp-content\/uploads\/2024\/05\/LIFE-OrgBalt-Conference-keynote-speakers-1-212x300.jpg 212w, https:\/\/www.orgbalt.eu\/wp-content\/uploads\/2024\/05\/LIFE-OrgBalt-Conference-keynote-speakers-1-768x1086.jpg 768w, https:\/\/www.orgbalt.eu\/wp-content\/uploads\/2024\/05\/LIFE-OrgBalt-Conference-keynote-speakers-1-1086x1536.jpg 1086w, https:\/\/www.orgbalt.eu\/wp-content\/uploads\/2024\/05\/LIFE-OrgBalt-Conference-keynote-speakers-1.jpg 1241w\" sizes=\"auto, (max-width: 724px) 100vw, 724px\" \/><\/figure>\n\n\n\n<h2 class=\"wp-block-heading\">Register here:<\/h2>\n\n\n\n<p>To secure your participation (online or in-person), &nbsp;please complete this short registration form:&nbsp;<a href=\"https:\/\/forms.gle\/eEUzFgPdPPDa3E6RA\" target=\"_blank\" rel=\"noreferrer noopener\">https:\/\/forms.gle\/eEUzFgPdPPDa3E6RA<\/a> . Working language of the conference &#8211; English. <\/p>\n\n\n\n<p><strong><a href=\"https:\/\/www.orgbalt.eu\/wp-content\/uploads\/2024\/05\/Technical-information_OrgBalt_Final.pdf\" data-type=\"link\" data-id=\"https:\/\/www.orgbalt.eu\/wp-content\/uploads\/2024\/05\/Technical-information_OrgBalt_Final.pdf\" target=\"_blank\" rel=\"noreferrer noopener\">Conference technical information: HERE.<\/a><\/strong><\/p>\n","protected":false},"excerpt":{"rendered":"<p>&#8220;Climate Change Mitigation in Organic Soils in Agricultural and Forest Lands&#8221; CONFERENCE&#8217;S AGENDA &gt;&gt;&gt; Conference recordings and presentations: Opening remarks of the conference \u201cClimate Change Mitigation in Organic Soils in [&hellip;]<\/p>\n","protected":false},"author":2,"featured_media":0,"parent":0,"menu_order":0,"comment_status":"closed","ping_status":"closed","template":"","meta":{"footnotes":""},"class_list":["post-4870","page","type-page","status-publish","hentry"],"post_mailing_queue_ids":[],"_links":{"self":[{"href":"https:\/\/www.orgbalt.eu\/index.php?rest_route=\/wp\/v2\/pages\/4870","targetHints":{"allow":["GET"]}}],"collection":[{"href":"https:\/\/www.orgbalt.eu\/index.php?rest_route=\/wp\/v2\/pages"}],"about":[{"href":"https:\/\/www.orgbalt.eu\/index.php?rest_route=\/wp\/v2\/types\/page"}],"author":[{"embeddable":true,"href":"https:\/\/www.orgbalt.eu\/index.php?rest_route=\/wp\/v2\/users\/2"}],"replies":[{"embeddable":true,"href":"https:\/\/www.orgbalt.eu\/index.php?rest_route=%2Fwp%2Fv2%2Fcomments&post=4870"}],"version-history":[{"count":25,"href":"https:\/\/www.orgbalt.eu\/index.php?rest_route=\/wp\/v2\/pages\/4870\/revisions"}],"predecessor-version":[{"id":4952,"href":"https:\/\/www.orgbalt.eu\/index.php?rest_route=\/wp\/v2\/pages\/4870\/revisions\/4952"}],"wp:attachment":[{"href":"https:\/\/www.orgbalt.eu\/index.php?rest_route=%2Fwp%2Fv2%2Fmedia&parent=4870"}],"curies":[{"name":"wp","href":"https:\/\/api.w.org\/{rel}","templated":true}]}}