{"id":5074,"date":"2024-08-19T09:12:10","date_gmt":"2024-08-19T06:12:10","guid":{"rendered":"https:\/\/www.orgbalt.eu\/?page_id=5074"},"modified":"2024-08-19T09:12:11","modified_gmt":"2024-08-19T06:12:11","slug":"politikas-un-prakses-ilgtspejigas-lauksaimniecibas-attistibas-veicinasanai","status":"publish","type":"page","link":"https:\/\/www.orgbalt.eu\/?page_id=5074&lang=lv","title":{"rendered":"Politikas un prakses ilgtsp\u0113j\u012bgas lauksaimniec\u012bbas att\u012bst\u012bbas veicin\u0101\u0161anai"},"content":{"rendered":"\n<p>Rakst\u0101 apl\u016bkotas ilgtsp\u0113j\u012bgas lauksaimniec\u012bbas prakses un t\u0101s atbalsto\u0161as politikas, \u012bpa\u0161i Eiropas Savien\u012bbas (ES) kontekst\u0101. Taj\u0101 uzsv\u0113rta intens\u012bv\u0101s lauksaimniec\u012bbas ietekme uz vidi un ieteikts p\u0101riet uz ilgtsp\u0113j\u012bg\u0101kiem risin\u0101jumiem, piem\u0113ram, kult\u016braugu da\u017e\u0101do\u0161anu, s\u0113jumu mai\u0146u un pestic\u012bdu un m\u0113slojuma izmanto\u0161anas optimiz\u0113\u0161anu. <\/p>\n\n\n\n<p>T\u0101 saukt\u0101 ES ZIZIMM regula, \u016adens pamatdirekt\u012bva un Nitr\u0101tu direkt\u012bva ir izceltas k\u0101 galvenie politikas dokumenti, kas nosaka vides un klimata m\u0113r\u0137us oglek\u013ca piesaist\u012b\u0161anai, \u016bdens kvalit\u0101tei un bar\u012bbas vielu p\u0101rvald\u012bbai. Rakst\u0101 apl\u016bkotas ar\u012b konkr\u0113tas nacion\u0101l\u0101s politikas D\u0101nij\u0101, V\u0101cij\u0101 un Francij\u0101, kas veicina ilgtsp\u0113j\u012bgu lauksaimniec\u012bbu, izmantojot ekonomiskos stimulus (nodok\u013cus un subs\u012bdijas).<\/p>\n\n\n\n<p>Papildus tam rakst\u0101 izcelts LIFE OrgBalt projekts, kas koncentr\u0113jas uz klimata p\u0101rmai\u0146u mazin\u0101\u0161anas praks\u0113m ar bar\u012bbas viel\u0101m bag\u0101t\u0101s organiskaj\u0101s augsn\u0113s Baltijas valst\u012bs un Somij\u0101. Viens no \u0161\u012b projekta m\u0113r\u0137iem ir iedvesmot politikas veidot\u0101jus, demonstr\u0113jot praktiskus risin\u0101jumus, piem\u0113ram, aramzemes p\u0101rveidi par z\u0101l\u0101jiem un koku st\u0101d\u012b\u0161anu, lai veicin\u0101tu oglek\u013ca piesaisti un biolo\u0123isko daudzveid\u012bbu. Projekt\u0101 ir izstr\u0101d\u0101ts Simul\u0101cijas r\u012bks, kas pal\u012bdz l\u0113mumu pie\u0146\u0113m\u0113jiem l\u012bdzsvarot vides ieguvumus ar lauksaimnieku ekonomiskaj\u0101m interes\u0113m. Rakst\u0101 ir uzsv\u0113rta \u0161\u0101du zin\u0101\u0161anu noz\u012bme ilgtsp\u0113j\u012bgas lauksaimniec\u012bbas politikas un prakses veido\u0161an\u0101 Eirop\u0101.<\/p>\n\n\n\n<p><strong><a href=\"https:\/\/www.orgbalt.eu\/wp-content\/uploads\/2024\/08\/LIFE_OrgBalt_Policies_and_practices_for_promoting_sustainable_agriculture_8th-popular-article.pdf\" target=\"_blank\" rel=\"noreferrer noopener\">Publik\u0101cija &#8220;Politikas un prakses ilgtsp\u0113j\u012bgas lauksaimniec\u012bbas att\u012bst\u012bbas veicin\u0101\u0161anai&#8221; pieejama \u0160EIT>>><\/a><\/strong><\/p>\n","protected":false},"excerpt":{"rendered":"<p>Rakst\u0101 apl\u016bkotas ilgtsp\u0113j\u012bgas lauksaimniec\u012bbas prakses un t\u0101s atbalsto\u0161as politikas, \u012bpa\u0161i Eiropas Savien\u012bbas (ES) kontekst\u0101. Taj\u0101 uzsv\u0113rta intens\u012bv\u0101s lauksaimniec\u012bbas ietekme uz vidi un ieteikts p\u0101riet uz ilgtsp\u0113j\u012bg\u0101kiem risin\u0101jumiem, piem\u0113ram, kult\u016braugu da\u017e\u0101do\u0161anu, [&hellip;]<\/p>\n","protected":false},"author":2,"featured_media":0,"parent":3702,"menu_order":0,"comment_status":"closed","ping_status":"closed","template":"","meta":{"footnotes":""},"class_list":["post-5074","page","type-page","status-publish","hentry"],"post_mailing_queue_ids":[],"_links":{"self":[{"href":"https:\/\/www.orgbalt.eu\/index.php?rest_route=\/wp\/v2\/pages\/5074","targetHints":{"allow":["GET"]}}],"collection":[{"href":"https:\/\/www.orgbalt.eu\/index.php?rest_route=\/wp\/v2\/pages"}],"about":[{"href":"https:\/\/www.orgbalt.eu\/index.php?rest_route=\/wp\/v2\/types\/page"}],"author":[{"embeddable":true,"href":"https:\/\/www.orgbalt.eu\/index.php?rest_route=\/wp\/v2\/users\/2"}],"replies":[{"embeddable":true,"href":"https:\/\/www.orgbalt.eu\/index.php?rest_route=%2Fwp%2Fv2%2Fcomments&post=5074"}],"version-history":[{"count":1,"href":"https:\/\/www.orgbalt.eu\/index.php?rest_route=\/wp\/v2\/pages\/5074\/revisions"}],"predecessor-version":[{"id":5075,"href":"https:\/\/www.orgbalt.eu\/index.php?rest_route=\/wp\/v2\/pages\/5074\/revisions\/5075"}],"up":[{"embeddable":true,"href":"https:\/\/www.orgbalt.eu\/index.php?rest_route=\/wp\/v2\/pages\/3702"}],"wp:attachment":[{"href":"https:\/\/www.orgbalt.eu\/index.php?rest_route=%2Fwp%2Fv2%2Fmedia&parent=5074"}],"curies":[{"name":"wp","href":"https:\/\/api.w.org\/{rel}","templated":true}]}}