{"id":5086,"date":"2024-08-19T09:31:10","date_gmt":"2024-08-19T06:31:10","guid":{"rendered":"https:\/\/www.orgbalt.eu\/?page_id=5086"},"modified":"2024-08-19T09:31:11","modified_gmt":"2024-08-19T06:31:11","slug":"funkcionalais-zemes-apsaimniekosanas-modelis-instruments-klimata-parmainu-mazinasanas-pasakumu-socialekonomiskai-izvertesanai","status":"publish","type":"page","link":"https:\/\/www.orgbalt.eu\/?page_id=5086&lang=lv","title":{"rendered":"Funkcion\u0101lais zemes apsaimnieko\u0161anas modelis \u2013 instruments klimata p\u0101rmai\u0146u mazin\u0101\u0161anas pas\u0101kumu soci\u0101lekonomiskai izv\u0113rt\u0113\u0161anai"},"content":{"rendered":"\n<p>Rakst\u0101 aprakst\u012bts LIFE OrgBalt projekta izstr\u0101d\u0101tais Funkcion\u0101lais zemes apsaimnieko\u0161anas modelis (PPS modelis), kas ir mikroekonomisks instruments &#8211; \u00a0izstr\u0101d\u0101ts, lai nov\u0113rt\u0113tu klimata p\u0101rmai\u0146u mazin\u0101\u0161anas pas\u0101kumu soci\u0101lekonomisko ietekmi re\u0123ionos ar augl\u012bgu organisko augsni, piem\u0113ram, Baltijas valstis un Somija. <\/p>\n\n\n\n<p>Modelis nov\u0113rt\u0113 da\u017e\u0101das zemes apsaimnieko\u0161anas prakses, sniedzot detaliz\u0113tu finan\u0161u, ekonomisko un soci\u0101lekonomisko anal\u012bzi, lai pal\u012bdz\u0113tu zemes \u012bpa\u0161niekiem, politikas veidot\u0101jiem un cit\u0101m ieinteres\u0113taj\u0101m person\u0101m pie\u0146emt apzin\u0101tus l\u0113mumus, kas l\u012bdzsvaro vides ieguvumus un finansi\u0101lo atdevi. <\/p>\n\n\n\n<p>Modelis ir lietot\u0101jam draudz\u012bgs un izstr\u0101d\u0101ts t\u0101, lai tas b\u016btu pieejams pla\u0161am lietot\u0101ju lokam. PPS modelis sniedz ieskatu da\u017e\u0101du zemes izmanto\u0161anas scen\u0101riju, piem\u0113ram, apme\u017eo\u0161anas un agrome\u017esaimniec\u012bbas, finansi\u0101laj\u0101 dz\u012bvotsp\u0113j\u0101 un pla\u0161\u0101kos soci\u0101lekonomiskajos ieguvumos. Taj\u0101 tiek nov\u0113rt\u0113ti t\u0101di r\u0101d\u012bt\u0101ji k\u0101 invest\u012bciju izmaksas, rentabilit\u0101te un da\u017e\u0101du klimata p\u0101rmai\u0146u mazin\u0101\u0161anas pas\u0101kumu neto pa\u0161reiz\u0113j\u0101 v\u0113rt\u012bba. Turkl\u0101t tas kvantitat\u012bvi nosaka ekosist\u0113mu pakalpojumu v\u0113rt\u012bbu, sniedzot holistisk\u0101ku priek\u0161statu par zemes apsaimnieko\u0161anas ietekmi. <\/p>\n\n\n\n<p>Lai gan modelis ir piel\u0101gots Baltijas valst\u012bm un Somijai, tas ir instruments ilgtsp\u0113j\u012bgas zemes apsaimnieko\u0161anas un klimata politikas pl\u0101no\u0161anas atbalstam ar\u012b citos re\u0123ionos, kas saskaras ar l\u012bdz\u012bg\u0101m probl\u0113m\u0101m. <\/p>\n\n\n\n<p>Tom\u0113r tas b\u016btu j\u0101uzskata par papildu instrumentu, kas sniedz indikat\u012bvus nor\u0101d\u012bjumus par organisk\u0101s augsnes apsaimnieko\u0161anas izv\u0113les izmaks\u0101m un ieguvumiem saska\u0146\u0101 ar algoritmos izmantotajiem pie\u0146\u0113mumiem un ievaddatiem. Tas ir atv\u0113rts turpm\u0101kai darb\u012bbas uzlabo\u0161anai p\u0113c projekta, un tas nav paredz\u0113ts k\u0101 vien\u012bgais izmantotais l\u0113mumu pie\u0146em\u0161anas atbalsta r\u012bks (tas ir j\u0101skata piesardz\u012bgi, \u0146emot v\u0113r\u0101 nor\u0101d\u012bjumus l\u0113mumu pie\u0146em\u0161anai).<\/p>\n\n\n\n<p><strong><a href=\"https:\/\/www.orgbalt.eu\/wp-content\/uploads\/2024\/08\/LIFE_OrgBalt_Functional_land_management_model_9_popular.pdf\" target=\"_blank\" rel=\"noreferrer noopener\">Publik\u0101cija &#8220;Funkcion\u0101lais zemes apsaimnieko\u0161anas modelis \u2013 instruments klimata p\u0101rmai\u0146u mazin\u0101\u0161anas pas\u0101kumu soci\u0101lekonomiskai izv\u0113rt\u0113\u0161anai&#8221; pieejama \u0160EIT>>><\/a><\/strong><\/p>\n\n\n\n<p><strong><a href=\"https:\/\/www.orgbalt.eu\/?page_id=2929&amp;lang=lv\" target=\"_blank\" rel=\"noreferrer noopener\">Funkcion\u0101lais zemes apsaimnieko\u0161anas modelis pieejams \u0160EIT>>><\/a><\/strong><\/p>\n","protected":false},"excerpt":{"rendered":"<p>Rakst\u0101 aprakst\u012bts LIFE OrgBalt projekta izstr\u0101d\u0101tais Funkcion\u0101lais zemes apsaimnieko\u0161anas modelis (PPS modelis), kas ir mikroekonomisks instruments &#8211; \u00a0izstr\u0101d\u0101ts, lai nov\u0113rt\u0113tu klimata p\u0101rmai\u0146u mazin\u0101\u0161anas pas\u0101kumu soci\u0101lekonomisko ietekmi re\u0123ionos ar augl\u012bgu organisko [&hellip;]<\/p>\n","protected":false},"author":2,"featured_media":0,"parent":3702,"menu_order":0,"comment_status":"closed","ping_status":"closed","template":"","meta":{"footnotes":""},"class_list":["post-5086","page","type-page","status-publish","hentry"],"post_mailing_queue_ids":[],"_links":{"self":[{"href":"https:\/\/www.orgbalt.eu\/index.php?rest_route=\/wp\/v2\/pages\/5086","targetHints":{"allow":["GET"]}}],"collection":[{"href":"https:\/\/www.orgbalt.eu\/index.php?rest_route=\/wp\/v2\/pages"}],"about":[{"href":"https:\/\/www.orgbalt.eu\/index.php?rest_route=\/wp\/v2\/types\/page"}],"author":[{"embeddable":true,"href":"https:\/\/www.orgbalt.eu\/index.php?rest_route=\/wp\/v2\/users\/2"}],"replies":[{"embeddable":true,"href":"https:\/\/www.orgbalt.eu\/index.php?rest_route=%2Fwp%2Fv2%2Fcomments&post=5086"}],"version-history":[{"count":1,"href":"https:\/\/www.orgbalt.eu\/index.php?rest_route=\/wp\/v2\/pages\/5086\/revisions"}],"predecessor-version":[{"id":5087,"href":"https:\/\/www.orgbalt.eu\/index.php?rest_route=\/wp\/v2\/pages\/5086\/revisions\/5087"}],"up":[{"embeddable":true,"href":"https:\/\/www.orgbalt.eu\/index.php?rest_route=\/wp\/v2\/pages\/3702"}],"wp:attachment":[{"href":"https:\/\/www.orgbalt.eu\/index.php?rest_route=%2Fwp%2Fv2%2Fmedia&parent=5086"}],"curies":[{"name":"wp","href":"https:\/\/api.w.org\/{rel}","templated":true}]}}