{"id":5102,"date":"2024-08-19T09:46:32","date_gmt":"2024-08-19T06:46:32","guid":{"rendered":"https:\/\/www.orgbalt.eu\/?page_id=5102"},"modified":"2024-08-19T09:46:33","modified_gmt":"2024-08-19T06:46:33","slug":"klimata-parmainu-mazinasanas-pasakumu-sociali-ekonomiskie-ieguvumi-tradicionalas-un-nakotnes-zemes-apsaimniekosanas-prakses-un-to-produktivitates-salidzinajums-ilgtermina","status":"publish","type":"page","link":"https:\/\/www.orgbalt.eu\/?page_id=5102&lang=lv","title":{"rendered":"Klimata p\u0101rmai\u0146u mazin\u0101\u0161anas pas\u0101kumu soci\u0101li ekonomiskie ieguvumi: tradicion\u0101l\u0101s un n\u0101kotnes zemes apsaimnieko\u0161anas prakses un to produktivit\u0101tes sal\u012bdzin\u0101jums ilgtermi\u0146\u0101"},"content":{"rendered":"\n<p>Rakst\u0101 apl\u016bkoti klimata p\u0101rmai\u0146u mazin\u0101\u0161anas pas\u0101kumu soci\u0101li ekonomiskie ieguvumi, sal\u012bdzinot tradicion\u0101l\u0101s un n\u0101kotnes zemes apsaimnieko\u0161anas prakses. Tiek nor\u0101d\u012bts, ka tradicion\u0101l\u0101 lauksaimniec\u012bbas un me\u017esaimniec\u012bbas prakse nereti nav bijusi ilgtsp\u0113j\u012bga to negat\u012bv\u0101s ietekmes uz vidi d\u0113\u013c, tostarp augsnes degrad\u0101cijas, biolo\u0123isk\u0101s daudzveid\u012bbas samazin\u0101\u0161an\u0101s un siltumn\u012bcefekta g\u0101zu emisiju palielin\u0101\u0161an\u0101s d\u0113\u013c. \u0160\u012b ietekme savuk\u0101rt rada ilgtermi\u0146a ekonomiskos riskus, samazinot lauksaimniec\u012bbas produktivit\u0101ti un palielinot izmaksas, kas saist\u012btas ar augsnes atjauno\u0161anu un augsnes ielabo\u0161anu. <\/p>\n\n\n\n<p>Rakst\u0101 tiek sniegta inform\u0101cija par uz n\u0101kotni v\u0113rstu zemes apsaimnieko\u0161anas praksi, kas sekm\u0113 ilgtsp\u0113j\u012bgu att\u012bst\u012bbu un notur\u012bbu pret klimata p\u0101rmai\u0146\u0101m, piem\u0113ram, agrome\u017esaimniec\u012bba, kokaugu ieaudz\u0113\u0161ana un kontrol\u0113ta dren\u0101\u017ea. \u0160\u012bs prakses ne tikai samazina siltumn\u012bcefekta g\u0101zu emisijas, bet ar\u012b uzlabo augsnes vesel\u012bbu, palielina biolo\u0123isko daudzveid\u012bbu un uzlabo lauksaimniec\u012bbas notur\u012bbu pret klimata p\u0101rmai\u0146\u0101m. Lai gan \u0161\u0101das prakses ievie\u0161ana prasa liel\u0101kus s\u0101kotn\u0113jos ieguld\u012bjumus, t\u0101 sniedz iev\u0113rojamus ilgtermi\u0146a ekonomiskos ieguvumus, tostarp uzlabo produktivit\u0101ti un ekosist\u0113mu pakalpojumu saglab\u0101\u0161anu. Rakst\u0101 uzsv\u0113rts, cik svar\u012bgi ir p\u0101riet uz \u0161\u012bm praks\u0113m, lai nodro\u0161in\u0101tu ilgtermi\u0146a soci\u0101li ekonomisko ilgtsp\u0113ju un notur\u012bbu.<\/p>\n\n\n\n<p><strong><a href=\"https:\/\/www.orgbalt.eu\/wp-content\/uploads\/2024\/08\/LIFE_OrgBalt_The_Socio_economic_benefits_of_climate_change_mitigation_measures_9th_general.pdf\" target=\"_blank\" rel=\"noreferrer noopener\">Publik\u0101cija &#8220;Klimata p\u0101rmai\u0146u mazin\u0101\u0161anas pas\u0101kumu soci\u0101li ekonomiskie ieguvumi: tradicion\u0101l\u0101s un n\u0101kotnes zemes apsaimnieko\u0161anas prakses un to produktivit\u0101tes sal\u012bdzin\u0101jums ilgtermi\u0146\u0101&#8221; pieejama \u0160EIT>>><\/a><\/strong><\/p>\n","protected":false},"excerpt":{"rendered":"<p>Rakst\u0101 apl\u016bkoti klimata p\u0101rmai\u0146u mazin\u0101\u0161anas pas\u0101kumu soci\u0101li ekonomiskie ieguvumi, sal\u012bdzinot tradicion\u0101l\u0101s un n\u0101kotnes zemes apsaimnieko\u0161anas prakses. Tiek nor\u0101d\u012bts, ka tradicion\u0101l\u0101 lauksaimniec\u012bbas un me\u017esaimniec\u012bbas prakse nereti nav bijusi ilgtsp\u0113j\u012bga to negat\u012bv\u0101s [&hellip;]<\/p>\n","protected":false},"author":2,"featured_media":0,"parent":3702,"menu_order":0,"comment_status":"closed","ping_status":"closed","template":"","meta":{"footnotes":""},"class_list":["post-5102","page","type-page","status-publish","hentry"],"post_mailing_queue_ids":[],"_links":{"self":[{"href":"https:\/\/www.orgbalt.eu\/index.php?rest_route=\/wp\/v2\/pages\/5102","targetHints":{"allow":["GET"]}}],"collection":[{"href":"https:\/\/www.orgbalt.eu\/index.php?rest_route=\/wp\/v2\/pages"}],"about":[{"href":"https:\/\/www.orgbalt.eu\/index.php?rest_route=\/wp\/v2\/types\/page"}],"author":[{"embeddable":true,"href":"https:\/\/www.orgbalt.eu\/index.php?rest_route=\/wp\/v2\/users\/2"}],"replies":[{"embeddable":true,"href":"https:\/\/www.orgbalt.eu\/index.php?rest_route=%2Fwp%2Fv2%2Fcomments&post=5102"}],"version-history":[{"count":1,"href":"https:\/\/www.orgbalt.eu\/index.php?rest_route=\/wp\/v2\/pages\/5102\/revisions"}],"predecessor-version":[{"id":5103,"href":"https:\/\/www.orgbalt.eu\/index.php?rest_route=\/wp\/v2\/pages\/5102\/revisions\/5103"}],"up":[{"embeddable":true,"href":"https:\/\/www.orgbalt.eu\/index.php?rest_route=\/wp\/v2\/pages\/3702"}],"wp:attachment":[{"href":"https:\/\/www.orgbalt.eu\/index.php?rest_route=%2Fwp%2Fv2%2Fmedia&parent=5102"}],"curies":[{"name":"wp","href":"https:\/\/api.w.org\/{rel}","templated":true}]}}