{"id":5114,"date":"2024-08-19T10:07:32","date_gmt":"2024-08-19T07:07:32","guid":{"rendered":"https:\/\/www.orgbalt.eu\/?page_id=5114"},"modified":"2024-08-19T10:07:33","modified_gmt":"2024-08-19T07:07:33","slug":"simulacijas-riks-sociali-ekonomisko-un-vides-ieguvumu-lidzsvarosanai-ar-baribas-vielam-bagatas-organiskas-augsnes-apsaimniekosana","status":"publish","type":"page","link":"https:\/\/www.orgbalt.eu\/?page_id=5114&lang=lv","title":{"rendered":"Simul\u0101cijas r\u012bks soci\u0101li ekonomisko un vides ieguvumu l\u012bdzsvaro\u0161anai ar bar\u012bbas viel\u0101m bag\u0101tas organisk\u0101s augsnes apsaimnieko\u0161an\u0101"},"content":{"rendered":"\n<p>LIFE OrgBalt projekt\u0101 ir izstr\u0101d\u0101ts Simul\u0101cijas r\u012bks, ar m\u0113r\u0137i sekm\u0113t siltumn\u012bcefekta g\u0101zu emisiju samazin\u0101\u0161anu un sniegt atbalstu bioekonomikas att\u012bst\u012bbas veicin\u0101\u0161anai Baltijas valst\u012bs. <\/p>\n\n\n\n<p>Tas ir uz datiem balst\u012bts instruments politikas pl\u0101no\u0161anai un l\u0113mumu pie\u0146em\u0161anai re\u0123ion\u0101l\u0101 un nacion\u0101l\u0101 l\u012bmen\u012b, un galvenok\u0101rt paredz\u0113ts politikas veidot\u0101jiem un re\u0123ion\u0101lajiem pl\u0101not\u0101jiem Baltijas valst\u012bs. \u0160is r\u012bks ir uzskat\u0101ms par papildu instrumentu, kas sniedz indikat\u012bvus nor\u0101d\u012bjumus par organisk\u0101s augsnes apsaimnieko\u0161anas izv\u0113les izmaks\u0101m un ieguvumiem saska\u0146\u0101 ar algoritmos izmantotajiem pie\u0146\u0113mumiem un ievaddatiem. R\u012bka galven\u0101 funkcija ir nov\u0113rt\u0113t da\u017e\u0101du klimata p\u0101rmai\u0146u mazin\u0101\u0161anas pas\u0101kumu ietekmi uz bar\u012bbas viel\u0101m bag\u0101tas organisk\u0101s augsnes apsaimnieko\u0161anu, \u0146emot v\u0113r\u0101 \u00a0soci\u0101li ekonomisko r\u0101d\u012bt\u0101ju un siltumn\u012bcefekta g\u0101zu emisiju dimensijas. Mode\u013ca nov\u0113rt\u0113tie r\u0101d\u012bt\u0101ji ietver pe\u013c\u0146u, nodarbin\u0101t\u012bbu un siltumn\u012bcefekta g\u0101zu emisijas. Rakst\u0101 \u012bsi piemin\u0113ti Simul\u0101cijas r\u012bka galvenie ievades sl\u0101\u0146i, bet vair\u0101k piev\u0113rsta uzman\u012bba izstr\u0101d\u0101t\u0101s interakt\u012bv\u0101s lietojumprogrammas izejas datiem, sal\u012bdzinot da\u017e\u0101du scen\u0101riju rezult\u0101tus.<\/p>\n\n\n\n<p><strong><a href=\"https:\/\/www.orgbalt.eu\/wp-content\/uploads\/2024\/08\/LIFE_OrgBalt_Simulation_tool.pdf\" target=\"_blank\" rel=\"noreferrer noopener\">Publik\u0101cija &#8220;Simul\u0101cijas r\u012bks soci\u0101li ekonomisko un vides ieguvumu l\u012bdzsvaro\u0161anai ar bar\u012bbas viel\u0101m bag\u0101tas organisk\u0101s augsnes apsaimnieko\u0161an\u0101&#8221; pieejama \u0160EIT>>><\/a><\/strong><\/p>\n","protected":false},"excerpt":{"rendered":"<p>LIFE OrgBalt projekt\u0101 ir izstr\u0101d\u0101ts Simul\u0101cijas r\u012bks, ar m\u0113r\u0137i sekm\u0113t siltumn\u012bcefekta g\u0101zu emisiju samazin\u0101\u0161anu un sniegt atbalstu bioekonomikas att\u012bst\u012bbas veicin\u0101\u0161anai Baltijas valst\u012bs. Tas ir uz datiem balst\u012bts instruments politikas pl\u0101no\u0161anai [&hellip;]<\/p>\n","protected":false},"author":2,"featured_media":0,"parent":3702,"menu_order":0,"comment_status":"closed","ping_status":"closed","template":"","meta":{"footnotes":""},"class_list":["post-5114","page","type-page","status-publish","hentry"],"post_mailing_queue_ids":[],"_links":{"self":[{"href":"https:\/\/www.orgbalt.eu\/index.php?rest_route=\/wp\/v2\/pages\/5114","targetHints":{"allow":["GET"]}}],"collection":[{"href":"https:\/\/www.orgbalt.eu\/index.php?rest_route=\/wp\/v2\/pages"}],"about":[{"href":"https:\/\/www.orgbalt.eu\/index.php?rest_route=\/wp\/v2\/types\/page"}],"author":[{"embeddable":true,"href":"https:\/\/www.orgbalt.eu\/index.php?rest_route=\/wp\/v2\/users\/2"}],"replies":[{"embeddable":true,"href":"https:\/\/www.orgbalt.eu\/index.php?rest_route=%2Fwp%2Fv2%2Fcomments&post=5114"}],"version-history":[{"count":1,"href":"https:\/\/www.orgbalt.eu\/index.php?rest_route=\/wp\/v2\/pages\/5114\/revisions"}],"predecessor-version":[{"id":5115,"href":"https:\/\/www.orgbalt.eu\/index.php?rest_route=\/wp\/v2\/pages\/5114\/revisions\/5115"}],"up":[{"embeddable":true,"href":"https:\/\/www.orgbalt.eu\/index.php?rest_route=\/wp\/v2\/pages\/3702"}],"wp:attachment":[{"href":"https:\/\/www.orgbalt.eu\/index.php?rest_route=%2Fwp%2Fv2%2Fmedia&parent=5114"}],"curies":[{"name":"wp","href":"https:\/\/api.w.org\/{rel}","templated":true}]}}