{"id":5130,"date":"2024-08-19T10:18:09","date_gmt":"2024-08-19T07:18:09","guid":{"rendered":"https:\/\/www.orgbalt.eu\/?page_id=5130"},"modified":"2024-08-19T10:20:41","modified_gmt":"2024-08-19T07:20:41","slug":"life-orgbalt-noslegums-un-turpmako-petijumu-virzienu-noteiksana","status":"publish","type":"page","link":"https:\/\/www.orgbalt.eu\/?page_id=5130&lang=lv","title":{"rendered":"LIFE OrgBalt nosl\u0113gums un turpm\u0101ko p\u0113t\u012bjumu virzienu noteik\u0161ana"},"content":{"rendered":"\n<p>Rakst\u0101 ir sniegts p\u0101rskats par LIFE OrgBalt projekta paveikto klimata p\u0101rmai\u0146u mazin\u0101\u0161anas prak\u0161u izp\u0113t\u0113, kas \u012bpa\u0161i v\u0113rsta uz siltumn\u012bcefekta g\u0101zu (SEG) emisiju samazin\u0101\u0161anu no lauksaimniec\u012bb\u0101 un me\u017esaimniec\u012bb\u0101 izmantot\u0101m bar\u012bbas viel\u0101m bag\u0101t\u0101m organiskaj\u0101m augsn\u0113m. <\/p>\n\n\n\n<p>Projekt\u0101 tika izstr\u0101d\u0101ti re\u0123ion\u0101lie SEG emisiju faktori, kartes un r\u012bki, k\u0101 ar\u012b ierosin\u0101ti uzlabojumi nozaru strat\u0113\u0123ij\u0101s ar m\u0113r\u0137i\u00a0 uzlabot valstu SEG uzskaites precizit\u0101ti un inform\u0113t par iesp\u0113jamiem klimata politikas uzlabojumiem. <\/p>\n\n\n\n<p>Projekts sniedza iev\u0113rojamu ieguld\u012bjumu zin\u0101tnisk\u0101s inform\u0101cijas pieejam\u012bb\u0101, bet ar\u012b noteica vajadz\u012bbu p\u0113c turpm\u0101kiem p\u0113t\u012bjumiem, jo \u200b\u200b\u012bpa\u0161i t\u0101d\u0101s jom\u0101s k\u0101 grunts\u016bdens l\u012bme\u0146a paaugstin\u0101\u0161anas un paludikult\u016bru ier\u012bko\u0161anas pas\u0101kumi. <\/p>\n\n\n\n<p>Rakst\u0101 ar\u012b uzsv\u0113rta nep\u0101rtrauktas un ilgtermi\u0146a datu ieguves noz\u012bme, lai uzlabotu izpratni par SEG emisij\u0101m un oglek\u013ca piesaisti organiskaj\u0101s augsn\u0113s. Turpm\u0101kajos p\u0113t\u012bjumos b\u016btu j\u0101koncentr\u0113jas ar\u012b uz ilgtsp\u0113j\u012bgas augsnes apsaimnieko\u0161anas prakses ietekmi un hidrolo\u0123isk\u0101 re\u017e\u012bma model\u0113\u0161anas r\u012bku izstr\u0101di. <\/p>\n\n\n\n<p>Raksta nosl\u0113gum\u0101 uzsv\u0113rta nep\u0101rtraukta p\u0113tniec\u012bbas atbalsta nepiecie\u0161am\u012bba, lai inform\u0113tu politikas veidot\u0101jus un nodro\u0161in\u0101tu efekt\u012bvu klimata p\u0101rmai\u0146u mazin\u0101\u0161anu zemes izmanto\u0161anas, zemes izmanto\u0161anas mai\u0146as un me\u017esaimniec\u012bbas jom\u0101.<\/p>\n\n\n\n<p><strong><a href=\"https:\/\/www.orgbalt.eu\/wp-content\/uploads\/2024\/08\/LIFE_OrgBalt_Concluding_LIFE_OrgBalt_and_establishing_directions_for_future_research.pdf\" target=\"_blank\" rel=\"noreferrer noopener\">Publik\u0101cija &#8220;LIFE OrgBalt nosl\u0113gums un turpm\u0101ko p\u0113t\u012bjumu virzienu noteik\u0161ana&#8221; pieejama \u0160EIT>>><\/a><\/strong><\/p>\n","protected":false},"excerpt":{"rendered":"<p>Rakst\u0101 ir sniegts p\u0101rskats par LIFE OrgBalt projekta paveikto klimata p\u0101rmai\u0146u mazin\u0101\u0161anas prak\u0161u izp\u0113t\u0113, kas \u012bpa\u0161i v\u0113rsta uz siltumn\u012bcefekta g\u0101zu (SEG) emisiju samazin\u0101\u0161anu no lauksaimniec\u012bb\u0101 un me\u017esaimniec\u012bb\u0101 izmantot\u0101m bar\u012bbas viel\u0101m [&hellip;]<\/p>\n","protected":false},"author":2,"featured_media":0,"parent":3702,"menu_order":0,"comment_status":"closed","ping_status":"closed","template":"","meta":{"footnotes":""},"class_list":["post-5130","page","type-page","status-publish","hentry"],"post_mailing_queue_ids":[],"_links":{"self":[{"href":"https:\/\/www.orgbalt.eu\/index.php?rest_route=\/wp\/v2\/pages\/5130","targetHints":{"allow":["GET"]}}],"collection":[{"href":"https:\/\/www.orgbalt.eu\/index.php?rest_route=\/wp\/v2\/pages"}],"about":[{"href":"https:\/\/www.orgbalt.eu\/index.php?rest_route=\/wp\/v2\/types\/page"}],"author":[{"embeddable":true,"href":"https:\/\/www.orgbalt.eu\/index.php?rest_route=\/wp\/v2\/users\/2"}],"replies":[{"embeddable":true,"href":"https:\/\/www.orgbalt.eu\/index.php?rest_route=%2Fwp%2Fv2%2Fcomments&post=5130"}],"version-history":[{"count":2,"href":"https:\/\/www.orgbalt.eu\/index.php?rest_route=\/wp\/v2\/pages\/5130\/revisions"}],"predecessor-version":[{"id":5134,"href":"https:\/\/www.orgbalt.eu\/index.php?rest_route=\/wp\/v2\/pages\/5130\/revisions\/5134"}],"up":[{"embeddable":true,"href":"https:\/\/www.orgbalt.eu\/index.php?rest_route=\/wp\/v2\/pages\/3702"}],"wp:attachment":[{"href":"https:\/\/www.orgbalt.eu\/index.php?rest_route=%2Fwp%2Fv2%2Fmedia&parent=5130"}],"curies":[{"name":"wp","href":"https:\/\/api.w.org\/{rel}","templated":true}]}}