{"id":5168,"date":"2024-08-20T09:02:20","date_gmt":"2024-08-20T06:02:20","guid":{"rendered":"https:\/\/www.orgbalt.eu\/?page_id=5168"},"modified":"2024-08-20T09:04:44","modified_gmt":"2024-08-20T06:04:44","slug":"apmacibu-seminars-mezsaimniekiem-un-konsultantiem-par-organisko-augsnu-ilgtspejigu-apsaimniekosanu","status":"publish","type":"page","link":"https:\/\/www.orgbalt.eu\/?page_id=5168&lang=lv","title":{"rendered":"Apm\u0101c\u012bbu semin\u0101rs me\u017esaimniekiem un konsultantiem par organisko aug\u0161\u0146u ilgtsp\u0113j\u012bgu apsaimnieko\u0161anu"},"content":{"rendered":"\n<p><strong>Datums<\/strong>: 2024. gada 4. apr\u012blis <\/p>\n\n\n\n<p><strong>Vieta: <\/strong>Launkalne, Latvija<\/p>\n\n\n\n<p><strong><a href=\"https:\/\/www.orgbalt.eu\/wp-content\/uploads\/2024\/08\/LIFE_OrgBalt_darba-kartiba_Launkalne_04042024.pdf\" target=\"_blank\" rel=\"noreferrer noopener\">Darba k\u0101rt\u012bba: \u0160EIT <\/a><\/strong><\/p>\n\n\n\n<p><strong>Prezent\u0101cijas: <\/strong><\/p>\n\n\n\n<ol class=\"wp-block-list\">\n<li><a href=\"https:\/\/www.orgbalt.eu\/wp-content\/uploads\/2024\/08\/LIFEOrgBalt-kopuma_Launkalne_04042024.pdf\" target=\"_blank\" rel=\"noreferrer noopener\">Par LIFE OrgBalt projektu, Ieva L\u012bc\u012bte, LVMI Silava, LIFE OrgBalt projekta vad\u012bt\u0101ja<\/a><\/li>\n\n\n\n<li><a href=\"https:\/\/www.orgbalt.eu\/wp-content\/uploads\/2024\/08\/20240404_Smiltene_ZM.pdf\" target=\"_blank\" rel=\"noreferrer noopener\">Latvijas un ES Klimata politika un pas\u0101kumi lauksaimniec\u012bbas un me\u017esaimniec\u012bbas sektoros, Ein\u0101rs Mednis, LR Zemkop\u012bbas ministrija<\/a><\/li>\n\n\n\n<li><a href=\"https:\/\/www.orgbalt.eu\/wp-content\/uploads\/2024\/08\/20240404-Demo-studies-in-Latvia.pdf\" target=\"_blank\" rel=\"noreferrer noopener\">Projekt\u0101 ieviestie klimata p\u0101rmai\u0146u mazin\u0101\u0161anas pas\u0101kumi, Andis Lazdi\u0146\u0161, LVMI Silava<\/a><\/li>\n\n\n\n<li><a href=\"https:\/\/www.orgbalt.eu\/wp-content\/uploads\/2024\/08\/20240404_PPC_modelis.pdf\" target=\"_blank\" rel=\"noreferrer noopener\">Priv\u0101t\u0101s un publisk\u0101s sadarb\u012bbas r\u012bks organisko aug\u0161\u0146u apsaimnieko\u0161anai \u2013 k\u0101 izmantot un interpret\u0113t rezult\u0101tus, Imants Kr\u016bze, Biedr\u012bba Baltijas krasti<\/a><\/li>\n\n\n\n<li><a href=\"https:\/\/www.orgbalt.eu\/wp-content\/uploads\/2024\/08\/LIFE-OrgBalt_Seminars_Launkalne_Field_trip_04042024.pdf\" target=\"_blank\" rel=\"noreferrer noopener\">Klimata p\u0101rmai\u0146u mazin\u0101\u0161anas pas\u0101kumu demonstr\u0113jumu vietu apskate dab\u0101 un diskusija<\/a><\/li>\n<\/ol>\n\n\n\n<figure class=\"wp-block-gallery has-nested-images columns-default is-cropped wp-block-gallery-1 is-layout-flex wp-block-gallery-is-layout-flex\">\n<figure class=\"wp-block-image size-large\"><img loading=\"lazy\" decoding=\"async\" width=\"1024\" height=\"768\" data-id=\"5169\" src=\"https:\/\/www.orgbalt.eu\/wp-content\/uploads\/2024\/08\/IMG_7594-1-1024x768.jpg\" alt=\"\" class=\"wp-image-5169\" srcset=\"https:\/\/www.orgbalt.eu\/wp-content\/uploads\/2024\/08\/IMG_7594-1-1024x768.jpg 1024w, https:\/\/www.orgbalt.eu\/wp-content\/uploads\/2024\/08\/IMG_7594-1-300x225.jpg 300w, https:\/\/www.orgbalt.eu\/wp-content\/uploads\/2024\/08\/IMG_7594-1-768x576.jpg 768w, https:\/\/www.orgbalt.eu\/wp-content\/uploads\/2024\/08\/IMG_7594-1-1536x1152.jpg 1536w, https:\/\/www.orgbalt.eu\/wp-content\/uploads\/2024\/08\/IMG_7594-1-2048x1536.jpg 2048w, https:\/\/www.orgbalt.eu\/wp-content\/uploads\/2024\/08\/IMG_7594-1-360x270.jpg 360w\" sizes=\"auto, (max-width: 1024px) 100vw, 1024px\" \/><\/figure>\n\n\n\n<figure class=\"wp-block-image size-large\"><img loading=\"lazy\" decoding=\"async\" width=\"1024\" height=\"768\" data-id=\"5171\" src=\"https:\/\/www.orgbalt.eu\/wp-content\/uploads\/2024\/08\/2-3-1024x768.jpg\" alt=\"\" class=\"wp-image-5171\" srcset=\"https:\/\/www.orgbalt.eu\/wp-content\/uploads\/2024\/08\/2-3-1024x768.jpg 1024w, https:\/\/www.orgbalt.eu\/wp-content\/uploads\/2024\/08\/2-3-300x225.jpg 300w, https:\/\/www.orgbalt.eu\/wp-content\/uploads\/2024\/08\/2-3-768x576.jpg 768w, https:\/\/www.orgbalt.eu\/wp-content\/uploads\/2024\/08\/2-3-1536x1152.jpg 1536w, https:\/\/www.orgbalt.eu\/wp-content\/uploads\/2024\/08\/2-3-2048x1536.jpg 2048w, https:\/\/www.orgbalt.eu\/wp-content\/uploads\/2024\/08\/2-3-360x270.jpg 360w\" sizes=\"auto, (max-width: 1024px) 100vw, 1024px\" \/><\/figure>\n\n\n\n<figure class=\"wp-block-image size-large\"><img loading=\"lazy\" decoding=\"async\" width=\"1024\" height=\"768\" data-id=\"5170\" src=\"https:\/\/www.orgbalt.eu\/wp-content\/uploads\/2024\/08\/1-1-1024x768.jpg\" alt=\"\" class=\"wp-image-5170\" srcset=\"https:\/\/www.orgbalt.eu\/wp-content\/uploads\/2024\/08\/1-1-1024x768.jpg 1024w, https:\/\/www.orgbalt.eu\/wp-content\/uploads\/2024\/08\/1-1-300x225.jpg 300w, https:\/\/www.orgbalt.eu\/wp-content\/uploads\/2024\/08\/1-1-768x576.jpg 768w, https:\/\/www.orgbalt.eu\/wp-content\/uploads\/2024\/08\/1-1-1536x1152.jpg 1536w, https:\/\/www.orgbalt.eu\/wp-content\/uploads\/2024\/08\/1-1-2048x1536.jpg 2048w, https:\/\/www.orgbalt.eu\/wp-content\/uploads\/2024\/08\/1-1-360x270.jpg 360w\" sizes=\"auto, (max-width: 1024px) 100vw, 1024px\" \/><\/figure>\n<\/figure>\n","protected":false},"excerpt":{"rendered":"<p>Datums: 2024. gada 4. apr\u012blis Vieta: Launkalne, Latvija Darba k\u0101rt\u012bba: \u0160EIT Prezent\u0101cijas:<\/p>\n","protected":false},"author":2,"featured_media":0,"parent":0,"menu_order":0,"comment_status":"closed","ping_status":"closed","template":"","meta":{"footnotes":""},"class_list":["post-5168","page","type-page","status-publish","hentry"],"post_mailing_queue_ids":[],"_links":{"self":[{"href":"https:\/\/www.orgbalt.eu\/index.php?rest_route=\/wp\/v2\/pages\/5168","targetHints":{"allow":["GET"]}}],"collection":[{"href":"https:\/\/www.orgbalt.eu\/index.php?rest_route=\/wp\/v2\/pages"}],"about":[{"href":"https:\/\/www.orgbalt.eu\/index.php?rest_route=\/wp\/v2\/types\/page"}],"author":[{"embeddable":true,"href":"https:\/\/www.orgbalt.eu\/index.php?rest_route=\/wp\/v2\/users\/2"}],"replies":[{"embeddable":true,"href":"https:\/\/www.orgbalt.eu\/index.php?rest_route=%2Fwp%2Fv2%2Fcomments&post=5168"}],"version-history":[{"count":3,"href":"https:\/\/www.orgbalt.eu\/index.php?rest_route=\/wp\/v2\/pages\/5168\/revisions"}],"predecessor-version":[{"id":5176,"href":"https:\/\/www.orgbalt.eu\/index.php?rest_route=\/wp\/v2\/pages\/5168\/revisions\/5176"}],"wp:attachment":[{"href":"https:\/\/www.orgbalt.eu\/index.php?rest_route=%2Fwp%2Fv2%2Fmedia&parent=5168"}],"curies":[{"name":"wp","href":"https:\/\/api.w.org\/{rel}","templated":true}]}}