{"id":5219,"date":"2024-08-20T10:18:03","date_gmt":"2024-08-20T07:18:03","guid":{"rendered":"https:\/\/www.orgbalt.eu\/?page_id=5219"},"modified":"2024-08-20T10:18:04","modified_gmt":"2024-08-20T07:18:04","slug":"lietuvas-apmacibu-seminars-ppc-modelis","status":"publish","type":"page","link":"https:\/\/www.orgbalt.eu\/?page_id=5219&lang=lv","title":{"rendered":"Lietuvas apm\u0101c\u012bbu semin\u0101rs &#8211; PPC modelis"},"content":{"rendered":"\n<p><strong>Datums<\/strong>: 17.04.2024. <\/p>\n\n\n\n<p><strong>Vieta<\/strong>: Tie\u0161saist\u0113 MS TEAMS <\/p>\n\n\n\n<p><strong><a href=\"https:\/\/www.orgbalt.eu\/wp-content\/uploads\/2024\/08\/LIFE-OrgBalt_-training-seminar_-2024.04.17.pdf\" target=\"_blank\" rel=\"noreferrer noopener\">Darba k\u0101rt\u012bba: \u0160EIT<\/a><\/strong><\/p>\n\n\n\n<p><strong>Prezent\u0101cijas (ang\u013cu valod\u0101):<\/strong><\/p>\n\n\n\n<ol class=\"wp-block-list\">\n<li><a href=\"https:\/\/www.orgbalt.eu\/wp-content\/uploads\/2024\/08\/LIFEOrgBalt_Overview_17042024_Training-WS_LT.pdf\" target=\"_blank\" rel=\"noreferrer noopener\">LIFE OrgBalt p\u0113t\u012bjumu projekts: tv\u0113rums un rezult\u0101ti, Ieva L\u012bc\u012bte, LVMI Silava<\/a><\/li>\n\n\n\n<li><a href=\"https:\/\/www.orgbalt.eu\/wp-content\/uploads\/2024\/08\/20240417_PPC_model.pdf\" target=\"_blank\" rel=\"noreferrer noopener\">PPC modelis organisko aug\u0161\u0146u apsaimnieko\u0161anai &#8211; k\u0101 lietot un interpret\u0113t rezult\u0101tus, Imants Kr\u016bze, Biedr\u012bba Baltijas Krasti<\/a><\/li>\n<\/ol>\n\n\n\n<figure class=\"wp-block-gallery has-nested-images columns-default is-cropped wp-block-gallery-1 is-layout-flex wp-block-gallery-is-layout-flex\">\n<figure class=\"wp-block-image size-large\"><img loading=\"lazy\" decoding=\"async\" width=\"1024\" height=\"529\" data-id=\"5220\" src=\"https:\/\/www.orgbalt.eu\/wp-content\/uploads\/2024\/08\/2aaa-3-1024x529.jpg\" alt=\"\" class=\"wp-image-5220\" srcset=\"https:\/\/www.orgbalt.eu\/wp-content\/uploads\/2024\/08\/2aaa-3-1024x529.jpg 1024w, https:\/\/www.orgbalt.eu\/wp-content\/uploads\/2024\/08\/2aaa-3-300x155.jpg 300w, https:\/\/www.orgbalt.eu\/wp-content\/uploads\/2024\/08\/2aaa-3-768x396.jpg 768w, https:\/\/www.orgbalt.eu\/wp-content\/uploads\/2024\/08\/2aaa-3-1536x793.jpg 1536w, https:\/\/www.orgbalt.eu\/wp-content\/uploads\/2024\/08\/2aaa-3.jpg 1910w\" sizes=\"auto, (max-width: 1024px) 100vw, 1024px\" \/><\/figure>\n\n\n\n<figure class=\"wp-block-image size-large\"><img loading=\"lazy\" decoding=\"async\" width=\"1024\" height=\"525\" data-id=\"5221\" src=\"https:\/\/www.orgbalt.eu\/wp-content\/uploads\/2024\/08\/1aa-2-1024x525.png\" alt=\"\" class=\"wp-image-5221\" srcset=\"https:\/\/www.orgbalt.eu\/wp-content\/uploads\/2024\/08\/1aa-2-1024x525.png 1024w, https:\/\/www.orgbalt.eu\/wp-content\/uploads\/2024\/08\/1aa-2-300x154.png 300w, https:\/\/www.orgbalt.eu\/wp-content\/uploads\/2024\/08\/1aa-2-768x394.png 768w, https:\/\/www.orgbalt.eu\/wp-content\/uploads\/2024\/08\/1aa-2-1536x787.png 1536w, https:\/\/www.orgbalt.eu\/wp-content\/uploads\/2024\/08\/1aa-2.png 1916w\" sizes=\"auto, (max-width: 1024px) 100vw, 1024px\" \/><\/figure>\n<\/figure>\n","protected":false},"excerpt":{"rendered":"<p>Datums: 17.04.2024. Vieta: Tie\u0161saist\u0113 MS TEAMS Darba k\u0101rt\u012bba: \u0160EIT Prezent\u0101cijas (ang\u013cu valod\u0101):<\/p>\n","protected":false},"author":2,"featured_media":0,"parent":2831,"menu_order":0,"comment_status":"closed","ping_status":"closed","template":"","meta":{"footnotes":""},"class_list":["post-5219","page","type-page","status-publish","hentry"],"post_mailing_queue_ids":[],"_links":{"self":[{"href":"https:\/\/www.orgbalt.eu\/index.php?rest_route=\/wp\/v2\/pages\/5219","targetHints":{"allow":["GET"]}}],"collection":[{"href":"https:\/\/www.orgbalt.eu\/index.php?rest_route=\/wp\/v2\/pages"}],"about":[{"href":"https:\/\/www.orgbalt.eu\/index.php?rest_route=\/wp\/v2\/types\/page"}],"author":[{"embeddable":true,"href":"https:\/\/www.orgbalt.eu\/index.php?rest_route=\/wp\/v2\/users\/2"}],"replies":[{"embeddable":true,"href":"https:\/\/www.orgbalt.eu\/index.php?rest_route=%2Fwp%2Fv2%2Fcomments&post=5219"}],"version-history":[{"count":1,"href":"https:\/\/www.orgbalt.eu\/index.php?rest_route=\/wp\/v2\/pages\/5219\/revisions"}],"predecessor-version":[{"id":5222,"href":"https:\/\/www.orgbalt.eu\/index.php?rest_route=\/wp\/v2\/pages\/5219\/revisions\/5222"}],"up":[{"embeddable":true,"href":"https:\/\/www.orgbalt.eu\/index.php?rest_route=\/wp\/v2\/pages\/2831"}],"wp:attachment":[{"href":"https:\/\/www.orgbalt.eu\/index.php?rest_route=%2Fwp%2Fv2%2Fmedia&parent=5219"}],"curies":[{"name":"wp","href":"https:\/\/api.w.org\/{rel}","templated":true}]}}