{"id":5228,"date":"2024-08-20T11:02:44","date_gmt":"2024-08-20T08:02:44","guid":{"rendered":"https:\/\/www.orgbalt.eu\/?page_id=5228"},"modified":"2024-08-20T11:02:45","modified_gmt":"2024-08-20T08:02:45","slug":"national-workshop-and-training-workshop-in-finland-nutrient-rich-organic-soil-management-for-climate-change-mitigation","status":"publish","type":"page","link":"https:\/\/www.orgbalt.eu\/?page_id=5228","title":{"rendered":"National workshop and training workshop in Finland &#8211; Nutrient rich organic soil management for climate change mitigation"},"content":{"rendered":"\n<p><strong>Date<\/strong>: May 30, 2024<\/p>\n\n\n\n<p><strong>Place<\/strong>: Helsinki, Finland and TEAMS platform<\/p>\n\n\n\n<p><strong><a href=\"https:\/\/www.orgbalt.eu\/wp-content\/uploads\/2024\/08\/Final-agenda.pdf\" target=\"_blank\" rel=\"noreferrer noopener\">Agenda: HERE<\/a><\/strong><\/p>\n\n\n\n<p><strong>Presentations:<\/strong><\/p>\n\n\n\n<ol class=\"wp-block-list\">\n<li><a href=\"https:\/\/www.orgbalt.eu\/wp-content\/uploads\/2024\/08\/Tyopaja_Raija-Laiho.pdf\" target=\"_blank\" rel=\"noreferrer noopener\">Turvemaiden k\u00e4ytt\u00f6 maa- ja mets\u00e4talouteen \u2013 mik\u00e4 (ja kenell\u00e4) on ongelma? \u2013 Tutkimusprofessori Raija Laiho, Luonnonvarakeskus Kysymyksi\u00e4 ja keskustelua<\/a><\/li>\n\n\n\n<li><a href=\"https:\/\/www.orgbalt.eu\/wp-content\/uploads\/2024\/08\/Tyopaja_Jyrki-Jauhiainen.pdf\" target=\"_blank\" rel=\"noreferrer noopener\">LIFE OrgBalt -projektin seurantakohteet ja turvemaiden maank\u00e4yt\u00f6n kasvihuonekaasup\u00e4\u00e4st\u00f6t \u2013 Erikoistutkija Jyrki Jauhiainen, Luonnonvarakeskus Kysymyksi\u00e4 ja keskustelua<\/a><\/li>\n\n\n\n<li><a href=\"https:\/\/www.orgbalt.eu\/wp-content\/uploads\/2024\/08\/Tyopaja_Ari-Paloviita.pdf\" target=\"_blank\" rel=\"noreferrer noopener\">Hallinnon edustajien n\u00e4kemykset turvepeltojen k\u00e4yt\u00f6st\u00e4 ja ratkaisuista \u2013 Yliopistotutkija Ari Paloviita, Jyv\u00e4skyl\u00e4n yliopisto Kysymyksi\u00e4 ja keskustelua<\/a><\/li>\n\n\n\n<li><a href=\"https:\/\/www.orgbalt.eu\/wp-content\/uploads\/2024\/08\/Tyopaja_Annika-Lonkila.pdf\" target=\"_blank\" rel=\"noreferrer noopener\">Yritysten ja j\u00e4rjest\u00f6jen rooli turvemaakysymyksen ratkaisussa \u2013 Erikoistutkija Annika Lonkila, Suomen ymp\u00e4rist\u00f6keskus Kysymyksi\u00e4 ja keskustelua <\/a><\/li>\n\n\n\n<li><a href=\"https:\/\/www.orgbalt.eu\/wp-content\/uploads\/2024\/08\/30052024fiministryofagriculturefinal-240521141434-9ea3ef1d.pdf\" target=\"_blank\" rel=\"noreferrer noopener\">LIFE OrgBalt project results for developing coherent climate and environment policy for the land use sector &#8211; Senior Expert, El\u012bna L\u0101ce, Ministry of Agriculture Republic of Latvia<\/a><\/li>\n\n\n\n<li><a href=\"https:\/\/www.orgbalt.eu\/wp-content\/uploads\/2024\/08\/mrotzekpeatlandagencymv-240521141918-bca14355.pdf\" target=\"_blank\" rel=\"noreferrer noopener\">Supporting the rewetting and climate-friendly use of organic soils &#8211; Landscape Ecologist (Leader), Dr. Almut Mrotzek, Peatland Agency of Mecklenburg-Vorpommern, Germany<\/a><\/li>\n<\/ol>\n\n\n\n<figure class=\"wp-block-gallery has-nested-images columns-default is-cropped wp-block-gallery-1 is-layout-flex wp-block-gallery-is-layout-flex\">\n<figure class=\"wp-block-image size-large\"><img loading=\"lazy\" decoding=\"async\" width=\"1024\" height=\"768\" data-id=\"5236\" src=\"https:\/\/www.orgbalt.eu\/wp-content\/uploads\/2024\/08\/IMG-20240531-WA0010-002-1-1024x768.jpg\" alt=\"\" class=\"wp-image-5236\" srcset=\"https:\/\/www.orgbalt.eu\/wp-content\/uploads\/2024\/08\/IMG-20240531-WA0010-002-1-1024x768.jpg 1024w, https:\/\/www.orgbalt.eu\/wp-content\/uploads\/2024\/08\/IMG-20240531-WA0010-002-1-300x225.jpg 300w, https:\/\/www.orgbalt.eu\/wp-content\/uploads\/2024\/08\/IMG-20240531-WA0010-002-1-768x576.jpg 768w, https:\/\/www.orgbalt.eu\/wp-content\/uploads\/2024\/08\/IMG-20240531-WA0010-002-1-1536x1152.jpg 1536w, https:\/\/www.orgbalt.eu\/wp-content\/uploads\/2024\/08\/IMG-20240531-WA0010-002-1-360x270.jpg 360w, https:\/\/www.orgbalt.eu\/wp-content\/uploads\/2024\/08\/IMG-20240531-WA0010-002-1.jpg 2000w\" sizes=\"auto, (max-width: 1024px) 100vw, 1024px\" \/><\/figure>\n\n\n\n<figure class=\"wp-block-image size-large\"><img loading=\"lazy\" decoding=\"async\" width=\"1024\" height=\"768\" data-id=\"5238\" src=\"https:\/\/www.orgbalt.eu\/wp-content\/uploads\/2024\/08\/IMG-20240531-WA0009-1024x768.jpg\" alt=\"\" class=\"wp-image-5238\" srcset=\"https:\/\/www.orgbalt.eu\/wp-content\/uploads\/2024\/08\/IMG-20240531-WA0009-1024x768.jpg 1024w, https:\/\/www.orgbalt.eu\/wp-content\/uploads\/2024\/08\/IMG-20240531-WA0009-300x225.jpg 300w, https:\/\/www.orgbalt.eu\/wp-content\/uploads\/2024\/08\/IMG-20240531-WA0009-768x576.jpg 768w, https:\/\/www.orgbalt.eu\/wp-content\/uploads\/2024\/08\/IMG-20240531-WA0009-1536x1152.jpg 1536w, https:\/\/www.orgbalt.eu\/wp-content\/uploads\/2024\/08\/IMG-20240531-WA0009-360x270.jpg 360w, https:\/\/www.orgbalt.eu\/wp-content\/uploads\/2024\/08\/IMG-20240531-WA0009.jpg 2000w\" sizes=\"auto, (max-width: 1024px) 100vw, 1024px\" \/><\/figure>\n\n\n\n<figure class=\"wp-block-image size-large\"><img loading=\"lazy\" decoding=\"async\" width=\"1024\" height=\"768\" data-id=\"5237\" src=\"https:\/\/www.orgbalt.eu\/wp-content\/uploads\/2024\/08\/IMG-20240531-WA0003-1024x768.jpg\" alt=\"\" class=\"wp-image-5237\" srcset=\"https:\/\/www.orgbalt.eu\/wp-content\/uploads\/2024\/08\/IMG-20240531-WA0003-1024x768.jpg 1024w, https:\/\/www.orgbalt.eu\/wp-content\/uploads\/2024\/08\/IMG-20240531-WA0003-300x225.jpg 300w, https:\/\/www.orgbalt.eu\/wp-content\/uploads\/2024\/08\/IMG-20240531-WA0003-768x576.jpg 768w, https:\/\/www.orgbalt.eu\/wp-content\/uploads\/2024\/08\/IMG-20240531-WA0003-1536x1152.jpg 1536w, https:\/\/www.orgbalt.eu\/wp-content\/uploads\/2024\/08\/IMG-20240531-WA0003-360x270.jpg 360w, https:\/\/www.orgbalt.eu\/wp-content\/uploads\/2024\/08\/IMG-20240531-WA0003.jpg 2000w\" sizes=\"auto, (max-width: 1024px) 100vw, 1024px\" \/><\/figure>\n<\/figure>\n","protected":false},"excerpt":{"rendered":"<p>Date: May 30, 2024 Place: Helsinki, Finland and TEAMS platform Agenda: HERE Presentations:<\/p>\n","protected":false},"author":2,"featured_media":0,"parent":2510,"menu_order":0,"comment_status":"closed","ping_status":"closed","template":"","meta":{"footnotes":""},"class_list":["post-5228","page","type-page","status-publish","hentry"],"post_mailing_queue_ids":[],"_links":{"self":[{"href":"https:\/\/www.orgbalt.eu\/index.php?rest_route=\/wp\/v2\/pages\/5228","targetHints":{"allow":["GET"]}}],"collection":[{"href":"https:\/\/www.orgbalt.eu\/index.php?rest_route=\/wp\/v2\/pages"}],"about":[{"href":"https:\/\/www.orgbalt.eu\/index.php?rest_route=\/wp\/v2\/types\/page"}],"author":[{"embeddable":true,"href":"https:\/\/www.orgbalt.eu\/index.php?rest_route=\/wp\/v2\/users\/2"}],"replies":[{"embeddable":true,"href":"https:\/\/www.orgbalt.eu\/index.php?rest_route=%2Fwp%2Fv2%2Fcomments&post=5228"}],"version-history":[{"count":1,"href":"https:\/\/www.orgbalt.eu\/index.php?rest_route=\/wp\/v2\/pages\/5228\/revisions"}],"predecessor-version":[{"id":5239,"href":"https:\/\/www.orgbalt.eu\/index.php?rest_route=\/wp\/v2\/pages\/5228\/revisions\/5239"}],"up":[{"embeddable":true,"href":"https:\/\/www.orgbalt.eu\/index.php?rest_route=\/wp\/v2\/pages\/2510"}],"wp:attachment":[{"href":"https:\/\/www.orgbalt.eu\/index.php?rest_route=%2Fwp%2Fv2%2Fmedia&parent=5228"}],"curies":[{"name":"wp","href":"https:\/\/api.w.org\/{rel}","templated":true}]}}